{"id":29850,"date":"2024-07-10T19:45:43","date_gmt":"2024-07-10T16:45:43","guid":{"rendered":"https:\/\/minubaltic.ee\/?post_type=product&#038;p=29850"},"modified":"2024-07-10T19:53:43","modified_gmt":"2024-07-10T16:53:43","slug":"mikrokuituliinavaatteet-setti-200x230cm-3-osainen-6","status":"publish","type":"product","link":"https:\/\/minubaltic.ee\/fi\/e-pood\/mikrokuituiset-vuodevaatteet\/mikrokuituiset-vuodevaatteet-setit\/mikrokuituliinavaatteet-setti-200x230cm-3-osainen-6\/","title":{"rendered":"Mikrokuituliinavaatteet setti 200x230cm 3-osainen"},"content":{"rendered":"<ul>\n<li><span class=\"product-attribute__label\"><strong>Materiaali: <\/strong>100% mikrokuitua<\/span><\/li>\n<li><strong>Pussilakana<span class=\"product-attribute__label\">:<\/span><\/strong> 200\u00d7230<\/li>\n<li><strong>Tyynyliina<span class=\"product-attribute__label\">:<\/span><\/strong> 50\u00d775 (2kpl)<\/li>\n<li>Tuotekuvat ovat havainnollistavia<\/li>\n<\/ul>\n","protected":false},"excerpt":{"rendered":"<p>Mikrokuituliinasetti on valmistettu erityisest\u00e4 mikrokuitukankaasta, joka on suunniteltu est\u00e4m\u00e4\u00e4n bakteerien ja bakteerien kertymist\u00e4 vuodevaatteille. Se suojaa lialta, tahroilta ja ep\u00e4miellytt\u00e4vilt\u00e4 hajuilta ja auttaa pit\u00e4m\u00e4\u00e4n vuodevaatteet tuoreina ja puhtaina pidemp\u00e4\u00e4n.<\/p>\n","protected":false},"featured_media":29749,"comment_status":"open","ping_status":"closed","template":"","meta":[],"product_brand":[],"product_cat":[772,778,396,611,617],"product_tag":[399,401,400,404],"class_list":{"0":"post-29850","1":"product","2":"type-product","3":"status-publish","4":"has-post-thumbnail","6":"product_cat-mikrokuituiset-vuodevaatteet","7":"product_cat-mikrokuituiset-vuodevaatteet-setit","8":"product_cat-vuodevaatteet","9":"product_cat-vuodevaatteet-200-230","10":"product_cat-vuodevaatteet-setit","11":"product_tag-sahkoinen-kaupankaynti","12":"product_tag-tekstiili","13":"product_tag-verkkokauppa","14":"product_tag-vuodevaatteet-setti","16":"first","17":"outofstock","18":"sale","19":"shipping-taxable","20":"purchasable","21":"product-type-simple"},"yoast_head":"<!-- This site is optimized with the Yoast SEO plugin v27.3 - https:\/\/yoast.com\/product\/yoast-seo-wordpress\/ -->\n<title>Mikrokuituliinavaatteet setti 200x230cm 3-osainen - Minu Baltic<\/title>\n<meta name=\"description\" content=\"Mikrokuituliinasetti on valmistettu erityisest\u00e4 mikrokuitukankaasta, joka on suunniteltu est\u00e4m\u00e4\u00e4n bakteerien ja bakteerien kertymist\u00e4 vuodevaatteille.\" \/>\n<meta name=\"robots\" content=\"index, follow, max-snippet:-1, max-image-preview:large, max-video-preview:-1\" \/>\n<link rel=\"canonical\" href=\"https:\/\/minubaltic.ee\/fi\/e-pood\/mikrokuituiset-vuodevaatteet\/mikrokuituiset-vuodevaatteet-setit\/mikrokuituliinavaatteet-setti-200x230cm-3-osainen-6\/\" \/>\n<meta property=\"og:locale\" content=\"fi_FI\" \/>\n<meta property=\"og:type\" content=\"article\" \/>\n<meta property=\"og:title\" content=\"Mikrokuituliinavaatteet setti 200x230cm 3-osainen - Minu Baltic\" \/>\n<meta property=\"og:description\" content=\"Mikrokuituliinasetti on valmistettu erityisest\u00e4 mikrokuitukankaasta, joka on suunniteltu est\u00e4m\u00e4\u00e4n bakteerien ja bakteerien kertymist\u00e4 vuodevaatteille.\" \/>\n<meta property=\"og:url\" content=\"https:\/\/minubaltic.ee\/fi\/e-pood\/mikrokuituiset-vuodevaatteet\/mikrokuituiset-vuodevaatteet-setit\/mikrokuituliinavaatteet-setti-200x230cm-3-osainen-6\/\" \/>\n<meta property=\"article:publisher\" content=\"https:\/\/www.facebook.com\/minubaltic\" \/>\n<meta property=\"article:modified_time\" content=\"2024-07-10T16:53:43+00:00\" \/>\n<meta property=\"og:image\" content=\"https:\/\/minubaltic.ee\/wp-content\/uploads\/2024\/07\/Mikrofiibrist-voodipesukomplektid-7.jpg\" \/>\n\t<meta property=\"og:image:width\" content=\"650\" \/>\n\t<meta property=\"og:image:height\" content=\"650\" \/>\n\t<meta property=\"og:image:type\" content=\"image\/jpeg\" \/>\n<meta name=\"twitter:card\" content=\"summary_large_image\" \/>\n<meta name=\"twitter:label1\" content=\"Arvioitu lukuaika\" \/>\n\t<meta name=\"twitter:data1\" content=\"1 minuutti\" \/>\n<script type=\"application\/ld+json\" class=\"yoast-schema-graph\">{\"@context\":\"https:\\\/\\\/schema.org\",\"@graph\":[{\"@type\":\"WebPage\",\"@id\":\"https:\\\/\\\/minubaltic.ee\\\/fi\\\/e-pood\\\/mikrokuituiset-vuodevaatteet\\\/mikrokuituiset-vuodevaatteet-setit\\\/mikrokuituliinavaatteet-setti-200x230cm-3-osainen-6\\\/\",\"url\":\"https:\\\/\\\/minubaltic.ee\\\/fi\\\/e-pood\\\/mikrokuituiset-vuodevaatteet\\\/mikrokuituiset-vuodevaatteet-setit\\\/mikrokuituliinavaatteet-setti-200x230cm-3-osainen-6\\\/\",\"name\":\"Mikrokuituliinavaatteet setti 200x230cm 3-osainen - Minu Baltic\",\"isPartOf\":{\"@id\":\"https:\\\/\\\/minubaltic.ee\\\/fi\\\/#website\"},\"primaryImageOfPage\":{\"@id\":\"https:\\\/\\\/minubaltic.ee\\\/fi\\\/e-pood\\\/mikrokuituiset-vuodevaatteet\\\/mikrokuituiset-vuodevaatteet-setit\\\/mikrokuituliinavaatteet-setti-200x230cm-3-osainen-6\\\/#primaryimage\"},\"image\":{\"@id\":\"https:\\\/\\\/minubaltic.ee\\\/fi\\\/e-pood\\\/mikrokuituiset-vuodevaatteet\\\/mikrokuituiset-vuodevaatteet-setit\\\/mikrokuituliinavaatteet-setti-200x230cm-3-osainen-6\\\/#primaryimage\"},\"thumbnailUrl\":\"https:\\\/\\\/minubaltic.ee\\\/wp-content\\\/uploads\\\/2024\\\/07\\\/Mikrofiibrist-voodipesukomplektid-7.jpg\",\"datePublished\":\"2024-07-10T16:45:43+00:00\",\"dateModified\":\"2024-07-10T16:53:43+00:00\",\"description\":\"Mikrokuituliinasetti on valmistettu erityisest\u00e4 mikrokuitukankaasta, joka on suunniteltu est\u00e4m\u00e4\u00e4n bakteerien ja bakteerien kertymist\u00e4 vuodevaatteille.\",\"breadcrumb\":{\"@id\":\"https:\\\/\\\/minubaltic.ee\\\/fi\\\/e-pood\\\/mikrokuituiset-vuodevaatteet\\\/mikrokuituiset-vuodevaatteet-setit\\\/mikrokuituliinavaatteet-setti-200x230cm-3-osainen-6\\\/#breadcrumb\"},\"inLanguage\":\"fi\",\"potentialAction\":[{\"@type\":\"ReadAction\",\"target\":[\"https:\\\/\\\/minubaltic.ee\\\/fi\\\/e-pood\\\/mikrokuituiset-vuodevaatteet\\\/mikrokuituiset-vuodevaatteet-setit\\\/mikrokuituliinavaatteet-setti-200x230cm-3-osainen-6\\\/\"]}]},{\"@type\":\"ImageObject\",\"inLanguage\":\"fi\",\"@id\":\"https:\\\/\\\/minubaltic.ee\\\/fi\\\/e-pood\\\/mikrokuituiset-vuodevaatteet\\\/mikrokuituiset-vuodevaatteet-setit\\\/mikrokuituliinavaatteet-setti-200x230cm-3-osainen-6\\\/#primaryimage\",\"url\":\"https:\\\/\\\/minubaltic.ee\\\/wp-content\\\/uploads\\\/2024\\\/07\\\/Mikrofiibrist-voodipesukomplektid-7.jpg\",\"contentUrl\":\"https:\\\/\\\/minubaltic.ee\\\/wp-content\\\/uploads\\\/2024\\\/07\\\/Mikrofiibrist-voodipesukomplektid-7.jpg\",\"width\":650,\"height\":650},{\"@type\":\"BreadcrumbList\",\"@id\":\"https:\\\/\\\/minubaltic.ee\\\/fi\\\/e-pood\\\/mikrokuituiset-vuodevaatteet\\\/mikrokuituiset-vuodevaatteet-setit\\\/mikrokuituliinavaatteet-setti-200x230cm-3-osainen-6\\\/#breadcrumb\",\"itemListElement\":[{\"@type\":\"ListItem\",\"position\":1,\"name\":\"Home\",\"item\":\"https:\\\/\\\/minubaltic.ee\\\/fi\\\/\"},{\"@type\":\"ListItem\",\"position\":2,\"name\":\"Verkkokauppa\",\"item\":\"https:\\\/\\\/minubaltic.ee\\\/fi\\\/verkkokauppa\\\/\"},{\"@type\":\"ListItem\",\"position\":3,\"name\":\"Mikrokuituliinavaatteet setti 200x230cm 3-osainen\"}]},{\"@type\":\"WebSite\",\"@id\":\"https:\\\/\\\/minubaltic.ee\\\/fi\\\/#website\",\"url\":\"https:\\\/\\\/minubaltic.ee\\\/fi\\\/\",\"name\":\"minubaltic.ee\",\"description\":\"\",\"publisher\":{\"@id\":\"https:\\\/\\\/minubaltic.ee\\\/fi\\\/#organization\"},\"potentialAction\":[{\"@type\":\"SearchAction\",\"target\":{\"@type\":\"EntryPoint\",\"urlTemplate\":\"https:\\\/\\\/minubaltic.ee\\\/fi\\\/?s={search_term_string}\"},\"query-input\":{\"@type\":\"PropertyValueSpecification\",\"valueRequired\":true,\"valueName\":\"search_term_string\"}}],\"inLanguage\":\"fi\"},{\"@type\":\"Organization\",\"@id\":\"https:\\\/\\\/minubaltic.ee\\\/fi\\\/#organization\",\"name\":\"Minu Baltic O\u00dc\",\"url\":\"https:\\\/\\\/minubaltic.ee\\\/fi\\\/\",\"logo\":{\"@type\":\"ImageObject\",\"inLanguage\":\"fi\",\"@id\":\"https:\\\/\\\/minubaltic.ee\\\/fi\\\/#\\\/schema\\\/logo\\\/image\\\/\",\"url\":\"https:\\\/\\\/minubaltic.ee\\\/wp-content\\\/uploads\\\/2023\\\/10\\\/cropped-cropped-cropped-logo.png\",\"contentUrl\":\"https:\\\/\\\/minubaltic.ee\\\/wp-content\\\/uploads\\\/2023\\\/10\\\/cropped-cropped-cropped-logo.png\",\"width\":500,\"height\":237,\"caption\":\"Minu Baltic O\u00dc\"},\"image\":{\"@id\":\"https:\\\/\\\/minubaltic.ee\\\/fi\\\/#\\\/schema\\\/logo\\\/image\\\/\"},\"sameAs\":[\"https:\\\/\\\/www.facebook.com\\\/minubaltic\"]}]}<\/script>\n<!-- \/ Yoast SEO plugin. -->","yoast_head_json":{"title":"Mikrokuituliinavaatteet setti 200x230cm 3-osainen - Minu Baltic","description":"Mikrokuituliinasetti on valmistettu erityisest\u00e4 mikrokuitukankaasta, joka on suunniteltu est\u00e4m\u00e4\u00e4n bakteerien ja bakteerien kertymist\u00e4 vuodevaatteille.","robots":{"index":"index","follow":"follow","max-snippet":"max-snippet:-1","max-image-preview":"max-image-preview:large","max-video-preview":"max-video-preview:-1"},"canonical":"https:\/\/minubaltic.ee\/fi\/e-pood\/mikrokuituiset-vuodevaatteet\/mikrokuituiset-vuodevaatteet-setit\/mikrokuituliinavaatteet-setti-200x230cm-3-osainen-6\/","og_locale":"fi_FI","og_type":"article","og_title":"Mikrokuituliinavaatteet setti 200x230cm 3-osainen - Minu Baltic","og_description":"Mikrokuituliinasetti on valmistettu erityisest\u00e4 mikrokuitukankaasta, joka on suunniteltu est\u00e4m\u00e4\u00e4n bakteerien ja bakteerien kertymist\u00e4 vuodevaatteille.","og_url":"https:\/\/minubaltic.ee\/fi\/e-pood\/mikrokuituiset-vuodevaatteet\/mikrokuituiset-vuodevaatteet-setit\/mikrokuituliinavaatteet-setti-200x230cm-3-osainen-6\/","article_publisher":"https:\/\/www.facebook.com\/minubaltic","article_modified_time":"2024-07-10T16:53:43+00:00","og_image":[{"width":650,"height":650,"url":"https:\/\/minubaltic.ee\/wp-content\/uploads\/2024\/07\/Mikrofiibrist-voodipesukomplektid-7.jpg","type":"image\/jpeg"}],"twitter_card":"summary_large_image","twitter_misc":{"Arvioitu lukuaika":"1 minuutti"},"schema":{"@context":"https:\/\/schema.org","@graph":[{"@type":"WebPage","@id":"https:\/\/minubaltic.ee\/fi\/e-pood\/mikrokuituiset-vuodevaatteet\/mikrokuituiset-vuodevaatteet-setit\/mikrokuituliinavaatteet-setti-200x230cm-3-osainen-6\/","url":"https:\/\/minubaltic.ee\/fi\/e-pood\/mikrokuituiset-vuodevaatteet\/mikrokuituiset-vuodevaatteet-setit\/mikrokuituliinavaatteet-setti-200x230cm-3-osainen-6\/","name":"Mikrokuituliinavaatteet setti 200x230cm 3-osainen - Minu Baltic","isPartOf":{"@id":"https:\/\/minubaltic.ee\/fi\/#website"},"primaryImageOfPage":{"@id":"https:\/\/minubaltic.ee\/fi\/e-pood\/mikrokuituiset-vuodevaatteet\/mikrokuituiset-vuodevaatteet-setit\/mikrokuituliinavaatteet-setti-200x230cm-3-osainen-6\/#primaryimage"},"image":{"@id":"https:\/\/minubaltic.ee\/fi\/e-pood\/mikrokuituiset-vuodevaatteet\/mikrokuituiset-vuodevaatteet-setit\/mikrokuituliinavaatteet-setti-200x230cm-3-osainen-6\/#primaryimage"},"thumbnailUrl":"https:\/\/minubaltic.ee\/wp-content\/uploads\/2024\/07\/Mikrofiibrist-voodipesukomplektid-7.jpg","datePublished":"2024-07-10T16:45:43+00:00","dateModified":"2024-07-10T16:53:43+00:00","description":"Mikrokuituliinasetti on valmistettu erityisest\u00e4 mikrokuitukankaasta, joka on suunniteltu est\u00e4m\u00e4\u00e4n bakteerien ja bakteerien kertymist\u00e4 vuodevaatteille.","breadcrumb":{"@id":"https:\/\/minubaltic.ee\/fi\/e-pood\/mikrokuituiset-vuodevaatteet\/mikrokuituiset-vuodevaatteet-setit\/mikrokuituliinavaatteet-setti-200x230cm-3-osainen-6\/#breadcrumb"},"inLanguage":"fi","potentialAction":[{"@type":"ReadAction","target":["https:\/\/minubaltic.ee\/fi\/e-pood\/mikrokuituiset-vuodevaatteet\/mikrokuituiset-vuodevaatteet-setit\/mikrokuituliinavaatteet-setti-200x230cm-3-osainen-6\/"]}]},{"@type":"ImageObject","inLanguage":"fi","@id":"https:\/\/minubaltic.ee\/fi\/e-pood\/mikrokuituiset-vuodevaatteet\/mikrokuituiset-vuodevaatteet-setit\/mikrokuituliinavaatteet-setti-200x230cm-3-osainen-6\/#primaryimage","url":"https:\/\/minubaltic.ee\/wp-content\/uploads\/2024\/07\/Mikrofiibrist-voodipesukomplektid-7.jpg","contentUrl":"https:\/\/minubaltic.ee\/wp-content\/uploads\/2024\/07\/Mikrofiibrist-voodipesukomplektid-7.jpg","width":650,"height":650},{"@type":"BreadcrumbList","@id":"https:\/\/minubaltic.ee\/fi\/e-pood\/mikrokuituiset-vuodevaatteet\/mikrokuituiset-vuodevaatteet-setit\/mikrokuituliinavaatteet-setti-200x230cm-3-osainen-6\/#breadcrumb","itemListElement":[{"@type":"ListItem","position":1,"name":"Home","item":"https:\/\/minubaltic.ee\/fi\/"},{"@type":"ListItem","position":2,"name":"Verkkokauppa","item":"https:\/\/minubaltic.ee\/fi\/verkkokauppa\/"},{"@type":"ListItem","position":3,"name":"Mikrokuituliinavaatteet setti 200x230cm 3-osainen"}]},{"@type":"WebSite","@id":"https:\/\/minubaltic.ee\/fi\/#website","url":"https:\/\/minubaltic.ee\/fi\/","name":"minubaltic.ee","description":"","publisher":{"@id":"https:\/\/minubaltic.ee\/fi\/#organization"},"potentialAction":[{"@type":"SearchAction","target":{"@type":"EntryPoint","urlTemplate":"https:\/\/minubaltic.ee\/fi\/?s={search_term_string}"},"query-input":{"@type":"PropertyValueSpecification","valueRequired":true,"valueName":"search_term_string"}}],"inLanguage":"fi"},{"@type":"Organization","@id":"https:\/\/minubaltic.ee\/fi\/#organization","name":"Minu Baltic O\u00dc","url":"https:\/\/minubaltic.ee\/fi\/","logo":{"@type":"ImageObject","inLanguage":"fi","@id":"https:\/\/minubaltic.ee\/fi\/#\/schema\/logo\/image\/","url":"https:\/\/minubaltic.ee\/wp-content\/uploads\/2023\/10\/cropped-cropped-cropped-logo.png","contentUrl":"https:\/\/minubaltic.ee\/wp-content\/uploads\/2023\/10\/cropped-cropped-cropped-logo.png","width":500,"height":237,"caption":"Minu Baltic O\u00dc"},"image":{"@id":"https:\/\/minubaltic.ee\/fi\/#\/schema\/logo\/image\/"},"sameAs":["https:\/\/www.facebook.com\/minubaltic"]}]}},"_links":{"self":[{"href":"https:\/\/minubaltic.ee\/fi\/wp-json\/wp\/v2\/product\/29850","targetHints":{"allow":["GET"]}}],"collection":[{"href":"https:\/\/minubaltic.ee\/fi\/wp-json\/wp\/v2\/product"}],"about":[{"href":"https:\/\/minubaltic.ee\/fi\/wp-json\/wp\/v2\/types\/product"}],"replies":[{"embeddable":true,"href":"https:\/\/minubaltic.ee\/fi\/wp-json\/wp\/v2\/comments?post=29850"}],"version-history":[{"count":2,"href":"https:\/\/minubaltic.ee\/fi\/wp-json\/wp\/v2\/product\/29850\/revisions"}],"predecessor-version":[{"id":29868,"href":"https:\/\/minubaltic.ee\/fi\/wp-json\/wp\/v2\/product\/29850\/revisions\/29868"}],"wp:featuredmedia":[{"embeddable":true,"href":"https:\/\/minubaltic.ee\/fi\/wp-json\/wp\/v2\/media\/29749"}],"wp:attachment":[{"href":"https:\/\/minubaltic.ee\/fi\/wp-json\/wp\/v2\/media?parent=29850"}],"wp:term":[{"taxonomy":"product_brand","embeddable":true,"href":"https:\/\/minubaltic.ee\/fi\/wp-json\/wp\/v2\/product_brand?post=29850"},{"taxonomy":"product_cat","embeddable":true,"href":"https:\/\/minubaltic.ee\/fi\/wp-json\/wp\/v2\/product_cat?post=29850"},{"taxonomy":"product_tag","embeddable":true,"href":"https:\/\/minubaltic.ee\/fi\/wp-json\/wp\/v2\/product_tag?post=29850"}],"curies":[{"name":"wp","href":"https:\/\/api.w.org\/{rel}","templated":true}]}}