{"id":29398,"date":"2024-07-05T02:28:59","date_gmt":"2024-07-04T23:28:59","guid":{"rendered":"https:\/\/minubaltic.ee\/?post_type=product&#038;p=29398"},"modified":"2024-07-13T00:00:25","modified_gmt":"2024-07-12T21:00:25","slug":"sherpa-fleece-peitto-200x230-harmaa","status":"publish","type":"product","link":"https:\/\/minubaltic.ee\/fi\/e-pood\/sherpa-peitot\/sherpa-peitot-200-230\/sherpa-fleece-peitto-200x230-harmaa\/","title":{"rendered":"Sherpa fleece peitto 200&#215;230 (harmaa)"},"content":{"rendered":"<ul>\n<li><span class=\"product-attribute__label\"><span class=\"product-attribute__label\"><strong>Kangaskoostumus: <\/strong>sherpa fleece<\/span><\/span><\/li>\n<li><strong>Tuote pakkauksessa:<\/strong> 1 kpl<\/li>\n<li><strong>Paino: <\/strong>1,8 kg<\/li>\n<li><strong>Koko:<\/strong> 200\u00d7230 cm<\/li>\n<li><strong>Tekniset tiedot:<\/strong> <b>\u00b1<\/b>1-5<\/li>\n<li><strong>Kausi:<\/strong> Kaikki vuodenajat<\/li>\n<li><strong>Lis\u00e4tiedot:<\/strong> eritt\u00e4in pehme\u00e4, mukava, l\u00e4mmin, hengitt\u00e4v\u00e4.<\/li>\n<li>Tuotekuvat ovat havainnollistavia<\/li>\n<\/ul>\n","protected":false},"excerpt":{"rendered":"<p>\u2605 Sherpa-fleece-peitot ovat tunnettuja niiden upeasta ulkon\u00e4\u00f6st\u00e4, laadusta ja pehmeydest\u00e4. Peittojen pehmeys tarjoaa mukavuutta ja viihtyisyytt\u00e4 unen aikana ja pit\u00e4\u00e4 sinut l\u00e4mpim\u00e4n\u00e4 my\u00f6s viilein\u00e4 iltoina.<br \/>\n\u2605 Sherpa-fleecepeittoja on saatavana useissa v\u00e4reiss\u00e4, jotka sopivat kaikkiin sis\u00e4tiloihin. Huovat on valmistettu korkealaatuisista materiaaleista, mik\u00e4 takaa kest\u00e4vyyden ja pitk\u00e4aikaisen k\u00e4yt\u00f6n.<br \/>\n\u2605 Jos etsit tyylik\u00e4st\u00e4 ja mukavaa lis\u00e4yst\u00e4 kotiisi, Sherpa-fleece-peitot ovat ehdottomasti katsomisen arvoisia. Niiden ainutlaatuinen ulkon\u00e4k\u00f6, laatu ja pehmeys tekev\u00e4t niist\u00e4 ihanteellisen valinnan mihin tahansa kodin sisustukseen.<br \/>\n\u2605 Super pehme\u00e4t peitot ovat t\u00e4ydellinen lahja perheellesi ja yst\u00e4villesi nauttia l\u00e4mp\u00f6\u00e4 ja mukavuutta viilein\u00e4 iltoina.<\/p>\n","protected":false},"featured_media":29018,"comment_status":"open","ping_status":"closed","template":"","meta":[],"product_brand":[],"product_cat":[392,394,391,753],"product_tag":[406,407,399,401,400],"class_list":{"0":"post-29398","1":"product","2":"type-product","3":"status-publish","4":"has-post-thumbnail","6":"product_cat-peitot","7":"product_cat-peitot-200-230","8":"product_cat-sherpa-peitot","9":"product_cat-sherpa-peitot-200-230","10":"product_tag-peitot","11":"product_tag-peitto","12":"product_tag-sahkoinen-kaupankaynti","13":"product_tag-tekstiili","14":"product_tag-verkkokauppa","16":"first","17":"instock","18":"shipping-taxable","19":"purchasable","20":"product-type-simple"},"yoast_head":"<!-- This site is optimized with the Yoast SEO plugin v27.3 - https:\/\/yoast.com\/product\/yoast-seo-wordpress\/ -->\n<title>Sherpa fleece peitto 200x230 (harmaa) - Verkkokauppa halvalla<\/title>\n<meta name=\"description\" content=\"Sherpa-peitto 200x230 on pehme\u00e4 ja l\u00e4mmin peitto, joka sopii t\u00e4ydellisesti kylmiin iltoihin. Se on valmistettu korkealaatuisista materiaale.....\" \/>\n<meta name=\"robots\" content=\"index, follow, max-snippet:-1, max-image-preview:large, max-video-preview:-1\" \/>\n<link rel=\"canonical\" href=\"https:\/\/minubaltic.ee\/fi\/e-pood\/sherpa-peitot\/sherpa-peitot-200-230\/sherpa-fleece-peitto-200x230-harmaa\/\" \/>\n<meta property=\"og:locale\" content=\"fi_FI\" \/>\n<meta property=\"og:type\" content=\"article\" \/>\n<meta property=\"og:title\" content=\"Sherpa fleece peitto 200x230 (harmaa) - Verkkokauppa halvalla\" \/>\n<meta property=\"og:description\" content=\"Sherpa-peitto 200x230 on pehme\u00e4 ja l\u00e4mmin peitto, joka sopii t\u00e4ydellisesti kylmiin iltoihin. Se on valmistettu korkealaatuisista materiaale.....\" \/>\n<meta property=\"og:url\" content=\"https:\/\/minubaltic.ee\/fi\/e-pood\/sherpa-peitot\/sherpa-peitot-200-230\/sherpa-fleece-peitto-200x230-harmaa\/\" \/>\n<meta property=\"article:publisher\" content=\"https:\/\/www.facebook.com\/minubaltic\" \/>\n<meta property=\"article:modified_time\" content=\"2024-07-12T21:00:25+00:00\" \/>\n<meta property=\"og:image\" content=\"https:\/\/minubaltic.ee\/wp-content\/uploads\/2024\/07\/Sherpa-tekk-4-1.jpg\" \/>\n\t<meta property=\"og:image:width\" content=\"800\" \/>\n\t<meta property=\"og:image:height\" content=\"800\" \/>\n\t<meta property=\"og:image:type\" content=\"image\/jpeg\" \/>\n<meta name=\"twitter:card\" content=\"summary_large_image\" \/>\n<meta name=\"twitter:label1\" content=\"Arvioitu lukuaika\" \/>\n\t<meta name=\"twitter:data1\" content=\"1 minuutti\" \/>\n<script type=\"application\/ld+json\" class=\"yoast-schema-graph\">{\"@context\":\"https:\\\/\\\/schema.org\",\"@graph\":[{\"@type\":\"WebPage\",\"@id\":\"https:\\\/\\\/minubaltic.ee\\\/fi\\\/e-pood\\\/sherpa-peitot\\\/sherpa-peitot-200-230\\\/sherpa-fleece-peitto-200x230-harmaa\\\/\",\"url\":\"https:\\\/\\\/minubaltic.ee\\\/fi\\\/e-pood\\\/sherpa-peitot\\\/sherpa-peitot-200-230\\\/sherpa-fleece-peitto-200x230-harmaa\\\/\",\"name\":\"Sherpa fleece peitto 200x230 (harmaa) - Verkkokauppa halvalla\",\"isPartOf\":{\"@id\":\"https:\\\/\\\/minubaltic.ee\\\/fi\\\/#website\"},\"primaryImageOfPage\":{\"@id\":\"https:\\\/\\\/minubaltic.ee\\\/fi\\\/e-pood\\\/sherpa-peitot\\\/sherpa-peitot-200-230\\\/sherpa-fleece-peitto-200x230-harmaa\\\/#primaryimage\"},\"image\":{\"@id\":\"https:\\\/\\\/minubaltic.ee\\\/fi\\\/e-pood\\\/sherpa-peitot\\\/sherpa-peitot-200-230\\\/sherpa-fleece-peitto-200x230-harmaa\\\/#primaryimage\"},\"thumbnailUrl\":\"https:\\\/\\\/minubaltic.ee\\\/wp-content\\\/uploads\\\/2024\\\/07\\\/Sherpa-tekk-4-1.jpg\",\"datePublished\":\"2024-07-04T23:28:59+00:00\",\"dateModified\":\"2024-07-12T21:00:25+00:00\",\"description\":\"Sherpa-peitto 200x230 on pehme\u00e4 ja l\u00e4mmin peitto, joka sopii t\u00e4ydellisesti kylmiin iltoihin. Se on valmistettu korkealaatuisista materiaale.....\",\"breadcrumb\":{\"@id\":\"https:\\\/\\\/minubaltic.ee\\\/fi\\\/e-pood\\\/sherpa-peitot\\\/sherpa-peitot-200-230\\\/sherpa-fleece-peitto-200x230-harmaa\\\/#breadcrumb\"},\"inLanguage\":\"fi\",\"potentialAction\":[{\"@type\":\"ReadAction\",\"target\":[\"https:\\\/\\\/minubaltic.ee\\\/fi\\\/e-pood\\\/sherpa-peitot\\\/sherpa-peitot-200-230\\\/sherpa-fleece-peitto-200x230-harmaa\\\/\"]}]},{\"@type\":\"ImageObject\",\"inLanguage\":\"fi\",\"@id\":\"https:\\\/\\\/minubaltic.ee\\\/fi\\\/e-pood\\\/sherpa-peitot\\\/sherpa-peitot-200-230\\\/sherpa-fleece-peitto-200x230-harmaa\\\/#primaryimage\",\"url\":\"https:\\\/\\\/minubaltic.ee\\\/wp-content\\\/uploads\\\/2024\\\/07\\\/Sherpa-tekk-4-1.jpg\",\"contentUrl\":\"https:\\\/\\\/minubaltic.ee\\\/wp-content\\\/uploads\\\/2024\\\/07\\\/Sherpa-tekk-4-1.jpg\",\"width\":800,\"height\":800},{\"@type\":\"BreadcrumbList\",\"@id\":\"https:\\\/\\\/minubaltic.ee\\\/fi\\\/e-pood\\\/sherpa-peitot\\\/sherpa-peitot-200-230\\\/sherpa-fleece-peitto-200x230-harmaa\\\/#breadcrumb\",\"itemListElement\":[{\"@type\":\"ListItem\",\"position\":1,\"name\":\"Home\",\"item\":\"https:\\\/\\\/minubaltic.ee\\\/fi\\\/\"},{\"@type\":\"ListItem\",\"position\":2,\"name\":\"Verkkokauppa\",\"item\":\"https:\\\/\\\/minubaltic.ee\\\/fi\\\/verkkokauppa\\\/\"},{\"@type\":\"ListItem\",\"position\":3,\"name\":\"Sherpa fleece peitto 200&#215;230 (harmaa)\"}]},{\"@type\":\"WebSite\",\"@id\":\"https:\\\/\\\/minubaltic.ee\\\/fi\\\/#website\",\"url\":\"https:\\\/\\\/minubaltic.ee\\\/fi\\\/\",\"name\":\"minubaltic.ee\",\"description\":\"\",\"publisher\":{\"@id\":\"https:\\\/\\\/minubaltic.ee\\\/fi\\\/#organization\"},\"potentialAction\":[{\"@type\":\"SearchAction\",\"target\":{\"@type\":\"EntryPoint\",\"urlTemplate\":\"https:\\\/\\\/minubaltic.ee\\\/fi\\\/?s={search_term_string}\"},\"query-input\":{\"@type\":\"PropertyValueSpecification\",\"valueRequired\":true,\"valueName\":\"search_term_string\"}}],\"inLanguage\":\"fi\"},{\"@type\":\"Organization\",\"@id\":\"https:\\\/\\\/minubaltic.ee\\\/fi\\\/#organization\",\"name\":\"Minu Baltic O\u00dc\",\"url\":\"https:\\\/\\\/minubaltic.ee\\\/fi\\\/\",\"logo\":{\"@type\":\"ImageObject\",\"inLanguage\":\"fi\",\"@id\":\"https:\\\/\\\/minubaltic.ee\\\/fi\\\/#\\\/schema\\\/logo\\\/image\\\/\",\"url\":\"https:\\\/\\\/minubaltic.ee\\\/wp-content\\\/uploads\\\/2023\\\/10\\\/cropped-cropped-cropped-logo.png\",\"contentUrl\":\"https:\\\/\\\/minubaltic.ee\\\/wp-content\\\/uploads\\\/2023\\\/10\\\/cropped-cropped-cropped-logo.png\",\"width\":500,\"height\":237,\"caption\":\"Minu Baltic O\u00dc\"},\"image\":{\"@id\":\"https:\\\/\\\/minubaltic.ee\\\/fi\\\/#\\\/schema\\\/logo\\\/image\\\/\"},\"sameAs\":[\"https:\\\/\\\/www.facebook.com\\\/minubaltic\"]}]}<\/script>\n<!-- \/ Yoast SEO plugin. -->","yoast_head_json":{"title":"Sherpa fleece peitto 200x230 (harmaa) - Verkkokauppa halvalla","description":"Sherpa-peitto 200x230 on pehme\u00e4 ja l\u00e4mmin peitto, joka sopii t\u00e4ydellisesti kylmiin iltoihin. Se on valmistettu korkealaatuisista materiaale.....","robots":{"index":"index","follow":"follow","max-snippet":"max-snippet:-1","max-image-preview":"max-image-preview:large","max-video-preview":"max-video-preview:-1"},"canonical":"https:\/\/minubaltic.ee\/fi\/e-pood\/sherpa-peitot\/sherpa-peitot-200-230\/sherpa-fleece-peitto-200x230-harmaa\/","og_locale":"fi_FI","og_type":"article","og_title":"Sherpa fleece peitto 200x230 (harmaa) - Verkkokauppa halvalla","og_description":"Sherpa-peitto 200x230 on pehme\u00e4 ja l\u00e4mmin peitto, joka sopii t\u00e4ydellisesti kylmiin iltoihin. Se on valmistettu korkealaatuisista materiaale.....","og_url":"https:\/\/minubaltic.ee\/fi\/e-pood\/sherpa-peitot\/sherpa-peitot-200-230\/sherpa-fleece-peitto-200x230-harmaa\/","article_publisher":"https:\/\/www.facebook.com\/minubaltic","article_modified_time":"2024-07-12T21:00:25+00:00","og_image":[{"width":800,"height":800,"url":"https:\/\/minubaltic.ee\/wp-content\/uploads\/2024\/07\/Sherpa-tekk-4-1.jpg","type":"image\/jpeg"}],"twitter_card":"summary_large_image","twitter_misc":{"Arvioitu lukuaika":"1 minuutti"},"schema":{"@context":"https:\/\/schema.org","@graph":[{"@type":"WebPage","@id":"https:\/\/minubaltic.ee\/fi\/e-pood\/sherpa-peitot\/sherpa-peitot-200-230\/sherpa-fleece-peitto-200x230-harmaa\/","url":"https:\/\/minubaltic.ee\/fi\/e-pood\/sherpa-peitot\/sherpa-peitot-200-230\/sherpa-fleece-peitto-200x230-harmaa\/","name":"Sherpa fleece peitto 200x230 (harmaa) - Verkkokauppa halvalla","isPartOf":{"@id":"https:\/\/minubaltic.ee\/fi\/#website"},"primaryImageOfPage":{"@id":"https:\/\/minubaltic.ee\/fi\/e-pood\/sherpa-peitot\/sherpa-peitot-200-230\/sherpa-fleece-peitto-200x230-harmaa\/#primaryimage"},"image":{"@id":"https:\/\/minubaltic.ee\/fi\/e-pood\/sherpa-peitot\/sherpa-peitot-200-230\/sherpa-fleece-peitto-200x230-harmaa\/#primaryimage"},"thumbnailUrl":"https:\/\/minubaltic.ee\/wp-content\/uploads\/2024\/07\/Sherpa-tekk-4-1.jpg","datePublished":"2024-07-04T23:28:59+00:00","dateModified":"2024-07-12T21:00:25+00:00","description":"Sherpa-peitto 200x230 on pehme\u00e4 ja l\u00e4mmin peitto, joka sopii t\u00e4ydellisesti kylmiin iltoihin. Se on valmistettu korkealaatuisista materiaale.....","breadcrumb":{"@id":"https:\/\/minubaltic.ee\/fi\/e-pood\/sherpa-peitot\/sherpa-peitot-200-230\/sherpa-fleece-peitto-200x230-harmaa\/#breadcrumb"},"inLanguage":"fi","potentialAction":[{"@type":"ReadAction","target":["https:\/\/minubaltic.ee\/fi\/e-pood\/sherpa-peitot\/sherpa-peitot-200-230\/sherpa-fleece-peitto-200x230-harmaa\/"]}]},{"@type":"ImageObject","inLanguage":"fi","@id":"https:\/\/minubaltic.ee\/fi\/e-pood\/sherpa-peitot\/sherpa-peitot-200-230\/sherpa-fleece-peitto-200x230-harmaa\/#primaryimage","url":"https:\/\/minubaltic.ee\/wp-content\/uploads\/2024\/07\/Sherpa-tekk-4-1.jpg","contentUrl":"https:\/\/minubaltic.ee\/wp-content\/uploads\/2024\/07\/Sherpa-tekk-4-1.jpg","width":800,"height":800},{"@type":"BreadcrumbList","@id":"https:\/\/minubaltic.ee\/fi\/e-pood\/sherpa-peitot\/sherpa-peitot-200-230\/sherpa-fleece-peitto-200x230-harmaa\/#breadcrumb","itemListElement":[{"@type":"ListItem","position":1,"name":"Home","item":"https:\/\/minubaltic.ee\/fi\/"},{"@type":"ListItem","position":2,"name":"Verkkokauppa","item":"https:\/\/minubaltic.ee\/fi\/verkkokauppa\/"},{"@type":"ListItem","position":3,"name":"Sherpa fleece peitto 200&#215;230 (harmaa)"}]},{"@type":"WebSite","@id":"https:\/\/minubaltic.ee\/fi\/#website","url":"https:\/\/minubaltic.ee\/fi\/","name":"minubaltic.ee","description":"","publisher":{"@id":"https:\/\/minubaltic.ee\/fi\/#organization"},"potentialAction":[{"@type":"SearchAction","target":{"@type":"EntryPoint","urlTemplate":"https:\/\/minubaltic.ee\/fi\/?s={search_term_string}"},"query-input":{"@type":"PropertyValueSpecification","valueRequired":true,"valueName":"search_term_string"}}],"inLanguage":"fi"},{"@type":"Organization","@id":"https:\/\/minubaltic.ee\/fi\/#organization","name":"Minu Baltic O\u00dc","url":"https:\/\/minubaltic.ee\/fi\/","logo":{"@type":"ImageObject","inLanguage":"fi","@id":"https:\/\/minubaltic.ee\/fi\/#\/schema\/logo\/image\/","url":"https:\/\/minubaltic.ee\/wp-content\/uploads\/2023\/10\/cropped-cropped-cropped-logo.png","contentUrl":"https:\/\/minubaltic.ee\/wp-content\/uploads\/2023\/10\/cropped-cropped-cropped-logo.png","width":500,"height":237,"caption":"Minu Baltic O\u00dc"},"image":{"@id":"https:\/\/minubaltic.ee\/fi\/#\/schema\/logo\/image\/"},"sameAs":["https:\/\/www.facebook.com\/minubaltic"]}]}},"_links":{"self":[{"href":"https:\/\/minubaltic.ee\/fi\/wp-json\/wp\/v2\/product\/29398","targetHints":{"allow":["GET"]}}],"collection":[{"href":"https:\/\/minubaltic.ee\/fi\/wp-json\/wp\/v2\/product"}],"about":[{"href":"https:\/\/minubaltic.ee\/fi\/wp-json\/wp\/v2\/types\/product"}],"replies":[{"embeddable":true,"href":"https:\/\/minubaltic.ee\/fi\/wp-json\/wp\/v2\/comments?post=29398"}],"version-history":[{"count":2,"href":"https:\/\/minubaltic.ee\/fi\/wp-json\/wp\/v2\/product\/29398\/revisions"}],"predecessor-version":[{"id":29474,"href":"https:\/\/minubaltic.ee\/fi\/wp-json\/wp\/v2\/product\/29398\/revisions\/29474"}],"wp:featuredmedia":[{"embeddable":true,"href":"https:\/\/minubaltic.ee\/fi\/wp-json\/wp\/v2\/media\/29018"}],"wp:attachment":[{"href":"https:\/\/minubaltic.ee\/fi\/wp-json\/wp\/v2\/media?parent=29398"}],"wp:term":[{"taxonomy":"product_brand","embeddable":true,"href":"https:\/\/minubaltic.ee\/fi\/wp-json\/wp\/v2\/product_brand?post=29398"},{"taxonomy":"product_cat","embeddable":true,"href":"https:\/\/minubaltic.ee\/fi\/wp-json\/wp\/v2\/product_cat?post=29398"},{"taxonomy":"product_tag","embeddable":true,"href":"https:\/\/minubaltic.ee\/fi\/wp-json\/wp\/v2\/product_tag?post=29398"}],"curies":[{"name":"wp","href":"https:\/\/api.w.org\/{rel}","templated":true}]}}