{"id":27032,"date":"2024-06-01T02:28:13","date_gmt":"2024-05-31T23:28:13","guid":{"rendered":"https:\/\/minubaltic.ee\/?post_type=product&#038;p=27032"},"modified":"2025-08-25T21:48:28","modified_gmt":"2025-08-25T18:48:28","slug":"hampun-vuodevaatteet-setti-tummansininen","status":"publish","type":"product","link":"https:\/\/minubaltic.ee\/fi\/e-pood\/vuodevaatteet\/hampun-vuodevaatteet-setti-tummansininen\/","title":{"rendered":"Hampun vuodevaatteet setti &#8211; Tummansininen"},"content":{"rendered":"<p>100 % hamppuvuodevaatteet on hypoallergeeninen ja antibakteerinen.<\/p>\n<p><strong>V\u00e4ri:<\/strong> Tummansininen<br \/>\n<strong>Materiaali:<\/strong> 100 % hamppu, 180 g\/m2<br \/>\n<strong>Pussilakana:<\/strong> 200\u00d7220<br \/>\n<strong>Tyynyliina:<\/strong> 50\u00d770 (2kpl)<\/p>\n<p>-Hamppuvuodevaatteet on helppo huoltaa \u2013 hamppu on konepest\u00e4v\u00e4 ja kuivuu nopeasti.<br \/>\n-Hamppuvuoteet pest\u00e4\u00e4n parhaiten haaleassa vedess\u00e4, jolloin vuodevaatteet pysyv\u00e4t raikkaina ja kauniina pidemp\u00e4\u00e4n. Veden l\u00e4mp\u00f6tilan tulee olla 30-40 \u2103.<br \/>\n&#8211; Rumpukuivausta alhaisella nopeudella suositellaan kankaan repeytymisen est\u00e4miseksi.<br \/>\n-Hampun luonnollinen ulkon\u00e4k\u00f6 on hieman ryppyinen. Jos kuitenkin haluat sile\u00e4t vuodevaatteet, sen voi silitt\u00e4\u00e4 miedolla l\u00e4mm\u00f6ll\u00e4.<\/p>\n<p>Hamppuvuodevaatteet on pakattu samasta kankaasta valmistettuun pussiin.<\/p>\n","protected":false},"excerpt":{"rendered":"<p>Hamppuvuodevaatteet on ymp\u00e4rist\u00f6yst\u00e4v\u00e4llinen ja kest\u00e4v\u00e4 valinta. Se on valmistettu hamppukasvin luonnollisista kuiduista, joilla on useita etuja. Hamppukuidut ovat eritt\u00e4in vahvoja ja kest\u00e4vi\u00e4, joten hamppuvuodevaatteet kest\u00e4v\u00e4t pidemp\u00e4\u00e4n kuin useimmat muut kankaat, ja niist\u00e4 tulee joka pesulla pehme\u00e4mpi\u00e4 ja mukavampia.<\/p>\n<p>Hampulla on luonnollisia antibakteerisia ominaisuuksia, jotka tekev\u00e4t hampun vuodevaatteista hygieenisi\u00e4 ja auttavat v\u00e4hent\u00e4m\u00e4\u00e4n bakteerien ja allergeenien m\u00e4\u00e4r\u00e4\u00e4 s\u00e4ngyss\u00e4si. T\u00e4m\u00e4 vuodevaatteet sopivat t\u00e4ydellisesti allergioihin tai ihosairauksiin ja takaavat hygieenisemm\u00e4n unen. Hamppuvuodevaatteet eiv\u00e4t yleens\u00e4 aiheuta allergisia reaktioita, koska hamppua pidet\u00e4\u00e4n hypoallergeenisena materiaalina.<\/p>\n<p><img loading=\"lazy\" decoding=\"async\" class=\" wd-lazy-fade alignnone wp-image-21482\" src=\"https:\/\/minubaltic.ee\/wp-content\/themes\/woodmart\/images\/lazy.svg\" data-src=\"https:\/\/minubaltic.ee\/wp-content\/uploads\/2024\/03\/image-removebg-preview-70-400x264.png\" alt=\"\" width=\"172\" height=\"114\" srcset=\"\" data-srcset=\"https:\/\/minubaltic.ee\/wp-content\/uploads\/2024\/03\/image-removebg-preview-70-400x264.png 400w, https:\/\/minubaltic.ee\/wp-content\/uploads\/2024\/03\/image-removebg-preview-70-430x284.png 430w, https:\/\/minubaltic.ee\/wp-content\/uploads\/2024\/03\/image-removebg-preview-70-150x99.png 150w, https:\/\/minubaltic.ee\/wp-content\/uploads\/2024\/03\/image-removebg-preview-70.png 615w\" sizes=\"auto, (max-width: 172px) 100vw, 172px\" \/><img loading=\"lazy\" decoding=\"async\" class=\" wd-lazy-fade alignnone wp-image-26542\" src=\"https:\/\/minubaltic.ee\/wp-content\/themes\/woodmart\/images\/lazy.svg\" data-src=\"https:\/\/minubaltic.ee\/wp-content\/uploads\/2024\/05\/hemp-logo-300x300.png\" alt=\"\" width=\"104\" height=\"104\" srcset=\"\" data-srcset=\"https:\/\/minubaltic.ee\/wp-content\/uploads\/2024\/05\/hemp-logo-300x300.png 300w, https:\/\/minubaltic.ee\/wp-content\/uploads\/2024\/05\/hemp-logo-800x800.png 800w, https:\/\/minubaltic.ee\/wp-content\/uploads\/2024\/05\/hemp-logo-150x150.png 150w, https:\/\/minubaltic.ee\/wp-content\/uploads\/2024\/05\/hemp-logo-768x768.png 768w, https:\/\/minubaltic.ee\/wp-content\/uploads\/2024\/05\/hemp-logo-430x430.png 430w, https:\/\/minubaltic.ee\/wp-content\/uploads\/2024\/05\/hemp-logo-700x700.png 700w, https:\/\/minubaltic.ee\/wp-content\/uploads\/2024\/05\/hemp-logo.png 940w\" sizes=\"auto, (max-width: 104px) 100vw, 104px\" \/><\/p>\n","protected":false},"featured_media":27037,"comment_status":"open","ping_status":"closed","template":"","meta":[],"product_brand":[],"product_cat":[711,692,766,396,398],"product_tag":[402,400],"class_list":{"0":"post-27032","1":"product","2":"type-product","3":"status-publish","4":"has-post-thumbnail","6":"product_cat-hamppu-pussilakanasetti","7":"product_cat-hampun-vuodevaatteet","8":"product_cat-orgaaniset-vuodevaatteet","9":"product_cat-vuodevaatteet","10":"product_cat-vuodevaatteet-200-220","11":"product_tag-kodin-tekstiilit","12":"product_tag-verkkokauppa","14":"first","15":"instock","16":"shipping-taxable","17":"purchasable","18":"product-type-simple"},"yoast_head":"<!-- This site is optimized with the Yoast SEO plugin v27.3 - https:\/\/yoast.com\/product\/yoast-seo-wordpress\/ -->\n<title>Hampun vuodevaatteet setti - Tummansininen 100% hamppu<\/title>\n<meta name=\"description\" content=\"Tutustu Hampun vuodevaatteet setti ylellisyyteen \u2013 ymp\u00e4rist\u00f6yst\u00e4v\u00e4llisi\u00e4, kest\u00e4vi\u00e4 ja luonnollisen pehmeit\u00e4. Paranna unesi laatua kest\u00e4v\u00e4st\u00e4...\" \/>\n<meta name=\"robots\" content=\"index, follow, max-snippet:-1, max-image-preview:large, max-video-preview:-1\" \/>\n<link rel=\"canonical\" href=\"https:\/\/minubaltic.ee\/fi\/e-pood\/vuodevaatteet\/hampun-vuodevaatteet-setti-tummansininen\/\" \/>\n<meta property=\"og:locale\" content=\"fi_FI\" \/>\n<meta property=\"og:type\" content=\"article\" \/>\n<meta property=\"og:title\" content=\"Hampun vuodevaatteet setti - Tummansininen 100% hamppu\" \/>\n<meta property=\"og:description\" content=\"Tutustu Hampun vuodevaatteet setti ylellisyyteen \u2013 ymp\u00e4rist\u00f6yst\u00e4v\u00e4llisi\u00e4, kest\u00e4vi\u00e4 ja luonnollisen pehmeit\u00e4. Paranna unesi laatua kest\u00e4v\u00e4st\u00e4...\" \/>\n<meta property=\"og:url\" content=\"https:\/\/minubaltic.ee\/fi\/e-pood\/vuodevaatteet\/hampun-vuodevaatteet-setti-tummansininen\/\" \/>\n<meta property=\"article:publisher\" content=\"https:\/\/www.facebook.com\/minubaltic\" \/>\n<meta property=\"article:modified_time\" content=\"2025-08-25T18:48:28+00:00\" \/>\n<meta property=\"og:image\" content=\"https:\/\/minubaltic.ee\/wp-content\/uploads\/2024\/06\/kanep-voodipesu-14.jpg\" \/>\n\t<meta property=\"og:image:width\" content=\"650\" \/>\n\t<meta property=\"og:image:height\" content=\"650\" \/>\n\t<meta property=\"og:image:type\" content=\"image\/jpeg\" \/>\n<meta name=\"twitter:card\" content=\"summary_large_image\" \/>\n<meta name=\"twitter:label1\" content=\"Arvioitu lukuaika\" \/>\n\t<meta name=\"twitter:data1\" content=\"1 minuutti\" \/>\n<script type=\"application\/ld+json\" class=\"yoast-schema-graph\">{\"@context\":\"https:\\\/\\\/schema.org\",\"@graph\":[{\"@type\":\"WebPage\",\"@id\":\"https:\\\/\\\/minubaltic.ee\\\/fi\\\/e-pood\\\/vuodevaatteet\\\/hampun-vuodevaatteet-setti-tummansininen\\\/\",\"url\":\"https:\\\/\\\/minubaltic.ee\\\/fi\\\/e-pood\\\/vuodevaatteet\\\/hampun-vuodevaatteet-setti-tummansininen\\\/\",\"name\":\"Hampun vuodevaatteet setti - Tummansininen 100% hamppu\",\"isPartOf\":{\"@id\":\"https:\\\/\\\/minubaltic.ee\\\/fi\\\/#website\"},\"primaryImageOfPage\":{\"@id\":\"https:\\\/\\\/minubaltic.ee\\\/fi\\\/e-pood\\\/vuodevaatteet\\\/hampun-vuodevaatteet-setti-tummansininen\\\/#primaryimage\"},\"image\":{\"@id\":\"https:\\\/\\\/minubaltic.ee\\\/fi\\\/e-pood\\\/vuodevaatteet\\\/hampun-vuodevaatteet-setti-tummansininen\\\/#primaryimage\"},\"thumbnailUrl\":\"https:\\\/\\\/minubaltic.ee\\\/wp-content\\\/uploads\\\/2024\\\/06\\\/kanep-voodipesu-14.jpg\",\"datePublished\":\"2024-05-31T23:28:13+00:00\",\"dateModified\":\"2025-08-25T18:48:28+00:00\",\"description\":\"Tutustu Hampun vuodevaatteet setti ylellisyyteen \u2013 ymp\u00e4rist\u00f6yst\u00e4v\u00e4llisi\u00e4, kest\u00e4vi\u00e4 ja luonnollisen pehmeit\u00e4. Paranna unesi laatua kest\u00e4v\u00e4st\u00e4...\",\"breadcrumb\":{\"@id\":\"https:\\\/\\\/minubaltic.ee\\\/fi\\\/e-pood\\\/vuodevaatteet\\\/hampun-vuodevaatteet-setti-tummansininen\\\/#breadcrumb\"},\"inLanguage\":\"fi\",\"potentialAction\":[{\"@type\":\"ReadAction\",\"target\":[\"https:\\\/\\\/minubaltic.ee\\\/fi\\\/e-pood\\\/vuodevaatteet\\\/hampun-vuodevaatteet-setti-tummansininen\\\/\"]}]},{\"@type\":\"ImageObject\",\"inLanguage\":\"fi\",\"@id\":\"https:\\\/\\\/minubaltic.ee\\\/fi\\\/e-pood\\\/vuodevaatteet\\\/hampun-vuodevaatteet-setti-tummansininen\\\/#primaryimage\",\"url\":\"https:\\\/\\\/minubaltic.ee\\\/wp-content\\\/uploads\\\/2024\\\/06\\\/kanep-voodipesu-14.jpg\",\"contentUrl\":\"https:\\\/\\\/minubaltic.ee\\\/wp-content\\\/uploads\\\/2024\\\/06\\\/kanep-voodipesu-14.jpg\",\"width\":650,\"height\":650},{\"@type\":\"BreadcrumbList\",\"@id\":\"https:\\\/\\\/minubaltic.ee\\\/fi\\\/e-pood\\\/vuodevaatteet\\\/hampun-vuodevaatteet-setti-tummansininen\\\/#breadcrumb\",\"itemListElement\":[{\"@type\":\"ListItem\",\"position\":1,\"name\":\"Home\",\"item\":\"https:\\\/\\\/minubaltic.ee\\\/fi\\\/\"},{\"@type\":\"ListItem\",\"position\":2,\"name\":\"Verkkokauppa\",\"item\":\"https:\\\/\\\/minubaltic.ee\\\/fi\\\/verkkokauppa\\\/\"},{\"@type\":\"ListItem\",\"position\":3,\"name\":\"Hampun vuodevaatteet setti &#8211; Tummansininen\"}]},{\"@type\":\"WebSite\",\"@id\":\"https:\\\/\\\/minubaltic.ee\\\/fi\\\/#website\",\"url\":\"https:\\\/\\\/minubaltic.ee\\\/fi\\\/\",\"name\":\"minubaltic.ee\",\"description\":\"\",\"publisher\":{\"@id\":\"https:\\\/\\\/minubaltic.ee\\\/fi\\\/#organization\"},\"potentialAction\":[{\"@type\":\"SearchAction\",\"target\":{\"@type\":\"EntryPoint\",\"urlTemplate\":\"https:\\\/\\\/minubaltic.ee\\\/fi\\\/?s={search_term_string}\"},\"query-input\":{\"@type\":\"PropertyValueSpecification\",\"valueRequired\":true,\"valueName\":\"search_term_string\"}}],\"inLanguage\":\"fi\"},{\"@type\":\"Organization\",\"@id\":\"https:\\\/\\\/minubaltic.ee\\\/fi\\\/#organization\",\"name\":\"Minu Baltic O\u00dc\",\"url\":\"https:\\\/\\\/minubaltic.ee\\\/fi\\\/\",\"logo\":{\"@type\":\"ImageObject\",\"inLanguage\":\"fi\",\"@id\":\"https:\\\/\\\/minubaltic.ee\\\/fi\\\/#\\\/schema\\\/logo\\\/image\\\/\",\"url\":\"https:\\\/\\\/minubaltic.ee\\\/wp-content\\\/uploads\\\/2023\\\/10\\\/cropped-cropped-cropped-logo.png\",\"contentUrl\":\"https:\\\/\\\/minubaltic.ee\\\/wp-content\\\/uploads\\\/2023\\\/10\\\/cropped-cropped-cropped-logo.png\",\"width\":500,\"height\":237,\"caption\":\"Minu Baltic O\u00dc\"},\"image\":{\"@id\":\"https:\\\/\\\/minubaltic.ee\\\/fi\\\/#\\\/schema\\\/logo\\\/image\\\/\"},\"sameAs\":[\"https:\\\/\\\/www.facebook.com\\\/minubaltic\"]}]}<\/script>\n<!-- \/ Yoast SEO plugin. -->","yoast_head_json":{"title":"Hampun vuodevaatteet setti - Tummansininen 100% hamppu","description":"Tutustu Hampun vuodevaatteet setti ylellisyyteen \u2013 ymp\u00e4rist\u00f6yst\u00e4v\u00e4llisi\u00e4, kest\u00e4vi\u00e4 ja luonnollisen pehmeit\u00e4. Paranna unesi laatua kest\u00e4v\u00e4st\u00e4...","robots":{"index":"index","follow":"follow","max-snippet":"max-snippet:-1","max-image-preview":"max-image-preview:large","max-video-preview":"max-video-preview:-1"},"canonical":"https:\/\/minubaltic.ee\/fi\/e-pood\/vuodevaatteet\/hampun-vuodevaatteet-setti-tummansininen\/","og_locale":"fi_FI","og_type":"article","og_title":"Hampun vuodevaatteet setti - Tummansininen 100% hamppu","og_description":"Tutustu Hampun vuodevaatteet setti ylellisyyteen \u2013 ymp\u00e4rist\u00f6yst\u00e4v\u00e4llisi\u00e4, kest\u00e4vi\u00e4 ja luonnollisen pehmeit\u00e4. Paranna unesi laatua kest\u00e4v\u00e4st\u00e4...","og_url":"https:\/\/minubaltic.ee\/fi\/e-pood\/vuodevaatteet\/hampun-vuodevaatteet-setti-tummansininen\/","article_publisher":"https:\/\/www.facebook.com\/minubaltic","article_modified_time":"2025-08-25T18:48:28+00:00","og_image":[{"width":650,"height":650,"url":"https:\/\/minubaltic.ee\/wp-content\/uploads\/2024\/06\/kanep-voodipesu-14.jpg","type":"image\/jpeg"}],"twitter_card":"summary_large_image","twitter_misc":{"Arvioitu lukuaika":"1 minuutti"},"schema":{"@context":"https:\/\/schema.org","@graph":[{"@type":"WebPage","@id":"https:\/\/minubaltic.ee\/fi\/e-pood\/vuodevaatteet\/hampun-vuodevaatteet-setti-tummansininen\/","url":"https:\/\/minubaltic.ee\/fi\/e-pood\/vuodevaatteet\/hampun-vuodevaatteet-setti-tummansininen\/","name":"Hampun vuodevaatteet setti - Tummansininen 100% hamppu","isPartOf":{"@id":"https:\/\/minubaltic.ee\/fi\/#website"},"primaryImageOfPage":{"@id":"https:\/\/minubaltic.ee\/fi\/e-pood\/vuodevaatteet\/hampun-vuodevaatteet-setti-tummansininen\/#primaryimage"},"image":{"@id":"https:\/\/minubaltic.ee\/fi\/e-pood\/vuodevaatteet\/hampun-vuodevaatteet-setti-tummansininen\/#primaryimage"},"thumbnailUrl":"https:\/\/minubaltic.ee\/wp-content\/uploads\/2024\/06\/kanep-voodipesu-14.jpg","datePublished":"2024-05-31T23:28:13+00:00","dateModified":"2025-08-25T18:48:28+00:00","description":"Tutustu Hampun vuodevaatteet setti ylellisyyteen \u2013 ymp\u00e4rist\u00f6yst\u00e4v\u00e4llisi\u00e4, kest\u00e4vi\u00e4 ja luonnollisen pehmeit\u00e4. Paranna unesi laatua kest\u00e4v\u00e4st\u00e4...","breadcrumb":{"@id":"https:\/\/minubaltic.ee\/fi\/e-pood\/vuodevaatteet\/hampun-vuodevaatteet-setti-tummansininen\/#breadcrumb"},"inLanguage":"fi","potentialAction":[{"@type":"ReadAction","target":["https:\/\/minubaltic.ee\/fi\/e-pood\/vuodevaatteet\/hampun-vuodevaatteet-setti-tummansininen\/"]}]},{"@type":"ImageObject","inLanguage":"fi","@id":"https:\/\/minubaltic.ee\/fi\/e-pood\/vuodevaatteet\/hampun-vuodevaatteet-setti-tummansininen\/#primaryimage","url":"https:\/\/minubaltic.ee\/wp-content\/uploads\/2024\/06\/kanep-voodipesu-14.jpg","contentUrl":"https:\/\/minubaltic.ee\/wp-content\/uploads\/2024\/06\/kanep-voodipesu-14.jpg","width":650,"height":650},{"@type":"BreadcrumbList","@id":"https:\/\/minubaltic.ee\/fi\/e-pood\/vuodevaatteet\/hampun-vuodevaatteet-setti-tummansininen\/#breadcrumb","itemListElement":[{"@type":"ListItem","position":1,"name":"Home","item":"https:\/\/minubaltic.ee\/fi\/"},{"@type":"ListItem","position":2,"name":"Verkkokauppa","item":"https:\/\/minubaltic.ee\/fi\/verkkokauppa\/"},{"@type":"ListItem","position":3,"name":"Hampun vuodevaatteet setti &#8211; Tummansininen"}]},{"@type":"WebSite","@id":"https:\/\/minubaltic.ee\/fi\/#website","url":"https:\/\/minubaltic.ee\/fi\/","name":"minubaltic.ee","description":"","publisher":{"@id":"https:\/\/minubaltic.ee\/fi\/#organization"},"potentialAction":[{"@type":"SearchAction","target":{"@type":"EntryPoint","urlTemplate":"https:\/\/minubaltic.ee\/fi\/?s={search_term_string}"},"query-input":{"@type":"PropertyValueSpecification","valueRequired":true,"valueName":"search_term_string"}}],"inLanguage":"fi"},{"@type":"Organization","@id":"https:\/\/minubaltic.ee\/fi\/#organization","name":"Minu Baltic O\u00dc","url":"https:\/\/minubaltic.ee\/fi\/","logo":{"@type":"ImageObject","inLanguage":"fi","@id":"https:\/\/minubaltic.ee\/fi\/#\/schema\/logo\/image\/","url":"https:\/\/minubaltic.ee\/wp-content\/uploads\/2023\/10\/cropped-cropped-cropped-logo.png","contentUrl":"https:\/\/minubaltic.ee\/wp-content\/uploads\/2023\/10\/cropped-cropped-cropped-logo.png","width":500,"height":237,"caption":"Minu Baltic O\u00dc"},"image":{"@id":"https:\/\/minubaltic.ee\/fi\/#\/schema\/logo\/image\/"},"sameAs":["https:\/\/www.facebook.com\/minubaltic"]}]}},"_links":{"self":[{"href":"https:\/\/minubaltic.ee\/fi\/wp-json\/wp\/v2\/product\/27032","targetHints":{"allow":["GET"]}}],"collection":[{"href":"https:\/\/minubaltic.ee\/fi\/wp-json\/wp\/v2\/product"}],"about":[{"href":"https:\/\/minubaltic.ee\/fi\/wp-json\/wp\/v2\/types\/product"}],"replies":[{"embeddable":true,"href":"https:\/\/minubaltic.ee\/fi\/wp-json\/wp\/v2\/comments?post=27032"}],"version-history":[{"count":2,"href":"https:\/\/minubaltic.ee\/fi\/wp-json\/wp\/v2\/product\/27032\/revisions"}],"predecessor-version":[{"id":27094,"href":"https:\/\/minubaltic.ee\/fi\/wp-json\/wp\/v2\/product\/27032\/revisions\/27094"}],"wp:featuredmedia":[{"embeddable":true,"href":"https:\/\/minubaltic.ee\/fi\/wp-json\/wp\/v2\/media\/27037"}],"wp:attachment":[{"href":"https:\/\/minubaltic.ee\/fi\/wp-json\/wp\/v2\/media?parent=27032"}],"wp:term":[{"taxonomy":"product_brand","embeddable":true,"href":"https:\/\/minubaltic.ee\/fi\/wp-json\/wp\/v2\/product_brand?post=27032"},{"taxonomy":"product_cat","embeddable":true,"href":"https:\/\/minubaltic.ee\/fi\/wp-json\/wp\/v2\/product_cat?post=27032"},{"taxonomy":"product_tag","embeddable":true,"href":"https:\/\/minubaltic.ee\/fi\/wp-json\/wp\/v2\/product_tag?post=27032"}],"curies":[{"name":"wp","href":"https:\/\/api.w.org\/{rel}","templated":true}]}}