{"id":26627,"date":"2024-05-31T21:26:23","date_gmt":"2024-05-31T18:26:23","guid":{"rendered":"https:\/\/minubaltic.ee\/?post_type=product&#038;p=26627"},"modified":"2024-07-07T02:21:01","modified_gmt":"2024-07-06T23:21:01","slug":"hamppulakana-hellavarainen-sininen","status":"publish","type":"product","link":"https:\/\/minubaltic.ee\/fi\/e-pood\/vuodevaatteet\/hamppulakana-hellavarainen-sininen\/","title":{"rendered":"Hamppulakana &#8211; Hell\u00e4varainen sininen"},"content":{"rendered":"<p>100 % hamppulakana on hypoallergeeninen ja antibakteerinen.<\/p>\n<p><strong>V\u00e4ri:<\/strong> Hell\u00e4varainen sininen<br \/>\n<strong>Materiaali:<\/strong> 100 % hamppu, 180 g\/m2<br \/>\n<strong>Koko:<\/strong> 220\u00d7230<\/p>\n<p>Hamppulakana on loistava valinta niille, jotka arvostavat luontoa, mukavuutta ja tyyli\u00e4 makuuhuoneessaan. Se on ymp\u00e4rist\u00f6yst\u00e4v\u00e4llinen valinta, joka luo kodikkaan ja luonnollisen tunnelman sek\u00e4 varmistaa mukavan ja terveellisen unen.<\/p>\n","protected":false},"excerpt":{"rendered":"<p>Hamppulakana ei ole vain k\u00e4yt\u00e4nn\u00f6llinen ja kest\u00e4v\u00e4 valinta, vaan my\u00f6s tyylik\u00e4s ja moderni lis\u00e4 jokaiseen makuuhuoneeseen. Hampun ainutlaatuinen rakenne ja luonnollinen v\u00e4ri luovat elegantin ja maalaismaisen tunnelman, joka sopii hyvin erilaisiin sisustustyyleihin. Sen lis\u00e4ksi, ett\u00e4 hamppulakana on mukava ja hengitt\u00e4v\u00e4, se on my\u00f6s allergiavapaa ja antibakteerinen, mik\u00e4 takaa hyv\u00e4n ja terveellisen unen koko y\u00f6n.<\/p>\n<p>Hamppulakana on my\u00f6s helppohoitoinen, koska se on konepest\u00e4v\u00e4 ja s\u00e4ilytt\u00e4\u00e4 laatunsa useiden pesukertojen j\u00e4lkeen. Hamppu my\u00f6s kuivuu nopeasti, joten se on ihanteellinen valinta k\u00e4yt\u00e4nn\u00f6llisyytt\u00e4 ja mukavuutta arvostaville. Lis\u00e4ksi hampun kasvatus on ymp\u00e4rist\u00f6yst\u00e4v\u00e4llinen valinta, koska se ei vahingoita luontoa.<\/p>\n<p><img loading=\"lazy\" decoding=\"async\" class=\" wd-lazy-fade alignnone wp-image-21482\" src=\"https:\/\/minubaltic.ee\/wp-content\/themes\/woodmart\/images\/lazy.svg\" data-src=\"https:\/\/minubaltic.ee\/wp-content\/uploads\/2024\/03\/image-removebg-preview-70-400x264.png\" alt=\"\" width=\"172\" height=\"114\" srcset=\"\" data-srcset=\"https:\/\/minubaltic.ee\/wp-content\/uploads\/2024\/03\/image-removebg-preview-70-400x264.png 400w, https:\/\/minubaltic.ee\/wp-content\/uploads\/2024\/03\/image-removebg-preview-70-430x284.png 430w, https:\/\/minubaltic.ee\/wp-content\/uploads\/2024\/03\/image-removebg-preview-70-150x99.png 150w, https:\/\/minubaltic.ee\/wp-content\/uploads\/2024\/03\/image-removebg-preview-70.png 615w\" sizes=\"auto, (max-width: 172px) 100vw, 172px\" \/><img loading=\"lazy\" decoding=\"async\" class=\" wd-lazy-fade alignnone wp-image-26542\" src=\"https:\/\/minubaltic.ee\/wp-content\/themes\/woodmart\/images\/lazy.svg\" data-src=\"https:\/\/minubaltic.ee\/wp-content\/uploads\/2024\/05\/hemp-logo-300x300.png\" alt=\"\" width=\"104\" height=\"104\" srcset=\"\" data-srcset=\"https:\/\/minubaltic.ee\/wp-content\/uploads\/2024\/05\/hemp-logo-300x300.png 300w, https:\/\/minubaltic.ee\/wp-content\/uploads\/2024\/05\/hemp-logo-800x800.png 800w, https:\/\/minubaltic.ee\/wp-content\/uploads\/2024\/05\/hemp-logo-150x150.png 150w, https:\/\/minubaltic.ee\/wp-content\/uploads\/2024\/05\/hemp-logo-768x768.png 768w, https:\/\/minubaltic.ee\/wp-content\/uploads\/2024\/05\/hemp-logo-430x430.png 430w, https:\/\/minubaltic.ee\/wp-content\/uploads\/2024\/05\/hemp-logo-700x700.png 700w, https:\/\/minubaltic.ee\/wp-content\/uploads\/2024\/05\/hemp-logo.png 940w\" sizes=\"auto, (max-width: 104px) 100vw, 104px\" \/><\/p>\n","protected":false},"featured_media":26632,"comment_status":"open","ping_status":"closed","template":"","meta":[],"product_brand":[],"product_cat":[699,692,766,396],"product_tag":[402,400],"class_list":{"0":"post-26627","1":"product","2":"type-product","3":"status-publish","4":"has-post-thumbnail","6":"product_cat-hamppulakanat","7":"product_cat-hampun-vuodevaatteet","8":"product_cat-orgaaniset-vuodevaatteet","9":"product_cat-vuodevaatteet","10":"product_tag-kodin-tekstiilit","11":"product_tag-verkkokauppa","13":"first","14":"instock","15":"shipping-taxable","16":"purchasable","17":"product-type-simple"},"yoast_head":"<!-- This site is optimized with the Yoast SEO plugin v27.3 - https:\/\/yoast.com\/product\/yoast-seo-wordpress\/ -->\n<title>Hamppulakana - Hell\u00e4varainen sininen - 100% orgaaninen hamppu<\/title>\n<meta name=\"description\" content=\"Tutustu hamppulakanoiden ylellisyyteen \u2013 ymp\u00e4rist\u00f6yst\u00e4v\u00e4llisi\u00e4, kest\u00e4vi\u00e4 ja luonnollisen pehmeit\u00e4. Paranna unesi laatua kest\u00e4v\u00e4st\u00e4 ja allergiavapaasta hamp\" \/>\n<meta name=\"robots\" content=\"index, follow, max-snippet:-1, max-image-preview:large, max-video-preview:-1\" \/>\n<link rel=\"canonical\" href=\"https:\/\/minubaltic.ee\/fi\/e-pood\/vuodevaatteet\/hamppulakana-hellavarainen-sininen\/\" \/>\n<meta property=\"og:locale\" content=\"fi_FI\" \/>\n<meta property=\"og:type\" content=\"article\" \/>\n<meta property=\"og:title\" content=\"Hamppulakana - Hell\u00e4varainen sininen - 100% orgaaninen hamppu\" \/>\n<meta property=\"og:description\" content=\"Tutustu hamppulakanoiden ylellisyyteen \u2013 ymp\u00e4rist\u00f6yst\u00e4v\u00e4llisi\u00e4, kest\u00e4vi\u00e4 ja luonnollisen pehmeit\u00e4. Paranna unesi laatua kest\u00e4v\u00e4st\u00e4 ja allergiavapaasta hamp\" \/>\n<meta property=\"og:url\" content=\"https:\/\/minubaltic.ee\/fi\/e-pood\/vuodevaatteet\/hamppulakana-hellavarainen-sininen\/\" \/>\n<meta property=\"article:publisher\" content=\"https:\/\/www.facebook.com\/minubaltic\" \/>\n<meta property=\"article:modified_time\" content=\"2024-07-06T23:21:01+00:00\" \/>\n<meta property=\"og:image\" content=\"https:\/\/minubaltic.ee\/wp-content\/uploads\/2024\/05\/IMG_4157_1_600x.jpg\" \/>\n\t<meta property=\"og:image:width\" content=\"650\" \/>\n\t<meta property=\"og:image:height\" content=\"650\" \/>\n\t<meta property=\"og:image:type\" content=\"image\/jpeg\" \/>\n<meta name=\"twitter:card\" content=\"summary_large_image\" \/>\n<meta name=\"twitter:label1\" content=\"Arvioitu lukuaika\" \/>\n\t<meta name=\"twitter:data1\" content=\"1 minuutti\" \/>\n<script type=\"application\/ld+json\" class=\"yoast-schema-graph\">{\"@context\":\"https:\\\/\\\/schema.org\",\"@graph\":[{\"@type\":\"WebPage\",\"@id\":\"https:\\\/\\\/minubaltic.ee\\\/fi\\\/e-pood\\\/vuodevaatteet\\\/hamppulakana-hellavarainen-sininen\\\/\",\"url\":\"https:\\\/\\\/minubaltic.ee\\\/fi\\\/e-pood\\\/vuodevaatteet\\\/hamppulakana-hellavarainen-sininen\\\/\",\"name\":\"Hamppulakana - Hell\u00e4varainen sininen - 100% orgaaninen hamppu\",\"isPartOf\":{\"@id\":\"https:\\\/\\\/minubaltic.ee\\\/fi\\\/#website\"},\"primaryImageOfPage\":{\"@id\":\"https:\\\/\\\/minubaltic.ee\\\/fi\\\/e-pood\\\/vuodevaatteet\\\/hamppulakana-hellavarainen-sininen\\\/#primaryimage\"},\"image\":{\"@id\":\"https:\\\/\\\/minubaltic.ee\\\/fi\\\/e-pood\\\/vuodevaatteet\\\/hamppulakana-hellavarainen-sininen\\\/#primaryimage\"},\"thumbnailUrl\":\"https:\\\/\\\/minubaltic.ee\\\/wp-content\\\/uploads\\\/2024\\\/05\\\/IMG_4157_1_600x.jpg\",\"datePublished\":\"2024-05-31T18:26:23+00:00\",\"dateModified\":\"2024-07-06T23:21:01+00:00\",\"description\":\"Tutustu hamppulakanoiden ylellisyyteen \u2013 ymp\u00e4rist\u00f6yst\u00e4v\u00e4llisi\u00e4, kest\u00e4vi\u00e4 ja luonnollisen pehmeit\u00e4. Paranna unesi laatua kest\u00e4v\u00e4st\u00e4 ja allergiavapaasta hamp\",\"breadcrumb\":{\"@id\":\"https:\\\/\\\/minubaltic.ee\\\/fi\\\/e-pood\\\/vuodevaatteet\\\/hamppulakana-hellavarainen-sininen\\\/#breadcrumb\"},\"inLanguage\":\"fi\",\"potentialAction\":[{\"@type\":\"ReadAction\",\"target\":[\"https:\\\/\\\/minubaltic.ee\\\/fi\\\/e-pood\\\/vuodevaatteet\\\/hamppulakana-hellavarainen-sininen\\\/\"]}]},{\"@type\":\"ImageObject\",\"inLanguage\":\"fi\",\"@id\":\"https:\\\/\\\/minubaltic.ee\\\/fi\\\/e-pood\\\/vuodevaatteet\\\/hamppulakana-hellavarainen-sininen\\\/#primaryimage\",\"url\":\"https:\\\/\\\/minubaltic.ee\\\/wp-content\\\/uploads\\\/2024\\\/05\\\/IMG_4157_1_600x.jpg\",\"contentUrl\":\"https:\\\/\\\/minubaltic.ee\\\/wp-content\\\/uploads\\\/2024\\\/05\\\/IMG_4157_1_600x.jpg\",\"width\":650,\"height\":650},{\"@type\":\"BreadcrumbList\",\"@id\":\"https:\\\/\\\/minubaltic.ee\\\/fi\\\/e-pood\\\/vuodevaatteet\\\/hamppulakana-hellavarainen-sininen\\\/#breadcrumb\",\"itemListElement\":[{\"@type\":\"ListItem\",\"position\":1,\"name\":\"Home\",\"item\":\"https:\\\/\\\/minubaltic.ee\\\/fi\\\/\"},{\"@type\":\"ListItem\",\"position\":2,\"name\":\"Verkkokauppa\",\"item\":\"https:\\\/\\\/minubaltic.ee\\\/fi\\\/verkkokauppa\\\/\"},{\"@type\":\"ListItem\",\"position\":3,\"name\":\"Hamppulakana &#8211; Hell\u00e4varainen sininen\"}]},{\"@type\":\"WebSite\",\"@id\":\"https:\\\/\\\/minubaltic.ee\\\/fi\\\/#website\",\"url\":\"https:\\\/\\\/minubaltic.ee\\\/fi\\\/\",\"name\":\"minubaltic.ee\",\"description\":\"\",\"publisher\":{\"@id\":\"https:\\\/\\\/minubaltic.ee\\\/fi\\\/#organization\"},\"potentialAction\":[{\"@type\":\"SearchAction\",\"target\":{\"@type\":\"EntryPoint\",\"urlTemplate\":\"https:\\\/\\\/minubaltic.ee\\\/fi\\\/?s={search_term_string}\"},\"query-input\":{\"@type\":\"PropertyValueSpecification\",\"valueRequired\":true,\"valueName\":\"search_term_string\"}}],\"inLanguage\":\"fi\"},{\"@type\":\"Organization\",\"@id\":\"https:\\\/\\\/minubaltic.ee\\\/fi\\\/#organization\",\"name\":\"Minu Baltic O\u00dc\",\"url\":\"https:\\\/\\\/minubaltic.ee\\\/fi\\\/\",\"logo\":{\"@type\":\"ImageObject\",\"inLanguage\":\"fi\",\"@id\":\"https:\\\/\\\/minubaltic.ee\\\/fi\\\/#\\\/schema\\\/logo\\\/image\\\/\",\"url\":\"https:\\\/\\\/minubaltic.ee\\\/wp-content\\\/uploads\\\/2023\\\/10\\\/cropped-cropped-cropped-logo.png\",\"contentUrl\":\"https:\\\/\\\/minubaltic.ee\\\/wp-content\\\/uploads\\\/2023\\\/10\\\/cropped-cropped-cropped-logo.png\",\"width\":500,\"height\":237,\"caption\":\"Minu Baltic O\u00dc\"},\"image\":{\"@id\":\"https:\\\/\\\/minubaltic.ee\\\/fi\\\/#\\\/schema\\\/logo\\\/image\\\/\"},\"sameAs\":[\"https:\\\/\\\/www.facebook.com\\\/minubaltic\"]}]}<\/script>\n<!-- \/ Yoast SEO plugin. -->","yoast_head_json":{"title":"Hamppulakana - Hell\u00e4varainen sininen - 100% orgaaninen hamppu","description":"Tutustu hamppulakanoiden ylellisyyteen \u2013 ymp\u00e4rist\u00f6yst\u00e4v\u00e4llisi\u00e4, kest\u00e4vi\u00e4 ja luonnollisen pehmeit\u00e4. Paranna unesi laatua kest\u00e4v\u00e4st\u00e4 ja allergiavapaasta hamp","robots":{"index":"index","follow":"follow","max-snippet":"max-snippet:-1","max-image-preview":"max-image-preview:large","max-video-preview":"max-video-preview:-1"},"canonical":"https:\/\/minubaltic.ee\/fi\/e-pood\/vuodevaatteet\/hamppulakana-hellavarainen-sininen\/","og_locale":"fi_FI","og_type":"article","og_title":"Hamppulakana - Hell\u00e4varainen sininen - 100% orgaaninen hamppu","og_description":"Tutustu hamppulakanoiden ylellisyyteen \u2013 ymp\u00e4rist\u00f6yst\u00e4v\u00e4llisi\u00e4, kest\u00e4vi\u00e4 ja luonnollisen pehmeit\u00e4. Paranna unesi laatua kest\u00e4v\u00e4st\u00e4 ja allergiavapaasta hamp","og_url":"https:\/\/minubaltic.ee\/fi\/e-pood\/vuodevaatteet\/hamppulakana-hellavarainen-sininen\/","article_publisher":"https:\/\/www.facebook.com\/minubaltic","article_modified_time":"2024-07-06T23:21:01+00:00","og_image":[{"width":650,"height":650,"url":"https:\/\/minubaltic.ee\/wp-content\/uploads\/2024\/05\/IMG_4157_1_600x.jpg","type":"image\/jpeg"}],"twitter_card":"summary_large_image","twitter_misc":{"Arvioitu lukuaika":"1 minuutti"},"schema":{"@context":"https:\/\/schema.org","@graph":[{"@type":"WebPage","@id":"https:\/\/minubaltic.ee\/fi\/e-pood\/vuodevaatteet\/hamppulakana-hellavarainen-sininen\/","url":"https:\/\/minubaltic.ee\/fi\/e-pood\/vuodevaatteet\/hamppulakana-hellavarainen-sininen\/","name":"Hamppulakana - Hell\u00e4varainen sininen - 100% orgaaninen hamppu","isPartOf":{"@id":"https:\/\/minubaltic.ee\/fi\/#website"},"primaryImageOfPage":{"@id":"https:\/\/minubaltic.ee\/fi\/e-pood\/vuodevaatteet\/hamppulakana-hellavarainen-sininen\/#primaryimage"},"image":{"@id":"https:\/\/minubaltic.ee\/fi\/e-pood\/vuodevaatteet\/hamppulakana-hellavarainen-sininen\/#primaryimage"},"thumbnailUrl":"https:\/\/minubaltic.ee\/wp-content\/uploads\/2024\/05\/IMG_4157_1_600x.jpg","datePublished":"2024-05-31T18:26:23+00:00","dateModified":"2024-07-06T23:21:01+00:00","description":"Tutustu hamppulakanoiden ylellisyyteen \u2013 ymp\u00e4rist\u00f6yst\u00e4v\u00e4llisi\u00e4, kest\u00e4vi\u00e4 ja luonnollisen pehmeit\u00e4. Paranna unesi laatua kest\u00e4v\u00e4st\u00e4 ja allergiavapaasta hamp","breadcrumb":{"@id":"https:\/\/minubaltic.ee\/fi\/e-pood\/vuodevaatteet\/hamppulakana-hellavarainen-sininen\/#breadcrumb"},"inLanguage":"fi","potentialAction":[{"@type":"ReadAction","target":["https:\/\/minubaltic.ee\/fi\/e-pood\/vuodevaatteet\/hamppulakana-hellavarainen-sininen\/"]}]},{"@type":"ImageObject","inLanguage":"fi","@id":"https:\/\/minubaltic.ee\/fi\/e-pood\/vuodevaatteet\/hamppulakana-hellavarainen-sininen\/#primaryimage","url":"https:\/\/minubaltic.ee\/wp-content\/uploads\/2024\/05\/IMG_4157_1_600x.jpg","contentUrl":"https:\/\/minubaltic.ee\/wp-content\/uploads\/2024\/05\/IMG_4157_1_600x.jpg","width":650,"height":650},{"@type":"BreadcrumbList","@id":"https:\/\/minubaltic.ee\/fi\/e-pood\/vuodevaatteet\/hamppulakana-hellavarainen-sininen\/#breadcrumb","itemListElement":[{"@type":"ListItem","position":1,"name":"Home","item":"https:\/\/minubaltic.ee\/fi\/"},{"@type":"ListItem","position":2,"name":"Verkkokauppa","item":"https:\/\/minubaltic.ee\/fi\/verkkokauppa\/"},{"@type":"ListItem","position":3,"name":"Hamppulakana &#8211; Hell\u00e4varainen sininen"}]},{"@type":"WebSite","@id":"https:\/\/minubaltic.ee\/fi\/#website","url":"https:\/\/minubaltic.ee\/fi\/","name":"minubaltic.ee","description":"","publisher":{"@id":"https:\/\/minubaltic.ee\/fi\/#organization"},"potentialAction":[{"@type":"SearchAction","target":{"@type":"EntryPoint","urlTemplate":"https:\/\/minubaltic.ee\/fi\/?s={search_term_string}"},"query-input":{"@type":"PropertyValueSpecification","valueRequired":true,"valueName":"search_term_string"}}],"inLanguage":"fi"},{"@type":"Organization","@id":"https:\/\/minubaltic.ee\/fi\/#organization","name":"Minu Baltic O\u00dc","url":"https:\/\/minubaltic.ee\/fi\/","logo":{"@type":"ImageObject","inLanguage":"fi","@id":"https:\/\/minubaltic.ee\/fi\/#\/schema\/logo\/image\/","url":"https:\/\/minubaltic.ee\/wp-content\/uploads\/2023\/10\/cropped-cropped-cropped-logo.png","contentUrl":"https:\/\/minubaltic.ee\/wp-content\/uploads\/2023\/10\/cropped-cropped-cropped-logo.png","width":500,"height":237,"caption":"Minu Baltic O\u00dc"},"image":{"@id":"https:\/\/minubaltic.ee\/fi\/#\/schema\/logo\/image\/"},"sameAs":["https:\/\/www.facebook.com\/minubaltic"]}]}},"_links":{"self":[{"href":"https:\/\/minubaltic.ee\/fi\/wp-json\/wp\/v2\/product\/26627","targetHints":{"allow":["GET"]}}],"collection":[{"href":"https:\/\/minubaltic.ee\/fi\/wp-json\/wp\/v2\/product"}],"about":[{"href":"https:\/\/minubaltic.ee\/fi\/wp-json\/wp\/v2\/types\/product"}],"replies":[{"embeddable":true,"href":"https:\/\/minubaltic.ee\/fi\/wp-json\/wp\/v2\/comments?post=26627"}],"version-history":[{"count":2,"href":"https:\/\/minubaltic.ee\/fi\/wp-json\/wp\/v2\/product\/26627\/revisions"}],"predecessor-version":[{"id":26649,"href":"https:\/\/minubaltic.ee\/fi\/wp-json\/wp\/v2\/product\/26627\/revisions\/26649"}],"wp:featuredmedia":[{"embeddable":true,"href":"https:\/\/minubaltic.ee\/fi\/wp-json\/wp\/v2\/media\/26632"}],"wp:attachment":[{"href":"https:\/\/minubaltic.ee\/fi\/wp-json\/wp\/v2\/media?parent=26627"}],"wp:term":[{"taxonomy":"product_brand","embeddable":true,"href":"https:\/\/minubaltic.ee\/fi\/wp-json\/wp\/v2\/product_brand?post=26627"},{"taxonomy":"product_cat","embeddable":true,"href":"https:\/\/minubaltic.ee\/fi\/wp-json\/wp\/v2\/product_cat?post=26627"},{"taxonomy":"product_tag","embeddable":true,"href":"https:\/\/minubaltic.ee\/fi\/wp-json\/wp\/v2\/product_tag?post=26627"}],"curies":[{"name":"wp","href":"https:\/\/api.w.org\/{rel}","templated":true}]}}