{"id":24295,"date":"2023-11-24T17:59:13","date_gmt":"2023-11-24T14:59:13","guid":{"rendered":"https:\/\/minubaltic.ee\/e-pood\/Ei-luokiteltu\/ab-version-kaksikerroksinen-peitto-200x230\/"},"modified":"2024-08-06T18:00:55","modified_gmt":"2024-08-06T15:00:55","slug":"ab-version-kaksikerroksinen-peitto-200-230-21","status":"publish","type":"product","link":"https:\/\/minubaltic.ee\/fi\/e-pood\/peitot\/ab-version-kaksikerroksinen-peitto-200-230-21\/","title":{"rendered":"AB-version kaksikerroksinen peitto 200\u00d7230"},"content":{"rendered":"<ul>\n<li><strong>Kaksipuolinen peitto: (AB) eri kuvio kummallakin puolella.<\/strong><\/li>\n<li><span class=\"product-attribute__label\"><strong>Kangaskoostumus:<\/strong> polyesterikuitu (polyesteri)<\/span><\/li>\n<li><strong>Tuote pakkauksessa:<\/strong> 1 kpl<\/li>\n<li><strong>Paino: <\/strong>2,6 kg<\/li>\n<li><strong>Koko:<\/strong> 200\u00d7230 cm<\/li>\n<li><strong>Erittely:<\/strong> 1cm x 1-3cm<\/li>\n<li><strong>Kausi:<\/strong> Kaikki vuodenajat<\/li>\n<li><strong>Tyyli: <\/strong>Amerikkalainen tyyli<\/li>\n<li><strong>Lis\u00e4tiedot:<\/strong> eritt\u00e4in pehme\u00e4, mukava, paksu, l\u00e4mmin, hengitt\u00e4v\u00e4.<\/li>\n<li>Tuotekuvat ovat havainnollistavia<\/li>\n<\/ul>\n","protected":false},"excerpt":{"rendered":"<p>Monivuotinen kaksipuolinen peitto on juuri se, mit\u00e4 olet etsinyt pit\u00e4m\u00e4\u00e4n sinut l\u00e4mpim\u00e4n\u00e4 pitkien talvikuukausien aikana. Huopa on valmistettu tiheist\u00e4 kuiduista, jotka tekev\u00e4t siit\u00e4 eritt\u00e4in pehme\u00e4n ja kest\u00e4v\u00e4n. T\u00e4ydellinen kotiin viet\u00e4v\u00e4ksi tai koristamaan vieras- tai perhevuoteesi.<br \/>\nL\u00e4mmin tuplapeitto on t\u00e4ydellinen lahja perheellesi ja yst\u00e4villesi.<\/p>\n","protected":false},"featured_media":24283,"comment_status":"open","ping_status":"closed","template":"","meta":[],"product_brand":[],"product_cat":[392,394],"product_tag":[402,406,407,399,401,400],"class_list":{"0":"post-24295","1":"product","2":"type-product","3":"status-publish","4":"has-post-thumbnail","6":"product_cat-peitot","7":"product_cat-peitot-200-230","8":"product_tag-kodin-tekstiilit","9":"product_tag-peitot","10":"product_tag-peitto","11":"product_tag-sahkoinen-kaupankaynti","12":"product_tag-tekstiili","13":"product_tag-verkkokauppa","15":"first","16":"outofstock","17":"sale","18":"shipping-taxable","19":"purchasable","20":"product-type-simple"},"yoast_head":"<!-- This site is optimized with the Yoast SEO plugin v27.5 - https:\/\/yoast.com\/product\/yoast-seo-wordpress\/ -->\n<title>AB-version kaksikerroksinen peitto 200\u00d7230 - 50\u20ac<\/title>\n<meta name=\"description\" content=\"Kaksikerroksinen peitto tarjoaa erilaiset kuviot kummallakin puolellaan; toisella puolella on erilaisia kuvioita, kun taas toisella puolella on toisenlaisi\" \/>\n<meta name=\"robots\" content=\"index, follow, max-snippet:-1, max-image-preview:large, max-video-preview:-1\" \/>\n<link rel=\"canonical\" href=\"https:\/\/minubaltic.ee\/fi\/e-pood\/peitot\/ab-version-kaksikerroksinen-peitto-200-230-21\/\" \/>\n<meta property=\"og:locale\" content=\"fi_FI\" \/>\n<meta property=\"og:type\" content=\"article\" \/>\n<meta property=\"og:title\" content=\"AB-version kaksikerroksinen peitto 200\u00d7230 - 50\u20ac\" \/>\n<meta property=\"og:description\" content=\"Kaksikerroksinen peitto tarjoaa erilaiset kuviot kummallakin puolellaan; toisella puolella on erilaisia kuvioita, kun taas toisella puolella on toisenlaisi\" \/>\n<meta property=\"og:url\" content=\"https:\/\/minubaltic.ee\/fi\/e-pood\/peitot\/ab-version-kaksikerroksinen-peitto-200-230-21\/\" \/>\n<meta property=\"article:publisher\" content=\"https:\/\/www.facebook.com\/minubaltic\" \/>\n<meta property=\"article:modified_time\" content=\"2024-08-06T15:00:55+00:00\" \/>\n<meta property=\"og:image\" content=\"https:\/\/minubaltic.ee\/wp-content\/uploads\/2023\/11\/AB-tekid24-1.jpg\" \/>\n\t<meta property=\"og:image:width\" content=\"800\" \/>\n\t<meta property=\"og:image:height\" content=\"800\" \/>\n\t<meta property=\"og:image:type\" content=\"image\/jpeg\" \/>\n<meta name=\"twitter:card\" content=\"summary_large_image\" \/>\n<meta name=\"twitter:label1\" content=\"Arvioitu lukuaika\" \/>\n\t<meta name=\"twitter:data1\" content=\"1 minuutti\" \/>\n<script type=\"application\/ld+json\" class=\"yoast-schema-graph\">{\"@context\":\"https:\\\/\\\/schema.org\",\"@graph\":[{\"@type\":\"WebPage\",\"@id\":\"https:\\\/\\\/minubaltic.ee\\\/fi\\\/e-pood\\\/peitot\\\/ab-version-kaksikerroksinen-peitto-200-230-21\\\/\",\"url\":\"https:\\\/\\\/minubaltic.ee\\\/fi\\\/e-pood\\\/peitot\\\/ab-version-kaksikerroksinen-peitto-200-230-21\\\/\",\"name\":\"AB-version kaksikerroksinen peitto 200\u00d7230 - 50\u20ac\",\"isPartOf\":{\"@id\":\"https:\\\/\\\/minubaltic.ee\\\/fi\\\/#website\"},\"primaryImageOfPage\":{\"@id\":\"https:\\\/\\\/minubaltic.ee\\\/fi\\\/e-pood\\\/peitot\\\/ab-version-kaksikerroksinen-peitto-200-230-21\\\/#primaryimage\"},\"image\":{\"@id\":\"https:\\\/\\\/minubaltic.ee\\\/fi\\\/e-pood\\\/peitot\\\/ab-version-kaksikerroksinen-peitto-200-230-21\\\/#primaryimage\"},\"thumbnailUrl\":\"https:\\\/\\\/minubaltic.ee\\\/wp-content\\\/uploads\\\/2023\\\/11\\\/AB-tekid24-1.jpg\",\"datePublished\":\"2023-11-24T14:59:13+00:00\",\"dateModified\":\"2024-08-06T15:00:55+00:00\",\"description\":\"Kaksikerroksinen peitto tarjoaa erilaiset kuviot kummallakin puolellaan; toisella puolella on erilaisia kuvioita, kun taas toisella puolella on toisenlaisi\",\"breadcrumb\":{\"@id\":\"https:\\\/\\\/minubaltic.ee\\\/fi\\\/e-pood\\\/peitot\\\/ab-version-kaksikerroksinen-peitto-200-230-21\\\/#breadcrumb\"},\"inLanguage\":\"fi\",\"potentialAction\":[{\"@type\":\"ReadAction\",\"target\":[\"https:\\\/\\\/minubaltic.ee\\\/fi\\\/e-pood\\\/peitot\\\/ab-version-kaksikerroksinen-peitto-200-230-21\\\/\"]}]},{\"@type\":\"ImageObject\",\"inLanguage\":\"fi\",\"@id\":\"https:\\\/\\\/minubaltic.ee\\\/fi\\\/e-pood\\\/peitot\\\/ab-version-kaksikerroksinen-peitto-200-230-21\\\/#primaryimage\",\"url\":\"https:\\\/\\\/minubaltic.ee\\\/wp-content\\\/uploads\\\/2023\\\/11\\\/AB-tekid24-1.jpg\",\"contentUrl\":\"https:\\\/\\\/minubaltic.ee\\\/wp-content\\\/uploads\\\/2023\\\/11\\\/AB-tekid24-1.jpg\",\"width\":800,\"height\":800,\"caption\":\"xr:d:DAGCel8hbvM:3,j:3486211047068827374,t:24041510\"},{\"@type\":\"BreadcrumbList\",\"@id\":\"https:\\\/\\\/minubaltic.ee\\\/fi\\\/e-pood\\\/peitot\\\/ab-version-kaksikerroksinen-peitto-200-230-21\\\/#breadcrumb\",\"itemListElement\":[{\"@type\":\"ListItem\",\"position\":1,\"name\":\"Home\",\"item\":\"https:\\\/\\\/minubaltic.ee\\\/fi\\\/\"},{\"@type\":\"ListItem\",\"position\":2,\"name\":\"Verkkokauppa\",\"item\":\"https:\\\/\\\/minubaltic.ee\\\/fi\\\/verkkokauppa\\\/\"},{\"@type\":\"ListItem\",\"position\":3,\"name\":\"AB-version kaksikerroksinen peitto 200\u00d7230\"}]},{\"@type\":\"WebSite\",\"@id\":\"https:\\\/\\\/minubaltic.ee\\\/fi\\\/#website\",\"url\":\"https:\\\/\\\/minubaltic.ee\\\/fi\\\/\",\"name\":\"minubaltic.ee\",\"description\":\"\",\"publisher\":{\"@id\":\"https:\\\/\\\/minubaltic.ee\\\/fi\\\/#organization\"},\"potentialAction\":[{\"@type\":\"SearchAction\",\"target\":{\"@type\":\"EntryPoint\",\"urlTemplate\":\"https:\\\/\\\/minubaltic.ee\\\/fi\\\/?s={search_term_string}\"},\"query-input\":{\"@type\":\"PropertyValueSpecification\",\"valueRequired\":true,\"valueName\":\"search_term_string\"}}],\"inLanguage\":\"fi\"},{\"@type\":\"Organization\",\"@id\":\"https:\\\/\\\/minubaltic.ee\\\/fi\\\/#organization\",\"name\":\"Minu Baltic O\u00dc\",\"url\":\"https:\\\/\\\/minubaltic.ee\\\/fi\\\/\",\"logo\":{\"@type\":\"ImageObject\",\"inLanguage\":\"fi\",\"@id\":\"https:\\\/\\\/minubaltic.ee\\\/fi\\\/#\\\/schema\\\/logo\\\/image\\\/\",\"url\":\"https:\\\/\\\/minubaltic.ee\\\/wp-content\\\/uploads\\\/2023\\\/10\\\/cropped-cropped-cropped-logo.png\",\"contentUrl\":\"https:\\\/\\\/minubaltic.ee\\\/wp-content\\\/uploads\\\/2023\\\/10\\\/cropped-cropped-cropped-logo.png\",\"width\":500,\"height\":237,\"caption\":\"Minu Baltic O\u00dc\"},\"image\":{\"@id\":\"https:\\\/\\\/minubaltic.ee\\\/fi\\\/#\\\/schema\\\/logo\\\/image\\\/\"},\"sameAs\":[\"https:\\\/\\\/www.facebook.com\\\/minubaltic\"]}]}<\/script>\n<!-- \/ Yoast SEO plugin. -->","yoast_head_json":{"title":"AB-version kaksikerroksinen peitto 200\u00d7230 - 50\u20ac","description":"Kaksikerroksinen peitto tarjoaa erilaiset kuviot kummallakin puolellaan; toisella puolella on erilaisia kuvioita, kun taas toisella puolella on toisenlaisi","robots":{"index":"index","follow":"follow","max-snippet":"max-snippet:-1","max-image-preview":"max-image-preview:large","max-video-preview":"max-video-preview:-1"},"canonical":"https:\/\/minubaltic.ee\/fi\/e-pood\/peitot\/ab-version-kaksikerroksinen-peitto-200-230-21\/","og_locale":"fi_FI","og_type":"article","og_title":"AB-version kaksikerroksinen peitto 200\u00d7230 - 50\u20ac","og_description":"Kaksikerroksinen peitto tarjoaa erilaiset kuviot kummallakin puolellaan; toisella puolella on erilaisia kuvioita, kun taas toisella puolella on toisenlaisi","og_url":"https:\/\/minubaltic.ee\/fi\/e-pood\/peitot\/ab-version-kaksikerroksinen-peitto-200-230-21\/","article_publisher":"https:\/\/www.facebook.com\/minubaltic","article_modified_time":"2024-08-06T15:00:55+00:00","og_image":[{"width":800,"height":800,"url":"https:\/\/minubaltic.ee\/wp-content\/uploads\/2023\/11\/AB-tekid24-1.jpg","type":"image\/jpeg"}],"twitter_card":"summary_large_image","twitter_misc":{"Arvioitu lukuaika":"1 minuutti"},"schema":{"@context":"https:\/\/schema.org","@graph":[{"@type":"WebPage","@id":"https:\/\/minubaltic.ee\/fi\/e-pood\/peitot\/ab-version-kaksikerroksinen-peitto-200-230-21\/","url":"https:\/\/minubaltic.ee\/fi\/e-pood\/peitot\/ab-version-kaksikerroksinen-peitto-200-230-21\/","name":"AB-version kaksikerroksinen peitto 200\u00d7230 - 50\u20ac","isPartOf":{"@id":"https:\/\/minubaltic.ee\/fi\/#website"},"primaryImageOfPage":{"@id":"https:\/\/minubaltic.ee\/fi\/e-pood\/peitot\/ab-version-kaksikerroksinen-peitto-200-230-21\/#primaryimage"},"image":{"@id":"https:\/\/minubaltic.ee\/fi\/e-pood\/peitot\/ab-version-kaksikerroksinen-peitto-200-230-21\/#primaryimage"},"thumbnailUrl":"https:\/\/minubaltic.ee\/wp-content\/uploads\/2023\/11\/AB-tekid24-1.jpg","datePublished":"2023-11-24T14:59:13+00:00","dateModified":"2024-08-06T15:00:55+00:00","description":"Kaksikerroksinen peitto tarjoaa erilaiset kuviot kummallakin puolellaan; toisella puolella on erilaisia kuvioita, kun taas toisella puolella on toisenlaisi","breadcrumb":{"@id":"https:\/\/minubaltic.ee\/fi\/e-pood\/peitot\/ab-version-kaksikerroksinen-peitto-200-230-21\/#breadcrumb"},"inLanguage":"fi","potentialAction":[{"@type":"ReadAction","target":["https:\/\/minubaltic.ee\/fi\/e-pood\/peitot\/ab-version-kaksikerroksinen-peitto-200-230-21\/"]}]},{"@type":"ImageObject","inLanguage":"fi","@id":"https:\/\/minubaltic.ee\/fi\/e-pood\/peitot\/ab-version-kaksikerroksinen-peitto-200-230-21\/#primaryimage","url":"https:\/\/minubaltic.ee\/wp-content\/uploads\/2023\/11\/AB-tekid24-1.jpg","contentUrl":"https:\/\/minubaltic.ee\/wp-content\/uploads\/2023\/11\/AB-tekid24-1.jpg","width":800,"height":800,"caption":"xr:d:DAGCel8hbvM:3,j:3486211047068827374,t:24041510"},{"@type":"BreadcrumbList","@id":"https:\/\/minubaltic.ee\/fi\/e-pood\/peitot\/ab-version-kaksikerroksinen-peitto-200-230-21\/#breadcrumb","itemListElement":[{"@type":"ListItem","position":1,"name":"Home","item":"https:\/\/minubaltic.ee\/fi\/"},{"@type":"ListItem","position":2,"name":"Verkkokauppa","item":"https:\/\/minubaltic.ee\/fi\/verkkokauppa\/"},{"@type":"ListItem","position":3,"name":"AB-version kaksikerroksinen peitto 200\u00d7230"}]},{"@type":"WebSite","@id":"https:\/\/minubaltic.ee\/fi\/#website","url":"https:\/\/minubaltic.ee\/fi\/","name":"minubaltic.ee","description":"","publisher":{"@id":"https:\/\/minubaltic.ee\/fi\/#organization"},"potentialAction":[{"@type":"SearchAction","target":{"@type":"EntryPoint","urlTemplate":"https:\/\/minubaltic.ee\/fi\/?s={search_term_string}"},"query-input":{"@type":"PropertyValueSpecification","valueRequired":true,"valueName":"search_term_string"}}],"inLanguage":"fi"},{"@type":"Organization","@id":"https:\/\/minubaltic.ee\/fi\/#organization","name":"Minu Baltic O\u00dc","url":"https:\/\/minubaltic.ee\/fi\/","logo":{"@type":"ImageObject","inLanguage":"fi","@id":"https:\/\/minubaltic.ee\/fi\/#\/schema\/logo\/image\/","url":"https:\/\/minubaltic.ee\/wp-content\/uploads\/2023\/10\/cropped-cropped-cropped-logo.png","contentUrl":"https:\/\/minubaltic.ee\/wp-content\/uploads\/2023\/10\/cropped-cropped-cropped-logo.png","width":500,"height":237,"caption":"Minu Baltic O\u00dc"},"image":{"@id":"https:\/\/minubaltic.ee\/fi\/#\/schema\/logo\/image\/"},"sameAs":["https:\/\/www.facebook.com\/minubaltic"]}]}},"_links":{"self":[{"href":"https:\/\/minubaltic.ee\/fi\/wp-json\/wp\/v2\/product\/24295","targetHints":{"allow":["GET"]}}],"collection":[{"href":"https:\/\/minubaltic.ee\/fi\/wp-json\/wp\/v2\/product"}],"about":[{"href":"https:\/\/minubaltic.ee\/fi\/wp-json\/wp\/v2\/types\/product"}],"replies":[{"embeddable":true,"href":"https:\/\/minubaltic.ee\/fi\/wp-json\/wp\/v2\/comments?post=24295"}],"version-history":[{"count":0,"href":"https:\/\/minubaltic.ee\/fi\/wp-json\/wp\/v2\/product\/24295\/revisions"}],"wp:featuredmedia":[{"embeddable":true,"href":"https:\/\/minubaltic.ee\/fi\/wp-json\/wp\/v2\/media\/24283"}],"wp:attachment":[{"href":"https:\/\/minubaltic.ee\/fi\/wp-json\/wp\/v2\/media?parent=24295"}],"wp:term":[{"taxonomy":"product_brand","embeddable":true,"href":"https:\/\/minubaltic.ee\/fi\/wp-json\/wp\/v2\/product_brand?post=24295"},{"taxonomy":"product_cat","embeddable":true,"href":"https:\/\/minubaltic.ee\/fi\/wp-json\/wp\/v2\/product_cat?post=24295"},{"taxonomy":"product_tag","embeddable":true,"href":"https:\/\/minubaltic.ee\/fi\/wp-json\/wp\/v2\/product_tag?post=24295"}],"curies":[{"name":"wp","href":"https:\/\/api.w.org\/{rel}","templated":true}]}}