{"id":22640,"date":"2024-04-05T20:33:40","date_gmt":"2024-04-05T17:33:40","guid":{"rendered":"https:\/\/minubaltic.ee\/?post_type=product&#038;p=22640"},"modified":"2024-04-05T20:37:17","modified_gmt":"2024-04-05T17:37:17","slug":"kaksikerroksinen-raschel-peitto-200x230-9","status":"publish","type":"product","link":"https:\/\/minubaltic.ee\/fi\/e-pood\/raschel-peitot\/raschel-peitot-200-230\/kaksikerroksinen-raschel-peitto-200x230-9\/","title":{"rendered":"Kaksikerroksinen Raschel peitto 200&#215;230"},"content":{"rendered":"<ul>\n<li><span class=\"product-attribute__label\"><strong>Kangaskoostumus:<\/strong> polyesterikuitu (polyesteri)<\/span><\/li>\n<li><strong>Tuote pakkauksessa:<\/strong> 1 kpl<\/li>\n<li><strong>Paino: <\/strong>3,5 kg<\/li>\n<li><strong>Koko:<\/strong> 200\u00d7230 cm<\/li>\n<li><strong>Erittely:<\/strong> \u00b15 cm<\/li>\n<li><strong>Tyyli: <\/strong>Eurooppalainen ja Amerikkalainen tyyli<\/li>\n<li><strong>Lis\u00e4tiedot:<\/strong> eritt\u00e4in pehme\u00e4, mukava, paksu, l\u00e4mmin, hengitt\u00e4v\u00e4.<\/li>\n<li>Tuotekuvat ovat havainnollistavia<\/li>\n<\/ul>\n","protected":false},"excerpt":{"rendered":"<p>Kaiken vuodenajan kaksipuolinen pehme\u00e4 peitto on juuri se, mit\u00e4 olet etsinyt pitkien talvikuukausien yli. Kahden puolen pehme\u00e4 antaa mukavan pehme\u00e4n l\u00e4mm\u00f6n.<\/p>\n","protected":false},"featured_media":22644,"comment_status":"open","ping_status":"closed","template":"","meta":[],"product_brand":[],"product_cat":[392,394,383,741],"product_tag":[402,406,407,399,401,400],"class_list":{"0":"post-22640","1":"product","2":"type-product","3":"status-publish","4":"has-post-thumbnail","6":"product_cat-peitot","7":"product_cat-peitot-200-230","8":"product_cat-raschel-peitot","9":"product_cat-raschel-peitot-200-230","10":"product_tag-kodin-tekstiilit","11":"product_tag-peitot","12":"product_tag-peitto","13":"product_tag-sahkoinen-kaupankaynti","14":"product_tag-tekstiili","15":"product_tag-verkkokauppa","17":"first","18":"instock","19":"sale","20":"shipping-taxable","21":"purchasable","22":"product-type-simple"},"yoast_head":"<!-- This site is optimized with the Yoast SEO plugin v27.3 - https:\/\/yoast.com\/product\/yoast-seo-wordpress\/ -->\n<title>Kaksikerroksinen Raschel peitto 200x230 - Jopa 50% alennus<\/title>\n<meta name=\"description\" content=\"Tilaa peitot ja kodintekstiili tuotteet parhaaseen hintaan. Kodintekstiilit tuovat pehmeytt\u00e4 kotiin ja luovat kodikkaan tunnelman. Minu Baltic\" \/>\n<meta name=\"robots\" content=\"index, follow, max-snippet:-1, max-image-preview:large, max-video-preview:-1\" \/>\n<link rel=\"canonical\" href=\"https:\/\/minubaltic.ee\/fi\/e-pood\/raschel-peitot\/raschel-peitot-200-230\/kaksikerroksinen-raschel-peitto-200x230-9\/\" \/>\n<meta property=\"og:locale\" content=\"fi_FI\" \/>\n<meta property=\"og:type\" content=\"article\" \/>\n<meta property=\"og:title\" content=\"Kaksikerroksinen Raschel peitto 200x230 - Jopa 50% alennus\" \/>\n<meta property=\"og:description\" content=\"Tilaa peitot ja kodintekstiili tuotteet parhaaseen hintaan. Kodintekstiilit tuovat pehmeytt\u00e4 kotiin ja luovat kodikkaan tunnelman. Minu Baltic\" \/>\n<meta property=\"og:url\" content=\"https:\/\/minubaltic.ee\/fi\/e-pood\/raschel-peitot\/raschel-peitot-200-230\/kaksikerroksinen-raschel-peitto-200x230-9\/\" \/>\n<meta property=\"article:publisher\" content=\"https:\/\/www.facebook.com\/minubaltic\" \/>\n<meta property=\"article:modified_time\" content=\"2024-04-05T17:37:17+00:00\" \/>\n<meta property=\"og:image\" content=\"https:\/\/minubaltic.ee\/wp-content\/uploads\/2024\/04\/09.jpg\" \/>\n\t<meta property=\"og:image:width\" content=\"650\" \/>\n\t<meta property=\"og:image:height\" content=\"650\" \/>\n\t<meta property=\"og:image:type\" content=\"image\/jpeg\" \/>\n<meta name=\"twitter:card\" content=\"summary_large_image\" \/>\n<meta name=\"twitter:label1\" content=\"Arvioitu lukuaika\" \/>\n\t<meta name=\"twitter:data1\" content=\"1 minuutti\" \/>\n<script type=\"application\/ld+json\" class=\"yoast-schema-graph\">{\"@context\":\"https:\\\/\\\/schema.org\",\"@graph\":[{\"@type\":\"WebPage\",\"@id\":\"https:\\\/\\\/minubaltic.ee\\\/fi\\\/e-pood\\\/raschel-peitot\\\/raschel-peitot-200-230\\\/kaksikerroksinen-raschel-peitto-200x230-9\\\/\",\"url\":\"https:\\\/\\\/minubaltic.ee\\\/fi\\\/e-pood\\\/raschel-peitot\\\/raschel-peitot-200-230\\\/kaksikerroksinen-raschel-peitto-200x230-9\\\/\",\"name\":\"Kaksikerroksinen Raschel peitto 200x230 - Jopa 50% alennus\",\"isPartOf\":{\"@id\":\"https:\\\/\\\/minubaltic.ee\\\/fi\\\/#website\"},\"primaryImageOfPage\":{\"@id\":\"https:\\\/\\\/minubaltic.ee\\\/fi\\\/e-pood\\\/raschel-peitot\\\/raschel-peitot-200-230\\\/kaksikerroksinen-raschel-peitto-200x230-9\\\/#primaryimage\"},\"image\":{\"@id\":\"https:\\\/\\\/minubaltic.ee\\\/fi\\\/e-pood\\\/raschel-peitot\\\/raschel-peitot-200-230\\\/kaksikerroksinen-raschel-peitto-200x230-9\\\/#primaryimage\"},\"thumbnailUrl\":\"https:\\\/\\\/minubaltic.ee\\\/wp-content\\\/uploads\\\/2024\\\/04\\\/09.jpg\",\"datePublished\":\"2024-04-05T17:33:40+00:00\",\"dateModified\":\"2024-04-05T17:37:17+00:00\",\"description\":\"Tilaa peitot ja kodintekstiili tuotteet parhaaseen hintaan. Kodintekstiilit tuovat pehmeytt\u00e4 kotiin ja luovat kodikkaan tunnelman. Minu Baltic\",\"breadcrumb\":{\"@id\":\"https:\\\/\\\/minubaltic.ee\\\/fi\\\/e-pood\\\/raschel-peitot\\\/raschel-peitot-200-230\\\/kaksikerroksinen-raschel-peitto-200x230-9\\\/#breadcrumb\"},\"inLanguage\":\"fi\",\"potentialAction\":[{\"@type\":\"ReadAction\",\"target\":[\"https:\\\/\\\/minubaltic.ee\\\/fi\\\/e-pood\\\/raschel-peitot\\\/raschel-peitot-200-230\\\/kaksikerroksinen-raschel-peitto-200x230-9\\\/\"]}]},{\"@type\":\"ImageObject\",\"inLanguage\":\"fi\",\"@id\":\"https:\\\/\\\/minubaltic.ee\\\/fi\\\/e-pood\\\/raschel-peitot\\\/raschel-peitot-200-230\\\/kaksikerroksinen-raschel-peitto-200x230-9\\\/#primaryimage\",\"url\":\"https:\\\/\\\/minubaltic.ee\\\/wp-content\\\/uploads\\\/2024\\\/04\\\/09.jpg\",\"contentUrl\":\"https:\\\/\\\/minubaltic.ee\\\/wp-content\\\/uploads\\\/2024\\\/04\\\/09.jpg\",\"width\":650,\"height\":650},{\"@type\":\"BreadcrumbList\",\"@id\":\"https:\\\/\\\/minubaltic.ee\\\/fi\\\/e-pood\\\/raschel-peitot\\\/raschel-peitot-200-230\\\/kaksikerroksinen-raschel-peitto-200x230-9\\\/#breadcrumb\",\"itemListElement\":[{\"@type\":\"ListItem\",\"position\":1,\"name\":\"Home\",\"item\":\"https:\\\/\\\/minubaltic.ee\\\/fi\\\/\"},{\"@type\":\"ListItem\",\"position\":2,\"name\":\"Verkkokauppa\",\"item\":\"https:\\\/\\\/minubaltic.ee\\\/fi\\\/verkkokauppa\\\/\"},{\"@type\":\"ListItem\",\"position\":3,\"name\":\"Kaksikerroksinen Raschel peitto 200&#215;230\"}]},{\"@type\":\"WebSite\",\"@id\":\"https:\\\/\\\/minubaltic.ee\\\/fi\\\/#website\",\"url\":\"https:\\\/\\\/minubaltic.ee\\\/fi\\\/\",\"name\":\"minubaltic.ee\",\"description\":\"\",\"publisher\":{\"@id\":\"https:\\\/\\\/minubaltic.ee\\\/fi\\\/#organization\"},\"potentialAction\":[{\"@type\":\"SearchAction\",\"target\":{\"@type\":\"EntryPoint\",\"urlTemplate\":\"https:\\\/\\\/minubaltic.ee\\\/fi\\\/?s={search_term_string}\"},\"query-input\":{\"@type\":\"PropertyValueSpecification\",\"valueRequired\":true,\"valueName\":\"search_term_string\"}}],\"inLanguage\":\"fi\"},{\"@type\":\"Organization\",\"@id\":\"https:\\\/\\\/minubaltic.ee\\\/fi\\\/#organization\",\"name\":\"Minu Baltic O\u00dc\",\"url\":\"https:\\\/\\\/minubaltic.ee\\\/fi\\\/\",\"logo\":{\"@type\":\"ImageObject\",\"inLanguage\":\"fi\",\"@id\":\"https:\\\/\\\/minubaltic.ee\\\/fi\\\/#\\\/schema\\\/logo\\\/image\\\/\",\"url\":\"https:\\\/\\\/minubaltic.ee\\\/wp-content\\\/uploads\\\/2023\\\/10\\\/cropped-cropped-cropped-logo.png\",\"contentUrl\":\"https:\\\/\\\/minubaltic.ee\\\/wp-content\\\/uploads\\\/2023\\\/10\\\/cropped-cropped-cropped-logo.png\",\"width\":500,\"height\":237,\"caption\":\"Minu Baltic O\u00dc\"},\"image\":{\"@id\":\"https:\\\/\\\/minubaltic.ee\\\/fi\\\/#\\\/schema\\\/logo\\\/image\\\/\"},\"sameAs\":[\"https:\\\/\\\/www.facebook.com\\\/minubaltic\"]}]}<\/script>\n<!-- \/ Yoast SEO plugin. -->","yoast_head_json":{"title":"Kaksikerroksinen Raschel peitto 200x230 - Jopa 50% alennus","description":"Tilaa peitot ja kodintekstiili tuotteet parhaaseen hintaan. Kodintekstiilit tuovat pehmeytt\u00e4 kotiin ja luovat kodikkaan tunnelman. Minu Baltic","robots":{"index":"index","follow":"follow","max-snippet":"max-snippet:-1","max-image-preview":"max-image-preview:large","max-video-preview":"max-video-preview:-1"},"canonical":"https:\/\/minubaltic.ee\/fi\/e-pood\/raschel-peitot\/raschel-peitot-200-230\/kaksikerroksinen-raschel-peitto-200x230-9\/","og_locale":"fi_FI","og_type":"article","og_title":"Kaksikerroksinen Raschel peitto 200x230 - Jopa 50% alennus","og_description":"Tilaa peitot ja kodintekstiili tuotteet parhaaseen hintaan. Kodintekstiilit tuovat pehmeytt\u00e4 kotiin ja luovat kodikkaan tunnelman. Minu Baltic","og_url":"https:\/\/minubaltic.ee\/fi\/e-pood\/raschel-peitot\/raschel-peitot-200-230\/kaksikerroksinen-raschel-peitto-200x230-9\/","article_publisher":"https:\/\/www.facebook.com\/minubaltic","article_modified_time":"2024-04-05T17:37:17+00:00","og_image":[{"width":650,"height":650,"url":"https:\/\/minubaltic.ee\/wp-content\/uploads\/2024\/04\/09.jpg","type":"image\/jpeg"}],"twitter_card":"summary_large_image","twitter_misc":{"Arvioitu lukuaika":"1 minuutti"},"schema":{"@context":"https:\/\/schema.org","@graph":[{"@type":"WebPage","@id":"https:\/\/minubaltic.ee\/fi\/e-pood\/raschel-peitot\/raschel-peitot-200-230\/kaksikerroksinen-raschel-peitto-200x230-9\/","url":"https:\/\/minubaltic.ee\/fi\/e-pood\/raschel-peitot\/raschel-peitot-200-230\/kaksikerroksinen-raschel-peitto-200x230-9\/","name":"Kaksikerroksinen Raschel peitto 200x230 - Jopa 50% alennus","isPartOf":{"@id":"https:\/\/minubaltic.ee\/fi\/#website"},"primaryImageOfPage":{"@id":"https:\/\/minubaltic.ee\/fi\/e-pood\/raschel-peitot\/raschel-peitot-200-230\/kaksikerroksinen-raschel-peitto-200x230-9\/#primaryimage"},"image":{"@id":"https:\/\/minubaltic.ee\/fi\/e-pood\/raschel-peitot\/raschel-peitot-200-230\/kaksikerroksinen-raschel-peitto-200x230-9\/#primaryimage"},"thumbnailUrl":"https:\/\/minubaltic.ee\/wp-content\/uploads\/2024\/04\/09.jpg","datePublished":"2024-04-05T17:33:40+00:00","dateModified":"2024-04-05T17:37:17+00:00","description":"Tilaa peitot ja kodintekstiili tuotteet parhaaseen hintaan. Kodintekstiilit tuovat pehmeytt\u00e4 kotiin ja luovat kodikkaan tunnelman. Minu Baltic","breadcrumb":{"@id":"https:\/\/minubaltic.ee\/fi\/e-pood\/raschel-peitot\/raschel-peitot-200-230\/kaksikerroksinen-raschel-peitto-200x230-9\/#breadcrumb"},"inLanguage":"fi","potentialAction":[{"@type":"ReadAction","target":["https:\/\/minubaltic.ee\/fi\/e-pood\/raschel-peitot\/raschel-peitot-200-230\/kaksikerroksinen-raschel-peitto-200x230-9\/"]}]},{"@type":"ImageObject","inLanguage":"fi","@id":"https:\/\/minubaltic.ee\/fi\/e-pood\/raschel-peitot\/raschel-peitot-200-230\/kaksikerroksinen-raschel-peitto-200x230-9\/#primaryimage","url":"https:\/\/minubaltic.ee\/wp-content\/uploads\/2024\/04\/09.jpg","contentUrl":"https:\/\/minubaltic.ee\/wp-content\/uploads\/2024\/04\/09.jpg","width":650,"height":650},{"@type":"BreadcrumbList","@id":"https:\/\/minubaltic.ee\/fi\/e-pood\/raschel-peitot\/raschel-peitot-200-230\/kaksikerroksinen-raschel-peitto-200x230-9\/#breadcrumb","itemListElement":[{"@type":"ListItem","position":1,"name":"Home","item":"https:\/\/minubaltic.ee\/fi\/"},{"@type":"ListItem","position":2,"name":"Verkkokauppa","item":"https:\/\/minubaltic.ee\/fi\/verkkokauppa\/"},{"@type":"ListItem","position":3,"name":"Kaksikerroksinen Raschel peitto 200&#215;230"}]},{"@type":"WebSite","@id":"https:\/\/minubaltic.ee\/fi\/#website","url":"https:\/\/minubaltic.ee\/fi\/","name":"minubaltic.ee","description":"","publisher":{"@id":"https:\/\/minubaltic.ee\/fi\/#organization"},"potentialAction":[{"@type":"SearchAction","target":{"@type":"EntryPoint","urlTemplate":"https:\/\/minubaltic.ee\/fi\/?s={search_term_string}"},"query-input":{"@type":"PropertyValueSpecification","valueRequired":true,"valueName":"search_term_string"}}],"inLanguage":"fi"},{"@type":"Organization","@id":"https:\/\/minubaltic.ee\/fi\/#organization","name":"Minu Baltic O\u00dc","url":"https:\/\/minubaltic.ee\/fi\/","logo":{"@type":"ImageObject","inLanguage":"fi","@id":"https:\/\/minubaltic.ee\/fi\/#\/schema\/logo\/image\/","url":"https:\/\/minubaltic.ee\/wp-content\/uploads\/2023\/10\/cropped-cropped-cropped-logo.png","contentUrl":"https:\/\/minubaltic.ee\/wp-content\/uploads\/2023\/10\/cropped-cropped-cropped-logo.png","width":500,"height":237,"caption":"Minu Baltic O\u00dc"},"image":{"@id":"https:\/\/minubaltic.ee\/fi\/#\/schema\/logo\/image\/"},"sameAs":["https:\/\/www.facebook.com\/minubaltic"]}]}},"_links":{"self":[{"href":"https:\/\/minubaltic.ee\/fi\/wp-json\/wp\/v2\/product\/22640","targetHints":{"allow":["GET"]}}],"collection":[{"href":"https:\/\/minubaltic.ee\/fi\/wp-json\/wp\/v2\/product"}],"about":[{"href":"https:\/\/minubaltic.ee\/fi\/wp-json\/wp\/v2\/types\/product"}],"replies":[{"embeddable":true,"href":"https:\/\/minubaltic.ee\/fi\/wp-json\/wp\/v2\/comments?post=22640"}],"version-history":[{"count":0,"href":"https:\/\/minubaltic.ee\/fi\/wp-json\/wp\/v2\/product\/22640\/revisions"}],"wp:featuredmedia":[{"embeddable":true,"href":"https:\/\/minubaltic.ee\/fi\/wp-json\/wp\/v2\/media\/22644"}],"wp:attachment":[{"href":"https:\/\/minubaltic.ee\/fi\/wp-json\/wp\/v2\/media?parent=22640"}],"wp:term":[{"taxonomy":"product_brand","embeddable":true,"href":"https:\/\/minubaltic.ee\/fi\/wp-json\/wp\/v2\/product_brand?post=22640"},{"taxonomy":"product_cat","embeddable":true,"href":"https:\/\/minubaltic.ee\/fi\/wp-json\/wp\/v2\/product_cat?post=22640"},{"taxonomy":"product_tag","embeddable":true,"href":"https:\/\/minubaltic.ee\/fi\/wp-json\/wp\/v2\/product_tag?post=22640"}],"curies":[{"name":"wp","href":"https:\/\/api.w.org\/{rel}","templated":true}]}}