{"id":21540,"date":"2024-03-28T22:07:25","date_gmt":"2024-03-28T19:07:25","guid":{"rendered":"https:\/\/minubaltic.ee\/?post_type=product&#038;p=21540"},"modified":"2024-11-28T18:19:05","modified_gmt":"2024-11-28T15:19:05","slug":"bambu-vuodevaatteet-ocean","status":"publish","type":"product","link":"https:\/\/minubaltic.ee\/fi\/e-pood\/bambu-vuodevaatteet\/bambu-vuodevaatteet-ocean\/","title":{"rendered":"Bambu vuodevaatteet &#8211; Ocean"},"content":{"rendered":"<p>100 % ekologisesti kasvatetusta bambusta valmistetut liinavaatteet ovat hypoallergeenisia ja antibakteerisia.<\/p>\n<p><strong>V\u00e4ri:<\/strong> Ocean<br \/>\n<strong>Materiaali:<\/strong> 100% bambu<br \/>\n<strong>Kuituluettelo:<\/strong> 300TC<br \/>\n<strong>Tuote pakkauksessa:<\/strong> 4 kpl<br \/>\n<strong>Pussilakana:<\/strong> 200\u00d7220<br \/>\n<strong>Lakana:<\/strong> 220\u00d7230<br \/>\n<strong>Tyynyliinaa:<\/strong> 50\u00d770 (2kpl)<br \/>\nHypoallergeeninen ja kosteutta imev\u00e4\u00e4.<br \/>\nIhanteellinen herkk\u00e4ihoisille tai ekseemasta k\u00e4rsiville, ja se sopii erityisesti henkil\u00f6ille, joilla on taipumus hikoilla \u00f6isin.<br \/>\nBambupellavasetit on pakattu samasta kankaasta valmistettuun pussiin.<\/p>\n","protected":false},"excerpt":{"rendered":"<p>Bambuvuodevaatteet ovat korkealaatuisia, pehmeit\u00e4 ja hengitt\u00e4vi\u00e4 tekstiilej\u00e4, jotka on valmistettu luonnon bambukuidusta. N\u00e4m\u00e4 sarjat on suunniteltu erityisesti tarjoamaan k\u00e4ytt\u00e4jille mukava nukkumiskokemus. Bambukuitu on luonnostaan hengitt\u00e4v\u00e4\u00e4, ja sill\u00e4 on kyky siirt\u00e4\u00e4 kosteutta pois, mik\u00e4 est\u00e4\u00e4 hikoilua ja pit\u00e4\u00e4 sinut puhtaana ja raikkaana pidemp\u00e4\u00e4n.<\/p>\n<p>Bambusta valmistetut vuodevaatteet on yleens\u00e4 valmistettu ymp\u00e4rist\u00f6yst\u00e4v\u00e4llisist\u00e4 ja kest\u00e4vist\u00e4 materiaaleista. Bambukasvi on tunnettu nopeasta kasvustaan ja v\u00e4h\u00e4isest\u00e4 vedenkulutuksestaan, mik\u00e4 v\u00e4hent\u00e4\u00e4 tuotantoprosessin ymp\u00e4rist\u00f6vaikutuksia. Lis\u00e4ksi bambukuidun pehme\u00e4 rakenne tarjoaa ylellisen tuntuman ja koskettaa hell\u00e4varaisesti ihoa vahingoittamatta.<\/p>\n<p>Bambusta valmistetuilla liinavaatesarjoilla on luonnollisia antibakteerisia ja hypoallergeenisia ominaisuuksia, jotka yll\u00e4pit\u00e4v\u00e4t hygieniaa ja tarjoavat mukavuutta unen aikana. Ne tunnetaan niiden virkist\u00e4v\u00e4st\u00e4 ja viilent\u00e4v\u00e4st\u00e4 vaikutuksesta kuumalla s\u00e4\u00e4ll\u00e4.<\/p>\n<p>T\u00e4m\u00e4n seurauksena bambuvuodesarjat ovat ymp\u00e4rist\u00f6yst\u00e4v\u00e4llisi\u00e4 ja mukavia tuotteita, jotka tarjoavat k\u00e4ytt\u00e4jilleen laadukkaan nukkumiskokemuksen.<\/p>\n<p><img loading=\"lazy\" decoding=\"async\" class=\" wd-lazy-fade alignnone wp-image-21482\" src=\"https:\/\/minubaltic.ee\/wp-content\/themes\/woodmart\/images\/lazy.svg\" data-src=\"https:\/\/minubaltic.ee\/wp-content\/uploads\/2024\/03\/image-removebg-preview-70-400x264.png\" alt=\"\" width=\"172\" height=\"114\" srcset=\"\" data-srcset=\"https:\/\/minubaltic.ee\/wp-content\/uploads\/2024\/03\/image-removebg-preview-70-400x264.png 400w, https:\/\/minubaltic.ee\/wp-content\/uploads\/2024\/03\/image-removebg-preview-70-430x284.png 430w, https:\/\/minubaltic.ee\/wp-content\/uploads\/2024\/03\/image-removebg-preview-70-150x99.png 150w, https:\/\/minubaltic.ee\/wp-content\/uploads\/2024\/03\/image-removebg-preview-70.png 615w\" sizes=\"auto, (max-width: 172px) 100vw, 172px\" \/><img loading=\"lazy\" decoding=\"async\" class=\" wd-lazy-fade alignnone wp-image-17257\" src=\"https:\/\/minubaltic.ee\/wp-content\/themes\/woodmart\/images\/lazy.svg\" data-src=\"https:\/\/minubaltic.ee\/wp-content\/uploads\/2024\/02\/organic100bamboo.png\" alt=\"\" width=\"70\" height=\"99\" \/><\/p>\n","protected":false},"featured_media":21543,"comment_status":"open","ping_status":"closed","template":"","meta":[],"product_brand":[],"product_cat":[375,623,766,396,398,617],"product_tag":[409,399,401,400],"class_list":{"0":"post-21540","1":"product","2":"type-product","3":"status-publish","4":"has-post-thumbnail","6":"product_cat-bambu-vuodevaatteet","7":"product_cat-bambu-vuodevaatteet-setit","8":"product_cat-orgaaniset-vuodevaatteet","9":"product_cat-vuodevaatteet","10":"product_cat-vuodevaatteet-200-220","11":"product_cat-vuodevaatteet-setit","12":"product_tag-bambu-vuodevaatteet","13":"product_tag-sahkoinen-kaupankaynti","14":"product_tag-tekstiili","15":"product_tag-verkkokauppa","17":"first","18":"instock","19":"sale","20":"shipping-taxable","21":"purchasable","22":"product-type-simple"},"yoast_head":"<!-- This site is optimized with the Yoast SEO plugin v27.3 - https:\/\/yoast.com\/product\/yoast-seo-wordpress\/ -->\n<title>Bambu vuodevaatteet - Ocean - 100% orgaaninen bambu<\/title>\n<meta name=\"description\" content=\"Koe mukava ja terveellinen uni bambuvuodesettiemme avulla! N\u00e4m\u00e4 100 % bambusta valmistetut vuodevaatteet tarjoavat t\u00e4ydellisen nukkumiskokemuksen.\" \/>\n<meta name=\"robots\" content=\"index, follow, max-snippet:-1, max-image-preview:large, max-video-preview:-1\" \/>\n<link rel=\"canonical\" href=\"https:\/\/minubaltic.ee\/fi\/e-pood\/bambu-vuodevaatteet\/bambu-vuodevaatteet-ocean\/\" \/>\n<meta property=\"og:locale\" content=\"fi_FI\" \/>\n<meta property=\"og:type\" content=\"article\" \/>\n<meta property=\"og:title\" content=\"Bambu vuodevaatteet - Ocean - 100% orgaaninen bambu\" \/>\n<meta property=\"og:description\" content=\"Koe mukava ja terveellinen uni bambuvuodesettiemme avulla! N\u00e4m\u00e4 100 % bambusta valmistetut vuodevaatteet tarjoavat t\u00e4ydellisen nukkumiskokemuksen.\" \/>\n<meta property=\"og:url\" content=\"https:\/\/minubaltic.ee\/fi\/e-pood\/bambu-vuodevaatteet\/bambu-vuodevaatteet-ocean\/\" \/>\n<meta property=\"article:publisher\" content=\"https:\/\/www.facebook.com\/minubaltic\" \/>\n<meta property=\"article:modified_time\" content=\"2024-11-28T15:19:05+00:00\" \/>\n<meta property=\"og:image\" content=\"https:\/\/minubaltic.ee\/wp-content\/uploads\/2024\/03\/BAMBUS24-4.jpg\" \/>\n\t<meta property=\"og:image:width\" content=\"680\" \/>\n\t<meta property=\"og:image:height\" content=\"680\" \/>\n\t<meta property=\"og:image:type\" content=\"image\/jpeg\" \/>\n<meta name=\"twitter:card\" content=\"summary_large_image\" \/>\n<meta name=\"twitter:label1\" content=\"Arvioitu lukuaika\" \/>\n\t<meta name=\"twitter:data1\" content=\"1 minuutti\" \/>\n<script type=\"application\/ld+json\" class=\"yoast-schema-graph\">{\"@context\":\"https:\\\/\\\/schema.org\",\"@graph\":[{\"@type\":\"WebPage\",\"@id\":\"https:\\\/\\\/minubaltic.ee\\\/fi\\\/e-pood\\\/bambu-vuodevaatteet\\\/bambu-vuodevaatteet-ocean\\\/\",\"url\":\"https:\\\/\\\/minubaltic.ee\\\/fi\\\/e-pood\\\/bambu-vuodevaatteet\\\/bambu-vuodevaatteet-ocean\\\/\",\"name\":\"Bambu vuodevaatteet - Ocean - 100% orgaaninen bambu\",\"isPartOf\":{\"@id\":\"https:\\\/\\\/minubaltic.ee\\\/fi\\\/#website\"},\"primaryImageOfPage\":{\"@id\":\"https:\\\/\\\/minubaltic.ee\\\/fi\\\/e-pood\\\/bambu-vuodevaatteet\\\/bambu-vuodevaatteet-ocean\\\/#primaryimage\"},\"image\":{\"@id\":\"https:\\\/\\\/minubaltic.ee\\\/fi\\\/e-pood\\\/bambu-vuodevaatteet\\\/bambu-vuodevaatteet-ocean\\\/#primaryimage\"},\"thumbnailUrl\":\"https:\\\/\\\/minubaltic.ee\\\/wp-content\\\/uploads\\\/2024\\\/03\\\/BAMBUS24-4.jpg\",\"datePublished\":\"2024-03-28T19:07:25+00:00\",\"dateModified\":\"2024-11-28T15:19:05+00:00\",\"description\":\"Koe mukava ja terveellinen uni bambuvuodesettiemme avulla! N\u00e4m\u00e4 100 % bambusta valmistetut vuodevaatteet tarjoavat t\u00e4ydellisen nukkumiskokemuksen.\",\"breadcrumb\":{\"@id\":\"https:\\\/\\\/minubaltic.ee\\\/fi\\\/e-pood\\\/bambu-vuodevaatteet\\\/bambu-vuodevaatteet-ocean\\\/#breadcrumb\"},\"inLanguage\":\"fi\",\"potentialAction\":[{\"@type\":\"ReadAction\",\"target\":[\"https:\\\/\\\/minubaltic.ee\\\/fi\\\/e-pood\\\/bambu-vuodevaatteet\\\/bambu-vuodevaatteet-ocean\\\/\"]}]},{\"@type\":\"ImageObject\",\"inLanguage\":\"fi\",\"@id\":\"https:\\\/\\\/minubaltic.ee\\\/fi\\\/e-pood\\\/bambu-vuodevaatteet\\\/bambu-vuodevaatteet-ocean\\\/#primaryimage\",\"url\":\"https:\\\/\\\/minubaltic.ee\\\/wp-content\\\/uploads\\\/2024\\\/03\\\/BAMBUS24-4.jpg\",\"contentUrl\":\"https:\\\/\\\/minubaltic.ee\\\/wp-content\\\/uploads\\\/2024\\\/03\\\/BAMBUS24-4.jpg\",\"width\":680,\"height\":680},{\"@type\":\"BreadcrumbList\",\"@id\":\"https:\\\/\\\/minubaltic.ee\\\/fi\\\/e-pood\\\/bambu-vuodevaatteet\\\/bambu-vuodevaatteet-ocean\\\/#breadcrumb\",\"itemListElement\":[{\"@type\":\"ListItem\",\"position\":1,\"name\":\"Home\",\"item\":\"https:\\\/\\\/minubaltic.ee\\\/fi\\\/\"},{\"@type\":\"ListItem\",\"position\":2,\"name\":\"Verkkokauppa\",\"item\":\"https:\\\/\\\/minubaltic.ee\\\/fi\\\/verkkokauppa\\\/\"},{\"@type\":\"ListItem\",\"position\":3,\"name\":\"Bambu vuodevaatteet &#8211; Ocean\"}]},{\"@type\":\"WebSite\",\"@id\":\"https:\\\/\\\/minubaltic.ee\\\/fi\\\/#website\",\"url\":\"https:\\\/\\\/minubaltic.ee\\\/fi\\\/\",\"name\":\"minubaltic.ee\",\"description\":\"\",\"publisher\":{\"@id\":\"https:\\\/\\\/minubaltic.ee\\\/fi\\\/#organization\"},\"potentialAction\":[{\"@type\":\"SearchAction\",\"target\":{\"@type\":\"EntryPoint\",\"urlTemplate\":\"https:\\\/\\\/minubaltic.ee\\\/fi\\\/?s={search_term_string}\"},\"query-input\":{\"@type\":\"PropertyValueSpecification\",\"valueRequired\":true,\"valueName\":\"search_term_string\"}}],\"inLanguage\":\"fi\"},{\"@type\":\"Organization\",\"@id\":\"https:\\\/\\\/minubaltic.ee\\\/fi\\\/#organization\",\"name\":\"Minu Baltic O\u00dc\",\"url\":\"https:\\\/\\\/minubaltic.ee\\\/fi\\\/\",\"logo\":{\"@type\":\"ImageObject\",\"inLanguage\":\"fi\",\"@id\":\"https:\\\/\\\/minubaltic.ee\\\/fi\\\/#\\\/schema\\\/logo\\\/image\\\/\",\"url\":\"https:\\\/\\\/minubaltic.ee\\\/wp-content\\\/uploads\\\/2023\\\/10\\\/cropped-cropped-cropped-logo.png\",\"contentUrl\":\"https:\\\/\\\/minubaltic.ee\\\/wp-content\\\/uploads\\\/2023\\\/10\\\/cropped-cropped-cropped-logo.png\",\"width\":500,\"height\":237,\"caption\":\"Minu Baltic O\u00dc\"},\"image\":{\"@id\":\"https:\\\/\\\/minubaltic.ee\\\/fi\\\/#\\\/schema\\\/logo\\\/image\\\/\"},\"sameAs\":[\"https:\\\/\\\/www.facebook.com\\\/minubaltic\"]}]}<\/script>\n<!-- \/ Yoast SEO plugin. -->","yoast_head_json":{"title":"Bambu vuodevaatteet - Ocean - 100% orgaaninen bambu","description":"Koe mukava ja terveellinen uni bambuvuodesettiemme avulla! N\u00e4m\u00e4 100 % bambusta valmistetut vuodevaatteet tarjoavat t\u00e4ydellisen nukkumiskokemuksen.","robots":{"index":"index","follow":"follow","max-snippet":"max-snippet:-1","max-image-preview":"max-image-preview:large","max-video-preview":"max-video-preview:-1"},"canonical":"https:\/\/minubaltic.ee\/fi\/e-pood\/bambu-vuodevaatteet\/bambu-vuodevaatteet-ocean\/","og_locale":"fi_FI","og_type":"article","og_title":"Bambu vuodevaatteet - Ocean - 100% orgaaninen bambu","og_description":"Koe mukava ja terveellinen uni bambuvuodesettiemme avulla! N\u00e4m\u00e4 100 % bambusta valmistetut vuodevaatteet tarjoavat t\u00e4ydellisen nukkumiskokemuksen.","og_url":"https:\/\/minubaltic.ee\/fi\/e-pood\/bambu-vuodevaatteet\/bambu-vuodevaatteet-ocean\/","article_publisher":"https:\/\/www.facebook.com\/minubaltic","article_modified_time":"2024-11-28T15:19:05+00:00","og_image":[{"width":680,"height":680,"url":"https:\/\/minubaltic.ee\/wp-content\/uploads\/2024\/03\/BAMBUS24-4.jpg","type":"image\/jpeg"}],"twitter_card":"summary_large_image","twitter_misc":{"Arvioitu lukuaika":"1 minuutti"},"schema":{"@context":"https:\/\/schema.org","@graph":[{"@type":"WebPage","@id":"https:\/\/minubaltic.ee\/fi\/e-pood\/bambu-vuodevaatteet\/bambu-vuodevaatteet-ocean\/","url":"https:\/\/minubaltic.ee\/fi\/e-pood\/bambu-vuodevaatteet\/bambu-vuodevaatteet-ocean\/","name":"Bambu vuodevaatteet - Ocean - 100% orgaaninen bambu","isPartOf":{"@id":"https:\/\/minubaltic.ee\/fi\/#website"},"primaryImageOfPage":{"@id":"https:\/\/minubaltic.ee\/fi\/e-pood\/bambu-vuodevaatteet\/bambu-vuodevaatteet-ocean\/#primaryimage"},"image":{"@id":"https:\/\/minubaltic.ee\/fi\/e-pood\/bambu-vuodevaatteet\/bambu-vuodevaatteet-ocean\/#primaryimage"},"thumbnailUrl":"https:\/\/minubaltic.ee\/wp-content\/uploads\/2024\/03\/BAMBUS24-4.jpg","datePublished":"2024-03-28T19:07:25+00:00","dateModified":"2024-11-28T15:19:05+00:00","description":"Koe mukava ja terveellinen uni bambuvuodesettiemme avulla! N\u00e4m\u00e4 100 % bambusta valmistetut vuodevaatteet tarjoavat t\u00e4ydellisen nukkumiskokemuksen.","breadcrumb":{"@id":"https:\/\/minubaltic.ee\/fi\/e-pood\/bambu-vuodevaatteet\/bambu-vuodevaatteet-ocean\/#breadcrumb"},"inLanguage":"fi","potentialAction":[{"@type":"ReadAction","target":["https:\/\/minubaltic.ee\/fi\/e-pood\/bambu-vuodevaatteet\/bambu-vuodevaatteet-ocean\/"]}]},{"@type":"ImageObject","inLanguage":"fi","@id":"https:\/\/minubaltic.ee\/fi\/e-pood\/bambu-vuodevaatteet\/bambu-vuodevaatteet-ocean\/#primaryimage","url":"https:\/\/minubaltic.ee\/wp-content\/uploads\/2024\/03\/BAMBUS24-4.jpg","contentUrl":"https:\/\/minubaltic.ee\/wp-content\/uploads\/2024\/03\/BAMBUS24-4.jpg","width":680,"height":680},{"@type":"BreadcrumbList","@id":"https:\/\/minubaltic.ee\/fi\/e-pood\/bambu-vuodevaatteet\/bambu-vuodevaatteet-ocean\/#breadcrumb","itemListElement":[{"@type":"ListItem","position":1,"name":"Home","item":"https:\/\/minubaltic.ee\/fi\/"},{"@type":"ListItem","position":2,"name":"Verkkokauppa","item":"https:\/\/minubaltic.ee\/fi\/verkkokauppa\/"},{"@type":"ListItem","position":3,"name":"Bambu vuodevaatteet &#8211; Ocean"}]},{"@type":"WebSite","@id":"https:\/\/minubaltic.ee\/fi\/#website","url":"https:\/\/minubaltic.ee\/fi\/","name":"minubaltic.ee","description":"","publisher":{"@id":"https:\/\/minubaltic.ee\/fi\/#organization"},"potentialAction":[{"@type":"SearchAction","target":{"@type":"EntryPoint","urlTemplate":"https:\/\/minubaltic.ee\/fi\/?s={search_term_string}"},"query-input":{"@type":"PropertyValueSpecification","valueRequired":true,"valueName":"search_term_string"}}],"inLanguage":"fi"},{"@type":"Organization","@id":"https:\/\/minubaltic.ee\/fi\/#organization","name":"Minu Baltic O\u00dc","url":"https:\/\/minubaltic.ee\/fi\/","logo":{"@type":"ImageObject","inLanguage":"fi","@id":"https:\/\/minubaltic.ee\/fi\/#\/schema\/logo\/image\/","url":"https:\/\/minubaltic.ee\/wp-content\/uploads\/2023\/10\/cropped-cropped-cropped-logo.png","contentUrl":"https:\/\/minubaltic.ee\/wp-content\/uploads\/2023\/10\/cropped-cropped-cropped-logo.png","width":500,"height":237,"caption":"Minu Baltic O\u00dc"},"image":{"@id":"https:\/\/minubaltic.ee\/fi\/#\/schema\/logo\/image\/"},"sameAs":["https:\/\/www.facebook.com\/minubaltic"]}]}},"_links":{"self":[{"href":"https:\/\/minubaltic.ee\/fi\/wp-json\/wp\/v2\/product\/21540","targetHints":{"allow":["GET"]}}],"collection":[{"href":"https:\/\/minubaltic.ee\/fi\/wp-json\/wp\/v2\/product"}],"about":[{"href":"https:\/\/minubaltic.ee\/fi\/wp-json\/wp\/v2\/types\/product"}],"replies":[{"embeddable":true,"href":"https:\/\/minubaltic.ee\/fi\/wp-json\/wp\/v2\/comments?post=21540"}],"version-history":[{"count":1,"href":"https:\/\/minubaltic.ee\/fi\/wp-json\/wp\/v2\/product\/21540\/revisions"}],"predecessor-version":[{"id":38991,"href":"https:\/\/minubaltic.ee\/fi\/wp-json\/wp\/v2\/product\/21540\/revisions\/38991"}],"wp:featuredmedia":[{"embeddable":true,"href":"https:\/\/minubaltic.ee\/fi\/wp-json\/wp\/v2\/media\/21543"}],"wp:attachment":[{"href":"https:\/\/minubaltic.ee\/fi\/wp-json\/wp\/v2\/media?parent=21540"}],"wp:term":[{"taxonomy":"product_brand","embeddable":true,"href":"https:\/\/minubaltic.ee\/fi\/wp-json\/wp\/v2\/product_brand?post=21540"},{"taxonomy":"product_cat","embeddable":true,"href":"https:\/\/minubaltic.ee\/fi\/wp-json\/wp\/v2\/product_cat?post=21540"},{"taxonomy":"product_tag","embeddable":true,"href":"https:\/\/minubaltic.ee\/fi\/wp-json\/wp\/v2\/product_tag?post=21540"}],"curies":[{"name":"wp","href":"https:\/\/api.w.org\/{rel}","templated":true}]}}