{"id":21071,"date":"2023-10-05T21:59:20","date_gmt":"2023-10-05T18:59:20","guid":{"rendered":"https:\/\/minubaltic.ee\/e-pood\/maaratlemata\/lasten-huopa-105x135\/"},"modified":"2024-03-27T09:43:00","modified_gmt":"2024-03-27T06:43:00","slug":"lasten-huopa-10","status":"publish","type":"product","link":"https:\/\/minubaltic.ee\/fi\/e-pood\/lasten-peitot\/lasten-huopa-10\/","title":{"rendered":"Lasten huopa 105&#215;135"},"content":{"rendered":"<ul>\n<li><span class=\"product-attribute__label\"><strong>Kangaskoostumus:<\/strong> polyesterikuitu (polyesteri)<\/span><\/li>\n<li><strong>Tuote pakkauksessa:<\/strong> 1 kpl<\/li>\n<li><span style=\"vertical-align: inherit;\"><strong>Koko:<\/strong> 105\u00d7135 cm<\/span><\/li>\n<li><span style=\"vertical-align: inherit;\"><strong>Erittely:<\/strong> 1cm x 1-3cm<\/span><\/li>\n<li><strong><span style=\"vertical-align: inherit;\">Lis\u00e4tietoja<\/span><span style=\"vertical-align: inherit;\">: <\/span><\/strong><span style=\"vertical-align: inherit;\">Super pehme\u00e4, mukava, paksu, l\u00e4mmin, hengitt\u00e4v\u00e4.<br \/>\n<\/span><\/li>\n<li>Tuotekuvat ovat havainnollistavia<\/li>\n<\/ul>\n","protected":false},"excerpt":{"rendered":"<p>Kangaskoostumus: polyesterikuitu (polyesteri) Tuote pakkauksessa: 1 kpl Koko: 105\u00d7135 cm Erittely: 1cm x 1-3cm Lis\u00e4tietoja: Super pehme\u00e4, mukava, paksu, l\u00e4mmin,<\/p>\n","protected":false},"featured_media":21072,"comment_status":"open","ping_status":"closed","template":"","meta":[],"product_brand":[],"product_cat":[852,380],"product_tag":[402,408,406,407,399,401,400],"class_list":{"0":"post-21071","1":"product","2":"type-product","3":"status-publish","4":"has-post-thumbnail","6":"product_cat-lasten-maailma","7":"product_cat-lasten-peitot","8":"product_tag-kodin-tekstiilit","9":"product_tag-lasten-peitto","10":"product_tag-peitot","11":"product_tag-peitto","12":"product_tag-sahkoinen-kaupankaynti","13":"product_tag-tekstiili","14":"product_tag-verkkokauppa","16":"first","17":"outofstock","18":"sale","19":"shipping-taxable","20":"purchasable","21":"product-type-simple"},"yoast_head":"<!-- This site is optimized with the Yoast SEO plugin v27.3 - https:\/\/yoast.com\/product\/yoast-seo-wordpress\/ -->\n<title>Lasten huopa 105x135 - Vauvojen tekstiilit, ehdotetut vauvan tekstiilituotteet<\/title>\n<meta name=\"description\" content=\"Vauvan peitto, Vauvan peitto, Vauvan peitto, Vauvan peitot, Lasten peitot, Lasten peitot, Lasten peitot, Peitot lapsille, Peitot pojille, Peitot tyt\u00f6ille, Lasten peitot, Edullinen, L\u00e4mpim\u00e4t peitot, L\u00e4mpim\u00e4t peitot, L\u00e4mpim\u00e4t peitot, Taskujen kokoinen\" \/>\n<meta name=\"robots\" content=\"index, follow, max-snippet:-1, max-image-preview:large, max-video-preview:-1\" \/>\n<link rel=\"canonical\" href=\"https:\/\/minubaltic.ee\/fi\/e-pood\/lasten-peitot\/lasten-huopa-10\/\" \/>\n<meta property=\"og:locale\" content=\"fi_FI\" \/>\n<meta property=\"og:type\" content=\"article\" \/>\n<meta property=\"og:title\" content=\"Lasten huopa 105x135 - Vauvojen tekstiilit, ehdotetut vauvan tekstiilituotteet\" \/>\n<meta property=\"og:description\" content=\"Vauvan peitto, Vauvan peitto, Vauvan peitto, Vauvan peitot, Lasten peitot, Lasten peitot, Lasten peitot, Peitot lapsille, Peitot pojille, Peitot tyt\u00f6ille, Lasten peitot, Edullinen, L\u00e4mpim\u00e4t peitot, L\u00e4mpim\u00e4t peitot, L\u00e4mpim\u00e4t peitot, Taskujen kokoinen\" \/>\n<meta property=\"og:url\" content=\"https:\/\/minubaltic.ee\/fi\/e-pood\/lasten-peitot\/lasten-huopa-10\/\" \/>\n<meta property=\"article:publisher\" content=\"https:\/\/www.facebook.com\/minubaltic\" \/>\n<meta property=\"article:modified_time\" content=\"2024-03-27T06:43:00+00:00\" \/>\n<meta property=\"og:image\" content=\"https:\/\/minubaltic.ee\/wp-content\/uploads\/2023\/10\/laste-tekk-13-scaled.jpg\" \/>\n\t<meta property=\"og:image:width\" content=\"2560\" \/>\n\t<meta property=\"og:image:height\" content=\"2560\" \/>\n\t<meta property=\"og:image:type\" content=\"image\/jpeg\" \/>\n<meta name=\"twitter:card\" content=\"summary_large_image\" \/>\n<meta name=\"twitter:label1\" content=\"Arvioitu lukuaika\" \/>\n\t<meta name=\"twitter:data1\" content=\"1 minuutti\" \/>\n<script type=\"application\/ld+json\" class=\"yoast-schema-graph\">{\"@context\":\"https:\\\/\\\/schema.org\",\"@graph\":[{\"@type\":\"WebPage\",\"@id\":\"https:\\\/\\\/minubaltic.ee\\\/fi\\\/e-pood\\\/lasten-peitot\\\/lasten-huopa-10\\\/\",\"url\":\"https:\\\/\\\/minubaltic.ee\\\/fi\\\/e-pood\\\/lasten-peitot\\\/lasten-huopa-10\\\/\",\"name\":\"Lasten huopa 105x135 - Vauvojen tekstiilit, ehdotetut vauvan tekstiilituotteet\",\"isPartOf\":{\"@id\":\"https:\\\/\\\/minubaltic.ee\\\/fi\\\/#website\"},\"primaryImageOfPage\":{\"@id\":\"https:\\\/\\\/minubaltic.ee\\\/fi\\\/e-pood\\\/lasten-peitot\\\/lasten-huopa-10\\\/#primaryimage\"},\"image\":{\"@id\":\"https:\\\/\\\/minubaltic.ee\\\/fi\\\/e-pood\\\/lasten-peitot\\\/lasten-huopa-10\\\/#primaryimage\"},\"thumbnailUrl\":\"https:\\\/\\\/minubaltic.ee\\\/wp-content\\\/uploads\\\/2023\\\/10\\\/laste-tekk-13-scaled.jpg\",\"datePublished\":\"2023-10-05T18:59:20+00:00\",\"dateModified\":\"2024-03-27T06:43:00+00:00\",\"description\":\"Vauvan peitto, Vauvan peitto, Vauvan peitto, Vauvan peitot, Lasten peitot, Lasten peitot, Lasten peitot, Peitot lapsille, Peitot pojille, Peitot tyt\u00f6ille, Lasten peitot, Edullinen, L\u00e4mpim\u00e4t peitot, L\u00e4mpim\u00e4t peitot, L\u00e4mpim\u00e4t peitot, Taskujen kokoinen\",\"breadcrumb\":{\"@id\":\"https:\\\/\\\/minubaltic.ee\\\/fi\\\/e-pood\\\/lasten-peitot\\\/lasten-huopa-10\\\/#breadcrumb\"},\"inLanguage\":\"fi\",\"potentialAction\":[{\"@type\":\"ReadAction\",\"target\":[\"https:\\\/\\\/minubaltic.ee\\\/fi\\\/e-pood\\\/lasten-peitot\\\/lasten-huopa-10\\\/\"]}]},{\"@type\":\"ImageObject\",\"inLanguage\":\"fi\",\"@id\":\"https:\\\/\\\/minubaltic.ee\\\/fi\\\/e-pood\\\/lasten-peitot\\\/lasten-huopa-10\\\/#primaryimage\",\"url\":\"https:\\\/\\\/minubaltic.ee\\\/wp-content\\\/uploads\\\/2023\\\/10\\\/laste-tekk-13-scaled.jpg\",\"contentUrl\":\"https:\\\/\\\/minubaltic.ee\\\/wp-content\\\/uploads\\\/2023\\\/10\\\/laste-tekk-13-scaled.jpg\",\"width\":2560,\"height\":2560},{\"@type\":\"BreadcrumbList\",\"@id\":\"https:\\\/\\\/minubaltic.ee\\\/fi\\\/e-pood\\\/lasten-peitot\\\/lasten-huopa-10\\\/#breadcrumb\",\"itemListElement\":[{\"@type\":\"ListItem\",\"position\":1,\"name\":\"Home\",\"item\":\"https:\\\/\\\/minubaltic.ee\\\/fi\\\/\"},{\"@type\":\"ListItem\",\"position\":2,\"name\":\"Verkkokauppa\",\"item\":\"https:\\\/\\\/minubaltic.ee\\\/fi\\\/verkkokauppa\\\/\"},{\"@type\":\"ListItem\",\"position\":3,\"name\":\"Lasten huopa 105&#215;135\"}]},{\"@type\":\"WebSite\",\"@id\":\"https:\\\/\\\/minubaltic.ee\\\/fi\\\/#website\",\"url\":\"https:\\\/\\\/minubaltic.ee\\\/fi\\\/\",\"name\":\"minubaltic.ee\",\"description\":\"\",\"publisher\":{\"@id\":\"https:\\\/\\\/minubaltic.ee\\\/fi\\\/#organization\"},\"potentialAction\":[{\"@type\":\"SearchAction\",\"target\":{\"@type\":\"EntryPoint\",\"urlTemplate\":\"https:\\\/\\\/minubaltic.ee\\\/fi\\\/?s={search_term_string}\"},\"query-input\":{\"@type\":\"PropertyValueSpecification\",\"valueRequired\":true,\"valueName\":\"search_term_string\"}}],\"inLanguage\":\"fi\"},{\"@type\":\"Organization\",\"@id\":\"https:\\\/\\\/minubaltic.ee\\\/fi\\\/#organization\",\"name\":\"Minu Baltic O\u00dc\",\"url\":\"https:\\\/\\\/minubaltic.ee\\\/fi\\\/\",\"logo\":{\"@type\":\"ImageObject\",\"inLanguage\":\"fi\",\"@id\":\"https:\\\/\\\/minubaltic.ee\\\/fi\\\/#\\\/schema\\\/logo\\\/image\\\/\",\"url\":\"https:\\\/\\\/minubaltic.ee\\\/wp-content\\\/uploads\\\/2023\\\/10\\\/cropped-cropped-cropped-logo.png\",\"contentUrl\":\"https:\\\/\\\/minubaltic.ee\\\/wp-content\\\/uploads\\\/2023\\\/10\\\/cropped-cropped-cropped-logo.png\",\"width\":500,\"height\":237,\"caption\":\"Minu Baltic O\u00dc\"},\"image\":{\"@id\":\"https:\\\/\\\/minubaltic.ee\\\/fi\\\/#\\\/schema\\\/logo\\\/image\\\/\"},\"sameAs\":[\"https:\\\/\\\/www.facebook.com\\\/minubaltic\"]}]}<\/script>\n<!-- \/ Yoast SEO plugin. -->","yoast_head_json":{"title":"Lasten huopa 105x135 - Vauvojen tekstiilit, ehdotetut vauvan tekstiilituotteet","description":"Vauvan peitto, Vauvan peitto, Vauvan peitto, Vauvan peitot, Lasten peitot, Lasten peitot, Lasten peitot, Peitot lapsille, Peitot pojille, Peitot tyt\u00f6ille, Lasten peitot, Edullinen, L\u00e4mpim\u00e4t peitot, L\u00e4mpim\u00e4t peitot, L\u00e4mpim\u00e4t peitot, Taskujen kokoinen","robots":{"index":"index","follow":"follow","max-snippet":"max-snippet:-1","max-image-preview":"max-image-preview:large","max-video-preview":"max-video-preview:-1"},"canonical":"https:\/\/minubaltic.ee\/fi\/e-pood\/lasten-peitot\/lasten-huopa-10\/","og_locale":"fi_FI","og_type":"article","og_title":"Lasten huopa 105x135 - Vauvojen tekstiilit, ehdotetut vauvan tekstiilituotteet","og_description":"Vauvan peitto, Vauvan peitto, Vauvan peitto, Vauvan peitot, Lasten peitot, Lasten peitot, Lasten peitot, Peitot lapsille, Peitot pojille, Peitot tyt\u00f6ille, Lasten peitot, Edullinen, L\u00e4mpim\u00e4t peitot, L\u00e4mpim\u00e4t peitot, L\u00e4mpim\u00e4t peitot, Taskujen kokoinen","og_url":"https:\/\/minubaltic.ee\/fi\/e-pood\/lasten-peitot\/lasten-huopa-10\/","article_publisher":"https:\/\/www.facebook.com\/minubaltic","article_modified_time":"2024-03-27T06:43:00+00:00","og_image":[{"width":2560,"height":2560,"url":"https:\/\/minubaltic.ee\/wp-content\/uploads\/2023\/10\/laste-tekk-13-scaled.jpg","type":"image\/jpeg"}],"twitter_card":"summary_large_image","twitter_misc":{"Arvioitu lukuaika":"1 minuutti"},"schema":{"@context":"https:\/\/schema.org","@graph":[{"@type":"WebPage","@id":"https:\/\/minubaltic.ee\/fi\/e-pood\/lasten-peitot\/lasten-huopa-10\/","url":"https:\/\/minubaltic.ee\/fi\/e-pood\/lasten-peitot\/lasten-huopa-10\/","name":"Lasten huopa 105x135 - Vauvojen tekstiilit, ehdotetut vauvan tekstiilituotteet","isPartOf":{"@id":"https:\/\/minubaltic.ee\/fi\/#website"},"primaryImageOfPage":{"@id":"https:\/\/minubaltic.ee\/fi\/e-pood\/lasten-peitot\/lasten-huopa-10\/#primaryimage"},"image":{"@id":"https:\/\/minubaltic.ee\/fi\/e-pood\/lasten-peitot\/lasten-huopa-10\/#primaryimage"},"thumbnailUrl":"https:\/\/minubaltic.ee\/wp-content\/uploads\/2023\/10\/laste-tekk-13-scaled.jpg","datePublished":"2023-10-05T18:59:20+00:00","dateModified":"2024-03-27T06:43:00+00:00","description":"Vauvan peitto, Vauvan peitto, Vauvan peitto, Vauvan peitot, Lasten peitot, Lasten peitot, Lasten peitot, Peitot lapsille, Peitot pojille, Peitot tyt\u00f6ille, Lasten peitot, Edullinen, L\u00e4mpim\u00e4t peitot, L\u00e4mpim\u00e4t peitot, L\u00e4mpim\u00e4t peitot, Taskujen kokoinen","breadcrumb":{"@id":"https:\/\/minubaltic.ee\/fi\/e-pood\/lasten-peitot\/lasten-huopa-10\/#breadcrumb"},"inLanguage":"fi","potentialAction":[{"@type":"ReadAction","target":["https:\/\/minubaltic.ee\/fi\/e-pood\/lasten-peitot\/lasten-huopa-10\/"]}]},{"@type":"ImageObject","inLanguage":"fi","@id":"https:\/\/minubaltic.ee\/fi\/e-pood\/lasten-peitot\/lasten-huopa-10\/#primaryimage","url":"https:\/\/minubaltic.ee\/wp-content\/uploads\/2023\/10\/laste-tekk-13-scaled.jpg","contentUrl":"https:\/\/minubaltic.ee\/wp-content\/uploads\/2023\/10\/laste-tekk-13-scaled.jpg","width":2560,"height":2560},{"@type":"BreadcrumbList","@id":"https:\/\/minubaltic.ee\/fi\/e-pood\/lasten-peitot\/lasten-huopa-10\/#breadcrumb","itemListElement":[{"@type":"ListItem","position":1,"name":"Home","item":"https:\/\/minubaltic.ee\/fi\/"},{"@type":"ListItem","position":2,"name":"Verkkokauppa","item":"https:\/\/minubaltic.ee\/fi\/verkkokauppa\/"},{"@type":"ListItem","position":3,"name":"Lasten huopa 105&#215;135"}]},{"@type":"WebSite","@id":"https:\/\/minubaltic.ee\/fi\/#website","url":"https:\/\/minubaltic.ee\/fi\/","name":"minubaltic.ee","description":"","publisher":{"@id":"https:\/\/minubaltic.ee\/fi\/#organization"},"potentialAction":[{"@type":"SearchAction","target":{"@type":"EntryPoint","urlTemplate":"https:\/\/minubaltic.ee\/fi\/?s={search_term_string}"},"query-input":{"@type":"PropertyValueSpecification","valueRequired":true,"valueName":"search_term_string"}}],"inLanguage":"fi"},{"@type":"Organization","@id":"https:\/\/minubaltic.ee\/fi\/#organization","name":"Minu Baltic O\u00dc","url":"https:\/\/minubaltic.ee\/fi\/","logo":{"@type":"ImageObject","inLanguage":"fi","@id":"https:\/\/minubaltic.ee\/fi\/#\/schema\/logo\/image\/","url":"https:\/\/minubaltic.ee\/wp-content\/uploads\/2023\/10\/cropped-cropped-cropped-logo.png","contentUrl":"https:\/\/minubaltic.ee\/wp-content\/uploads\/2023\/10\/cropped-cropped-cropped-logo.png","width":500,"height":237,"caption":"Minu Baltic O\u00dc"},"image":{"@id":"https:\/\/minubaltic.ee\/fi\/#\/schema\/logo\/image\/"},"sameAs":["https:\/\/www.facebook.com\/minubaltic"]}]}},"_links":{"self":[{"href":"https:\/\/minubaltic.ee\/fi\/wp-json\/wp\/v2\/product\/21071","targetHints":{"allow":["GET"]}}],"collection":[{"href":"https:\/\/minubaltic.ee\/fi\/wp-json\/wp\/v2\/product"}],"about":[{"href":"https:\/\/minubaltic.ee\/fi\/wp-json\/wp\/v2\/types\/product"}],"replies":[{"embeddable":true,"href":"https:\/\/minubaltic.ee\/fi\/wp-json\/wp\/v2\/comments?post=21071"}],"version-history":[{"count":0,"href":"https:\/\/minubaltic.ee\/fi\/wp-json\/wp\/v2\/product\/21071\/revisions"}],"wp:featuredmedia":[{"embeddable":true,"href":"https:\/\/minubaltic.ee\/fi\/wp-json\/wp\/v2\/media\/21072"}],"wp:attachment":[{"href":"https:\/\/minubaltic.ee\/fi\/wp-json\/wp\/v2\/media?parent=21071"}],"wp:term":[{"taxonomy":"product_brand","embeddable":true,"href":"https:\/\/minubaltic.ee\/fi\/wp-json\/wp\/v2\/product_brand?post=21071"},{"taxonomy":"product_cat","embeddable":true,"href":"https:\/\/minubaltic.ee\/fi\/wp-json\/wp\/v2\/product_cat?post=21071"},{"taxonomy":"product_tag","embeddable":true,"href":"https:\/\/minubaltic.ee\/fi\/wp-json\/wp\/v2\/product_tag?post=21071"}],"curies":[{"name":"wp","href":"https:\/\/api.w.org\/{rel}","templated":true}]}}