{"id":21009,"date":"2024-01-04T12:54:15","date_gmt":"2024-01-04T09:54:15","guid":{"rendered":"https:\/\/minubaltic.ee\/e-pood\/maaratlemata\/vuodevaatteet-satiini-puuvilla-200x220\/"},"modified":"2024-04-24T07:02:56","modified_gmt":"2024-04-24T04:02:56","slug":"mnb-16","status":"publish","type":"product","link":"https:\/\/minubaltic.ee\/fi\/e-pood\/vuodevaatteet\/mnb-16\/","title":{"rendered":"Vuodevaatteet satiini puuvilla 200\u00d7220"},"content":{"rendered":"<ul>\n<li><span class=\"product-attribute__label\"><strong>Kangaskoostumus: <\/strong>100% puuvillasatiini<\/span><\/li>\n<li><strong>Pussilakana<span class=\"product-attribute__label\">:<\/span><\/strong> 200\u00d7220<\/li>\n<li><strong>Lakana<span class=\"product-attribute__label\">:<\/span><\/strong> 200\u00d7230<\/li>\n<li><strong>Tyynyliina<span class=\"product-attribute__label\">:<\/span><\/strong> 70\u00d780 (2kpl)<\/li>\n<li>Tuotekuvat ovat havainnollistavia<\/li>\n<\/ul>\n","protected":false},"excerpt":{"rendered":"<p>200\u00d7220 (Pussilakana 200\u00d7220, Lakana 200\u00d7230, 2 Tyynyliina 70\u00d780)<\/p>\n","protected":false},"featured_media":21010,"comment_status":"open","ping_status":"closed","template":"","meta":[],"product_brand":[],"product_cat":[396,398],"product_tag":[399,401,400,404],"class_list":{"0":"post-21009","1":"product","2":"type-product","3":"status-publish","4":"has-post-thumbnail","6":"product_cat-vuodevaatteet","7":"product_cat-vuodevaatteet-200-220","8":"product_tag-sahkoinen-kaupankaynti","9":"product_tag-tekstiili","10":"product_tag-verkkokauppa","11":"product_tag-vuodevaatteet-setti","13":"first","14":"outofstock","15":"sale","16":"shipping-taxable","17":"purchasable","18":"product-type-simple"},"yoast_head":"<!-- This site is optimized with the Yoast SEO plugin v27.3 - https:\/\/yoast.com\/product\/yoast-seo-wordpress\/ -->\n<title>- Satin bed linen (satiini vuodevaatteet)<\/title>\n<meta name=\"description\" content=\"Ekologiset vuodevaatteet, Ekologiset vuodevaatteet, Ekologiset vuodevaatteet, Satiini vuodevaatteet alennus, Satiini vuodevaatteet alennus, Satiini vuodevaatteet alennus, Satiini vuodevaatteet alennus, Satiini vuodevaatteet alennus, Satiini vuodevaatteet alennus, Satiini vuodevaatteet alennus, Satiini vuodevaatteet alennus, Satiini vuodevaatteet alennus\" \/>\n<meta name=\"robots\" content=\"index, follow, max-snippet:-1, max-image-preview:large, max-video-preview:-1\" \/>\n<link rel=\"canonical\" href=\"https:\/\/minubaltic.ee\/fi\/e-pood\/vuodevaatteet\/mnb-16\/\" \/>\n<meta property=\"og:locale\" content=\"fi_FI\" \/>\n<meta property=\"og:type\" content=\"article\" \/>\n<meta property=\"og:title\" content=\"- Satin bed linen (satiini vuodevaatteet)\" \/>\n<meta property=\"og:description\" content=\"Ekologiset vuodevaatteet, Ekologiset vuodevaatteet, Ekologiset vuodevaatteet, Satiini vuodevaatteet alennus, Satiini vuodevaatteet alennus, Satiini vuodevaatteet alennus, Satiini vuodevaatteet alennus, Satiini vuodevaatteet alennus, Satiini vuodevaatteet alennus, Satiini vuodevaatteet alennus, Satiini vuodevaatteet alennus, Satiini vuodevaatteet alennus\" \/>\n<meta property=\"og:url\" content=\"https:\/\/minubaltic.ee\/fi\/e-pood\/vuodevaatteet\/mnb-16\/\" \/>\n<meta property=\"article:publisher\" content=\"https:\/\/www.facebook.com\/minubaltic\" \/>\n<meta property=\"article:modified_time\" content=\"2024-04-24T04:02:56+00:00\" \/>\n<meta property=\"og:image\" content=\"https:\/\/minubaltic.ee\/wp-content\/uploads\/2024\/01\/vodipesu2024-5.jpg\" \/>\n\t<meta property=\"og:image:width\" content=\"640\" \/>\n\t<meta property=\"og:image:height\" content=\"640\" \/>\n\t<meta property=\"og:image:type\" content=\"image\/jpeg\" \/>\n<meta name=\"twitter:card\" content=\"summary_large_image\" \/>\n<meta name=\"twitter:label1\" content=\"Arvioitu lukuaika\" \/>\n\t<meta name=\"twitter:data1\" content=\"1 minuutti\" \/>\n<script type=\"application\/ld+json\" class=\"yoast-schema-graph\">{\"@context\":\"https:\\\/\\\/schema.org\",\"@graph\":[{\"@type\":\"WebPage\",\"@id\":\"https:\\\/\\\/minubaltic.ee\\\/fi\\\/e-pood\\\/vuodevaatteet\\\/mnb-16\\\/\",\"url\":\"https:\\\/\\\/minubaltic.ee\\\/fi\\\/e-pood\\\/vuodevaatteet\\\/mnb-16\\\/\",\"name\":\"- Satin bed linen (satiini vuodevaatteet)\",\"isPartOf\":{\"@id\":\"https:\\\/\\\/minubaltic.ee\\\/fi\\\/#website\"},\"primaryImageOfPage\":{\"@id\":\"https:\\\/\\\/minubaltic.ee\\\/fi\\\/e-pood\\\/vuodevaatteet\\\/mnb-16\\\/#primaryimage\"},\"image\":{\"@id\":\"https:\\\/\\\/minubaltic.ee\\\/fi\\\/e-pood\\\/vuodevaatteet\\\/mnb-16\\\/#primaryimage\"},\"thumbnailUrl\":\"https:\\\/\\\/minubaltic.ee\\\/wp-content\\\/uploads\\\/2024\\\/01\\\/vodipesu2024-5.jpg\",\"datePublished\":\"2024-01-04T09:54:15+00:00\",\"dateModified\":\"2024-04-24T04:02:56+00:00\",\"description\":\"Ekologiset vuodevaatteet, Ekologiset vuodevaatteet, Ekologiset vuodevaatteet, Satiini vuodevaatteet alennus, Satiini vuodevaatteet alennus, Satiini vuodevaatteet alennus, Satiini vuodevaatteet alennus, Satiini vuodevaatteet alennus, Satiini vuodevaatteet alennus, Satiini vuodevaatteet alennus, Satiini vuodevaatteet alennus, Satiini vuodevaatteet alennus\",\"breadcrumb\":{\"@id\":\"https:\\\/\\\/minubaltic.ee\\\/fi\\\/e-pood\\\/vuodevaatteet\\\/mnb-16\\\/#breadcrumb\"},\"inLanguage\":\"fi\",\"potentialAction\":[{\"@type\":\"ReadAction\",\"target\":[\"https:\\\/\\\/minubaltic.ee\\\/fi\\\/e-pood\\\/vuodevaatteet\\\/mnb-16\\\/\"]}]},{\"@type\":\"ImageObject\",\"inLanguage\":\"fi\",\"@id\":\"https:\\\/\\\/minubaltic.ee\\\/fi\\\/e-pood\\\/vuodevaatteet\\\/mnb-16\\\/#primaryimage\",\"url\":\"https:\\\/\\\/minubaltic.ee\\\/wp-content\\\/uploads\\\/2024\\\/01\\\/vodipesu2024-5.jpg\",\"contentUrl\":\"https:\\\/\\\/minubaltic.ee\\\/wp-content\\\/uploads\\\/2024\\\/01\\\/vodipesu2024-5.jpg\",\"width\":640,\"height\":640},{\"@type\":\"BreadcrumbList\",\"@id\":\"https:\\\/\\\/minubaltic.ee\\\/fi\\\/e-pood\\\/vuodevaatteet\\\/mnb-16\\\/#breadcrumb\",\"itemListElement\":[{\"@type\":\"ListItem\",\"position\":1,\"name\":\"Home\",\"item\":\"https:\\\/\\\/minubaltic.ee\\\/fi\\\/\"},{\"@type\":\"ListItem\",\"position\":2,\"name\":\"Verkkokauppa\",\"item\":\"https:\\\/\\\/minubaltic.ee\\\/fi\\\/verkkokauppa\\\/\"},{\"@type\":\"ListItem\",\"position\":3,\"name\":\"Vuodevaatteet satiini puuvilla 200\u00d7220\"}]},{\"@type\":\"WebSite\",\"@id\":\"https:\\\/\\\/minubaltic.ee\\\/fi\\\/#website\",\"url\":\"https:\\\/\\\/minubaltic.ee\\\/fi\\\/\",\"name\":\"minubaltic.ee\",\"description\":\"\",\"publisher\":{\"@id\":\"https:\\\/\\\/minubaltic.ee\\\/fi\\\/#organization\"},\"potentialAction\":[{\"@type\":\"SearchAction\",\"target\":{\"@type\":\"EntryPoint\",\"urlTemplate\":\"https:\\\/\\\/minubaltic.ee\\\/fi\\\/?s={search_term_string}\"},\"query-input\":{\"@type\":\"PropertyValueSpecification\",\"valueRequired\":true,\"valueName\":\"search_term_string\"}}],\"inLanguage\":\"fi\"},{\"@type\":\"Organization\",\"@id\":\"https:\\\/\\\/minubaltic.ee\\\/fi\\\/#organization\",\"name\":\"Minu Baltic O\u00dc\",\"url\":\"https:\\\/\\\/minubaltic.ee\\\/fi\\\/\",\"logo\":{\"@type\":\"ImageObject\",\"inLanguage\":\"fi\",\"@id\":\"https:\\\/\\\/minubaltic.ee\\\/fi\\\/#\\\/schema\\\/logo\\\/image\\\/\",\"url\":\"https:\\\/\\\/minubaltic.ee\\\/wp-content\\\/uploads\\\/2023\\\/10\\\/cropped-cropped-cropped-logo.png\",\"contentUrl\":\"https:\\\/\\\/minubaltic.ee\\\/wp-content\\\/uploads\\\/2023\\\/10\\\/cropped-cropped-cropped-logo.png\",\"width\":500,\"height\":237,\"caption\":\"Minu Baltic O\u00dc\"},\"image\":{\"@id\":\"https:\\\/\\\/minubaltic.ee\\\/fi\\\/#\\\/schema\\\/logo\\\/image\\\/\"},\"sameAs\":[\"https:\\\/\\\/www.facebook.com\\\/minubaltic\"]}]}<\/script>\n<!-- \/ Yoast SEO plugin. -->","yoast_head_json":{"title":"- Satin bed linen (satiini vuodevaatteet)","description":"Ekologiset vuodevaatteet, Ekologiset vuodevaatteet, Ekologiset vuodevaatteet, Satiini vuodevaatteet alennus, Satiini vuodevaatteet alennus, Satiini vuodevaatteet alennus, Satiini vuodevaatteet alennus, Satiini vuodevaatteet alennus, Satiini vuodevaatteet alennus, Satiini vuodevaatteet alennus, Satiini vuodevaatteet alennus, Satiini vuodevaatteet alennus","robots":{"index":"index","follow":"follow","max-snippet":"max-snippet:-1","max-image-preview":"max-image-preview:large","max-video-preview":"max-video-preview:-1"},"canonical":"https:\/\/minubaltic.ee\/fi\/e-pood\/vuodevaatteet\/mnb-16\/","og_locale":"fi_FI","og_type":"article","og_title":"- Satin bed linen (satiini vuodevaatteet)","og_description":"Ekologiset vuodevaatteet, Ekologiset vuodevaatteet, Ekologiset vuodevaatteet, Satiini vuodevaatteet alennus, Satiini vuodevaatteet alennus, Satiini vuodevaatteet alennus, Satiini vuodevaatteet alennus, Satiini vuodevaatteet alennus, Satiini vuodevaatteet alennus, Satiini vuodevaatteet alennus, Satiini vuodevaatteet alennus, Satiini vuodevaatteet alennus","og_url":"https:\/\/minubaltic.ee\/fi\/e-pood\/vuodevaatteet\/mnb-16\/","article_publisher":"https:\/\/www.facebook.com\/minubaltic","article_modified_time":"2024-04-24T04:02:56+00:00","og_image":[{"width":640,"height":640,"url":"https:\/\/minubaltic.ee\/wp-content\/uploads\/2024\/01\/vodipesu2024-5.jpg","type":"image\/jpeg"}],"twitter_card":"summary_large_image","twitter_misc":{"Arvioitu lukuaika":"1 minuutti"},"schema":{"@context":"https:\/\/schema.org","@graph":[{"@type":"WebPage","@id":"https:\/\/minubaltic.ee\/fi\/e-pood\/vuodevaatteet\/mnb-16\/","url":"https:\/\/minubaltic.ee\/fi\/e-pood\/vuodevaatteet\/mnb-16\/","name":"- Satin bed linen (satiini vuodevaatteet)","isPartOf":{"@id":"https:\/\/minubaltic.ee\/fi\/#website"},"primaryImageOfPage":{"@id":"https:\/\/minubaltic.ee\/fi\/e-pood\/vuodevaatteet\/mnb-16\/#primaryimage"},"image":{"@id":"https:\/\/minubaltic.ee\/fi\/e-pood\/vuodevaatteet\/mnb-16\/#primaryimage"},"thumbnailUrl":"https:\/\/minubaltic.ee\/wp-content\/uploads\/2024\/01\/vodipesu2024-5.jpg","datePublished":"2024-01-04T09:54:15+00:00","dateModified":"2024-04-24T04:02:56+00:00","description":"Ekologiset vuodevaatteet, Ekologiset vuodevaatteet, Ekologiset vuodevaatteet, Satiini vuodevaatteet alennus, Satiini vuodevaatteet alennus, Satiini vuodevaatteet alennus, Satiini vuodevaatteet alennus, Satiini vuodevaatteet alennus, Satiini vuodevaatteet alennus, Satiini vuodevaatteet alennus, Satiini vuodevaatteet alennus, Satiini vuodevaatteet alennus","breadcrumb":{"@id":"https:\/\/minubaltic.ee\/fi\/e-pood\/vuodevaatteet\/mnb-16\/#breadcrumb"},"inLanguage":"fi","potentialAction":[{"@type":"ReadAction","target":["https:\/\/minubaltic.ee\/fi\/e-pood\/vuodevaatteet\/mnb-16\/"]}]},{"@type":"ImageObject","inLanguage":"fi","@id":"https:\/\/minubaltic.ee\/fi\/e-pood\/vuodevaatteet\/mnb-16\/#primaryimage","url":"https:\/\/minubaltic.ee\/wp-content\/uploads\/2024\/01\/vodipesu2024-5.jpg","contentUrl":"https:\/\/minubaltic.ee\/wp-content\/uploads\/2024\/01\/vodipesu2024-5.jpg","width":640,"height":640},{"@type":"BreadcrumbList","@id":"https:\/\/minubaltic.ee\/fi\/e-pood\/vuodevaatteet\/mnb-16\/#breadcrumb","itemListElement":[{"@type":"ListItem","position":1,"name":"Home","item":"https:\/\/minubaltic.ee\/fi\/"},{"@type":"ListItem","position":2,"name":"Verkkokauppa","item":"https:\/\/minubaltic.ee\/fi\/verkkokauppa\/"},{"@type":"ListItem","position":3,"name":"Vuodevaatteet satiini puuvilla 200\u00d7220"}]},{"@type":"WebSite","@id":"https:\/\/minubaltic.ee\/fi\/#website","url":"https:\/\/minubaltic.ee\/fi\/","name":"minubaltic.ee","description":"","publisher":{"@id":"https:\/\/minubaltic.ee\/fi\/#organization"},"potentialAction":[{"@type":"SearchAction","target":{"@type":"EntryPoint","urlTemplate":"https:\/\/minubaltic.ee\/fi\/?s={search_term_string}"},"query-input":{"@type":"PropertyValueSpecification","valueRequired":true,"valueName":"search_term_string"}}],"inLanguage":"fi"},{"@type":"Organization","@id":"https:\/\/minubaltic.ee\/fi\/#organization","name":"Minu Baltic O\u00dc","url":"https:\/\/minubaltic.ee\/fi\/","logo":{"@type":"ImageObject","inLanguage":"fi","@id":"https:\/\/minubaltic.ee\/fi\/#\/schema\/logo\/image\/","url":"https:\/\/minubaltic.ee\/wp-content\/uploads\/2023\/10\/cropped-cropped-cropped-logo.png","contentUrl":"https:\/\/minubaltic.ee\/wp-content\/uploads\/2023\/10\/cropped-cropped-cropped-logo.png","width":500,"height":237,"caption":"Minu Baltic O\u00dc"},"image":{"@id":"https:\/\/minubaltic.ee\/fi\/#\/schema\/logo\/image\/"},"sameAs":["https:\/\/www.facebook.com\/minubaltic"]}]}},"_links":{"self":[{"href":"https:\/\/minubaltic.ee\/fi\/wp-json\/wp\/v2\/product\/21009","targetHints":{"allow":["GET"]}}],"collection":[{"href":"https:\/\/minubaltic.ee\/fi\/wp-json\/wp\/v2\/product"}],"about":[{"href":"https:\/\/minubaltic.ee\/fi\/wp-json\/wp\/v2\/types\/product"}],"replies":[{"embeddable":true,"href":"https:\/\/minubaltic.ee\/fi\/wp-json\/wp\/v2\/comments?post=21009"}],"version-history":[{"count":0,"href":"https:\/\/minubaltic.ee\/fi\/wp-json\/wp\/v2\/product\/21009\/revisions"}],"wp:featuredmedia":[{"embeddable":true,"href":"https:\/\/minubaltic.ee\/fi\/wp-json\/wp\/v2\/media\/21010"}],"wp:attachment":[{"href":"https:\/\/minubaltic.ee\/fi\/wp-json\/wp\/v2\/media?parent=21009"}],"wp:term":[{"taxonomy":"product_brand","embeddable":true,"href":"https:\/\/minubaltic.ee\/fi\/wp-json\/wp\/v2\/product_brand?post=21009"},{"taxonomy":"product_cat","embeddable":true,"href":"https:\/\/minubaltic.ee\/fi\/wp-json\/wp\/v2\/product_cat?post=21009"},{"taxonomy":"product_tag","embeddable":true,"href":"https:\/\/minubaltic.ee\/fi\/wp-json\/wp\/v2\/product_tag?post=21009"}],"curies":[{"name":"wp","href":"https:\/\/api.w.org\/{rel}","templated":true}]}}