{"id":20930,"date":"2024-01-19T18:11:42","date_gmt":"2024-01-19T15:11:42","guid":{"rendered":"https:\/\/minubaltic.ee\/e-pood\/maaratlemata\/saippuaruusu-lahjapakkauksessa-sininen\/"},"modified":"2024-01-19T18:11:42","modified_gmt":"2024-01-19T15:11:42","slug":"saippuaruusu-lahjapakkauksessa-sininen","status":"publish","type":"product","link":"https:\/\/minubaltic.ee\/fi\/e-pood\/lahjat-ja-lahjaideat\/saippuaruusu-lahjapakkauksessa-sininen\/","title":{"rendered":"Saippuaruusu lahjapakkauksessa (sininen)"},"content":{"rendered":"<p><strong>Korurasian koko:<\/strong> 9 x 9 x 10,4 cm.<br \/>\n<strong>Lahjapussin koko:<\/strong> 15 x 9,5 x 4,5 cm.<br \/>\n<strong>Tervehdyskortin koko:<\/strong> 18 x 10,5 cm.<br \/>\n<strong>K\u00e4ytt\u00f6:<\/strong> Ihanteellinen kaulakoruihin, riipuksiin, sormuksiin, rannerenkaisiin, korvakoruihin ja muihin tarvikkeisiin.<br \/>\n<strong>Setti sis\u00e4lt\u00e4\u00e4:<\/strong> 1 * korurasia, jossa on saippualaatikko (ei sis\u00e4ll\u00e4 koruja), 1 * onnittelukortti, 1 * lahjapussi.<\/p>\n","protected":false},"excerpt":{"rendered":"<p>Ominaisuudet: k\u00e4sintehty saippuaruusu luo romanttisen tunnelman.<br \/>\nKorurasian koko: 9 x 9 x 10,4 cm.<br \/>\nLahjapussin koko: 15 x 9,5 x 4,5 cm.<br \/>\nTervehdyskortin koko: 18 x 10,5 cm.<br \/>\nK\u00e4ytt\u00f6: Ihanteellinen kaulakoruihin, riipuksiin, sormuksiin, rannerenkaisiin, korvakoruihin ja muihin tarvikkeisiin.<br \/>\nSetti sis\u00e4lt\u00e4\u00e4: 1 * korurasia, jossa on saippualaatikko (ei sis\u00e4ll\u00e4 koruja), 1 * onnittelukortti, 1 * lahjapussi.<\/p>\n<p>\ud83c\udf39 Romanttinen tunnelma: k\u00e4sintehty saippuakotelo luo romanttisen tunnelman, joten se on t\u00e4ydellinen paikka s\u00e4ilytt\u00e4\u00e4 ja n\u00e4ytt\u00e4\u00e4 rakkaat korusi.<\/p>\n<p>\ud83c\udf80 Monipuolinen s\u00e4ilytys: korurasia sopii erinomaisesti kaulakoruille, riipuksille, sormuksille, rannekoruille, korvakoruille ja muille tarvikkeille, ja siin\u00e4 on runsaasti tilaa s\u00e4ilytt\u00e4\u00e4 ja n\u00e4ytt\u00e4\u00e4 arvokkaat esineesi turvallisesti.<\/p>\n<p>\ud83d\udc96 Vieh\u00e4tt\u00e4v\u00e4 tyyli: korurasia on valmistettu yksityiskohtiin kiinnitt\u00e4en huomiota, ja se huokuu charmia ja eleganssia, jotta jokainen lahja olisi erityinen. Romanttisia korurasioita on saatavana useissa eri v\u00e4reiss\u00e4: harmaa, vihre\u00e4, tummansininen, musta ja vaaleanpunainen.<\/p>\n","protected":false},"featured_media":20931,"comment_status":"open","ping_status":"closed","template":"","meta":[],"product_brand":[],"product_cat":[377,390],"product_tag":[399,400],"class_list":{"0":"post-20930","1":"product","2":"type-product","3":"status-publish","4":"has-post-thumbnail","6":"product_cat-lahjat-ja-lahjaideat","7":"product_cat-saippua-ruusut","8":"product_tag-sahkoinen-kaupankaynti","9":"product_tag-verkkokauppa","11":"first","12":"instock","13":"sale","14":"shipping-taxable","15":"purchasable","16":"product-type-simple"},"yoast_head":"<!-- This site is optimized with the Yoast SEO plugin v27.3 - https:\/\/yoast.com\/product\/yoast-seo-wordpress\/ -->\n<title>- Lahjat<\/title>\n<meta name=\"description\" content=\"Saippuaruusulahjarasia erilaisille koruille on vieh\u00e4tt\u00e4v\u00e4 ja tyylik\u00e4s lis\u00e4varuste, jossa yhdistyv\u00e4t kukkien kauneus ja korurasian k\u00e4yt\u00e4nn\u00f6llisyys. Yst\u00e4v\u00e4np\u00e4iv\u00e4n lahjat\" \/>\n<meta name=\"robots\" content=\"index, follow, max-snippet:-1, max-image-preview:large, max-video-preview:-1\" \/>\n<link rel=\"canonical\" href=\"https:\/\/minubaltic.ee\/fi\/e-pood\/lahjat-ja-lahjaideat\/saippuaruusu-lahjapakkauksessa-sininen\/\" \/>\n<meta property=\"og:locale\" content=\"fi_FI\" \/>\n<meta property=\"og:type\" content=\"article\" \/>\n<meta property=\"og:title\" content=\"- Lahjat\" \/>\n<meta property=\"og:description\" content=\"Saippuaruusulahjarasia erilaisille koruille on vieh\u00e4tt\u00e4v\u00e4 ja tyylik\u00e4s lis\u00e4varuste, jossa yhdistyv\u00e4t kukkien kauneus ja korurasian k\u00e4yt\u00e4nn\u00f6llisyys. Yst\u00e4v\u00e4np\u00e4iv\u00e4n lahjat\" \/>\n<meta property=\"og:url\" content=\"https:\/\/minubaltic.ee\/fi\/e-pood\/lahjat-ja-lahjaideat\/saippuaruusu-lahjapakkauksessa-sininen\/\" \/>\n<meta property=\"article:publisher\" content=\"https:\/\/www.facebook.com\/minubaltic\" \/>\n<meta property=\"og:image\" content=\"https:\/\/minubaltic.ee\/wp-content\/uploads\/2024\/01\/rs-2.jpg\" \/>\n\t<meta property=\"og:image:width\" content=\"800\" \/>\n\t<meta property=\"og:image:height\" content=\"800\" \/>\n\t<meta property=\"og:image:type\" content=\"image\/jpeg\" \/>\n<meta name=\"twitter:card\" content=\"summary_large_image\" \/>\n<script type=\"application\/ld+json\" class=\"yoast-schema-graph\">{\"@context\":\"https:\\\/\\\/schema.org\",\"@graph\":[{\"@type\":\"WebPage\",\"@id\":\"https:\\\/\\\/minubaltic.ee\\\/fi\\\/e-pood\\\/lahjat-ja-lahjaideat\\\/saippuaruusu-lahjapakkauksessa-sininen\\\/\",\"url\":\"https:\\\/\\\/minubaltic.ee\\\/fi\\\/e-pood\\\/lahjat-ja-lahjaideat\\\/saippuaruusu-lahjapakkauksessa-sininen\\\/\",\"name\":\"- Lahjat\",\"isPartOf\":{\"@id\":\"https:\\\/\\\/minubaltic.ee\\\/fi\\\/#website\"},\"primaryImageOfPage\":{\"@id\":\"https:\\\/\\\/minubaltic.ee\\\/fi\\\/e-pood\\\/lahjat-ja-lahjaideat\\\/saippuaruusu-lahjapakkauksessa-sininen\\\/#primaryimage\"},\"image\":{\"@id\":\"https:\\\/\\\/minubaltic.ee\\\/fi\\\/e-pood\\\/lahjat-ja-lahjaideat\\\/saippuaruusu-lahjapakkauksessa-sininen\\\/#primaryimage\"},\"thumbnailUrl\":\"https:\\\/\\\/minubaltic.ee\\\/wp-content\\\/uploads\\\/2024\\\/01\\\/rs-2.jpg\",\"datePublished\":\"2024-01-19T15:11:42+00:00\",\"description\":\"Saippuaruusulahjarasia erilaisille koruille on vieh\u00e4tt\u00e4v\u00e4 ja tyylik\u00e4s lis\u00e4varuste, jossa yhdistyv\u00e4t kukkien kauneus ja korurasian k\u00e4yt\u00e4nn\u00f6llisyys. Yst\u00e4v\u00e4np\u00e4iv\u00e4n lahjat\",\"breadcrumb\":{\"@id\":\"https:\\\/\\\/minubaltic.ee\\\/fi\\\/e-pood\\\/lahjat-ja-lahjaideat\\\/saippuaruusu-lahjapakkauksessa-sininen\\\/#breadcrumb\"},\"inLanguage\":\"fi\",\"potentialAction\":[{\"@type\":\"ReadAction\",\"target\":[\"https:\\\/\\\/minubaltic.ee\\\/fi\\\/e-pood\\\/lahjat-ja-lahjaideat\\\/saippuaruusu-lahjapakkauksessa-sininen\\\/\"]}]},{\"@type\":\"ImageObject\",\"inLanguage\":\"fi\",\"@id\":\"https:\\\/\\\/minubaltic.ee\\\/fi\\\/e-pood\\\/lahjat-ja-lahjaideat\\\/saippuaruusu-lahjapakkauksessa-sininen\\\/#primaryimage\",\"url\":\"https:\\\/\\\/minubaltic.ee\\\/wp-content\\\/uploads\\\/2024\\\/01\\\/rs-2.jpg\",\"contentUrl\":\"https:\\\/\\\/minubaltic.ee\\\/wp-content\\\/uploads\\\/2024\\\/01\\\/rs-2.jpg\",\"width\":800,\"height\":800},{\"@type\":\"BreadcrumbList\",\"@id\":\"https:\\\/\\\/minubaltic.ee\\\/fi\\\/e-pood\\\/lahjat-ja-lahjaideat\\\/saippuaruusu-lahjapakkauksessa-sininen\\\/#breadcrumb\",\"itemListElement\":[{\"@type\":\"ListItem\",\"position\":1,\"name\":\"Home\",\"item\":\"https:\\\/\\\/minubaltic.ee\\\/fi\\\/\"},{\"@type\":\"ListItem\",\"position\":2,\"name\":\"Verkkokauppa\",\"item\":\"https:\\\/\\\/minubaltic.ee\\\/fi\\\/verkkokauppa\\\/\"},{\"@type\":\"ListItem\",\"position\":3,\"name\":\"Saippuaruusu lahjapakkauksessa (sininen)\"}]},{\"@type\":\"WebSite\",\"@id\":\"https:\\\/\\\/minubaltic.ee\\\/fi\\\/#website\",\"url\":\"https:\\\/\\\/minubaltic.ee\\\/fi\\\/\",\"name\":\"minubaltic.ee\",\"description\":\"\",\"publisher\":{\"@id\":\"https:\\\/\\\/minubaltic.ee\\\/fi\\\/#organization\"},\"potentialAction\":[{\"@type\":\"SearchAction\",\"target\":{\"@type\":\"EntryPoint\",\"urlTemplate\":\"https:\\\/\\\/minubaltic.ee\\\/fi\\\/?s={search_term_string}\"},\"query-input\":{\"@type\":\"PropertyValueSpecification\",\"valueRequired\":true,\"valueName\":\"search_term_string\"}}],\"inLanguage\":\"fi\"},{\"@type\":\"Organization\",\"@id\":\"https:\\\/\\\/minubaltic.ee\\\/fi\\\/#organization\",\"name\":\"Minu Baltic O\u00dc\",\"url\":\"https:\\\/\\\/minubaltic.ee\\\/fi\\\/\",\"logo\":{\"@type\":\"ImageObject\",\"inLanguage\":\"fi\",\"@id\":\"https:\\\/\\\/minubaltic.ee\\\/fi\\\/#\\\/schema\\\/logo\\\/image\\\/\",\"url\":\"https:\\\/\\\/minubaltic.ee\\\/wp-content\\\/uploads\\\/2023\\\/10\\\/cropped-cropped-cropped-logo.png\",\"contentUrl\":\"https:\\\/\\\/minubaltic.ee\\\/wp-content\\\/uploads\\\/2023\\\/10\\\/cropped-cropped-cropped-logo.png\",\"width\":500,\"height\":237,\"caption\":\"Minu Baltic O\u00dc\"},\"image\":{\"@id\":\"https:\\\/\\\/minubaltic.ee\\\/fi\\\/#\\\/schema\\\/logo\\\/image\\\/\"},\"sameAs\":[\"https:\\\/\\\/www.facebook.com\\\/minubaltic\"]}]}<\/script>\n<!-- \/ Yoast SEO plugin. -->","yoast_head_json":{"title":"- Lahjat","description":"Saippuaruusulahjarasia erilaisille koruille on vieh\u00e4tt\u00e4v\u00e4 ja tyylik\u00e4s lis\u00e4varuste, jossa yhdistyv\u00e4t kukkien kauneus ja korurasian k\u00e4yt\u00e4nn\u00f6llisyys. Yst\u00e4v\u00e4np\u00e4iv\u00e4n lahjat","robots":{"index":"index","follow":"follow","max-snippet":"max-snippet:-1","max-image-preview":"max-image-preview:large","max-video-preview":"max-video-preview:-1"},"canonical":"https:\/\/minubaltic.ee\/fi\/e-pood\/lahjat-ja-lahjaideat\/saippuaruusu-lahjapakkauksessa-sininen\/","og_locale":"fi_FI","og_type":"article","og_title":"- Lahjat","og_description":"Saippuaruusulahjarasia erilaisille koruille on vieh\u00e4tt\u00e4v\u00e4 ja tyylik\u00e4s lis\u00e4varuste, jossa yhdistyv\u00e4t kukkien kauneus ja korurasian k\u00e4yt\u00e4nn\u00f6llisyys. Yst\u00e4v\u00e4np\u00e4iv\u00e4n lahjat","og_url":"https:\/\/minubaltic.ee\/fi\/e-pood\/lahjat-ja-lahjaideat\/saippuaruusu-lahjapakkauksessa-sininen\/","article_publisher":"https:\/\/www.facebook.com\/minubaltic","og_image":[{"width":800,"height":800,"url":"https:\/\/minubaltic.ee\/wp-content\/uploads\/2024\/01\/rs-2.jpg","type":"image\/jpeg"}],"twitter_card":"summary_large_image","schema":{"@context":"https:\/\/schema.org","@graph":[{"@type":"WebPage","@id":"https:\/\/minubaltic.ee\/fi\/e-pood\/lahjat-ja-lahjaideat\/saippuaruusu-lahjapakkauksessa-sininen\/","url":"https:\/\/minubaltic.ee\/fi\/e-pood\/lahjat-ja-lahjaideat\/saippuaruusu-lahjapakkauksessa-sininen\/","name":"- Lahjat","isPartOf":{"@id":"https:\/\/minubaltic.ee\/fi\/#website"},"primaryImageOfPage":{"@id":"https:\/\/minubaltic.ee\/fi\/e-pood\/lahjat-ja-lahjaideat\/saippuaruusu-lahjapakkauksessa-sininen\/#primaryimage"},"image":{"@id":"https:\/\/minubaltic.ee\/fi\/e-pood\/lahjat-ja-lahjaideat\/saippuaruusu-lahjapakkauksessa-sininen\/#primaryimage"},"thumbnailUrl":"https:\/\/minubaltic.ee\/wp-content\/uploads\/2024\/01\/rs-2.jpg","datePublished":"2024-01-19T15:11:42+00:00","description":"Saippuaruusulahjarasia erilaisille koruille on vieh\u00e4tt\u00e4v\u00e4 ja tyylik\u00e4s lis\u00e4varuste, jossa yhdistyv\u00e4t kukkien kauneus ja korurasian k\u00e4yt\u00e4nn\u00f6llisyys. Yst\u00e4v\u00e4np\u00e4iv\u00e4n lahjat","breadcrumb":{"@id":"https:\/\/minubaltic.ee\/fi\/e-pood\/lahjat-ja-lahjaideat\/saippuaruusu-lahjapakkauksessa-sininen\/#breadcrumb"},"inLanguage":"fi","potentialAction":[{"@type":"ReadAction","target":["https:\/\/minubaltic.ee\/fi\/e-pood\/lahjat-ja-lahjaideat\/saippuaruusu-lahjapakkauksessa-sininen\/"]}]},{"@type":"ImageObject","inLanguage":"fi","@id":"https:\/\/minubaltic.ee\/fi\/e-pood\/lahjat-ja-lahjaideat\/saippuaruusu-lahjapakkauksessa-sininen\/#primaryimage","url":"https:\/\/minubaltic.ee\/wp-content\/uploads\/2024\/01\/rs-2.jpg","contentUrl":"https:\/\/minubaltic.ee\/wp-content\/uploads\/2024\/01\/rs-2.jpg","width":800,"height":800},{"@type":"BreadcrumbList","@id":"https:\/\/minubaltic.ee\/fi\/e-pood\/lahjat-ja-lahjaideat\/saippuaruusu-lahjapakkauksessa-sininen\/#breadcrumb","itemListElement":[{"@type":"ListItem","position":1,"name":"Home","item":"https:\/\/minubaltic.ee\/fi\/"},{"@type":"ListItem","position":2,"name":"Verkkokauppa","item":"https:\/\/minubaltic.ee\/fi\/verkkokauppa\/"},{"@type":"ListItem","position":3,"name":"Saippuaruusu lahjapakkauksessa (sininen)"}]},{"@type":"WebSite","@id":"https:\/\/minubaltic.ee\/fi\/#website","url":"https:\/\/minubaltic.ee\/fi\/","name":"minubaltic.ee","description":"","publisher":{"@id":"https:\/\/minubaltic.ee\/fi\/#organization"},"potentialAction":[{"@type":"SearchAction","target":{"@type":"EntryPoint","urlTemplate":"https:\/\/minubaltic.ee\/fi\/?s={search_term_string}"},"query-input":{"@type":"PropertyValueSpecification","valueRequired":true,"valueName":"search_term_string"}}],"inLanguage":"fi"},{"@type":"Organization","@id":"https:\/\/minubaltic.ee\/fi\/#organization","name":"Minu Baltic O\u00dc","url":"https:\/\/minubaltic.ee\/fi\/","logo":{"@type":"ImageObject","inLanguage":"fi","@id":"https:\/\/minubaltic.ee\/fi\/#\/schema\/logo\/image\/","url":"https:\/\/minubaltic.ee\/wp-content\/uploads\/2023\/10\/cropped-cropped-cropped-logo.png","contentUrl":"https:\/\/minubaltic.ee\/wp-content\/uploads\/2023\/10\/cropped-cropped-cropped-logo.png","width":500,"height":237,"caption":"Minu Baltic O\u00dc"},"image":{"@id":"https:\/\/minubaltic.ee\/fi\/#\/schema\/logo\/image\/"},"sameAs":["https:\/\/www.facebook.com\/minubaltic"]}]}},"_links":{"self":[{"href":"https:\/\/minubaltic.ee\/fi\/wp-json\/wp\/v2\/product\/20930","targetHints":{"allow":["GET"]}}],"collection":[{"href":"https:\/\/minubaltic.ee\/fi\/wp-json\/wp\/v2\/product"}],"about":[{"href":"https:\/\/minubaltic.ee\/fi\/wp-json\/wp\/v2\/types\/product"}],"replies":[{"embeddable":true,"href":"https:\/\/minubaltic.ee\/fi\/wp-json\/wp\/v2\/comments?post=20930"}],"version-history":[{"count":0,"href":"https:\/\/minubaltic.ee\/fi\/wp-json\/wp\/v2\/product\/20930\/revisions"}],"wp:featuredmedia":[{"embeddable":true,"href":"https:\/\/minubaltic.ee\/fi\/wp-json\/wp\/v2\/media\/20931"}],"wp:attachment":[{"href":"https:\/\/minubaltic.ee\/fi\/wp-json\/wp\/v2\/media?parent=20930"}],"wp:term":[{"taxonomy":"product_brand","embeddable":true,"href":"https:\/\/minubaltic.ee\/fi\/wp-json\/wp\/v2\/product_brand?post=20930"},{"taxonomy":"product_cat","embeddable":true,"href":"https:\/\/minubaltic.ee\/fi\/wp-json\/wp\/v2\/product_cat?post=20930"},{"taxonomy":"product_tag","embeddable":true,"href":"https:\/\/minubaltic.ee\/fi\/wp-json\/wp\/v2\/product_tag?post=20930"}],"curies":[{"name":"wp","href":"https:\/\/api.w.org\/{rel}","templated":true}]}}