{"id":20890,"date":"2024-02-05T20:14:25","date_gmt":"2024-02-05T17:14:25","guid":{"rendered":"https:\/\/minubaltic.ee\/e-pood\/maaratlemata\/turkkilaiset-pyyhkeet-50x90\/"},"modified":"2024-03-27T10:02:08","modified_gmt":"2024-03-27T07:02:08","slug":"turkkilaiset-pyyhkeet-50x90","status":"publish","type":"product","link":"https:\/\/minubaltic.ee\/fi\/e-pood\/kasipyyhe\/turkkilaiset-pyyhkeet-50x90\/","title":{"rendered":"Turkkilaiset pyyhkeet 50&#215;90"},"content":{"rendered":"<p>\ud83c\udf3fTurkkilaiset pyyhkeet on valmistettu 100 % luonnonpuuvillasta. N\u00e4m\u00e4 pyyhkeet ovat tunnettuja laadustaan, kest\u00e4vyydest\u00e4\u00e4n ja tyylikk\u00e4\u00e4st\u00e4 muotoilustaan. Runsaat v\u00e4rit tekev\u00e4t niist\u00e4 t\u00e4ydellisen lis\u00e4n mihin tahansa sisustukseen.<\/p>\n<p>\ud83c\udf31Pyyhkeet tarjoavat \u00e4\u00e4rimm\u00e4ist\u00e4 mukavuutta ja nautintoa, luoden pehme\u00e4n ja silkkisen tunteen iholle. Turkkilaiset pyyhkeet imev\u00e4t erinomaisesti kosteutta ja kuivuvat nopeasti, ja ne tunnetaan my\u00f6s kest\u00e4vyydest\u00e4\u00e4n. Ne kest\u00e4v\u00e4t vuosia s\u00e4ilytt\u00e4en pehmeytens\u00e4 ja v\u00e4rins\u00e4.<\/p>\n","protected":false},"excerpt":{"rendered":"<div class=\"woocommerce-product-details__short-description\">\n<ul>\n<li><span class=\"product-attribute__label\">Kankaan koostumus: <\/span><span class=\"product-attribute__value\" data-attribute-code=\"fabric_composition\">100% puuvillaa<\/span><\/li>\n<li>Valmistusmaa: Turkki <img loading=\"lazy\" decoding=\"async\" class=\" wd-lazy-fade wp-image-17267 alignnone\" src=\"https:\/\/minubaltic.ee\/wp-content\/themes\/woodmart\/images\/lazy.svg\" data-src=\"https:\/\/minubaltic.ee\/wp-content\/uploads\/2024\/02\/trbrq.jpg\" alt=\"\" width=\"18\" height=\"12\" \/><\/li>\n<li>Tuote pakkauksessa: 1 kpl<\/li>\n<li>Koko: 50\u00d790 cm<\/li>\n<li>V\u00e4ri: Riippuu valinnastasi<\/li>\n<li>Paino: 400g\/m2<\/li>\n<li>Erittely: <b>\u00b11-3<\/b><\/li>\n<li>Tuotekuvat ovat havainnollistavia<\/li>\n<\/ul>\n<\/div>\n","protected":false},"featured_media":20897,"comment_status":"open","ping_status":"closed","template":"","meta":[],"product_brand":[],"product_cat":[379,384,387],"product_tag":[402,403,399,401,400],"class_list":{"0":"post-20890","1":"product","2":"type-product","3":"status-publish","4":"has-post-thumbnail","6":"product_cat-kasipyyhe","7":"product_cat-pyyhkeet","8":"product_cat-pyyhkeet-50-90","9":"product_tag-kodin-tekstiilit","10":"product_tag-pyyhkeet","11":"product_tag-sahkoinen-kaupankaynti","12":"product_tag-tekstiili","13":"product_tag-verkkokauppa","15":"first","16":"outofstock","17":"shipping-taxable","18":"product-type-variable"},"yoast_head":"<!-- This site is optimized with the Yoast SEO plugin v27.3 - https:\/\/yoast.com\/product\/yoast-seo-wordpress\/ -->\n<title>- Turkkilaiset puuvillapyyhkeet 50x90 - jopa 50% alennus<\/title>\n<meta name=\"description\" content=\"Turkkilaiset puuvillapyyhkeet hemmottelevat sinua joka kerta, kun k\u00e4yt\u00e4t niit\u00e4. Vain korkealaatuisesta puuvillasta valmistetut pyyhkeemme ovat kooltaan 50*90.\" \/>\n<meta name=\"robots\" content=\"index, follow, max-snippet:-1, max-image-preview:large, max-video-preview:-1\" \/>\n<link rel=\"canonical\" href=\"https:\/\/minubaltic.ee\/fi\/e-pood\/kasipyyhe\/turkkilaiset-pyyhkeet-50x90\/\" \/>\n<meta property=\"og:locale\" content=\"fi_FI\" \/>\n<meta property=\"og:type\" content=\"article\" \/>\n<meta property=\"og:title\" content=\"- Turkkilaiset puuvillapyyhkeet 50x90 - jopa 50% alennus\" \/>\n<meta property=\"og:description\" content=\"Turkkilaiset puuvillapyyhkeet hemmottelevat sinua joka kerta, kun k\u00e4yt\u00e4t niit\u00e4. Vain korkealaatuisesta puuvillasta valmistetut pyyhkeemme ovat kooltaan 50*90.\" \/>\n<meta property=\"og:url\" content=\"https:\/\/minubaltic.ee\/fi\/e-pood\/kasipyyhe\/turkkilaiset-pyyhkeet-50x90\/\" \/>\n<meta property=\"article:publisher\" content=\"https:\/\/www.facebook.com\/minubaltic\" \/>\n<meta property=\"article:modified_time\" content=\"2024-03-27T07:02:08+00:00\" \/>\n<meta property=\"og:image\" content=\"https:\/\/minubaltic.ee\/wp-content\/uploads\/2024\/02\/trhavlu-2.jpg\" \/>\n\t<meta property=\"og:image:width\" content=\"650\" \/>\n\t<meta property=\"og:image:height\" content=\"650\" \/>\n\t<meta property=\"og:image:type\" content=\"image\/jpeg\" \/>\n<meta name=\"twitter:card\" content=\"summary_large_image\" \/>\n<meta name=\"twitter:label1\" content=\"Arvioitu lukuaika\" \/>\n\t<meta name=\"twitter:data1\" content=\"1 minuutti\" \/>\n<script type=\"application\/ld+json\" class=\"yoast-schema-graph\">{\"@context\":\"https:\\\/\\\/schema.org\",\"@graph\":[{\"@type\":\"WebPage\",\"@id\":\"https:\\\/\\\/minubaltic.ee\\\/fi\\\/e-pood\\\/kasipyyhe\\\/turkkilaiset-pyyhkeet-50x90\\\/\",\"url\":\"https:\\\/\\\/minubaltic.ee\\\/fi\\\/e-pood\\\/kasipyyhe\\\/turkkilaiset-pyyhkeet-50x90\\\/\",\"name\":\"- Turkkilaiset puuvillapyyhkeet 50x90 - jopa 50% alennus\",\"isPartOf\":{\"@id\":\"https:\\\/\\\/minubaltic.ee\\\/fi\\\/#website\"},\"primaryImageOfPage\":{\"@id\":\"https:\\\/\\\/minubaltic.ee\\\/fi\\\/e-pood\\\/kasipyyhe\\\/turkkilaiset-pyyhkeet-50x90\\\/#primaryimage\"},\"image\":{\"@id\":\"https:\\\/\\\/minubaltic.ee\\\/fi\\\/e-pood\\\/kasipyyhe\\\/turkkilaiset-pyyhkeet-50x90\\\/#primaryimage\"},\"thumbnailUrl\":\"https:\\\/\\\/minubaltic.ee\\\/wp-content\\\/uploads\\\/2024\\\/02\\\/trhavlu-2.jpg\",\"datePublished\":\"2024-02-05T17:14:25+00:00\",\"dateModified\":\"2024-03-27T07:02:08+00:00\",\"description\":\"Turkkilaiset puuvillapyyhkeet hemmottelevat sinua joka kerta, kun k\u00e4yt\u00e4t niit\u00e4. Vain korkealaatuisesta puuvillasta valmistetut pyyhkeemme ovat kooltaan 50*90.\",\"breadcrumb\":{\"@id\":\"https:\\\/\\\/minubaltic.ee\\\/fi\\\/e-pood\\\/kasipyyhe\\\/turkkilaiset-pyyhkeet-50x90\\\/#breadcrumb\"},\"inLanguage\":\"fi\",\"potentialAction\":[{\"@type\":\"ReadAction\",\"target\":[\"https:\\\/\\\/minubaltic.ee\\\/fi\\\/e-pood\\\/kasipyyhe\\\/turkkilaiset-pyyhkeet-50x90\\\/\"]}]},{\"@type\":\"ImageObject\",\"inLanguage\":\"fi\",\"@id\":\"https:\\\/\\\/minubaltic.ee\\\/fi\\\/e-pood\\\/kasipyyhe\\\/turkkilaiset-pyyhkeet-50x90\\\/#primaryimage\",\"url\":\"https:\\\/\\\/minubaltic.ee\\\/wp-content\\\/uploads\\\/2024\\\/02\\\/trhavlu-2.jpg\",\"contentUrl\":\"https:\\\/\\\/minubaltic.ee\\\/wp-content\\\/uploads\\\/2024\\\/02\\\/trhavlu-2.jpg\",\"width\":650,\"height\":650},{\"@type\":\"BreadcrumbList\",\"@id\":\"https:\\\/\\\/minubaltic.ee\\\/fi\\\/e-pood\\\/kasipyyhe\\\/turkkilaiset-pyyhkeet-50x90\\\/#breadcrumb\",\"itemListElement\":[{\"@type\":\"ListItem\",\"position\":1,\"name\":\"Home\",\"item\":\"https:\\\/\\\/minubaltic.ee\\\/fi\\\/\"},{\"@type\":\"ListItem\",\"position\":2,\"name\":\"Verkkokauppa\",\"item\":\"https:\\\/\\\/minubaltic.ee\\\/fi\\\/verkkokauppa\\\/\"},{\"@type\":\"ListItem\",\"position\":3,\"name\":\"Turkkilaiset pyyhkeet 50&#215;90\"}]},{\"@type\":\"WebSite\",\"@id\":\"https:\\\/\\\/minubaltic.ee\\\/fi\\\/#website\",\"url\":\"https:\\\/\\\/minubaltic.ee\\\/fi\\\/\",\"name\":\"minubaltic.ee\",\"description\":\"\",\"publisher\":{\"@id\":\"https:\\\/\\\/minubaltic.ee\\\/fi\\\/#organization\"},\"potentialAction\":[{\"@type\":\"SearchAction\",\"target\":{\"@type\":\"EntryPoint\",\"urlTemplate\":\"https:\\\/\\\/minubaltic.ee\\\/fi\\\/?s={search_term_string}\"},\"query-input\":{\"@type\":\"PropertyValueSpecification\",\"valueRequired\":true,\"valueName\":\"search_term_string\"}}],\"inLanguage\":\"fi\"},{\"@type\":\"Organization\",\"@id\":\"https:\\\/\\\/minubaltic.ee\\\/fi\\\/#organization\",\"name\":\"Minu Baltic O\u00dc\",\"url\":\"https:\\\/\\\/minubaltic.ee\\\/fi\\\/\",\"logo\":{\"@type\":\"ImageObject\",\"inLanguage\":\"fi\",\"@id\":\"https:\\\/\\\/minubaltic.ee\\\/fi\\\/#\\\/schema\\\/logo\\\/image\\\/\",\"url\":\"https:\\\/\\\/minubaltic.ee\\\/wp-content\\\/uploads\\\/2023\\\/10\\\/cropped-cropped-cropped-logo.png\",\"contentUrl\":\"https:\\\/\\\/minubaltic.ee\\\/wp-content\\\/uploads\\\/2023\\\/10\\\/cropped-cropped-cropped-logo.png\",\"width\":500,\"height\":237,\"caption\":\"Minu Baltic O\u00dc\"},\"image\":{\"@id\":\"https:\\\/\\\/minubaltic.ee\\\/fi\\\/#\\\/schema\\\/logo\\\/image\\\/\"},\"sameAs\":[\"https:\\\/\\\/www.facebook.com\\\/minubaltic\"]}]}<\/script>\n<!-- \/ Yoast SEO plugin. -->","yoast_head_json":{"title":"- Turkkilaiset puuvillapyyhkeet 50x90 - jopa 50% alennus","description":"Turkkilaiset puuvillapyyhkeet hemmottelevat sinua joka kerta, kun k\u00e4yt\u00e4t niit\u00e4. Vain korkealaatuisesta puuvillasta valmistetut pyyhkeemme ovat kooltaan 50*90.","robots":{"index":"index","follow":"follow","max-snippet":"max-snippet:-1","max-image-preview":"max-image-preview:large","max-video-preview":"max-video-preview:-1"},"canonical":"https:\/\/minubaltic.ee\/fi\/e-pood\/kasipyyhe\/turkkilaiset-pyyhkeet-50x90\/","og_locale":"fi_FI","og_type":"article","og_title":"- Turkkilaiset puuvillapyyhkeet 50x90 - jopa 50% alennus","og_description":"Turkkilaiset puuvillapyyhkeet hemmottelevat sinua joka kerta, kun k\u00e4yt\u00e4t niit\u00e4. Vain korkealaatuisesta puuvillasta valmistetut pyyhkeemme ovat kooltaan 50*90.","og_url":"https:\/\/minubaltic.ee\/fi\/e-pood\/kasipyyhe\/turkkilaiset-pyyhkeet-50x90\/","article_publisher":"https:\/\/www.facebook.com\/minubaltic","article_modified_time":"2024-03-27T07:02:08+00:00","og_image":[{"width":650,"height":650,"url":"https:\/\/minubaltic.ee\/wp-content\/uploads\/2024\/02\/trhavlu-2.jpg","type":"image\/jpeg"}],"twitter_card":"summary_large_image","twitter_misc":{"Arvioitu lukuaika":"1 minuutti"},"schema":{"@context":"https:\/\/schema.org","@graph":[{"@type":"WebPage","@id":"https:\/\/minubaltic.ee\/fi\/e-pood\/kasipyyhe\/turkkilaiset-pyyhkeet-50x90\/","url":"https:\/\/minubaltic.ee\/fi\/e-pood\/kasipyyhe\/turkkilaiset-pyyhkeet-50x90\/","name":"- Turkkilaiset puuvillapyyhkeet 50x90 - jopa 50% alennus","isPartOf":{"@id":"https:\/\/minubaltic.ee\/fi\/#website"},"primaryImageOfPage":{"@id":"https:\/\/minubaltic.ee\/fi\/e-pood\/kasipyyhe\/turkkilaiset-pyyhkeet-50x90\/#primaryimage"},"image":{"@id":"https:\/\/minubaltic.ee\/fi\/e-pood\/kasipyyhe\/turkkilaiset-pyyhkeet-50x90\/#primaryimage"},"thumbnailUrl":"https:\/\/minubaltic.ee\/wp-content\/uploads\/2024\/02\/trhavlu-2.jpg","datePublished":"2024-02-05T17:14:25+00:00","dateModified":"2024-03-27T07:02:08+00:00","description":"Turkkilaiset puuvillapyyhkeet hemmottelevat sinua joka kerta, kun k\u00e4yt\u00e4t niit\u00e4. Vain korkealaatuisesta puuvillasta valmistetut pyyhkeemme ovat kooltaan 50*90.","breadcrumb":{"@id":"https:\/\/minubaltic.ee\/fi\/e-pood\/kasipyyhe\/turkkilaiset-pyyhkeet-50x90\/#breadcrumb"},"inLanguage":"fi","potentialAction":[{"@type":"ReadAction","target":["https:\/\/minubaltic.ee\/fi\/e-pood\/kasipyyhe\/turkkilaiset-pyyhkeet-50x90\/"]}]},{"@type":"ImageObject","inLanguage":"fi","@id":"https:\/\/minubaltic.ee\/fi\/e-pood\/kasipyyhe\/turkkilaiset-pyyhkeet-50x90\/#primaryimage","url":"https:\/\/minubaltic.ee\/wp-content\/uploads\/2024\/02\/trhavlu-2.jpg","contentUrl":"https:\/\/minubaltic.ee\/wp-content\/uploads\/2024\/02\/trhavlu-2.jpg","width":650,"height":650},{"@type":"BreadcrumbList","@id":"https:\/\/minubaltic.ee\/fi\/e-pood\/kasipyyhe\/turkkilaiset-pyyhkeet-50x90\/#breadcrumb","itemListElement":[{"@type":"ListItem","position":1,"name":"Home","item":"https:\/\/minubaltic.ee\/fi\/"},{"@type":"ListItem","position":2,"name":"Verkkokauppa","item":"https:\/\/minubaltic.ee\/fi\/verkkokauppa\/"},{"@type":"ListItem","position":3,"name":"Turkkilaiset pyyhkeet 50&#215;90"}]},{"@type":"WebSite","@id":"https:\/\/minubaltic.ee\/fi\/#website","url":"https:\/\/minubaltic.ee\/fi\/","name":"minubaltic.ee","description":"","publisher":{"@id":"https:\/\/minubaltic.ee\/fi\/#organization"},"potentialAction":[{"@type":"SearchAction","target":{"@type":"EntryPoint","urlTemplate":"https:\/\/minubaltic.ee\/fi\/?s={search_term_string}"},"query-input":{"@type":"PropertyValueSpecification","valueRequired":true,"valueName":"search_term_string"}}],"inLanguage":"fi"},{"@type":"Organization","@id":"https:\/\/minubaltic.ee\/fi\/#organization","name":"Minu Baltic O\u00dc","url":"https:\/\/minubaltic.ee\/fi\/","logo":{"@type":"ImageObject","inLanguage":"fi","@id":"https:\/\/minubaltic.ee\/fi\/#\/schema\/logo\/image\/","url":"https:\/\/minubaltic.ee\/wp-content\/uploads\/2023\/10\/cropped-cropped-cropped-logo.png","contentUrl":"https:\/\/minubaltic.ee\/wp-content\/uploads\/2023\/10\/cropped-cropped-cropped-logo.png","width":500,"height":237,"caption":"Minu Baltic O\u00dc"},"image":{"@id":"https:\/\/minubaltic.ee\/fi\/#\/schema\/logo\/image\/"},"sameAs":["https:\/\/www.facebook.com\/minubaltic"]}]}},"_links":{"self":[{"href":"https:\/\/minubaltic.ee\/fi\/wp-json\/wp\/v2\/product\/20890","targetHints":{"allow":["GET"]}}],"collection":[{"href":"https:\/\/minubaltic.ee\/fi\/wp-json\/wp\/v2\/product"}],"about":[{"href":"https:\/\/minubaltic.ee\/fi\/wp-json\/wp\/v2\/types\/product"}],"replies":[{"embeddable":true,"href":"https:\/\/minubaltic.ee\/fi\/wp-json\/wp\/v2\/comments?post=20890"}],"version-history":[{"count":0,"href":"https:\/\/minubaltic.ee\/fi\/wp-json\/wp\/v2\/product\/20890\/revisions"}],"wp:featuredmedia":[{"embeddable":true,"href":"https:\/\/minubaltic.ee\/fi\/wp-json\/wp\/v2\/media\/20897"}],"wp:attachment":[{"href":"https:\/\/minubaltic.ee\/fi\/wp-json\/wp\/v2\/media?parent=20890"}],"wp:term":[{"taxonomy":"product_brand","embeddable":true,"href":"https:\/\/minubaltic.ee\/fi\/wp-json\/wp\/v2\/product_brand?post=20890"},{"taxonomy":"product_cat","embeddable":true,"href":"https:\/\/minubaltic.ee\/fi\/wp-json\/wp\/v2\/product_cat?post=20890"},{"taxonomy":"product_tag","embeddable":true,"href":"https:\/\/minubaltic.ee\/fi\/wp-json\/wp\/v2\/product_tag?post=20890"}],"curies":[{"name":"wp","href":"https:\/\/api.w.org\/{rel}","templated":true}]}}