{"id":20846,"date":"2024-02-10T18:18:38","date_gmt":"2024-02-10T15:18:38","guid":{"rendered":"https:\/\/minubaltic.ee\/e-pood\/maaratlemata\/setti-miehelle-ja-naiselle-sydamilla\/"},"modified":"2024-02-10T18:18:38","modified_gmt":"2024-02-10T15:18:38","slug":"setti-miehelle-ja-naiselle-sydamilla","status":"publish","type":"product","link":"https:\/\/minubaltic.ee\/fi\/e-pood\/lisatarvikkeet\/setti-miehelle-ja-naiselle-sydamilla\/","title":{"rendered":"Setti miehelle ja naiselle (syd\u00e4mill\u00e4)"},"content":{"rendered":"<p>Kellon hihnan pituus noin: 240 mm<br \/>\nKellon hihnan leveys noin: 10 mm<br \/>\nKellon kotelon halkaisija noin: 35 mm<br \/>\nKellon kotelon paksuus: noin 8 mm<br \/>\nTuote pakkauksessa: 2 x katsella<br \/>\nKellokotelo ei sis\u00e4lly<\/p>\n","protected":false},"excerpt":{"rendered":"<p>Avaa tyylisi uuden sukupolven kellolla! Ole s\u00e4teilev\u00e4 ja itsevarma joka hetki yll\u00e4\u00e4n kellomalli, joka symboloi eleganssia ja laatua. Kellomallistosta l\u00f6ytyy jotakin jokaiseen makuun ja tyyliin &#8211; minimalistisista ja selkeist\u00e4 malleista malleihin, joissa on monimutkaisia yksityiskohtia ja kimaltelevia kiteit\u00e4.<br \/>\nKellot on suunniteltu vastaamaan aktiivisten ja kunnianhimoisten ihmisten odotuksia, jotka haluavat ilmaista yksil\u00f6llisyytt\u00e4\u00e4n tyylikkyyden ja eleganssin avulla.<br \/>\nRannekellot ovat enemm\u00e4n kuin pelkk\u00e4 kello &#8211; ne ovat ainutlaatuisia ja huomiota her\u00e4tt\u00e4vi\u00e4 asusteita, jotka t\u00e4ydent\u00e4v\u00e4t jokap\u00e4iv\u00e4ist\u00e4 tyyli\u00e4si ja saavat sinut n\u00e4ytt\u00e4m\u00e4\u00e4n kauniilta ja huomattavalta.<\/p>\n","protected":false},"featured_media":20847,"comment_status":"open","ping_status":"closed","template":"","meta":[],"product_brand":[],"product_cat":[378,374],"product_tag":[400],"class_list":{"0":"post-20846","1":"product","2":"type-product","3":"status-publish","4":"has-post-thumbnail","6":"product_cat-kellot","7":"product_cat-lisatarvikkeet","8":"product_tag-verkkokauppa","10":"first","11":"instock","12":"shipping-taxable","13":"purchasable","14":"product-type-simple"},"yoast_head":"<!-- This site is optimized with the Yoast SEO plugin v27.3 - https:\/\/yoast.com\/product\/yoast-seo-wordpress\/ -->\n<title>- Hyv\u00e4 hinta 4,4\u20ac<\/title>\n<meta name=\"description\" content=\"Erityisesti valittu kokoelma kellojen harrastajille. Valitse uusimmista miesten ja naisten kellomalleista tyyliisi sopivat.\" \/>\n<meta name=\"robots\" content=\"index, follow, max-snippet:-1, max-image-preview:large, max-video-preview:-1\" \/>\n<link rel=\"canonical\" href=\"https:\/\/minubaltic.ee\/fi\/e-pood\/lisatarvikkeet\/setti-miehelle-ja-naiselle-sydamilla\/\" \/>\n<meta property=\"og:locale\" content=\"fi_FI\" \/>\n<meta property=\"og:type\" content=\"article\" \/>\n<meta property=\"og:title\" content=\"- Hyv\u00e4 hinta 4,4\u20ac\" \/>\n<meta property=\"og:description\" content=\"Erityisesti valittu kokoelma kellojen harrastajille. Valitse uusimmista miesten ja naisten kellomalleista tyyliisi sopivat.\" \/>\n<meta property=\"og:url\" content=\"https:\/\/minubaltic.ee\/fi\/e-pood\/lisatarvikkeet\/setti-miehelle-ja-naiselle-sydamilla\/\" \/>\n<meta property=\"article:publisher\" content=\"https:\/\/www.facebook.com\/minubaltic\" \/>\n<meta property=\"og:image\" content=\"https:\/\/minubaltic.ee\/wp-content\/uploads\/2024\/02\/h-11.jpg\" \/>\n\t<meta property=\"og:image:width\" content=\"500\" \/>\n\t<meta property=\"og:image:height\" content=\"500\" \/>\n\t<meta property=\"og:image:type\" content=\"image\/jpeg\" \/>\n<meta name=\"twitter:card\" content=\"summary_large_image\" \/>\n<script type=\"application\/ld+json\" class=\"yoast-schema-graph\">{\"@context\":\"https:\\\/\\\/schema.org\",\"@graph\":[{\"@type\":\"WebPage\",\"@id\":\"https:\\\/\\\/minubaltic.ee\\\/fi\\\/e-pood\\\/lisatarvikkeet\\\/setti-miehelle-ja-naiselle-sydamilla\\\/\",\"url\":\"https:\\\/\\\/minubaltic.ee\\\/fi\\\/e-pood\\\/lisatarvikkeet\\\/setti-miehelle-ja-naiselle-sydamilla\\\/\",\"name\":\"- Hyv\u00e4 hinta 4,4\u20ac\",\"isPartOf\":{\"@id\":\"https:\\\/\\\/minubaltic.ee\\\/fi\\\/#website\"},\"primaryImageOfPage\":{\"@id\":\"https:\\\/\\\/minubaltic.ee\\\/fi\\\/e-pood\\\/lisatarvikkeet\\\/setti-miehelle-ja-naiselle-sydamilla\\\/#primaryimage\"},\"image\":{\"@id\":\"https:\\\/\\\/minubaltic.ee\\\/fi\\\/e-pood\\\/lisatarvikkeet\\\/setti-miehelle-ja-naiselle-sydamilla\\\/#primaryimage\"},\"thumbnailUrl\":\"https:\\\/\\\/minubaltic.ee\\\/wp-content\\\/uploads\\\/2024\\\/02\\\/h-11.jpg\",\"datePublished\":\"2024-02-10T15:18:38+00:00\",\"description\":\"Erityisesti valittu kokoelma kellojen harrastajille. Valitse uusimmista miesten ja naisten kellomalleista tyyliisi sopivat.\",\"breadcrumb\":{\"@id\":\"https:\\\/\\\/minubaltic.ee\\\/fi\\\/e-pood\\\/lisatarvikkeet\\\/setti-miehelle-ja-naiselle-sydamilla\\\/#breadcrumb\"},\"inLanguage\":\"fi\",\"potentialAction\":[{\"@type\":\"ReadAction\",\"target\":[\"https:\\\/\\\/minubaltic.ee\\\/fi\\\/e-pood\\\/lisatarvikkeet\\\/setti-miehelle-ja-naiselle-sydamilla\\\/\"]}]},{\"@type\":\"ImageObject\",\"inLanguage\":\"fi\",\"@id\":\"https:\\\/\\\/minubaltic.ee\\\/fi\\\/e-pood\\\/lisatarvikkeet\\\/setti-miehelle-ja-naiselle-sydamilla\\\/#primaryimage\",\"url\":\"https:\\\/\\\/minubaltic.ee\\\/wp-content\\\/uploads\\\/2024\\\/02\\\/h-11.jpg\",\"contentUrl\":\"https:\\\/\\\/minubaltic.ee\\\/wp-content\\\/uploads\\\/2024\\\/02\\\/h-11.jpg\",\"width\":500,\"height\":500},{\"@type\":\"BreadcrumbList\",\"@id\":\"https:\\\/\\\/minubaltic.ee\\\/fi\\\/e-pood\\\/lisatarvikkeet\\\/setti-miehelle-ja-naiselle-sydamilla\\\/#breadcrumb\",\"itemListElement\":[{\"@type\":\"ListItem\",\"position\":1,\"name\":\"Home\",\"item\":\"https:\\\/\\\/minubaltic.ee\\\/fi\\\/\"},{\"@type\":\"ListItem\",\"position\":2,\"name\":\"Verkkokauppa\",\"item\":\"https:\\\/\\\/minubaltic.ee\\\/fi\\\/verkkokauppa\\\/\"},{\"@type\":\"ListItem\",\"position\":3,\"name\":\"Setti miehelle ja naiselle (syd\u00e4mill\u00e4)\"}]},{\"@type\":\"WebSite\",\"@id\":\"https:\\\/\\\/minubaltic.ee\\\/fi\\\/#website\",\"url\":\"https:\\\/\\\/minubaltic.ee\\\/fi\\\/\",\"name\":\"minubaltic.ee\",\"description\":\"\",\"publisher\":{\"@id\":\"https:\\\/\\\/minubaltic.ee\\\/fi\\\/#organization\"},\"potentialAction\":[{\"@type\":\"SearchAction\",\"target\":{\"@type\":\"EntryPoint\",\"urlTemplate\":\"https:\\\/\\\/minubaltic.ee\\\/fi\\\/?s={search_term_string}\"},\"query-input\":{\"@type\":\"PropertyValueSpecification\",\"valueRequired\":true,\"valueName\":\"search_term_string\"}}],\"inLanguage\":\"fi\"},{\"@type\":\"Organization\",\"@id\":\"https:\\\/\\\/minubaltic.ee\\\/fi\\\/#organization\",\"name\":\"Minu Baltic O\u00dc\",\"url\":\"https:\\\/\\\/minubaltic.ee\\\/fi\\\/\",\"logo\":{\"@type\":\"ImageObject\",\"inLanguage\":\"fi\",\"@id\":\"https:\\\/\\\/minubaltic.ee\\\/fi\\\/#\\\/schema\\\/logo\\\/image\\\/\",\"url\":\"https:\\\/\\\/minubaltic.ee\\\/wp-content\\\/uploads\\\/2023\\\/10\\\/cropped-cropped-cropped-logo.png\",\"contentUrl\":\"https:\\\/\\\/minubaltic.ee\\\/wp-content\\\/uploads\\\/2023\\\/10\\\/cropped-cropped-cropped-logo.png\",\"width\":500,\"height\":237,\"caption\":\"Minu Baltic O\u00dc\"},\"image\":{\"@id\":\"https:\\\/\\\/minubaltic.ee\\\/fi\\\/#\\\/schema\\\/logo\\\/image\\\/\"},\"sameAs\":[\"https:\\\/\\\/www.facebook.com\\\/minubaltic\"]}]}<\/script>\n<!-- \/ Yoast SEO plugin. -->","yoast_head_json":{"title":"- Hyv\u00e4 hinta 4,4\u20ac","description":"Erityisesti valittu kokoelma kellojen harrastajille. Valitse uusimmista miesten ja naisten kellomalleista tyyliisi sopivat.","robots":{"index":"index","follow":"follow","max-snippet":"max-snippet:-1","max-image-preview":"max-image-preview:large","max-video-preview":"max-video-preview:-1"},"canonical":"https:\/\/minubaltic.ee\/fi\/e-pood\/lisatarvikkeet\/setti-miehelle-ja-naiselle-sydamilla\/","og_locale":"fi_FI","og_type":"article","og_title":"- Hyv\u00e4 hinta 4,4\u20ac","og_description":"Erityisesti valittu kokoelma kellojen harrastajille. Valitse uusimmista miesten ja naisten kellomalleista tyyliisi sopivat.","og_url":"https:\/\/minubaltic.ee\/fi\/e-pood\/lisatarvikkeet\/setti-miehelle-ja-naiselle-sydamilla\/","article_publisher":"https:\/\/www.facebook.com\/minubaltic","og_image":[{"width":500,"height":500,"url":"https:\/\/minubaltic.ee\/wp-content\/uploads\/2024\/02\/h-11.jpg","type":"image\/jpeg"}],"twitter_card":"summary_large_image","schema":{"@context":"https:\/\/schema.org","@graph":[{"@type":"WebPage","@id":"https:\/\/minubaltic.ee\/fi\/e-pood\/lisatarvikkeet\/setti-miehelle-ja-naiselle-sydamilla\/","url":"https:\/\/minubaltic.ee\/fi\/e-pood\/lisatarvikkeet\/setti-miehelle-ja-naiselle-sydamilla\/","name":"- Hyv\u00e4 hinta 4,4\u20ac","isPartOf":{"@id":"https:\/\/minubaltic.ee\/fi\/#website"},"primaryImageOfPage":{"@id":"https:\/\/minubaltic.ee\/fi\/e-pood\/lisatarvikkeet\/setti-miehelle-ja-naiselle-sydamilla\/#primaryimage"},"image":{"@id":"https:\/\/minubaltic.ee\/fi\/e-pood\/lisatarvikkeet\/setti-miehelle-ja-naiselle-sydamilla\/#primaryimage"},"thumbnailUrl":"https:\/\/minubaltic.ee\/wp-content\/uploads\/2024\/02\/h-11.jpg","datePublished":"2024-02-10T15:18:38+00:00","description":"Erityisesti valittu kokoelma kellojen harrastajille. Valitse uusimmista miesten ja naisten kellomalleista tyyliisi sopivat.","breadcrumb":{"@id":"https:\/\/minubaltic.ee\/fi\/e-pood\/lisatarvikkeet\/setti-miehelle-ja-naiselle-sydamilla\/#breadcrumb"},"inLanguage":"fi","potentialAction":[{"@type":"ReadAction","target":["https:\/\/minubaltic.ee\/fi\/e-pood\/lisatarvikkeet\/setti-miehelle-ja-naiselle-sydamilla\/"]}]},{"@type":"ImageObject","inLanguage":"fi","@id":"https:\/\/minubaltic.ee\/fi\/e-pood\/lisatarvikkeet\/setti-miehelle-ja-naiselle-sydamilla\/#primaryimage","url":"https:\/\/minubaltic.ee\/wp-content\/uploads\/2024\/02\/h-11.jpg","contentUrl":"https:\/\/minubaltic.ee\/wp-content\/uploads\/2024\/02\/h-11.jpg","width":500,"height":500},{"@type":"BreadcrumbList","@id":"https:\/\/minubaltic.ee\/fi\/e-pood\/lisatarvikkeet\/setti-miehelle-ja-naiselle-sydamilla\/#breadcrumb","itemListElement":[{"@type":"ListItem","position":1,"name":"Home","item":"https:\/\/minubaltic.ee\/fi\/"},{"@type":"ListItem","position":2,"name":"Verkkokauppa","item":"https:\/\/minubaltic.ee\/fi\/verkkokauppa\/"},{"@type":"ListItem","position":3,"name":"Setti miehelle ja naiselle (syd\u00e4mill\u00e4)"}]},{"@type":"WebSite","@id":"https:\/\/minubaltic.ee\/fi\/#website","url":"https:\/\/minubaltic.ee\/fi\/","name":"minubaltic.ee","description":"","publisher":{"@id":"https:\/\/minubaltic.ee\/fi\/#organization"},"potentialAction":[{"@type":"SearchAction","target":{"@type":"EntryPoint","urlTemplate":"https:\/\/minubaltic.ee\/fi\/?s={search_term_string}"},"query-input":{"@type":"PropertyValueSpecification","valueRequired":true,"valueName":"search_term_string"}}],"inLanguage":"fi"},{"@type":"Organization","@id":"https:\/\/minubaltic.ee\/fi\/#organization","name":"Minu Baltic O\u00dc","url":"https:\/\/minubaltic.ee\/fi\/","logo":{"@type":"ImageObject","inLanguage":"fi","@id":"https:\/\/minubaltic.ee\/fi\/#\/schema\/logo\/image\/","url":"https:\/\/minubaltic.ee\/wp-content\/uploads\/2023\/10\/cropped-cropped-cropped-logo.png","contentUrl":"https:\/\/minubaltic.ee\/wp-content\/uploads\/2023\/10\/cropped-cropped-cropped-logo.png","width":500,"height":237,"caption":"Minu Baltic O\u00dc"},"image":{"@id":"https:\/\/minubaltic.ee\/fi\/#\/schema\/logo\/image\/"},"sameAs":["https:\/\/www.facebook.com\/minubaltic"]}]}},"_links":{"self":[{"href":"https:\/\/minubaltic.ee\/fi\/wp-json\/wp\/v2\/product\/20846","targetHints":{"allow":["GET"]}}],"collection":[{"href":"https:\/\/minubaltic.ee\/fi\/wp-json\/wp\/v2\/product"}],"about":[{"href":"https:\/\/minubaltic.ee\/fi\/wp-json\/wp\/v2\/types\/product"}],"replies":[{"embeddable":true,"href":"https:\/\/minubaltic.ee\/fi\/wp-json\/wp\/v2\/comments?post=20846"}],"version-history":[{"count":0,"href":"https:\/\/minubaltic.ee\/fi\/wp-json\/wp\/v2\/product\/20846\/revisions"}],"wp:featuredmedia":[{"embeddable":true,"href":"https:\/\/minubaltic.ee\/fi\/wp-json\/wp\/v2\/media\/20847"}],"wp:attachment":[{"href":"https:\/\/minubaltic.ee\/fi\/wp-json\/wp\/v2\/media?parent=20846"}],"wp:term":[{"taxonomy":"product_brand","embeddable":true,"href":"https:\/\/minubaltic.ee\/fi\/wp-json\/wp\/v2\/product_brand?post=20846"},{"taxonomy":"product_cat","embeddable":true,"href":"https:\/\/minubaltic.ee\/fi\/wp-json\/wp\/v2\/product_cat?post=20846"},{"taxonomy":"product_tag","embeddable":true,"href":"https:\/\/minubaltic.ee\/fi\/wp-json\/wp\/v2\/product_tag?post=20846"}],"curies":[{"name":"wp","href":"https:\/\/api.w.org\/{rel}","templated":true}]}}