{"id":20811,"date":"2024-02-23T18:56:05","date_gmt":"2024-02-23T15:56:05","guid":{"rendered":"https:\/\/minubaltic.ee\/e-pood\/Ei-luokiteltu\/polaarinen-fleecehuopa-200x230-2\/"},"modified":"2025-05-12T11:07:53","modified_gmt":"2025-05-12T08:07:53","slug":"polaarinen-fleecehuopa-200x230-2","status":"publish","type":"product","link":"https:\/\/minubaltic.ee\/fi\/e-pood\/polaariset-peitot\/polaarinen-fleecehuopa-200x230-2\/","title":{"rendered":"Polaarinen fleecehuopa 200&#215;230"},"content":{"rendered":"<ul>\n<li><span class=\"product-attribute__label\"><span class=\"product-attribute__label\"><strong>Kangaskoostumus: <\/strong>polar fleece<\/span><\/span><\/li>\n<li><strong>Tuote pakkauksessa:<\/strong> 1 kpl<\/li>\n<li><strong>Paino: <\/strong>3 kg<\/li>\n<li><strong>Koko:<\/strong> 200\u00d7230 cm<\/li>\n<li><strong>Erittely:<\/strong> 1cm x 1-3cm<\/li>\n<li><strong>Kausi:<\/strong> Kaikki vuodenajat<\/li>\n<li><strong>Lis\u00e4tiedot:<\/strong> eritt\u00e4in pehme\u00e4, mukava, paksu, l\u00e4mmin, hengitt\u00e4v\u00e4.<\/li>\n<li>Tuotekuvat ovat havainnollistavia<\/li>\n<\/ul>\n","protected":false},"excerpt":{"rendered":"<p>\u2605 Kaksipuoliset peitot ovat t\u00e4ydellisi\u00e4 paitsi s\u00e4ngyn peittona, my\u00f6s rentoutumiseen sohvalla tai nojatuolissa.<br \/>\nNe ovat loistava tapa saada lis\u00e4l\u00e4mp\u00f6\u00e4 kylmin\u00e4 iltoina ja lis\u00e4t\u00e4 kodikkuutta makuuhuoneeseen.<br \/>\n\u2605 Ymp\u00e4rist\u00f6yst\u00e4v\u00e4lliset peitot on valmistettu kest\u00e4vist\u00e4 materiaaleista, ovat v\u00e4rinkest\u00e4vi\u00e4 ja eiv\u00e4t tahraa. Huovat tuntuvat toistuvan k\u00e4yt\u00f6n j\u00e4lkeen edelleen kuin uusilta.<br \/>\n\u2605 Pehme\u00e4t ja pehme\u00e4t peitot on suunniteltu ihmisille, jotka arvostavat laatua ja haluavat nauttia hyv\u00e4st\u00e4 y\u00f6unesta. Ne pit\u00e4v\u00e4t sinut l\u00e4mpim\u00e4n\u00e4 ja pit\u00e4v\u00e4t kylm\u00e4n poissa.<br \/>\n\u2605 Super pehme\u00e4t peitot ovat t\u00e4ydellinen lahja perheellesi ja yst\u00e4villesi nauttia l\u00e4mp\u00f6\u00e4 ja mukavuutta viilein\u00e4 iltoina.<\/p>\n","protected":false},"featured_media":20812,"comment_status":"open","ping_status":"closed","template":"","meta":[],"product_brand":[],"product_cat":[392,394,382],"product_tag":[406,407,399,401,400],"class_list":{"0":"post-20811","1":"product","2":"type-product","3":"status-publish","4":"has-post-thumbnail","6":"product_cat-peitot","7":"product_cat-peitot-200-230","8":"product_cat-polaariset-peitot","9":"product_tag-peitot","10":"product_tag-peitto","11":"product_tag-sahkoinen-kaupankaynti","12":"product_tag-tekstiili","13":"product_tag-verkkokauppa","15":"first","16":"outofstock","17":"shipping-taxable","18":"purchasable","19":"product-type-simple"},"yoast_head":"<!-- This site is optimized with the Yoast SEO plugin v27.3 - https:\/\/yoast.com\/product\/yoast-seo-wordpress\/ -->\n<title>- tilkkut\u00e4kki kahdelle<\/title>\n<meta name=\"description\" content=\"Huopa, pehme\u00e4, fleece, 200*230 huopia, 200x230 huopa, pit\u00e4\u00e4 l\u00e4mpim\u00e4n\u00e4, kodintekstiili, talvi, puuvilla, villa, kuviollinen, v\u00e4rillinen, neulottu, Polar huopa\" \/>\n<meta name=\"robots\" content=\"index, follow, max-snippet:-1, max-image-preview:large, max-video-preview:-1\" \/>\n<link rel=\"canonical\" href=\"https:\/\/minubaltic.ee\/fi\/e-pood\/polaariset-peitot\/polaarinen-fleecehuopa-200x230-2\/\" \/>\n<meta property=\"og:locale\" content=\"fi_FI\" \/>\n<meta property=\"og:type\" content=\"article\" \/>\n<meta property=\"og:title\" content=\"- tilkkut\u00e4kki kahdelle\" \/>\n<meta property=\"og:description\" content=\"Huopa, pehme\u00e4, fleece, 200*230 huopia, 200x230 huopa, pit\u00e4\u00e4 l\u00e4mpim\u00e4n\u00e4, kodintekstiili, talvi, puuvilla, villa, kuviollinen, v\u00e4rillinen, neulottu, Polar huopa\" \/>\n<meta property=\"og:url\" content=\"https:\/\/minubaltic.ee\/fi\/e-pood\/polaariset-peitot\/polaarinen-fleecehuopa-200x230-2\/\" \/>\n<meta property=\"article:publisher\" content=\"https:\/\/www.facebook.com\/minubaltic\" \/>\n<meta property=\"article:modified_time\" content=\"2025-05-12T08:07:53+00:00\" \/>\n<meta property=\"og:image\" content=\"https:\/\/minubaltic.ee\/wp-content\/uploads\/2024\/02\/polartekk-24-3.jpg\" \/>\n\t<meta property=\"og:image:width\" content=\"800\" \/>\n\t<meta property=\"og:image:height\" content=\"800\" \/>\n\t<meta property=\"og:image:type\" content=\"image\/jpeg\" \/>\n<meta name=\"twitter:card\" content=\"summary_large_image\" \/>\n<script type=\"application\/ld+json\" class=\"yoast-schema-graph\">{\"@context\":\"https:\\\/\\\/schema.org\",\"@graph\":[{\"@type\":\"WebPage\",\"@id\":\"https:\\\/\\\/minubaltic.ee\\\/fi\\\/e-pood\\\/polaariset-peitot\\\/polaarinen-fleecehuopa-200x230-2\\\/\",\"url\":\"https:\\\/\\\/minubaltic.ee\\\/fi\\\/e-pood\\\/polaariset-peitot\\\/polaarinen-fleecehuopa-200x230-2\\\/\",\"name\":\"- tilkkut\u00e4kki kahdelle\",\"isPartOf\":{\"@id\":\"https:\\\/\\\/minubaltic.ee\\\/fi\\\/#website\"},\"primaryImageOfPage\":{\"@id\":\"https:\\\/\\\/minubaltic.ee\\\/fi\\\/e-pood\\\/polaariset-peitot\\\/polaarinen-fleecehuopa-200x230-2\\\/#primaryimage\"},\"image\":{\"@id\":\"https:\\\/\\\/minubaltic.ee\\\/fi\\\/e-pood\\\/polaariset-peitot\\\/polaarinen-fleecehuopa-200x230-2\\\/#primaryimage\"},\"thumbnailUrl\":\"https:\\\/\\\/minubaltic.ee\\\/wp-content\\\/uploads\\\/2024\\\/02\\\/polartekk-24-3.jpg\",\"datePublished\":\"2024-02-23T15:56:05+00:00\",\"dateModified\":\"2025-05-12T08:07:53+00:00\",\"description\":\"Huopa, pehme\u00e4, fleece, 200*230 huopia, 200x230 huopa, pit\u00e4\u00e4 l\u00e4mpim\u00e4n\u00e4, kodintekstiili, talvi, puuvilla, villa, kuviollinen, v\u00e4rillinen, neulottu, Polar huopa\",\"breadcrumb\":{\"@id\":\"https:\\\/\\\/minubaltic.ee\\\/fi\\\/e-pood\\\/polaariset-peitot\\\/polaarinen-fleecehuopa-200x230-2\\\/#breadcrumb\"},\"inLanguage\":\"fi\",\"potentialAction\":[{\"@type\":\"ReadAction\",\"target\":[\"https:\\\/\\\/minubaltic.ee\\\/fi\\\/e-pood\\\/polaariset-peitot\\\/polaarinen-fleecehuopa-200x230-2\\\/\"]}]},{\"@type\":\"ImageObject\",\"inLanguage\":\"fi\",\"@id\":\"https:\\\/\\\/minubaltic.ee\\\/fi\\\/e-pood\\\/polaariset-peitot\\\/polaarinen-fleecehuopa-200x230-2\\\/#primaryimage\",\"url\":\"https:\\\/\\\/minubaltic.ee\\\/wp-content\\\/uploads\\\/2024\\\/02\\\/polartekk-24-3.jpg\",\"contentUrl\":\"https:\\\/\\\/minubaltic.ee\\\/wp-content\\\/uploads\\\/2024\\\/02\\\/polartekk-24-3.jpg\",\"width\":800,\"height\":800},{\"@type\":\"BreadcrumbList\",\"@id\":\"https:\\\/\\\/minubaltic.ee\\\/fi\\\/e-pood\\\/polaariset-peitot\\\/polaarinen-fleecehuopa-200x230-2\\\/#breadcrumb\",\"itemListElement\":[{\"@type\":\"ListItem\",\"position\":1,\"name\":\"Home\",\"item\":\"https:\\\/\\\/minubaltic.ee\\\/fi\\\/\"},{\"@type\":\"ListItem\",\"position\":2,\"name\":\"Verkkokauppa\",\"item\":\"https:\\\/\\\/minubaltic.ee\\\/fi\\\/verkkokauppa\\\/\"},{\"@type\":\"ListItem\",\"position\":3,\"name\":\"Polaarinen fleecehuopa 200&#215;230\"}]},{\"@type\":\"WebSite\",\"@id\":\"https:\\\/\\\/minubaltic.ee\\\/fi\\\/#website\",\"url\":\"https:\\\/\\\/minubaltic.ee\\\/fi\\\/\",\"name\":\"minubaltic.ee\",\"description\":\"\",\"publisher\":{\"@id\":\"https:\\\/\\\/minubaltic.ee\\\/fi\\\/#organization\"},\"potentialAction\":[{\"@type\":\"SearchAction\",\"target\":{\"@type\":\"EntryPoint\",\"urlTemplate\":\"https:\\\/\\\/minubaltic.ee\\\/fi\\\/?s={search_term_string}\"},\"query-input\":{\"@type\":\"PropertyValueSpecification\",\"valueRequired\":true,\"valueName\":\"search_term_string\"}}],\"inLanguage\":\"fi\"},{\"@type\":\"Organization\",\"@id\":\"https:\\\/\\\/minubaltic.ee\\\/fi\\\/#organization\",\"name\":\"Minu Baltic O\u00dc\",\"url\":\"https:\\\/\\\/minubaltic.ee\\\/fi\\\/\",\"logo\":{\"@type\":\"ImageObject\",\"inLanguage\":\"fi\",\"@id\":\"https:\\\/\\\/minubaltic.ee\\\/fi\\\/#\\\/schema\\\/logo\\\/image\\\/\",\"url\":\"https:\\\/\\\/minubaltic.ee\\\/wp-content\\\/uploads\\\/2023\\\/10\\\/cropped-cropped-cropped-logo.png\",\"contentUrl\":\"https:\\\/\\\/minubaltic.ee\\\/wp-content\\\/uploads\\\/2023\\\/10\\\/cropped-cropped-cropped-logo.png\",\"width\":500,\"height\":237,\"caption\":\"Minu Baltic O\u00dc\"},\"image\":{\"@id\":\"https:\\\/\\\/minubaltic.ee\\\/fi\\\/#\\\/schema\\\/logo\\\/image\\\/\"},\"sameAs\":[\"https:\\\/\\\/www.facebook.com\\\/minubaltic\"]}]}<\/script>\n<!-- \/ Yoast SEO plugin. -->","yoast_head_json":{"title":"- tilkkut\u00e4kki kahdelle","description":"Huopa, pehme\u00e4, fleece, 200*230 huopia, 200x230 huopa, pit\u00e4\u00e4 l\u00e4mpim\u00e4n\u00e4, kodintekstiili, talvi, puuvilla, villa, kuviollinen, v\u00e4rillinen, neulottu, Polar huopa","robots":{"index":"index","follow":"follow","max-snippet":"max-snippet:-1","max-image-preview":"max-image-preview:large","max-video-preview":"max-video-preview:-1"},"canonical":"https:\/\/minubaltic.ee\/fi\/e-pood\/polaariset-peitot\/polaarinen-fleecehuopa-200x230-2\/","og_locale":"fi_FI","og_type":"article","og_title":"- tilkkut\u00e4kki kahdelle","og_description":"Huopa, pehme\u00e4, fleece, 200*230 huopia, 200x230 huopa, pit\u00e4\u00e4 l\u00e4mpim\u00e4n\u00e4, kodintekstiili, talvi, puuvilla, villa, kuviollinen, v\u00e4rillinen, neulottu, Polar huopa","og_url":"https:\/\/minubaltic.ee\/fi\/e-pood\/polaariset-peitot\/polaarinen-fleecehuopa-200x230-2\/","article_publisher":"https:\/\/www.facebook.com\/minubaltic","article_modified_time":"2025-05-12T08:07:53+00:00","og_image":[{"width":800,"height":800,"url":"https:\/\/minubaltic.ee\/wp-content\/uploads\/2024\/02\/polartekk-24-3.jpg","type":"image\/jpeg"}],"twitter_card":"summary_large_image","schema":{"@context":"https:\/\/schema.org","@graph":[{"@type":"WebPage","@id":"https:\/\/minubaltic.ee\/fi\/e-pood\/polaariset-peitot\/polaarinen-fleecehuopa-200x230-2\/","url":"https:\/\/minubaltic.ee\/fi\/e-pood\/polaariset-peitot\/polaarinen-fleecehuopa-200x230-2\/","name":"- tilkkut\u00e4kki kahdelle","isPartOf":{"@id":"https:\/\/minubaltic.ee\/fi\/#website"},"primaryImageOfPage":{"@id":"https:\/\/minubaltic.ee\/fi\/e-pood\/polaariset-peitot\/polaarinen-fleecehuopa-200x230-2\/#primaryimage"},"image":{"@id":"https:\/\/minubaltic.ee\/fi\/e-pood\/polaariset-peitot\/polaarinen-fleecehuopa-200x230-2\/#primaryimage"},"thumbnailUrl":"https:\/\/minubaltic.ee\/wp-content\/uploads\/2024\/02\/polartekk-24-3.jpg","datePublished":"2024-02-23T15:56:05+00:00","dateModified":"2025-05-12T08:07:53+00:00","description":"Huopa, pehme\u00e4, fleece, 200*230 huopia, 200x230 huopa, pit\u00e4\u00e4 l\u00e4mpim\u00e4n\u00e4, kodintekstiili, talvi, puuvilla, villa, kuviollinen, v\u00e4rillinen, neulottu, Polar huopa","breadcrumb":{"@id":"https:\/\/minubaltic.ee\/fi\/e-pood\/polaariset-peitot\/polaarinen-fleecehuopa-200x230-2\/#breadcrumb"},"inLanguage":"fi","potentialAction":[{"@type":"ReadAction","target":["https:\/\/minubaltic.ee\/fi\/e-pood\/polaariset-peitot\/polaarinen-fleecehuopa-200x230-2\/"]}]},{"@type":"ImageObject","inLanguage":"fi","@id":"https:\/\/minubaltic.ee\/fi\/e-pood\/polaariset-peitot\/polaarinen-fleecehuopa-200x230-2\/#primaryimage","url":"https:\/\/minubaltic.ee\/wp-content\/uploads\/2024\/02\/polartekk-24-3.jpg","contentUrl":"https:\/\/minubaltic.ee\/wp-content\/uploads\/2024\/02\/polartekk-24-3.jpg","width":800,"height":800},{"@type":"BreadcrumbList","@id":"https:\/\/minubaltic.ee\/fi\/e-pood\/polaariset-peitot\/polaarinen-fleecehuopa-200x230-2\/#breadcrumb","itemListElement":[{"@type":"ListItem","position":1,"name":"Home","item":"https:\/\/minubaltic.ee\/fi\/"},{"@type":"ListItem","position":2,"name":"Verkkokauppa","item":"https:\/\/minubaltic.ee\/fi\/verkkokauppa\/"},{"@type":"ListItem","position":3,"name":"Polaarinen fleecehuopa 200&#215;230"}]},{"@type":"WebSite","@id":"https:\/\/minubaltic.ee\/fi\/#website","url":"https:\/\/minubaltic.ee\/fi\/","name":"minubaltic.ee","description":"","publisher":{"@id":"https:\/\/minubaltic.ee\/fi\/#organization"},"potentialAction":[{"@type":"SearchAction","target":{"@type":"EntryPoint","urlTemplate":"https:\/\/minubaltic.ee\/fi\/?s={search_term_string}"},"query-input":{"@type":"PropertyValueSpecification","valueRequired":true,"valueName":"search_term_string"}}],"inLanguage":"fi"},{"@type":"Organization","@id":"https:\/\/minubaltic.ee\/fi\/#organization","name":"Minu Baltic O\u00dc","url":"https:\/\/minubaltic.ee\/fi\/","logo":{"@type":"ImageObject","inLanguage":"fi","@id":"https:\/\/minubaltic.ee\/fi\/#\/schema\/logo\/image\/","url":"https:\/\/minubaltic.ee\/wp-content\/uploads\/2023\/10\/cropped-cropped-cropped-logo.png","contentUrl":"https:\/\/minubaltic.ee\/wp-content\/uploads\/2023\/10\/cropped-cropped-cropped-logo.png","width":500,"height":237,"caption":"Minu Baltic O\u00dc"},"image":{"@id":"https:\/\/minubaltic.ee\/fi\/#\/schema\/logo\/image\/"},"sameAs":["https:\/\/www.facebook.com\/minubaltic"]}]}},"_links":{"self":[{"href":"https:\/\/minubaltic.ee\/fi\/wp-json\/wp\/v2\/product\/20811","targetHints":{"allow":["GET"]}}],"collection":[{"href":"https:\/\/minubaltic.ee\/fi\/wp-json\/wp\/v2\/product"}],"about":[{"href":"https:\/\/minubaltic.ee\/fi\/wp-json\/wp\/v2\/types\/product"}],"replies":[{"embeddable":true,"href":"https:\/\/minubaltic.ee\/fi\/wp-json\/wp\/v2\/comments?post=20811"}],"version-history":[{"count":0,"href":"https:\/\/minubaltic.ee\/fi\/wp-json\/wp\/v2\/product\/20811\/revisions"}],"wp:featuredmedia":[{"embeddable":true,"href":"https:\/\/minubaltic.ee\/fi\/wp-json\/wp\/v2\/media\/20812"}],"wp:attachment":[{"href":"https:\/\/minubaltic.ee\/fi\/wp-json\/wp\/v2\/media?parent=20811"}],"wp:term":[{"taxonomy":"product_brand","embeddable":true,"href":"https:\/\/minubaltic.ee\/fi\/wp-json\/wp\/v2\/product_brand?post=20811"},{"taxonomy":"product_cat","embeddable":true,"href":"https:\/\/minubaltic.ee\/fi\/wp-json\/wp\/v2\/product_cat?post=20811"},{"taxonomy":"product_tag","embeddable":true,"href":"https:\/\/minubaltic.ee\/fi\/wp-json\/wp\/v2\/product_tag?post=20811"}],"curies":[{"name":"wp","href":"https:\/\/api.w.org\/{rel}","templated":true}]}}