{"id":20805,"date":"2024-02-23T20:04:08","date_gmt":"2024-02-23T17:04:08","guid":{"rendered":"https:\/\/minubaltic.ee\/e-pood\/Ei-luokiteltu\/kaksikerroksinen-peitto-200x230-2\/"},"modified":"2024-06-08T13:56:37","modified_gmt":"2024-06-08T10:56:37","slug":"kaksikerroksinen-peitto-200x230-2","status":"publish","type":"product","link":"https:\/\/minubaltic.ee\/fi\/e-pood\/raschel-peitot\/raschel-peitot-200-230\/kaksikerroksinen-peitto-200x230-2\/","title":{"rendered":"Kaksikerroksinen peitto 200&#215;230"},"content":{"rendered":"<p>\u2605 Pehme\u00e4t ja laadukkaat peitot ovat niit\u00e4, jotka tarjoavat \u00e4\u00e4rimm\u00e4ist\u00e4 mukavuutta ja l\u00e4mp\u00f6\u00e4. N\u00e4iden peittojen toisella puolella on tietty kuvioitu kangas tai v\u00e4ri ja toisella puolella eri kuvioitu kangas tai v\u00e4ri.<br \/>\n\u2605 Teet on valmistettu korkealaatuisesta materiaalista, joka on sek\u00e4 pehme\u00e4 ett\u00e4 kest\u00e4v\u00e4. N\u00e4m\u00e4 peitot erist\u00e4v\u00e4t paremmin ja pit\u00e4v\u00e4t sinut l\u00e4mpim\u00e4n\u00e4 my\u00f6s kylmimpin\u00e4 \u00f6in\u00e4. Lis\u00e4ksi niiss\u00e4 on kaunis ja tyylik\u00e4s muotoilu, joka lis\u00e4\u00e4 huoneeseen ylellisyytt\u00e4 ja kodikkuutta.<br \/>\n\u2605 Pehme\u00e4t kaksipuoliset peitot ovat t\u00e4ydellisi\u00e4 kumppaneita rentouttaviin hetkiin sohvalla tai s\u00e4ngyss\u00e4, ja ne edist\u00e4v\u00e4t varmasti hyv\u00e4\u00e4 y\u00f6unta. N\u00e4iden kansien avulla voit muuttaa huoneen nopeasti ja helposti haluamasi tyylin tai v\u00e4rin mukaan.<\/p>\n","protected":false},"excerpt":{"rendered":"<p>\u2605 Pehme\u00e4 ja ihoyst\u00e4v\u00e4llinen.<br \/>\n\u2605 Konepest\u00e4v\u00e4 \/ K\u00e4sin pest\u00e4v\u00e4 \/ \u00c4l\u00e4 valkaise \/ \u00c4l\u00e4 silit\u00e4 \/ \u00c4l\u00e4 kuivapesu.<br \/>\n\u2605 Koko: 200&#215;230 cm<br \/>\n\u2605 Paino: 3,5 kg<\/p>\n","protected":false},"featured_media":20806,"comment_status":"open","ping_status":"closed","template":"","meta":[],"product_brand":[],"product_cat":[392,394,383,741],"product_tag":[402,406,407,399,401,400],"class_list":{"0":"post-20805","1":"product","2":"type-product","3":"status-publish","4":"has-post-thumbnail","6":"product_cat-peitot","7":"product_cat-peitot-200-230","8":"product_cat-raschel-peitot","9":"product_cat-raschel-peitot-200-230","10":"product_tag-kodin-tekstiilit","11":"product_tag-peitot","12":"product_tag-peitto","13":"product_tag-sahkoinen-kaupankaynti","14":"product_tag-tekstiili","15":"product_tag-verkkokauppa","17":"first","18":"instock","19":"sale","20":"shipping-taxable","21":"purchasable","22":"product-type-simple"},"yoast_head":"<!-- This site is optimized with the Yoast SEO plugin v27.3 - https:\/\/yoast.com\/product\/yoast-seo-wordpress\/ -->\n<title>- Huovat, Huovat, L\u00e4mpim\u00e4t huovat, Huovan myynti, Huovan myynti<\/title>\n<meta name=\"description\" content=\"Huopa, Huovat, Huovat eri kokoisia, Huovat kaikkiin vuodenaikoihin, Huovat jokaiseen tilaisuuteen, Huovan osto, Huovat, Huovat, Ylelliset huovat, L\u00e4mpim\u00e4t huovat, Tyylik\u00e4s koti, Makuuhuoneen sisustus, Huovat eri kokoisia, Huovat kaikkiin vuodenaikoihin\" \/>\n<meta name=\"robots\" content=\"index, follow, max-snippet:-1, max-image-preview:large, max-video-preview:-1\" \/>\n<link rel=\"canonical\" href=\"https:\/\/minubaltic.ee\/fi\/e-pood\/raschel-peitot\/raschel-peitot-200-230\/kaksikerroksinen-peitto-200x230-2\/\" \/>\n<meta property=\"og:locale\" content=\"fi_FI\" \/>\n<meta property=\"og:type\" content=\"article\" \/>\n<meta property=\"og:title\" content=\"- Huovat, Huovat, L\u00e4mpim\u00e4t huovat, Huovan myynti, Huovan myynti\" \/>\n<meta property=\"og:description\" content=\"Huopa, Huovat, Huovat eri kokoisia, Huovat kaikkiin vuodenaikoihin, Huovat jokaiseen tilaisuuteen, Huovan osto, Huovat, Huovat, Ylelliset huovat, L\u00e4mpim\u00e4t huovat, Tyylik\u00e4s koti, Makuuhuoneen sisustus, Huovat eri kokoisia, Huovat kaikkiin vuodenaikoihin\" \/>\n<meta property=\"og:url\" content=\"https:\/\/minubaltic.ee\/fi\/e-pood\/raschel-peitot\/raschel-peitot-200-230\/kaksikerroksinen-peitto-200x230-2\/\" \/>\n<meta property=\"article:publisher\" content=\"https:\/\/www.facebook.com\/minubaltic\" \/>\n<meta property=\"article:modified_time\" content=\"2024-06-08T10:56:37+00:00\" \/>\n<meta property=\"og:image\" content=\"https:\/\/minubaltic.ee\/wp-content\/uploads\/2024\/02\/raschel24-6.jpg\" \/>\n\t<meta property=\"og:image:width\" content=\"640\" \/>\n\t<meta property=\"og:image:height\" content=\"640\" \/>\n\t<meta property=\"og:image:type\" content=\"image\/jpeg\" \/>\n<meta name=\"twitter:card\" content=\"summary_large_image\" \/>\n<meta name=\"twitter:label1\" content=\"Arvioitu lukuaika\" \/>\n\t<meta name=\"twitter:data1\" content=\"1 minuutti\" \/>\n<script type=\"application\/ld+json\" class=\"yoast-schema-graph\">{\"@context\":\"https:\\\/\\\/schema.org\",\"@graph\":[{\"@type\":\"WebPage\",\"@id\":\"https:\\\/\\\/minubaltic.ee\\\/fi\\\/e-pood\\\/raschel-peitot\\\/raschel-peitot-200-230\\\/kaksikerroksinen-peitto-200x230-2\\\/\",\"url\":\"https:\\\/\\\/minubaltic.ee\\\/fi\\\/e-pood\\\/raschel-peitot\\\/raschel-peitot-200-230\\\/kaksikerroksinen-peitto-200x230-2\\\/\",\"name\":\"- Huovat, Huovat, L\u00e4mpim\u00e4t huovat, Huovan myynti, Huovan myynti\",\"isPartOf\":{\"@id\":\"https:\\\/\\\/minubaltic.ee\\\/fi\\\/#website\"},\"primaryImageOfPage\":{\"@id\":\"https:\\\/\\\/minubaltic.ee\\\/fi\\\/e-pood\\\/raschel-peitot\\\/raschel-peitot-200-230\\\/kaksikerroksinen-peitto-200x230-2\\\/#primaryimage\"},\"image\":{\"@id\":\"https:\\\/\\\/minubaltic.ee\\\/fi\\\/e-pood\\\/raschel-peitot\\\/raschel-peitot-200-230\\\/kaksikerroksinen-peitto-200x230-2\\\/#primaryimage\"},\"thumbnailUrl\":\"https:\\\/\\\/minubaltic.ee\\\/wp-content\\\/uploads\\\/2024\\\/02\\\/raschel24-6.jpg\",\"datePublished\":\"2024-02-23T17:04:08+00:00\",\"dateModified\":\"2024-06-08T10:56:37+00:00\",\"description\":\"Huopa, Huovat, Huovat eri kokoisia, Huovat kaikkiin vuodenaikoihin, Huovat jokaiseen tilaisuuteen, Huovan osto, Huovat, Huovat, Ylelliset huovat, L\u00e4mpim\u00e4t huovat, Tyylik\u00e4s koti, Makuuhuoneen sisustus, Huovat eri kokoisia, Huovat kaikkiin vuodenaikoihin\",\"breadcrumb\":{\"@id\":\"https:\\\/\\\/minubaltic.ee\\\/fi\\\/e-pood\\\/raschel-peitot\\\/raschel-peitot-200-230\\\/kaksikerroksinen-peitto-200x230-2\\\/#breadcrumb\"},\"inLanguage\":\"fi\",\"potentialAction\":[{\"@type\":\"ReadAction\",\"target\":[\"https:\\\/\\\/minubaltic.ee\\\/fi\\\/e-pood\\\/raschel-peitot\\\/raschel-peitot-200-230\\\/kaksikerroksinen-peitto-200x230-2\\\/\"]}]},{\"@type\":\"ImageObject\",\"inLanguage\":\"fi\",\"@id\":\"https:\\\/\\\/minubaltic.ee\\\/fi\\\/e-pood\\\/raschel-peitot\\\/raschel-peitot-200-230\\\/kaksikerroksinen-peitto-200x230-2\\\/#primaryimage\",\"url\":\"https:\\\/\\\/minubaltic.ee\\\/wp-content\\\/uploads\\\/2024\\\/02\\\/raschel24-6.jpg\",\"contentUrl\":\"https:\\\/\\\/minubaltic.ee\\\/wp-content\\\/uploads\\\/2024\\\/02\\\/raschel24-6.jpg\",\"width\":640,\"height\":640},{\"@type\":\"BreadcrumbList\",\"@id\":\"https:\\\/\\\/minubaltic.ee\\\/fi\\\/e-pood\\\/raschel-peitot\\\/raschel-peitot-200-230\\\/kaksikerroksinen-peitto-200x230-2\\\/#breadcrumb\",\"itemListElement\":[{\"@type\":\"ListItem\",\"position\":1,\"name\":\"Home\",\"item\":\"https:\\\/\\\/minubaltic.ee\\\/fi\\\/\"},{\"@type\":\"ListItem\",\"position\":2,\"name\":\"Verkkokauppa\",\"item\":\"https:\\\/\\\/minubaltic.ee\\\/fi\\\/verkkokauppa\\\/\"},{\"@type\":\"ListItem\",\"position\":3,\"name\":\"Kaksikerroksinen peitto 200&#215;230\"}]},{\"@type\":\"WebSite\",\"@id\":\"https:\\\/\\\/minubaltic.ee\\\/fi\\\/#website\",\"url\":\"https:\\\/\\\/minubaltic.ee\\\/fi\\\/\",\"name\":\"minubaltic.ee\",\"description\":\"\",\"publisher\":{\"@id\":\"https:\\\/\\\/minubaltic.ee\\\/fi\\\/#organization\"},\"potentialAction\":[{\"@type\":\"SearchAction\",\"target\":{\"@type\":\"EntryPoint\",\"urlTemplate\":\"https:\\\/\\\/minubaltic.ee\\\/fi\\\/?s={search_term_string}\"},\"query-input\":{\"@type\":\"PropertyValueSpecification\",\"valueRequired\":true,\"valueName\":\"search_term_string\"}}],\"inLanguage\":\"fi\"},{\"@type\":\"Organization\",\"@id\":\"https:\\\/\\\/minubaltic.ee\\\/fi\\\/#organization\",\"name\":\"Minu Baltic O\u00dc\",\"url\":\"https:\\\/\\\/minubaltic.ee\\\/fi\\\/\",\"logo\":{\"@type\":\"ImageObject\",\"inLanguage\":\"fi\",\"@id\":\"https:\\\/\\\/minubaltic.ee\\\/fi\\\/#\\\/schema\\\/logo\\\/image\\\/\",\"url\":\"https:\\\/\\\/minubaltic.ee\\\/wp-content\\\/uploads\\\/2023\\\/10\\\/cropped-cropped-cropped-logo.png\",\"contentUrl\":\"https:\\\/\\\/minubaltic.ee\\\/wp-content\\\/uploads\\\/2023\\\/10\\\/cropped-cropped-cropped-logo.png\",\"width\":500,\"height\":237,\"caption\":\"Minu Baltic O\u00dc\"},\"image\":{\"@id\":\"https:\\\/\\\/minubaltic.ee\\\/fi\\\/#\\\/schema\\\/logo\\\/image\\\/\"},\"sameAs\":[\"https:\\\/\\\/www.facebook.com\\\/minubaltic\"]}]}<\/script>\n<!-- \/ Yoast SEO plugin. -->","yoast_head_json":{"title":"- Huovat, Huovat, L\u00e4mpim\u00e4t huovat, Huovan myynti, Huovan myynti","description":"Huopa, Huovat, Huovat eri kokoisia, Huovat kaikkiin vuodenaikoihin, Huovat jokaiseen tilaisuuteen, Huovan osto, Huovat, Huovat, Ylelliset huovat, L\u00e4mpim\u00e4t huovat, Tyylik\u00e4s koti, Makuuhuoneen sisustus, Huovat eri kokoisia, Huovat kaikkiin vuodenaikoihin","robots":{"index":"index","follow":"follow","max-snippet":"max-snippet:-1","max-image-preview":"max-image-preview:large","max-video-preview":"max-video-preview:-1"},"canonical":"https:\/\/minubaltic.ee\/fi\/e-pood\/raschel-peitot\/raschel-peitot-200-230\/kaksikerroksinen-peitto-200x230-2\/","og_locale":"fi_FI","og_type":"article","og_title":"- Huovat, Huovat, L\u00e4mpim\u00e4t huovat, Huovan myynti, Huovan myynti","og_description":"Huopa, Huovat, Huovat eri kokoisia, Huovat kaikkiin vuodenaikoihin, Huovat jokaiseen tilaisuuteen, Huovan osto, Huovat, Huovat, Ylelliset huovat, L\u00e4mpim\u00e4t huovat, Tyylik\u00e4s koti, Makuuhuoneen sisustus, Huovat eri kokoisia, Huovat kaikkiin vuodenaikoihin","og_url":"https:\/\/minubaltic.ee\/fi\/e-pood\/raschel-peitot\/raschel-peitot-200-230\/kaksikerroksinen-peitto-200x230-2\/","article_publisher":"https:\/\/www.facebook.com\/minubaltic","article_modified_time":"2024-06-08T10:56:37+00:00","og_image":[{"width":640,"height":640,"url":"https:\/\/minubaltic.ee\/wp-content\/uploads\/2024\/02\/raschel24-6.jpg","type":"image\/jpeg"}],"twitter_card":"summary_large_image","twitter_misc":{"Arvioitu lukuaika":"1 minuutti"},"schema":{"@context":"https:\/\/schema.org","@graph":[{"@type":"WebPage","@id":"https:\/\/minubaltic.ee\/fi\/e-pood\/raschel-peitot\/raschel-peitot-200-230\/kaksikerroksinen-peitto-200x230-2\/","url":"https:\/\/minubaltic.ee\/fi\/e-pood\/raschel-peitot\/raschel-peitot-200-230\/kaksikerroksinen-peitto-200x230-2\/","name":"- Huovat, Huovat, L\u00e4mpim\u00e4t huovat, Huovan myynti, Huovan myynti","isPartOf":{"@id":"https:\/\/minubaltic.ee\/fi\/#website"},"primaryImageOfPage":{"@id":"https:\/\/minubaltic.ee\/fi\/e-pood\/raschel-peitot\/raschel-peitot-200-230\/kaksikerroksinen-peitto-200x230-2\/#primaryimage"},"image":{"@id":"https:\/\/minubaltic.ee\/fi\/e-pood\/raschel-peitot\/raschel-peitot-200-230\/kaksikerroksinen-peitto-200x230-2\/#primaryimage"},"thumbnailUrl":"https:\/\/minubaltic.ee\/wp-content\/uploads\/2024\/02\/raschel24-6.jpg","datePublished":"2024-02-23T17:04:08+00:00","dateModified":"2024-06-08T10:56:37+00:00","description":"Huopa, Huovat, Huovat eri kokoisia, Huovat kaikkiin vuodenaikoihin, Huovat jokaiseen tilaisuuteen, Huovan osto, Huovat, Huovat, Ylelliset huovat, L\u00e4mpim\u00e4t huovat, Tyylik\u00e4s koti, Makuuhuoneen sisustus, Huovat eri kokoisia, Huovat kaikkiin vuodenaikoihin","breadcrumb":{"@id":"https:\/\/minubaltic.ee\/fi\/e-pood\/raschel-peitot\/raschel-peitot-200-230\/kaksikerroksinen-peitto-200x230-2\/#breadcrumb"},"inLanguage":"fi","potentialAction":[{"@type":"ReadAction","target":["https:\/\/minubaltic.ee\/fi\/e-pood\/raschel-peitot\/raschel-peitot-200-230\/kaksikerroksinen-peitto-200x230-2\/"]}]},{"@type":"ImageObject","inLanguage":"fi","@id":"https:\/\/minubaltic.ee\/fi\/e-pood\/raschel-peitot\/raschel-peitot-200-230\/kaksikerroksinen-peitto-200x230-2\/#primaryimage","url":"https:\/\/minubaltic.ee\/wp-content\/uploads\/2024\/02\/raschel24-6.jpg","contentUrl":"https:\/\/minubaltic.ee\/wp-content\/uploads\/2024\/02\/raschel24-6.jpg","width":640,"height":640},{"@type":"BreadcrumbList","@id":"https:\/\/minubaltic.ee\/fi\/e-pood\/raschel-peitot\/raschel-peitot-200-230\/kaksikerroksinen-peitto-200x230-2\/#breadcrumb","itemListElement":[{"@type":"ListItem","position":1,"name":"Home","item":"https:\/\/minubaltic.ee\/fi\/"},{"@type":"ListItem","position":2,"name":"Verkkokauppa","item":"https:\/\/minubaltic.ee\/fi\/verkkokauppa\/"},{"@type":"ListItem","position":3,"name":"Kaksikerroksinen peitto 200&#215;230"}]},{"@type":"WebSite","@id":"https:\/\/minubaltic.ee\/fi\/#website","url":"https:\/\/minubaltic.ee\/fi\/","name":"minubaltic.ee","description":"","publisher":{"@id":"https:\/\/minubaltic.ee\/fi\/#organization"},"potentialAction":[{"@type":"SearchAction","target":{"@type":"EntryPoint","urlTemplate":"https:\/\/minubaltic.ee\/fi\/?s={search_term_string}"},"query-input":{"@type":"PropertyValueSpecification","valueRequired":true,"valueName":"search_term_string"}}],"inLanguage":"fi"},{"@type":"Organization","@id":"https:\/\/minubaltic.ee\/fi\/#organization","name":"Minu Baltic O\u00dc","url":"https:\/\/minubaltic.ee\/fi\/","logo":{"@type":"ImageObject","inLanguage":"fi","@id":"https:\/\/minubaltic.ee\/fi\/#\/schema\/logo\/image\/","url":"https:\/\/minubaltic.ee\/wp-content\/uploads\/2023\/10\/cropped-cropped-cropped-logo.png","contentUrl":"https:\/\/minubaltic.ee\/wp-content\/uploads\/2023\/10\/cropped-cropped-cropped-logo.png","width":500,"height":237,"caption":"Minu Baltic O\u00dc"},"image":{"@id":"https:\/\/minubaltic.ee\/fi\/#\/schema\/logo\/image\/"},"sameAs":["https:\/\/www.facebook.com\/minubaltic"]}]}},"_links":{"self":[{"href":"https:\/\/minubaltic.ee\/fi\/wp-json\/wp\/v2\/product\/20805","targetHints":{"allow":["GET"]}}],"collection":[{"href":"https:\/\/minubaltic.ee\/fi\/wp-json\/wp\/v2\/product"}],"about":[{"href":"https:\/\/minubaltic.ee\/fi\/wp-json\/wp\/v2\/types\/product"}],"replies":[{"embeddable":true,"href":"https:\/\/minubaltic.ee\/fi\/wp-json\/wp\/v2\/comments?post=20805"}],"version-history":[{"count":0,"href":"https:\/\/minubaltic.ee\/fi\/wp-json\/wp\/v2\/product\/20805\/revisions"}],"wp:featuredmedia":[{"embeddable":true,"href":"https:\/\/minubaltic.ee\/fi\/wp-json\/wp\/v2\/media\/20806"}],"wp:attachment":[{"href":"https:\/\/minubaltic.ee\/fi\/wp-json\/wp\/v2\/media?parent=20805"}],"wp:term":[{"taxonomy":"product_brand","embeddable":true,"href":"https:\/\/minubaltic.ee\/fi\/wp-json\/wp\/v2\/product_brand?post=20805"},{"taxonomy":"product_cat","embeddable":true,"href":"https:\/\/minubaltic.ee\/fi\/wp-json\/wp\/v2\/product_cat?post=20805"},{"taxonomy":"product_tag","embeddable":true,"href":"https:\/\/minubaltic.ee\/fi\/wp-json\/wp\/v2\/product_tag?post=20805"}],"curies":[{"name":"wp","href":"https:\/\/api.w.org\/{rel}","templated":true}]}}