{"id":20761,"date":"2024-03-06T19:28:37","date_gmt":"2024-03-06T16:28:37","guid":{"rendered":"https:\/\/minubaltic.ee\/e-pood\/Ei-luokiteltu\/kylpypyyhe-70x140\/"},"modified":"2024-08-09T15:01:16","modified_gmt":"2024-08-09T12:01:16","slug":"kylpypyyhe-70x140","status":"publish","type":"product","link":"https:\/\/minubaltic.ee\/fi\/e-pood\/pyyhkeet\/kylpypyyhe-70x140\/","title":{"rendered":"Kylpypyyhe 70&#215;140"},"content":{"rendered":"<p>Tarjoamme korkealaatuisia puuvillaisia \u200b\u200bkylpypyyhkeit\u00e4. N\u00e4m\u00e4 pyyhkeet on valmistettu Japanissa, joka on tunnettu korkealaatuisesta tekstiiliteollisuudestaan. Puuvillamateriaali takaa miellytt\u00e4v\u00e4n ja pehme\u00e4n kosketuksen ja erinomaisen imukyvyn. Koska pyyhkeet ovat japanilaista tuotantoa, voit olla varma, ett\u00e4 ne on valmistettu huolellisesti ja ett\u00e4 ne t\u00e4ytt\u00e4v\u00e4t korkeat vaatimukset. Laadun lis\u00e4ksi n\u00e4iss\u00e4 pyyhkeiss\u00e4 on my\u00f6s tyylik\u00e4s ja elegantti muotoilu, joka sopii jokaiseen kotiin.<\/p>\n","protected":false},"excerpt":{"rendered":"<ul>\n<li><span class=\"product-attribute__label\">Kankaan koostumus: <\/span><span class=\"product-attribute__value\" data-attribute-code=\"fabric_composition\">100% puuvillaa<\/span><\/li>\n<li>Alkuper\u00e4maa: Japani <img loading=\"lazy\" decoding=\"async\" class=\" wd-lazy-fade wp-image-17659 alignnone\" src=\"https:\/\/minubaltic.ee\/wp-content\/themes\/woodmart\/images\/lazy.svg\" data-src=\"https:\/\/minubaltic.ee\/wp-content\/uploads\/2024\/03\/Japanese-Flag-1.jpg\" alt=\"\" width=\"22\" height=\"14\" srcset=\"\" data-srcset=\"https:\/\/minubaltic.ee\/wp-content\/uploads\/2024\/03\/Japanese-Flag-1.jpg 333w, https:\/\/minubaltic.ee\/wp-content\/uploads\/2024\/03\/Japanese-Flag-1-150x96.jpg 150w\" sizes=\"auto, (max-width: 22px) 100vw, 22px\" \/><\/li>\n<li>Tuote pakkauksessa: 1 kpl<\/li>\n<li>Koko: 70&#215;140 cm<\/li>\n<li>V\u00e4ri: Vaaleanpunainen<\/li>\n<li>Paino: 400g\/m2<\/li>\n<\/ul>\n","protected":false},"featured_media":20762,"comment_status":"open","ping_status":"closed","template":"","meta":[],"product_brand":[],"product_cat":[389,730,384],"product_tag":[402,403,399,401,400],"class_list":{"0":"post-20761","1":"product","2":"type-product","3":"status-publish","4":"has-post-thumbnail","6":"product_cat-kylpypyyhkeet","7":"product_cat-kylpypyyhkeet-70-140","8":"product_cat-pyyhkeet","9":"product_tag-kodin-tekstiilit","10":"product_tag-pyyhkeet","11":"product_tag-sahkoinen-kaupankaynti","12":"product_tag-tekstiili","13":"product_tag-verkkokauppa","15":"first","16":"outofstock","17":"sale","18":"shipping-taxable","19":"purchasable","20":"product-type-simple"},"yoast_head":"<!-- This site is optimized with the Yoast SEO plugin v27.3 - https:\/\/yoast.com\/product\/yoast-seo-wordpress\/ -->\n<title>- Puuvillaiset saunapyyhkeet ja pyyhkeet jopa 60 % alennuksella.<\/title>\n<meta name=\"description\" content=\"70x140 cm puuvillapyyhkeet ovat t\u00e4ydellisen kokoisia. Valitse suosikkiv\u00e4risi ja nauti pehmeydest\u00e4 Tuo hieman ylellisyytt\u00e4 arkeesi puuvillapyyhkeill\u00e4mme.\" \/>\n<meta name=\"robots\" content=\"index, follow, max-snippet:-1, max-image-preview:large, max-video-preview:-1\" \/>\n<link rel=\"canonical\" href=\"https:\/\/minubaltic.ee\/fi\/e-pood\/pyyhkeet\/kylpypyyhe-70x140\/\" \/>\n<meta property=\"og:locale\" content=\"fi_FI\" \/>\n<meta property=\"og:type\" content=\"article\" \/>\n<meta property=\"og:title\" content=\"- Puuvillaiset saunapyyhkeet ja pyyhkeet jopa 60 % alennuksella.\" \/>\n<meta property=\"og:description\" content=\"70x140 cm puuvillapyyhkeet ovat t\u00e4ydellisen kokoisia. Valitse suosikkiv\u00e4risi ja nauti pehmeydest\u00e4 Tuo hieman ylellisyytt\u00e4 arkeesi puuvillapyyhkeill\u00e4mme.\" \/>\n<meta property=\"og:url\" content=\"https:\/\/minubaltic.ee\/fi\/e-pood\/pyyhkeet\/kylpypyyhe-70x140\/\" \/>\n<meta property=\"article:publisher\" content=\"https:\/\/www.facebook.com\/minubaltic\" \/>\n<meta property=\"article:modified_time\" content=\"2024-08-09T12:01:16+00:00\" \/>\n<meta property=\"og:image\" content=\"https:\/\/minubaltic.ee\/wp-content\/uploads\/2024\/03\/mnrd24-6.jpeg\" \/>\n\t<meta property=\"og:image:width\" content=\"800\" \/>\n\t<meta property=\"og:image:height\" content=\"800\" \/>\n\t<meta property=\"og:image:type\" content=\"image\/jpeg\" \/>\n<meta name=\"twitter:card\" content=\"summary_large_image\" \/>\n<script type=\"application\/ld+json\" class=\"yoast-schema-graph\">{\"@context\":\"https:\\\/\\\/schema.org\",\"@graph\":[{\"@type\":\"WebPage\",\"@id\":\"https:\\\/\\\/minubaltic.ee\\\/fi\\\/e-pood\\\/pyyhkeet\\\/kylpypyyhe-70x140\\\/\",\"url\":\"https:\\\/\\\/minubaltic.ee\\\/fi\\\/e-pood\\\/pyyhkeet\\\/kylpypyyhe-70x140\\\/\",\"name\":\"- Puuvillaiset saunapyyhkeet ja pyyhkeet jopa 60 % alennuksella.\",\"isPartOf\":{\"@id\":\"https:\\\/\\\/minubaltic.ee\\\/fi\\\/#website\"},\"primaryImageOfPage\":{\"@id\":\"https:\\\/\\\/minubaltic.ee\\\/fi\\\/e-pood\\\/pyyhkeet\\\/kylpypyyhe-70x140\\\/#primaryimage\"},\"image\":{\"@id\":\"https:\\\/\\\/minubaltic.ee\\\/fi\\\/e-pood\\\/pyyhkeet\\\/kylpypyyhe-70x140\\\/#primaryimage\"},\"thumbnailUrl\":\"https:\\\/\\\/minubaltic.ee\\\/wp-content\\\/uploads\\\/2024\\\/03\\\/mnrd24-6.jpeg\",\"datePublished\":\"2024-03-06T16:28:37+00:00\",\"dateModified\":\"2024-08-09T12:01:16+00:00\",\"description\":\"70x140 cm puuvillapyyhkeet ovat t\u00e4ydellisen kokoisia. Valitse suosikkiv\u00e4risi ja nauti pehmeydest\u00e4 Tuo hieman ylellisyytt\u00e4 arkeesi puuvillapyyhkeill\u00e4mme.\",\"breadcrumb\":{\"@id\":\"https:\\\/\\\/minubaltic.ee\\\/fi\\\/e-pood\\\/pyyhkeet\\\/kylpypyyhe-70x140\\\/#breadcrumb\"},\"inLanguage\":\"fi\",\"potentialAction\":[{\"@type\":\"ReadAction\",\"target\":[\"https:\\\/\\\/minubaltic.ee\\\/fi\\\/e-pood\\\/pyyhkeet\\\/kylpypyyhe-70x140\\\/\"]}]},{\"@type\":\"ImageObject\",\"inLanguage\":\"fi\",\"@id\":\"https:\\\/\\\/minubaltic.ee\\\/fi\\\/e-pood\\\/pyyhkeet\\\/kylpypyyhe-70x140\\\/#primaryimage\",\"url\":\"https:\\\/\\\/minubaltic.ee\\\/wp-content\\\/uploads\\\/2024\\\/03\\\/mnrd24-6.jpeg\",\"contentUrl\":\"https:\\\/\\\/minubaltic.ee\\\/wp-content\\\/uploads\\\/2024\\\/03\\\/mnrd24-6.jpeg\",\"width\":800,\"height\":800},{\"@type\":\"BreadcrumbList\",\"@id\":\"https:\\\/\\\/minubaltic.ee\\\/fi\\\/e-pood\\\/pyyhkeet\\\/kylpypyyhe-70x140\\\/#breadcrumb\",\"itemListElement\":[{\"@type\":\"ListItem\",\"position\":1,\"name\":\"Home\",\"item\":\"https:\\\/\\\/minubaltic.ee\\\/fi\\\/\"},{\"@type\":\"ListItem\",\"position\":2,\"name\":\"Verkkokauppa\",\"item\":\"https:\\\/\\\/minubaltic.ee\\\/fi\\\/verkkokauppa\\\/\"},{\"@type\":\"ListItem\",\"position\":3,\"name\":\"Kylpypyyhe 70&#215;140\"}]},{\"@type\":\"WebSite\",\"@id\":\"https:\\\/\\\/minubaltic.ee\\\/fi\\\/#website\",\"url\":\"https:\\\/\\\/minubaltic.ee\\\/fi\\\/\",\"name\":\"minubaltic.ee\",\"description\":\"\",\"publisher\":{\"@id\":\"https:\\\/\\\/minubaltic.ee\\\/fi\\\/#organization\"},\"potentialAction\":[{\"@type\":\"SearchAction\",\"target\":{\"@type\":\"EntryPoint\",\"urlTemplate\":\"https:\\\/\\\/minubaltic.ee\\\/fi\\\/?s={search_term_string}\"},\"query-input\":{\"@type\":\"PropertyValueSpecification\",\"valueRequired\":true,\"valueName\":\"search_term_string\"}}],\"inLanguage\":\"fi\"},{\"@type\":\"Organization\",\"@id\":\"https:\\\/\\\/minubaltic.ee\\\/fi\\\/#organization\",\"name\":\"Minu Baltic O\u00dc\",\"url\":\"https:\\\/\\\/minubaltic.ee\\\/fi\\\/\",\"logo\":{\"@type\":\"ImageObject\",\"inLanguage\":\"fi\",\"@id\":\"https:\\\/\\\/minubaltic.ee\\\/fi\\\/#\\\/schema\\\/logo\\\/image\\\/\",\"url\":\"https:\\\/\\\/minubaltic.ee\\\/wp-content\\\/uploads\\\/2023\\\/10\\\/cropped-cropped-cropped-logo.png\",\"contentUrl\":\"https:\\\/\\\/minubaltic.ee\\\/wp-content\\\/uploads\\\/2023\\\/10\\\/cropped-cropped-cropped-logo.png\",\"width\":500,\"height\":237,\"caption\":\"Minu Baltic O\u00dc\"},\"image\":{\"@id\":\"https:\\\/\\\/minubaltic.ee\\\/fi\\\/#\\\/schema\\\/logo\\\/image\\\/\"},\"sameAs\":[\"https:\\\/\\\/www.facebook.com\\\/minubaltic\"]}]}<\/script>\n<!-- \/ Yoast SEO plugin. -->","yoast_head_json":{"title":"- Puuvillaiset saunapyyhkeet ja pyyhkeet jopa 60 % alennuksella.","description":"70x140 cm puuvillapyyhkeet ovat t\u00e4ydellisen kokoisia. Valitse suosikkiv\u00e4risi ja nauti pehmeydest\u00e4 Tuo hieman ylellisyytt\u00e4 arkeesi puuvillapyyhkeill\u00e4mme.","robots":{"index":"index","follow":"follow","max-snippet":"max-snippet:-1","max-image-preview":"max-image-preview:large","max-video-preview":"max-video-preview:-1"},"canonical":"https:\/\/minubaltic.ee\/fi\/e-pood\/pyyhkeet\/kylpypyyhe-70x140\/","og_locale":"fi_FI","og_type":"article","og_title":"- Puuvillaiset saunapyyhkeet ja pyyhkeet jopa 60 % alennuksella.","og_description":"70x140 cm puuvillapyyhkeet ovat t\u00e4ydellisen kokoisia. Valitse suosikkiv\u00e4risi ja nauti pehmeydest\u00e4 Tuo hieman ylellisyytt\u00e4 arkeesi puuvillapyyhkeill\u00e4mme.","og_url":"https:\/\/minubaltic.ee\/fi\/e-pood\/pyyhkeet\/kylpypyyhe-70x140\/","article_publisher":"https:\/\/www.facebook.com\/minubaltic","article_modified_time":"2024-08-09T12:01:16+00:00","og_image":[{"width":800,"height":800,"url":"https:\/\/minubaltic.ee\/wp-content\/uploads\/2024\/03\/mnrd24-6.jpeg","type":"image\/jpeg"}],"twitter_card":"summary_large_image","schema":{"@context":"https:\/\/schema.org","@graph":[{"@type":"WebPage","@id":"https:\/\/minubaltic.ee\/fi\/e-pood\/pyyhkeet\/kylpypyyhe-70x140\/","url":"https:\/\/minubaltic.ee\/fi\/e-pood\/pyyhkeet\/kylpypyyhe-70x140\/","name":"- Puuvillaiset saunapyyhkeet ja pyyhkeet jopa 60 % alennuksella.","isPartOf":{"@id":"https:\/\/minubaltic.ee\/fi\/#website"},"primaryImageOfPage":{"@id":"https:\/\/minubaltic.ee\/fi\/e-pood\/pyyhkeet\/kylpypyyhe-70x140\/#primaryimage"},"image":{"@id":"https:\/\/minubaltic.ee\/fi\/e-pood\/pyyhkeet\/kylpypyyhe-70x140\/#primaryimage"},"thumbnailUrl":"https:\/\/minubaltic.ee\/wp-content\/uploads\/2024\/03\/mnrd24-6.jpeg","datePublished":"2024-03-06T16:28:37+00:00","dateModified":"2024-08-09T12:01:16+00:00","description":"70x140 cm puuvillapyyhkeet ovat t\u00e4ydellisen kokoisia. Valitse suosikkiv\u00e4risi ja nauti pehmeydest\u00e4 Tuo hieman ylellisyytt\u00e4 arkeesi puuvillapyyhkeill\u00e4mme.","breadcrumb":{"@id":"https:\/\/minubaltic.ee\/fi\/e-pood\/pyyhkeet\/kylpypyyhe-70x140\/#breadcrumb"},"inLanguage":"fi","potentialAction":[{"@type":"ReadAction","target":["https:\/\/minubaltic.ee\/fi\/e-pood\/pyyhkeet\/kylpypyyhe-70x140\/"]}]},{"@type":"ImageObject","inLanguage":"fi","@id":"https:\/\/minubaltic.ee\/fi\/e-pood\/pyyhkeet\/kylpypyyhe-70x140\/#primaryimage","url":"https:\/\/minubaltic.ee\/wp-content\/uploads\/2024\/03\/mnrd24-6.jpeg","contentUrl":"https:\/\/minubaltic.ee\/wp-content\/uploads\/2024\/03\/mnrd24-6.jpeg","width":800,"height":800},{"@type":"BreadcrumbList","@id":"https:\/\/minubaltic.ee\/fi\/e-pood\/pyyhkeet\/kylpypyyhe-70x140\/#breadcrumb","itemListElement":[{"@type":"ListItem","position":1,"name":"Home","item":"https:\/\/minubaltic.ee\/fi\/"},{"@type":"ListItem","position":2,"name":"Verkkokauppa","item":"https:\/\/minubaltic.ee\/fi\/verkkokauppa\/"},{"@type":"ListItem","position":3,"name":"Kylpypyyhe 70&#215;140"}]},{"@type":"WebSite","@id":"https:\/\/minubaltic.ee\/fi\/#website","url":"https:\/\/minubaltic.ee\/fi\/","name":"minubaltic.ee","description":"","publisher":{"@id":"https:\/\/minubaltic.ee\/fi\/#organization"},"potentialAction":[{"@type":"SearchAction","target":{"@type":"EntryPoint","urlTemplate":"https:\/\/minubaltic.ee\/fi\/?s={search_term_string}"},"query-input":{"@type":"PropertyValueSpecification","valueRequired":true,"valueName":"search_term_string"}}],"inLanguage":"fi"},{"@type":"Organization","@id":"https:\/\/minubaltic.ee\/fi\/#organization","name":"Minu Baltic O\u00dc","url":"https:\/\/minubaltic.ee\/fi\/","logo":{"@type":"ImageObject","inLanguage":"fi","@id":"https:\/\/minubaltic.ee\/fi\/#\/schema\/logo\/image\/","url":"https:\/\/minubaltic.ee\/wp-content\/uploads\/2023\/10\/cropped-cropped-cropped-logo.png","contentUrl":"https:\/\/minubaltic.ee\/wp-content\/uploads\/2023\/10\/cropped-cropped-cropped-logo.png","width":500,"height":237,"caption":"Minu Baltic O\u00dc"},"image":{"@id":"https:\/\/minubaltic.ee\/fi\/#\/schema\/logo\/image\/"},"sameAs":["https:\/\/www.facebook.com\/minubaltic"]}]}},"_links":{"self":[{"href":"https:\/\/minubaltic.ee\/fi\/wp-json\/wp\/v2\/product\/20761","targetHints":{"allow":["GET"]}}],"collection":[{"href":"https:\/\/minubaltic.ee\/fi\/wp-json\/wp\/v2\/product"}],"about":[{"href":"https:\/\/minubaltic.ee\/fi\/wp-json\/wp\/v2\/types\/product"}],"replies":[{"embeddable":true,"href":"https:\/\/minubaltic.ee\/fi\/wp-json\/wp\/v2\/comments?post=20761"}],"version-history":[{"count":0,"href":"https:\/\/minubaltic.ee\/fi\/wp-json\/wp\/v2\/product\/20761\/revisions"}],"wp:featuredmedia":[{"embeddable":true,"href":"https:\/\/minubaltic.ee\/fi\/wp-json\/wp\/v2\/media\/20762"}],"wp:attachment":[{"href":"https:\/\/minubaltic.ee\/fi\/wp-json\/wp\/v2\/media?parent=20761"}],"wp:term":[{"taxonomy":"product_brand","embeddable":true,"href":"https:\/\/minubaltic.ee\/fi\/wp-json\/wp\/v2\/product_brand?post=20761"},{"taxonomy":"product_cat","embeddable":true,"href":"https:\/\/minubaltic.ee\/fi\/wp-json\/wp\/v2\/product_cat?post=20761"},{"taxonomy":"product_tag","embeddable":true,"href":"https:\/\/minubaltic.ee\/fi\/wp-json\/wp\/v2\/product_tag?post=20761"}],"curies":[{"name":"wp","href":"https:\/\/api.w.org\/{rel}","templated":true}]}}