{"id":20749,"date":"2024-03-07T13:32:42","date_gmt":"2024-03-07T10:32:42","guid":{"rendered":"https:\/\/minubaltic.ee\/e-pood\/Ei-luokiteltu\/puuvillapyyhe-sarja-3-kpl\/"},"modified":"2024-07-09T21:32:53","modified_gmt":"2024-07-09T18:32:53","slug":"puuvillapyyhe-sarja-3-kpl","status":"publish","type":"product","link":"https:\/\/minubaltic.ee\/fi\/e-pood\/pyyhkeet\/puuvillapyyhe-sarja-3-kpl\/","title":{"rendered":"Puuvillapyyhe Sarja (3 kpl)"},"content":{"rendered":"<ul>\n<li><span class=\"product-attribute__label\"><strong>Kankaan koostumus:<\/strong><\/span> <span class=\"product-attribute__value\" data-attribute-code=\"fabric_composition\">100% puuvillaa<\/span><\/li>\n<li><strong>Tuote pakkauksessa:<\/strong> 3 kpl<\/li>\n<li><strong>Koko: <\/strong>(70&#215;140 cm 1 kpl) + (35&#215;75 cm 2 kpl).<\/li>\n<li><strong>V\u00e4ri<\/strong>: Harmaa<\/li>\n<li><strong>Paino:<\/strong> 400g\/m2<\/li>\n<\/ul>\n","protected":false},"excerpt":{"rendered":"<ul>\n<li><span class=\"product-attribute__label\"><strong>Kankaan koostumus:<\/strong><\/span> <span class=\"product-attribute__value\" data-attribute-code=\"fabric_composition\">100% puuvillaa<\/span><\/li>\n<li><strong>Tuote pakkauksessa:<\/strong> 3 kpl<\/li>\n<li><strong>Koko: <\/strong>(70&#215;140 cm 1 kpl) + (35&#215;75 cm 2 kpl)<\/li>\n<li><strong>V\u00e4ri<\/strong>: Harmaa<\/li>\n<li><strong>Paino:<\/strong> 400g\/m2<\/li>\n<\/ul>\n","protected":false},"featured_media":20750,"comment_status":"open","ping_status":"closed","template":"","meta":[],"product_brand":[],"product_cat":[388,384],"product_tag":[402,403,399,401,400],"class_list":{"0":"post-20749","1":"product","2":"type-product","3":"status-publish","4":"has-post-thumbnail","6":"product_cat-pyyhesarjat","7":"product_cat-pyyhkeet","8":"product_tag-kodin-tekstiilit","9":"product_tag-pyyhkeet","10":"product_tag-sahkoinen-kaupankaynti","11":"product_tag-tekstiili","12":"product_tag-verkkokauppa","14":"first","15":"outofstock","16":"sale","17":"shipping-taxable","18":"purchasable","19":"product-type-simple"},"yoast_head":"<!-- This site is optimized with the Yoast SEO plugin v27.3 - https:\/\/yoast.com\/product\/yoast-seo-wordpress\/ -->\n<title>- 1kpl saunapyyhkeet ja 2kpl pyyhkeet<\/title>\n<meta name=\"description\" content=\"Pyyhkeet ja pyyhkeet, Pyyhkeet myynti, Pyyhkeet, Pyyhkeet, Pyyhkeet, Pyyhkeet, Pyyhkeet myyt\u00e4v\u00e4n\u00e4, Pyyhkeet, Pyyhkeet, Ylelliset kylpypyyhkeet, Pyyhkeet myyt\u00e4v\u00e4n\u00e4, Moderni taloustavarat\" \/>\n<meta name=\"robots\" content=\"index, follow, max-snippet:-1, max-image-preview:large, max-video-preview:-1\" \/>\n<link rel=\"canonical\" href=\"https:\/\/minubaltic.ee\/fi\/e-pood\/pyyhkeet\/puuvillapyyhe-sarja-3-kpl\/\" \/>\n<meta property=\"og:locale\" content=\"fi_FI\" \/>\n<meta property=\"og:type\" content=\"article\" \/>\n<meta property=\"og:title\" content=\"- 1kpl saunapyyhkeet ja 2kpl pyyhkeet\" \/>\n<meta property=\"og:description\" content=\"Pyyhkeet ja pyyhkeet, Pyyhkeet myynti, Pyyhkeet, Pyyhkeet, Pyyhkeet, Pyyhkeet, Pyyhkeet myyt\u00e4v\u00e4n\u00e4, Pyyhkeet, Pyyhkeet, Ylelliset kylpypyyhkeet, Pyyhkeet myyt\u00e4v\u00e4n\u00e4, Moderni taloustavarat\" \/>\n<meta property=\"og:url\" content=\"https:\/\/minubaltic.ee\/fi\/e-pood\/pyyhkeet\/puuvillapyyhe-sarja-3-kpl\/\" \/>\n<meta property=\"article:publisher\" content=\"https:\/\/www.facebook.com\/minubaltic\" \/>\n<meta property=\"article:modified_time\" content=\"2024-07-09T18:32:53+00:00\" \/>\n<meta property=\"og:image\" content=\"https:\/\/minubaltic.ee\/wp-content\/uploads\/2024\/03\/Yrtkd24-4.jpg\" \/>\n\t<meta property=\"og:image:width\" content=\"800\" \/>\n\t<meta property=\"og:image:height\" content=\"800\" \/>\n\t<meta property=\"og:image:type\" content=\"image\/jpeg\" \/>\n<meta name=\"twitter:card\" content=\"summary_large_image\" \/>\n<script type=\"application\/ld+json\" class=\"yoast-schema-graph\">{\"@context\":\"https:\\\/\\\/schema.org\",\"@graph\":[{\"@type\":\"WebPage\",\"@id\":\"https:\\\/\\\/minubaltic.ee\\\/fi\\\/e-pood\\\/pyyhkeet\\\/puuvillapyyhe-sarja-3-kpl\\\/\",\"url\":\"https:\\\/\\\/minubaltic.ee\\\/fi\\\/e-pood\\\/pyyhkeet\\\/puuvillapyyhe-sarja-3-kpl\\\/\",\"name\":\"- 1kpl saunapyyhkeet ja 2kpl pyyhkeet\",\"isPartOf\":{\"@id\":\"https:\\\/\\\/minubaltic.ee\\\/fi\\\/#website\"},\"primaryImageOfPage\":{\"@id\":\"https:\\\/\\\/minubaltic.ee\\\/fi\\\/e-pood\\\/pyyhkeet\\\/puuvillapyyhe-sarja-3-kpl\\\/#primaryimage\"},\"image\":{\"@id\":\"https:\\\/\\\/minubaltic.ee\\\/fi\\\/e-pood\\\/pyyhkeet\\\/puuvillapyyhe-sarja-3-kpl\\\/#primaryimage\"},\"thumbnailUrl\":\"https:\\\/\\\/minubaltic.ee\\\/wp-content\\\/uploads\\\/2024\\\/03\\\/Yrtkd24-4.jpg\",\"datePublished\":\"2024-03-07T10:32:42+00:00\",\"dateModified\":\"2024-07-09T18:32:53+00:00\",\"description\":\"Pyyhkeet ja pyyhkeet, Pyyhkeet myynti, Pyyhkeet, Pyyhkeet, Pyyhkeet, Pyyhkeet, Pyyhkeet myyt\u00e4v\u00e4n\u00e4, Pyyhkeet, Pyyhkeet, Ylelliset kylpypyyhkeet, Pyyhkeet myyt\u00e4v\u00e4n\u00e4, Moderni taloustavarat\",\"breadcrumb\":{\"@id\":\"https:\\\/\\\/minubaltic.ee\\\/fi\\\/e-pood\\\/pyyhkeet\\\/puuvillapyyhe-sarja-3-kpl\\\/#breadcrumb\"},\"inLanguage\":\"fi\",\"potentialAction\":[{\"@type\":\"ReadAction\",\"target\":[\"https:\\\/\\\/minubaltic.ee\\\/fi\\\/e-pood\\\/pyyhkeet\\\/puuvillapyyhe-sarja-3-kpl\\\/\"]}]},{\"@type\":\"ImageObject\",\"inLanguage\":\"fi\",\"@id\":\"https:\\\/\\\/minubaltic.ee\\\/fi\\\/e-pood\\\/pyyhkeet\\\/puuvillapyyhe-sarja-3-kpl\\\/#primaryimage\",\"url\":\"https:\\\/\\\/minubaltic.ee\\\/wp-content\\\/uploads\\\/2024\\\/03\\\/Yrtkd24-4.jpg\",\"contentUrl\":\"https:\\\/\\\/minubaltic.ee\\\/wp-content\\\/uploads\\\/2024\\\/03\\\/Yrtkd24-4.jpg\",\"width\":800,\"height\":800},{\"@type\":\"BreadcrumbList\",\"@id\":\"https:\\\/\\\/minubaltic.ee\\\/fi\\\/e-pood\\\/pyyhkeet\\\/puuvillapyyhe-sarja-3-kpl\\\/#breadcrumb\",\"itemListElement\":[{\"@type\":\"ListItem\",\"position\":1,\"name\":\"Home\",\"item\":\"https:\\\/\\\/minubaltic.ee\\\/fi\\\/\"},{\"@type\":\"ListItem\",\"position\":2,\"name\":\"Verkkokauppa\",\"item\":\"https:\\\/\\\/minubaltic.ee\\\/fi\\\/verkkokauppa\\\/\"},{\"@type\":\"ListItem\",\"position\":3,\"name\":\"Puuvillapyyhe Sarja (3 kpl)\"}]},{\"@type\":\"WebSite\",\"@id\":\"https:\\\/\\\/minubaltic.ee\\\/fi\\\/#website\",\"url\":\"https:\\\/\\\/minubaltic.ee\\\/fi\\\/\",\"name\":\"minubaltic.ee\",\"description\":\"\",\"publisher\":{\"@id\":\"https:\\\/\\\/minubaltic.ee\\\/fi\\\/#organization\"},\"potentialAction\":[{\"@type\":\"SearchAction\",\"target\":{\"@type\":\"EntryPoint\",\"urlTemplate\":\"https:\\\/\\\/minubaltic.ee\\\/fi\\\/?s={search_term_string}\"},\"query-input\":{\"@type\":\"PropertyValueSpecification\",\"valueRequired\":true,\"valueName\":\"search_term_string\"}}],\"inLanguage\":\"fi\"},{\"@type\":\"Organization\",\"@id\":\"https:\\\/\\\/minubaltic.ee\\\/fi\\\/#organization\",\"name\":\"Minu Baltic O\u00dc\",\"url\":\"https:\\\/\\\/minubaltic.ee\\\/fi\\\/\",\"logo\":{\"@type\":\"ImageObject\",\"inLanguage\":\"fi\",\"@id\":\"https:\\\/\\\/minubaltic.ee\\\/fi\\\/#\\\/schema\\\/logo\\\/image\\\/\",\"url\":\"https:\\\/\\\/minubaltic.ee\\\/wp-content\\\/uploads\\\/2023\\\/10\\\/cropped-cropped-cropped-logo.png\",\"contentUrl\":\"https:\\\/\\\/minubaltic.ee\\\/wp-content\\\/uploads\\\/2023\\\/10\\\/cropped-cropped-cropped-logo.png\",\"width\":500,\"height\":237,\"caption\":\"Minu Baltic O\u00dc\"},\"image\":{\"@id\":\"https:\\\/\\\/minubaltic.ee\\\/fi\\\/#\\\/schema\\\/logo\\\/image\\\/\"},\"sameAs\":[\"https:\\\/\\\/www.facebook.com\\\/minubaltic\"]}]}<\/script>\n<!-- \/ Yoast SEO plugin. -->","yoast_head_json":{"title":"- 1kpl saunapyyhkeet ja 2kpl pyyhkeet","description":"Pyyhkeet ja pyyhkeet, Pyyhkeet myynti, Pyyhkeet, Pyyhkeet, Pyyhkeet, Pyyhkeet, Pyyhkeet myyt\u00e4v\u00e4n\u00e4, Pyyhkeet, Pyyhkeet, Ylelliset kylpypyyhkeet, Pyyhkeet myyt\u00e4v\u00e4n\u00e4, Moderni taloustavarat","robots":{"index":"index","follow":"follow","max-snippet":"max-snippet:-1","max-image-preview":"max-image-preview:large","max-video-preview":"max-video-preview:-1"},"canonical":"https:\/\/minubaltic.ee\/fi\/e-pood\/pyyhkeet\/puuvillapyyhe-sarja-3-kpl\/","og_locale":"fi_FI","og_type":"article","og_title":"- 1kpl saunapyyhkeet ja 2kpl pyyhkeet","og_description":"Pyyhkeet ja pyyhkeet, Pyyhkeet myynti, Pyyhkeet, Pyyhkeet, Pyyhkeet, Pyyhkeet, Pyyhkeet myyt\u00e4v\u00e4n\u00e4, Pyyhkeet, Pyyhkeet, Ylelliset kylpypyyhkeet, Pyyhkeet myyt\u00e4v\u00e4n\u00e4, Moderni taloustavarat","og_url":"https:\/\/minubaltic.ee\/fi\/e-pood\/pyyhkeet\/puuvillapyyhe-sarja-3-kpl\/","article_publisher":"https:\/\/www.facebook.com\/minubaltic","article_modified_time":"2024-07-09T18:32:53+00:00","og_image":[{"width":800,"height":800,"url":"https:\/\/minubaltic.ee\/wp-content\/uploads\/2024\/03\/Yrtkd24-4.jpg","type":"image\/jpeg"}],"twitter_card":"summary_large_image","schema":{"@context":"https:\/\/schema.org","@graph":[{"@type":"WebPage","@id":"https:\/\/minubaltic.ee\/fi\/e-pood\/pyyhkeet\/puuvillapyyhe-sarja-3-kpl\/","url":"https:\/\/minubaltic.ee\/fi\/e-pood\/pyyhkeet\/puuvillapyyhe-sarja-3-kpl\/","name":"- 1kpl saunapyyhkeet ja 2kpl pyyhkeet","isPartOf":{"@id":"https:\/\/minubaltic.ee\/fi\/#website"},"primaryImageOfPage":{"@id":"https:\/\/minubaltic.ee\/fi\/e-pood\/pyyhkeet\/puuvillapyyhe-sarja-3-kpl\/#primaryimage"},"image":{"@id":"https:\/\/minubaltic.ee\/fi\/e-pood\/pyyhkeet\/puuvillapyyhe-sarja-3-kpl\/#primaryimage"},"thumbnailUrl":"https:\/\/minubaltic.ee\/wp-content\/uploads\/2024\/03\/Yrtkd24-4.jpg","datePublished":"2024-03-07T10:32:42+00:00","dateModified":"2024-07-09T18:32:53+00:00","description":"Pyyhkeet ja pyyhkeet, Pyyhkeet myynti, Pyyhkeet, Pyyhkeet, Pyyhkeet, Pyyhkeet, Pyyhkeet myyt\u00e4v\u00e4n\u00e4, Pyyhkeet, Pyyhkeet, Ylelliset kylpypyyhkeet, Pyyhkeet myyt\u00e4v\u00e4n\u00e4, Moderni taloustavarat","breadcrumb":{"@id":"https:\/\/minubaltic.ee\/fi\/e-pood\/pyyhkeet\/puuvillapyyhe-sarja-3-kpl\/#breadcrumb"},"inLanguage":"fi","potentialAction":[{"@type":"ReadAction","target":["https:\/\/minubaltic.ee\/fi\/e-pood\/pyyhkeet\/puuvillapyyhe-sarja-3-kpl\/"]}]},{"@type":"ImageObject","inLanguage":"fi","@id":"https:\/\/minubaltic.ee\/fi\/e-pood\/pyyhkeet\/puuvillapyyhe-sarja-3-kpl\/#primaryimage","url":"https:\/\/minubaltic.ee\/wp-content\/uploads\/2024\/03\/Yrtkd24-4.jpg","contentUrl":"https:\/\/minubaltic.ee\/wp-content\/uploads\/2024\/03\/Yrtkd24-4.jpg","width":800,"height":800},{"@type":"BreadcrumbList","@id":"https:\/\/minubaltic.ee\/fi\/e-pood\/pyyhkeet\/puuvillapyyhe-sarja-3-kpl\/#breadcrumb","itemListElement":[{"@type":"ListItem","position":1,"name":"Home","item":"https:\/\/minubaltic.ee\/fi\/"},{"@type":"ListItem","position":2,"name":"Verkkokauppa","item":"https:\/\/minubaltic.ee\/fi\/verkkokauppa\/"},{"@type":"ListItem","position":3,"name":"Puuvillapyyhe Sarja (3 kpl)"}]},{"@type":"WebSite","@id":"https:\/\/minubaltic.ee\/fi\/#website","url":"https:\/\/minubaltic.ee\/fi\/","name":"minubaltic.ee","description":"","publisher":{"@id":"https:\/\/minubaltic.ee\/fi\/#organization"},"potentialAction":[{"@type":"SearchAction","target":{"@type":"EntryPoint","urlTemplate":"https:\/\/minubaltic.ee\/fi\/?s={search_term_string}"},"query-input":{"@type":"PropertyValueSpecification","valueRequired":true,"valueName":"search_term_string"}}],"inLanguage":"fi"},{"@type":"Organization","@id":"https:\/\/minubaltic.ee\/fi\/#organization","name":"Minu Baltic O\u00dc","url":"https:\/\/minubaltic.ee\/fi\/","logo":{"@type":"ImageObject","inLanguage":"fi","@id":"https:\/\/minubaltic.ee\/fi\/#\/schema\/logo\/image\/","url":"https:\/\/minubaltic.ee\/wp-content\/uploads\/2023\/10\/cropped-cropped-cropped-logo.png","contentUrl":"https:\/\/minubaltic.ee\/wp-content\/uploads\/2023\/10\/cropped-cropped-cropped-logo.png","width":500,"height":237,"caption":"Minu Baltic O\u00dc"},"image":{"@id":"https:\/\/minubaltic.ee\/fi\/#\/schema\/logo\/image\/"},"sameAs":["https:\/\/www.facebook.com\/minubaltic"]}]}},"_links":{"self":[{"href":"https:\/\/minubaltic.ee\/fi\/wp-json\/wp\/v2\/product\/20749","targetHints":{"allow":["GET"]}}],"collection":[{"href":"https:\/\/minubaltic.ee\/fi\/wp-json\/wp\/v2\/product"}],"about":[{"href":"https:\/\/minubaltic.ee\/fi\/wp-json\/wp\/v2\/types\/product"}],"replies":[{"embeddable":true,"href":"https:\/\/minubaltic.ee\/fi\/wp-json\/wp\/v2\/comments?post=20749"}],"version-history":[{"count":0,"href":"https:\/\/minubaltic.ee\/fi\/wp-json\/wp\/v2\/product\/20749\/revisions"}],"wp:featuredmedia":[{"embeddable":true,"href":"https:\/\/minubaltic.ee\/fi\/wp-json\/wp\/v2\/media\/20750"}],"wp:attachment":[{"href":"https:\/\/minubaltic.ee\/fi\/wp-json\/wp\/v2\/media?parent=20749"}],"wp:term":[{"taxonomy":"product_brand","embeddable":true,"href":"https:\/\/minubaltic.ee\/fi\/wp-json\/wp\/v2\/product_brand?post=20749"},{"taxonomy":"product_cat","embeddable":true,"href":"https:\/\/minubaltic.ee\/fi\/wp-json\/wp\/v2\/product_cat?post=20749"},{"taxonomy":"product_tag","embeddable":true,"href":"https:\/\/minubaltic.ee\/fi\/wp-json\/wp\/v2\/product_tag?post=20749"}],"curies":[{"name":"wp","href":"https:\/\/api.w.org\/{rel}","templated":true}]}}