{"id":20741,"date":"2024-03-07T13:55:40","date_gmt":"2024-03-07T10:55:40","guid":{"rendered":"https:\/\/minubaltic.ee\/e-pood\/Ei-luokiteltu\/pyyhe-35x75-harmaa\/"},"modified":"2024-10-16T23:31:41","modified_gmt":"2024-10-16T20:31:41","slug":"pyyhe-35x75-harmaa","status":"publish","type":"product","link":"https:\/\/minubaltic.ee\/fi\/e-pood\/kasipyyhe\/pyyhe-35x75-harmaa\/","title":{"rendered":"Pyyhe 35&#215;75 (harmaa)"},"content":{"rendered":"<ul>\n<li><span class=\"product-attribute__label\">Kankaan koostumus: <\/span><span class=\"product-attribute__value\" data-attribute-code=\"fabric_composition\">100% puuvillaa<\/span><\/li>\n<li>Tuote pakkauksessa: 1 kpl<\/li>\n<li>Koko: 35&#215;75 cm<\/li>\n<li>V\u00e4ri: Harmaa<\/li>\n<li>Paino: 400g\/m2<\/li>\n<\/ul>\n","protected":false},"excerpt":{"rendered":"<ul>\n<li><span class=\"product-attribute__label\">Kankaan koostumus: <\/span><span class=\"product-attribute__value\" data-attribute-code=\"fabric_composition\">100% puuvillaa<\/span><\/li>\n<li>Tuote pakkauksessa: 1 kpl<\/li>\n<li>Koko: 35&#215;75 cm<\/li>\n<li>V\u00e4ri: Harmaa<\/li>\n<li>Paino: 400g\/m2<\/li>\n<\/ul>\n","protected":false},"featured_media":20742,"comment_status":"open","ping_status":"closed","template":"","meta":[],"product_brand":[],"product_cat":[379,384,385],"product_tag":[402,403,399,401,400],"class_list":{"0":"post-20741","1":"product","2":"type-product","3":"status-publish","4":"has-post-thumbnail","6":"product_cat-kasipyyhe","7":"product_cat-pyyhkeet","8":"product_cat-pyyhkeet-35-75","9":"product_tag-kodin-tekstiilit","10":"product_tag-pyyhkeet","11":"product_tag-sahkoinen-kaupankaynti","12":"product_tag-tekstiili","13":"product_tag-verkkokauppa","15":"first","16":"outofstock","17":"sale","18":"shipping-taxable","19":"purchasable","20":"product-type-simple"},"yoast_head":"<!-- This site is optimized with the Yoast SEO plugin v27.4 - https:\/\/yoast.com\/product\/yoast-seo-wordpress\/ -->\n<title>Pyyhe 35x75 (harmaa) - 100% puuvilla pyyhkeet alennus jopa 70%<\/title>\n<meta name=\"description\" content=\"Pyyhkeet ja kylpypyyhkeet Puuvillapyyhkeet, jotka tarjoavat \u00e4\u00e4rimm\u00e4ist\u00e4 pehmeytt\u00e4 ja mukavuutta jokap\u00e4iv\u00e4iseen k\u00e4ytt\u00f6\u00f6n. Valitse suosikkiv\u00e4risi ja nauti laadusta.\" \/>\n<meta name=\"robots\" content=\"index, follow, max-snippet:-1, max-image-preview:large, max-video-preview:-1\" \/>\n<link rel=\"canonical\" href=\"https:\/\/minubaltic.ee\/fi\/e-pood\/kasipyyhe\/pyyhe-35x75-harmaa\/\" \/>\n<meta property=\"og:locale\" content=\"fi_FI\" \/>\n<meta property=\"og:type\" content=\"article\" \/>\n<meta property=\"og:title\" content=\"Pyyhe 35x75 (harmaa) - 100% puuvilla pyyhkeet alennus jopa 70%\" \/>\n<meta property=\"og:description\" content=\"Pyyhkeet ja kylpypyyhkeet Puuvillapyyhkeet, jotka tarjoavat \u00e4\u00e4rimm\u00e4ist\u00e4 pehmeytt\u00e4 ja mukavuutta jokap\u00e4iv\u00e4iseen k\u00e4ytt\u00f6\u00f6n. Valitse suosikkiv\u00e4risi ja nauti laadusta.\" \/>\n<meta property=\"og:url\" content=\"https:\/\/minubaltic.ee\/fi\/e-pood\/kasipyyhe\/pyyhe-35x75-harmaa\/\" \/>\n<meta property=\"article:publisher\" content=\"https:\/\/www.facebook.com\/minubaltic\" \/>\n<meta property=\"article:modified_time\" content=\"2024-10-16T20:31:41+00:00\" \/>\n<meta property=\"og:image\" content=\"https:\/\/minubaltic.ee\/wp-content\/uploads\/2024\/03\/Yrtkd24-11.jpg\" \/>\n\t<meta property=\"og:image:width\" content=\"800\" \/>\n\t<meta property=\"og:image:height\" content=\"800\" \/>\n\t<meta property=\"og:image:type\" content=\"image\/jpeg\" \/>\n<meta name=\"twitter:card\" content=\"summary_large_image\" \/>\n<script type=\"application\/ld+json\" class=\"yoast-schema-graph\">{\"@context\":\"https:\\\/\\\/schema.org\",\"@graph\":[{\"@type\":\"WebPage\",\"@id\":\"https:\\\/\\\/minubaltic.ee\\\/fi\\\/e-pood\\\/kasipyyhe\\\/pyyhe-35x75-harmaa\\\/\",\"url\":\"https:\\\/\\\/minubaltic.ee\\\/fi\\\/e-pood\\\/kasipyyhe\\\/pyyhe-35x75-harmaa\\\/\",\"name\":\"Pyyhe 35x75 (harmaa) - 100% puuvilla pyyhkeet alennus jopa 70%\",\"isPartOf\":{\"@id\":\"https:\\\/\\\/minubaltic.ee\\\/fi\\\/#website\"},\"primaryImageOfPage\":{\"@id\":\"https:\\\/\\\/minubaltic.ee\\\/fi\\\/e-pood\\\/kasipyyhe\\\/pyyhe-35x75-harmaa\\\/#primaryimage\"},\"image\":{\"@id\":\"https:\\\/\\\/minubaltic.ee\\\/fi\\\/e-pood\\\/kasipyyhe\\\/pyyhe-35x75-harmaa\\\/#primaryimage\"},\"thumbnailUrl\":\"https:\\\/\\\/minubaltic.ee\\\/wp-content\\\/uploads\\\/2024\\\/03\\\/Yrtkd24-11.jpg\",\"datePublished\":\"2024-03-07T10:55:40+00:00\",\"dateModified\":\"2024-10-16T20:31:41+00:00\",\"description\":\"Pyyhkeet ja kylpypyyhkeet Puuvillapyyhkeet, jotka tarjoavat \u00e4\u00e4rimm\u00e4ist\u00e4 pehmeytt\u00e4 ja mukavuutta jokap\u00e4iv\u00e4iseen k\u00e4ytt\u00f6\u00f6n. Valitse suosikkiv\u00e4risi ja nauti laadusta.\",\"breadcrumb\":{\"@id\":\"https:\\\/\\\/minubaltic.ee\\\/fi\\\/e-pood\\\/kasipyyhe\\\/pyyhe-35x75-harmaa\\\/#breadcrumb\"},\"inLanguage\":\"fi\",\"potentialAction\":[{\"@type\":\"ReadAction\",\"target\":[\"https:\\\/\\\/minubaltic.ee\\\/fi\\\/e-pood\\\/kasipyyhe\\\/pyyhe-35x75-harmaa\\\/\"]}]},{\"@type\":\"ImageObject\",\"inLanguage\":\"fi\",\"@id\":\"https:\\\/\\\/minubaltic.ee\\\/fi\\\/e-pood\\\/kasipyyhe\\\/pyyhe-35x75-harmaa\\\/#primaryimage\",\"url\":\"https:\\\/\\\/minubaltic.ee\\\/wp-content\\\/uploads\\\/2024\\\/03\\\/Yrtkd24-11.jpg\",\"contentUrl\":\"https:\\\/\\\/minubaltic.ee\\\/wp-content\\\/uploads\\\/2024\\\/03\\\/Yrtkd24-11.jpg\",\"width\":800,\"height\":800},{\"@type\":\"BreadcrumbList\",\"@id\":\"https:\\\/\\\/minubaltic.ee\\\/fi\\\/e-pood\\\/kasipyyhe\\\/pyyhe-35x75-harmaa\\\/#breadcrumb\",\"itemListElement\":[{\"@type\":\"ListItem\",\"position\":1,\"name\":\"Home\",\"item\":\"https:\\\/\\\/minubaltic.ee\\\/fi\\\/\"},{\"@type\":\"ListItem\",\"position\":2,\"name\":\"Verkkokauppa\",\"item\":\"https:\\\/\\\/minubaltic.ee\\\/fi\\\/verkkokauppa\\\/\"},{\"@type\":\"ListItem\",\"position\":3,\"name\":\"Pyyhe 35&#215;75 (harmaa)\"}]},{\"@type\":\"WebSite\",\"@id\":\"https:\\\/\\\/minubaltic.ee\\\/fi\\\/#website\",\"url\":\"https:\\\/\\\/minubaltic.ee\\\/fi\\\/\",\"name\":\"minubaltic.ee\",\"description\":\"\",\"publisher\":{\"@id\":\"https:\\\/\\\/minubaltic.ee\\\/fi\\\/#organization\"},\"potentialAction\":[{\"@type\":\"SearchAction\",\"target\":{\"@type\":\"EntryPoint\",\"urlTemplate\":\"https:\\\/\\\/minubaltic.ee\\\/fi\\\/?s={search_term_string}\"},\"query-input\":{\"@type\":\"PropertyValueSpecification\",\"valueRequired\":true,\"valueName\":\"search_term_string\"}}],\"inLanguage\":\"fi\"},{\"@type\":\"Organization\",\"@id\":\"https:\\\/\\\/minubaltic.ee\\\/fi\\\/#organization\",\"name\":\"Minu Baltic O\u00dc\",\"url\":\"https:\\\/\\\/minubaltic.ee\\\/fi\\\/\",\"logo\":{\"@type\":\"ImageObject\",\"inLanguage\":\"fi\",\"@id\":\"https:\\\/\\\/minubaltic.ee\\\/fi\\\/#\\\/schema\\\/logo\\\/image\\\/\",\"url\":\"https:\\\/\\\/minubaltic.ee\\\/wp-content\\\/uploads\\\/2023\\\/10\\\/cropped-cropped-cropped-logo.png\",\"contentUrl\":\"https:\\\/\\\/minubaltic.ee\\\/wp-content\\\/uploads\\\/2023\\\/10\\\/cropped-cropped-cropped-logo.png\",\"width\":500,\"height\":237,\"caption\":\"Minu Baltic O\u00dc\"},\"image\":{\"@id\":\"https:\\\/\\\/minubaltic.ee\\\/fi\\\/#\\\/schema\\\/logo\\\/image\\\/\"},\"sameAs\":[\"https:\\\/\\\/www.facebook.com\\\/minubaltic\"]}]}<\/script>\n<!-- \/ Yoast SEO plugin. -->","yoast_head_json":{"title":"Pyyhe 35x75 (harmaa) - 100% puuvilla pyyhkeet alennus jopa 70%","description":"Pyyhkeet ja kylpypyyhkeet Puuvillapyyhkeet, jotka tarjoavat \u00e4\u00e4rimm\u00e4ist\u00e4 pehmeytt\u00e4 ja mukavuutta jokap\u00e4iv\u00e4iseen k\u00e4ytt\u00f6\u00f6n. Valitse suosikkiv\u00e4risi ja nauti laadusta.","robots":{"index":"index","follow":"follow","max-snippet":"max-snippet:-1","max-image-preview":"max-image-preview:large","max-video-preview":"max-video-preview:-1"},"canonical":"https:\/\/minubaltic.ee\/fi\/e-pood\/kasipyyhe\/pyyhe-35x75-harmaa\/","og_locale":"fi_FI","og_type":"article","og_title":"Pyyhe 35x75 (harmaa) - 100% puuvilla pyyhkeet alennus jopa 70%","og_description":"Pyyhkeet ja kylpypyyhkeet Puuvillapyyhkeet, jotka tarjoavat \u00e4\u00e4rimm\u00e4ist\u00e4 pehmeytt\u00e4 ja mukavuutta jokap\u00e4iv\u00e4iseen k\u00e4ytt\u00f6\u00f6n. Valitse suosikkiv\u00e4risi ja nauti laadusta.","og_url":"https:\/\/minubaltic.ee\/fi\/e-pood\/kasipyyhe\/pyyhe-35x75-harmaa\/","article_publisher":"https:\/\/www.facebook.com\/minubaltic","article_modified_time":"2024-10-16T20:31:41+00:00","og_image":[{"width":800,"height":800,"url":"https:\/\/minubaltic.ee\/wp-content\/uploads\/2024\/03\/Yrtkd24-11.jpg","type":"image\/jpeg"}],"twitter_card":"summary_large_image","schema":{"@context":"https:\/\/schema.org","@graph":[{"@type":"WebPage","@id":"https:\/\/minubaltic.ee\/fi\/e-pood\/kasipyyhe\/pyyhe-35x75-harmaa\/","url":"https:\/\/minubaltic.ee\/fi\/e-pood\/kasipyyhe\/pyyhe-35x75-harmaa\/","name":"Pyyhe 35x75 (harmaa) - 100% puuvilla pyyhkeet alennus jopa 70%","isPartOf":{"@id":"https:\/\/minubaltic.ee\/fi\/#website"},"primaryImageOfPage":{"@id":"https:\/\/minubaltic.ee\/fi\/e-pood\/kasipyyhe\/pyyhe-35x75-harmaa\/#primaryimage"},"image":{"@id":"https:\/\/minubaltic.ee\/fi\/e-pood\/kasipyyhe\/pyyhe-35x75-harmaa\/#primaryimage"},"thumbnailUrl":"https:\/\/minubaltic.ee\/wp-content\/uploads\/2024\/03\/Yrtkd24-11.jpg","datePublished":"2024-03-07T10:55:40+00:00","dateModified":"2024-10-16T20:31:41+00:00","description":"Pyyhkeet ja kylpypyyhkeet Puuvillapyyhkeet, jotka tarjoavat \u00e4\u00e4rimm\u00e4ist\u00e4 pehmeytt\u00e4 ja mukavuutta jokap\u00e4iv\u00e4iseen k\u00e4ytt\u00f6\u00f6n. Valitse suosikkiv\u00e4risi ja nauti laadusta.","breadcrumb":{"@id":"https:\/\/minubaltic.ee\/fi\/e-pood\/kasipyyhe\/pyyhe-35x75-harmaa\/#breadcrumb"},"inLanguage":"fi","potentialAction":[{"@type":"ReadAction","target":["https:\/\/minubaltic.ee\/fi\/e-pood\/kasipyyhe\/pyyhe-35x75-harmaa\/"]}]},{"@type":"ImageObject","inLanguage":"fi","@id":"https:\/\/minubaltic.ee\/fi\/e-pood\/kasipyyhe\/pyyhe-35x75-harmaa\/#primaryimage","url":"https:\/\/minubaltic.ee\/wp-content\/uploads\/2024\/03\/Yrtkd24-11.jpg","contentUrl":"https:\/\/minubaltic.ee\/wp-content\/uploads\/2024\/03\/Yrtkd24-11.jpg","width":800,"height":800},{"@type":"BreadcrumbList","@id":"https:\/\/minubaltic.ee\/fi\/e-pood\/kasipyyhe\/pyyhe-35x75-harmaa\/#breadcrumb","itemListElement":[{"@type":"ListItem","position":1,"name":"Home","item":"https:\/\/minubaltic.ee\/fi\/"},{"@type":"ListItem","position":2,"name":"Verkkokauppa","item":"https:\/\/minubaltic.ee\/fi\/verkkokauppa\/"},{"@type":"ListItem","position":3,"name":"Pyyhe 35&#215;75 (harmaa)"}]},{"@type":"WebSite","@id":"https:\/\/minubaltic.ee\/fi\/#website","url":"https:\/\/minubaltic.ee\/fi\/","name":"minubaltic.ee","description":"","publisher":{"@id":"https:\/\/minubaltic.ee\/fi\/#organization"},"potentialAction":[{"@type":"SearchAction","target":{"@type":"EntryPoint","urlTemplate":"https:\/\/minubaltic.ee\/fi\/?s={search_term_string}"},"query-input":{"@type":"PropertyValueSpecification","valueRequired":true,"valueName":"search_term_string"}}],"inLanguage":"fi"},{"@type":"Organization","@id":"https:\/\/minubaltic.ee\/fi\/#organization","name":"Minu Baltic O\u00dc","url":"https:\/\/minubaltic.ee\/fi\/","logo":{"@type":"ImageObject","inLanguage":"fi","@id":"https:\/\/minubaltic.ee\/fi\/#\/schema\/logo\/image\/","url":"https:\/\/minubaltic.ee\/wp-content\/uploads\/2023\/10\/cropped-cropped-cropped-logo.png","contentUrl":"https:\/\/minubaltic.ee\/wp-content\/uploads\/2023\/10\/cropped-cropped-cropped-logo.png","width":500,"height":237,"caption":"Minu Baltic O\u00dc"},"image":{"@id":"https:\/\/minubaltic.ee\/fi\/#\/schema\/logo\/image\/"},"sameAs":["https:\/\/www.facebook.com\/minubaltic"]}]}},"_links":{"self":[{"href":"https:\/\/minubaltic.ee\/fi\/wp-json\/wp\/v2\/product\/20741","targetHints":{"allow":["GET"]}}],"collection":[{"href":"https:\/\/minubaltic.ee\/fi\/wp-json\/wp\/v2\/product"}],"about":[{"href":"https:\/\/minubaltic.ee\/fi\/wp-json\/wp\/v2\/types\/product"}],"replies":[{"embeddable":true,"href":"https:\/\/minubaltic.ee\/fi\/wp-json\/wp\/v2\/comments?post=20741"}],"version-history":[{"count":0,"href":"https:\/\/minubaltic.ee\/fi\/wp-json\/wp\/v2\/product\/20741\/revisions"}],"wp:featuredmedia":[{"embeddable":true,"href":"https:\/\/minubaltic.ee\/fi\/wp-json\/wp\/v2\/media\/20742"}],"wp:attachment":[{"href":"https:\/\/minubaltic.ee\/fi\/wp-json\/wp\/v2\/media?parent=20741"}],"wp:term":[{"taxonomy":"product_brand","embeddable":true,"href":"https:\/\/minubaltic.ee\/fi\/wp-json\/wp\/v2\/product_brand?post=20741"},{"taxonomy":"product_cat","embeddable":true,"href":"https:\/\/minubaltic.ee\/fi\/wp-json\/wp\/v2\/product_cat?post=20741"},{"taxonomy":"product_tag","embeddable":true,"href":"https:\/\/minubaltic.ee\/fi\/wp-json\/wp\/v2\/product_tag?post=20741"}],"curies":[{"name":"wp","href":"https:\/\/api.w.org\/{rel}","templated":true}]}}