{"id":20735,"date":"2024-03-07T14:26:02","date_gmt":"2024-03-07T11:26:02","guid":{"rendered":"https:\/\/minubaltic.ee\/e-pood\/Ei-luokiteltu\/kylpypyyhe-70x140-vaaleankeltainen\/"},"modified":"2024-08-19T09:55:15","modified_gmt":"2024-08-19T06:55:15","slug":"kylpypyyhe-70x140-vaaleankeltainen","status":"publish","type":"product","link":"https:\/\/minubaltic.ee\/fi\/e-pood\/pyyhkeet\/kylpypyyhe-70x140-vaaleankeltainen\/","title":{"rendered":"Kylpypyyhe 70&#215;140 (vaaleankeltainen)"},"content":{"rendered":"<p>Pehme\u00e4 ja herkk\u00e4 pyyhe on olennainen osa jokaista kylpyhuonetta. Valikoimastamme l\u00f6yd\u00e4t erilaisia malleja ja kylpypyyhesarjoja halutun tiheyden ja mittojen mukaan.<\/p>\n","protected":false},"excerpt":{"rendered":"<ul>\n<li><span class=\"product-attribute__label\">Kankaan koostumus: <\/span><span class=\"product-attribute__value\" data-attribute-code=\"fabric_composition\">100% puuvillaa<\/span><\/li>\n<li>Tuote pakkauksessa: 1 kpl<\/li>\n<li>Koko: 70&#215;140 cm<\/li>\n<li>V\u00e4ri: Vaaleankeltainen<\/li>\n<li>Paino: 400g\/m2<\/li>\n<\/ul>\n","protected":false},"featured_media":20736,"comment_status":"open","ping_status":"closed","template":"","meta":[],"product_brand":[],"product_cat":[389,730,384],"product_tag":[402,403,399,401,400],"class_list":{"0":"post-20735","1":"product","2":"type-product","3":"status-publish","4":"has-post-thumbnail","6":"product_cat-kylpypyyhkeet","7":"product_cat-kylpypyyhkeet-70-140","8":"product_cat-pyyhkeet","9":"product_tag-kodin-tekstiilit","10":"product_tag-pyyhkeet","11":"product_tag-sahkoinen-kaupankaynti","12":"product_tag-tekstiili","13":"product_tag-verkkokauppa","15":"first","16":"outofstock","17":"sale","18":"shipping-taxable","19":"purchasable","20":"product-type-simple"},"yoast_head":"<!-- This site is optimized with the Yoast SEO plugin v27.3 - https:\/\/yoast.com\/product\/yoast-seo-wordpress\/ -->\n<title>- Puuvilla kylpypyyhe 5\u20ac<\/title>\n<meta name=\"description\" content=\"70x140 cm puuvillapyyhkeet ovat t\u00e4ydellisen kokoisia. Valitse suosikkiv\u00e4risi ja nauti pehmeydest\u00e4 Tuo hieman ylellisyytt\u00e4 arkeesi puuvillapyyhkeill\u00e4mme.\" \/>\n<meta name=\"robots\" content=\"index, follow, max-snippet:-1, max-image-preview:large, max-video-preview:-1\" \/>\n<link rel=\"canonical\" href=\"https:\/\/minubaltic.ee\/fi\/e-pood\/pyyhkeet\/kylpypyyhe-70x140-vaaleankeltainen\/\" \/>\n<meta property=\"og:locale\" content=\"fi_FI\" \/>\n<meta property=\"og:type\" content=\"article\" \/>\n<meta property=\"og:title\" content=\"- Puuvilla kylpypyyhe 5\u20ac\" \/>\n<meta property=\"og:description\" content=\"70x140 cm puuvillapyyhkeet ovat t\u00e4ydellisen kokoisia. Valitse suosikkiv\u00e4risi ja nauti pehmeydest\u00e4 Tuo hieman ylellisyytt\u00e4 arkeesi puuvillapyyhkeill\u00e4mme.\" \/>\n<meta property=\"og:url\" content=\"https:\/\/minubaltic.ee\/fi\/e-pood\/pyyhkeet\/kylpypyyhe-70x140-vaaleankeltainen\/\" \/>\n<meta property=\"article:publisher\" content=\"https:\/\/www.facebook.com\/minubaltic\" \/>\n<meta property=\"article:modified_time\" content=\"2024-08-19T06:55:15+00:00\" \/>\n<meta property=\"og:image\" content=\"https:\/\/minubaltic.ee\/wp-content\/uploads\/2024\/03\/Yrtkd24-1.jpg\" \/>\n\t<meta property=\"og:image:width\" content=\"800\" \/>\n\t<meta property=\"og:image:height\" content=\"800\" \/>\n\t<meta property=\"og:image:type\" content=\"image\/jpeg\" \/>\n<meta name=\"twitter:card\" content=\"summary_large_image\" \/>\n<script type=\"application\/ld+json\" class=\"yoast-schema-graph\">{\"@context\":\"https:\\\/\\\/schema.org\",\"@graph\":[{\"@type\":\"WebPage\",\"@id\":\"https:\\\/\\\/minubaltic.ee\\\/fi\\\/e-pood\\\/pyyhkeet\\\/kylpypyyhe-70x140-vaaleankeltainen\\\/\",\"url\":\"https:\\\/\\\/minubaltic.ee\\\/fi\\\/e-pood\\\/pyyhkeet\\\/kylpypyyhe-70x140-vaaleankeltainen\\\/\",\"name\":\"- Puuvilla kylpypyyhe 5\u20ac\",\"isPartOf\":{\"@id\":\"https:\\\/\\\/minubaltic.ee\\\/fi\\\/#website\"},\"primaryImageOfPage\":{\"@id\":\"https:\\\/\\\/minubaltic.ee\\\/fi\\\/e-pood\\\/pyyhkeet\\\/kylpypyyhe-70x140-vaaleankeltainen\\\/#primaryimage\"},\"image\":{\"@id\":\"https:\\\/\\\/minubaltic.ee\\\/fi\\\/e-pood\\\/pyyhkeet\\\/kylpypyyhe-70x140-vaaleankeltainen\\\/#primaryimage\"},\"thumbnailUrl\":\"https:\\\/\\\/minubaltic.ee\\\/wp-content\\\/uploads\\\/2024\\\/03\\\/Yrtkd24-1.jpg\",\"datePublished\":\"2024-03-07T11:26:02+00:00\",\"dateModified\":\"2024-08-19T06:55:15+00:00\",\"description\":\"70x140 cm puuvillapyyhkeet ovat t\u00e4ydellisen kokoisia. Valitse suosikkiv\u00e4risi ja nauti pehmeydest\u00e4 Tuo hieman ylellisyytt\u00e4 arkeesi puuvillapyyhkeill\u00e4mme.\",\"breadcrumb\":{\"@id\":\"https:\\\/\\\/minubaltic.ee\\\/fi\\\/e-pood\\\/pyyhkeet\\\/kylpypyyhe-70x140-vaaleankeltainen\\\/#breadcrumb\"},\"inLanguage\":\"fi\",\"potentialAction\":[{\"@type\":\"ReadAction\",\"target\":[\"https:\\\/\\\/minubaltic.ee\\\/fi\\\/e-pood\\\/pyyhkeet\\\/kylpypyyhe-70x140-vaaleankeltainen\\\/\"]}]},{\"@type\":\"ImageObject\",\"inLanguage\":\"fi\",\"@id\":\"https:\\\/\\\/minubaltic.ee\\\/fi\\\/e-pood\\\/pyyhkeet\\\/kylpypyyhe-70x140-vaaleankeltainen\\\/#primaryimage\",\"url\":\"https:\\\/\\\/minubaltic.ee\\\/wp-content\\\/uploads\\\/2024\\\/03\\\/Yrtkd24-1.jpg\",\"contentUrl\":\"https:\\\/\\\/minubaltic.ee\\\/wp-content\\\/uploads\\\/2024\\\/03\\\/Yrtkd24-1.jpg\",\"width\":800,\"height\":800},{\"@type\":\"BreadcrumbList\",\"@id\":\"https:\\\/\\\/minubaltic.ee\\\/fi\\\/e-pood\\\/pyyhkeet\\\/kylpypyyhe-70x140-vaaleankeltainen\\\/#breadcrumb\",\"itemListElement\":[{\"@type\":\"ListItem\",\"position\":1,\"name\":\"Home\",\"item\":\"https:\\\/\\\/minubaltic.ee\\\/fi\\\/\"},{\"@type\":\"ListItem\",\"position\":2,\"name\":\"Verkkokauppa\",\"item\":\"https:\\\/\\\/minubaltic.ee\\\/fi\\\/verkkokauppa\\\/\"},{\"@type\":\"ListItem\",\"position\":3,\"name\":\"Kylpypyyhe 70&#215;140 (vaaleankeltainen)\"}]},{\"@type\":\"WebSite\",\"@id\":\"https:\\\/\\\/minubaltic.ee\\\/fi\\\/#website\",\"url\":\"https:\\\/\\\/minubaltic.ee\\\/fi\\\/\",\"name\":\"minubaltic.ee\",\"description\":\"\",\"publisher\":{\"@id\":\"https:\\\/\\\/minubaltic.ee\\\/fi\\\/#organization\"},\"potentialAction\":[{\"@type\":\"SearchAction\",\"target\":{\"@type\":\"EntryPoint\",\"urlTemplate\":\"https:\\\/\\\/minubaltic.ee\\\/fi\\\/?s={search_term_string}\"},\"query-input\":{\"@type\":\"PropertyValueSpecification\",\"valueRequired\":true,\"valueName\":\"search_term_string\"}}],\"inLanguage\":\"fi\"},{\"@type\":\"Organization\",\"@id\":\"https:\\\/\\\/minubaltic.ee\\\/fi\\\/#organization\",\"name\":\"Minu Baltic O\u00dc\",\"url\":\"https:\\\/\\\/minubaltic.ee\\\/fi\\\/\",\"logo\":{\"@type\":\"ImageObject\",\"inLanguage\":\"fi\",\"@id\":\"https:\\\/\\\/minubaltic.ee\\\/fi\\\/#\\\/schema\\\/logo\\\/image\\\/\",\"url\":\"https:\\\/\\\/minubaltic.ee\\\/wp-content\\\/uploads\\\/2023\\\/10\\\/cropped-cropped-cropped-logo.png\",\"contentUrl\":\"https:\\\/\\\/minubaltic.ee\\\/wp-content\\\/uploads\\\/2023\\\/10\\\/cropped-cropped-cropped-logo.png\",\"width\":500,\"height\":237,\"caption\":\"Minu Baltic O\u00dc\"},\"image\":{\"@id\":\"https:\\\/\\\/minubaltic.ee\\\/fi\\\/#\\\/schema\\\/logo\\\/image\\\/\"},\"sameAs\":[\"https:\\\/\\\/www.facebook.com\\\/minubaltic\"]}]}<\/script>\n<!-- \/ Yoast SEO plugin. -->","yoast_head_json":{"title":"- Puuvilla kylpypyyhe 5\u20ac","description":"70x140 cm puuvillapyyhkeet ovat t\u00e4ydellisen kokoisia. Valitse suosikkiv\u00e4risi ja nauti pehmeydest\u00e4 Tuo hieman ylellisyytt\u00e4 arkeesi puuvillapyyhkeill\u00e4mme.","robots":{"index":"index","follow":"follow","max-snippet":"max-snippet:-1","max-image-preview":"max-image-preview:large","max-video-preview":"max-video-preview:-1"},"canonical":"https:\/\/minubaltic.ee\/fi\/e-pood\/pyyhkeet\/kylpypyyhe-70x140-vaaleankeltainen\/","og_locale":"fi_FI","og_type":"article","og_title":"- Puuvilla kylpypyyhe 5\u20ac","og_description":"70x140 cm puuvillapyyhkeet ovat t\u00e4ydellisen kokoisia. Valitse suosikkiv\u00e4risi ja nauti pehmeydest\u00e4 Tuo hieman ylellisyytt\u00e4 arkeesi puuvillapyyhkeill\u00e4mme.","og_url":"https:\/\/minubaltic.ee\/fi\/e-pood\/pyyhkeet\/kylpypyyhe-70x140-vaaleankeltainen\/","article_publisher":"https:\/\/www.facebook.com\/minubaltic","article_modified_time":"2024-08-19T06:55:15+00:00","og_image":[{"width":800,"height":800,"url":"https:\/\/minubaltic.ee\/wp-content\/uploads\/2024\/03\/Yrtkd24-1.jpg","type":"image\/jpeg"}],"twitter_card":"summary_large_image","schema":{"@context":"https:\/\/schema.org","@graph":[{"@type":"WebPage","@id":"https:\/\/minubaltic.ee\/fi\/e-pood\/pyyhkeet\/kylpypyyhe-70x140-vaaleankeltainen\/","url":"https:\/\/minubaltic.ee\/fi\/e-pood\/pyyhkeet\/kylpypyyhe-70x140-vaaleankeltainen\/","name":"- Puuvilla kylpypyyhe 5\u20ac","isPartOf":{"@id":"https:\/\/minubaltic.ee\/fi\/#website"},"primaryImageOfPage":{"@id":"https:\/\/minubaltic.ee\/fi\/e-pood\/pyyhkeet\/kylpypyyhe-70x140-vaaleankeltainen\/#primaryimage"},"image":{"@id":"https:\/\/minubaltic.ee\/fi\/e-pood\/pyyhkeet\/kylpypyyhe-70x140-vaaleankeltainen\/#primaryimage"},"thumbnailUrl":"https:\/\/minubaltic.ee\/wp-content\/uploads\/2024\/03\/Yrtkd24-1.jpg","datePublished":"2024-03-07T11:26:02+00:00","dateModified":"2024-08-19T06:55:15+00:00","description":"70x140 cm puuvillapyyhkeet ovat t\u00e4ydellisen kokoisia. Valitse suosikkiv\u00e4risi ja nauti pehmeydest\u00e4 Tuo hieman ylellisyytt\u00e4 arkeesi puuvillapyyhkeill\u00e4mme.","breadcrumb":{"@id":"https:\/\/minubaltic.ee\/fi\/e-pood\/pyyhkeet\/kylpypyyhe-70x140-vaaleankeltainen\/#breadcrumb"},"inLanguage":"fi","potentialAction":[{"@type":"ReadAction","target":["https:\/\/minubaltic.ee\/fi\/e-pood\/pyyhkeet\/kylpypyyhe-70x140-vaaleankeltainen\/"]}]},{"@type":"ImageObject","inLanguage":"fi","@id":"https:\/\/minubaltic.ee\/fi\/e-pood\/pyyhkeet\/kylpypyyhe-70x140-vaaleankeltainen\/#primaryimage","url":"https:\/\/minubaltic.ee\/wp-content\/uploads\/2024\/03\/Yrtkd24-1.jpg","contentUrl":"https:\/\/minubaltic.ee\/wp-content\/uploads\/2024\/03\/Yrtkd24-1.jpg","width":800,"height":800},{"@type":"BreadcrumbList","@id":"https:\/\/minubaltic.ee\/fi\/e-pood\/pyyhkeet\/kylpypyyhe-70x140-vaaleankeltainen\/#breadcrumb","itemListElement":[{"@type":"ListItem","position":1,"name":"Home","item":"https:\/\/minubaltic.ee\/fi\/"},{"@type":"ListItem","position":2,"name":"Verkkokauppa","item":"https:\/\/minubaltic.ee\/fi\/verkkokauppa\/"},{"@type":"ListItem","position":3,"name":"Kylpypyyhe 70&#215;140 (vaaleankeltainen)"}]},{"@type":"WebSite","@id":"https:\/\/minubaltic.ee\/fi\/#website","url":"https:\/\/minubaltic.ee\/fi\/","name":"minubaltic.ee","description":"","publisher":{"@id":"https:\/\/minubaltic.ee\/fi\/#organization"},"potentialAction":[{"@type":"SearchAction","target":{"@type":"EntryPoint","urlTemplate":"https:\/\/minubaltic.ee\/fi\/?s={search_term_string}"},"query-input":{"@type":"PropertyValueSpecification","valueRequired":true,"valueName":"search_term_string"}}],"inLanguage":"fi"},{"@type":"Organization","@id":"https:\/\/minubaltic.ee\/fi\/#organization","name":"Minu Baltic O\u00dc","url":"https:\/\/minubaltic.ee\/fi\/","logo":{"@type":"ImageObject","inLanguage":"fi","@id":"https:\/\/minubaltic.ee\/fi\/#\/schema\/logo\/image\/","url":"https:\/\/minubaltic.ee\/wp-content\/uploads\/2023\/10\/cropped-cropped-cropped-logo.png","contentUrl":"https:\/\/minubaltic.ee\/wp-content\/uploads\/2023\/10\/cropped-cropped-cropped-logo.png","width":500,"height":237,"caption":"Minu Baltic O\u00dc"},"image":{"@id":"https:\/\/minubaltic.ee\/fi\/#\/schema\/logo\/image\/"},"sameAs":["https:\/\/www.facebook.com\/minubaltic"]}]}},"_links":{"self":[{"href":"https:\/\/minubaltic.ee\/fi\/wp-json\/wp\/v2\/product\/20735","targetHints":{"allow":["GET"]}}],"collection":[{"href":"https:\/\/minubaltic.ee\/fi\/wp-json\/wp\/v2\/product"}],"about":[{"href":"https:\/\/minubaltic.ee\/fi\/wp-json\/wp\/v2\/types\/product"}],"replies":[{"embeddable":true,"href":"https:\/\/minubaltic.ee\/fi\/wp-json\/wp\/v2\/comments?post=20735"}],"version-history":[{"count":0,"href":"https:\/\/minubaltic.ee\/fi\/wp-json\/wp\/v2\/product\/20735\/revisions"}],"wp:featuredmedia":[{"embeddable":true,"href":"https:\/\/minubaltic.ee\/fi\/wp-json\/wp\/v2\/media\/20736"}],"wp:attachment":[{"href":"https:\/\/minubaltic.ee\/fi\/wp-json\/wp\/v2\/media?parent=20735"}],"wp:term":[{"taxonomy":"product_brand","embeddable":true,"href":"https:\/\/minubaltic.ee\/fi\/wp-json\/wp\/v2\/product_brand?post=20735"},{"taxonomy":"product_cat","embeddable":true,"href":"https:\/\/minubaltic.ee\/fi\/wp-json\/wp\/v2\/product_cat?post=20735"},{"taxonomy":"product_tag","embeddable":true,"href":"https:\/\/minubaltic.ee\/fi\/wp-json\/wp\/v2\/product_tag?post=20735"}],"curies":[{"name":"wp","href":"https:\/\/api.w.org\/{rel}","templated":true}]}}