{"id":20700,"date":"2024-03-16T21:49:34","date_gmt":"2024-03-16T18:49:34","guid":{"rendered":"https:\/\/minubaltic.ee\/e-pood\/Ei-luokiteltu\/vuodevaatteet-setti-satiinipuuvillaa-200x220-18\/"},"modified":"2024-03-24T20:22:41","modified_gmt":"2024-03-24T17:22:41","slug":"vuodevaatteet-setti-satiinipuuvillaa-200x220-18-2","status":"publish","type":"product","link":"https:\/\/minubaltic.ee\/fi\/e-pood\/vuodevaatteet\/vuodevaatteet-setti-satiinipuuvillaa-200x220-18-2\/","title":{"rendered":"Vuodevaatteet setti satiinipuuvillaa 200\u00d7220"},"content":{"rendered":"<ul>\n<li><span class=\"product-attribute__label\"><strong>Materiaali: <\/strong>100% puuvillasatiini<\/span><\/li>\n<li><strong>Pussilakana<span class=\"product-attribute__label\">:<\/span><\/strong> 200\u00d7220<\/li>\n<li><strong>Lakana<span class=\"product-attribute__label\">:<\/span><\/strong> 200\u00d7230<\/li>\n<li><strong>Tyynyliina<span class=\"product-attribute__label\">:<\/span><\/strong> 70\u00d780 (2kpl)<\/li>\n<li>Tuotekuvat ovat havainnollistavia<\/li>\n<\/ul>\n","protected":false},"excerpt":{"rendered":"<p>200\u00d7220 (Pussilakana 200\u00d7220, Lakana 200\u00d7230, 2 Tyynyliina 70\u00d780)<\/p>\n","protected":false},"featured_media":20702,"comment_status":"open","ping_status":"closed","template":"","meta":[],"product_brand":[],"product_cat":[396,398,617],"product_tag":[399,401,400,404],"class_list":{"0":"post-20700","1":"product","2":"type-product","3":"status-publish","4":"has-post-thumbnail","6":"product_cat-vuodevaatteet","7":"product_cat-vuodevaatteet-200-220","8":"product_cat-vuodevaatteet-setit","9":"product_tag-sahkoinen-kaupankaynti","10":"product_tag-tekstiili","11":"product_tag-verkkokauppa","12":"product_tag-vuodevaatteet-setti","14":"first","15":"outofstock","16":"sale","17":"shipping-taxable","18":"purchasable","19":"product-type-simple"},"yoast_head":"<!-- This site is optimized with the Yoast SEO plugin v27.3 - https:\/\/yoast.com\/product\/yoast-seo-wordpress\/ -->\n<title>- alennus jopa 50%<\/title>\n<meta name=\"description\" content=\"Vuodevaatteet sarjaa laaja valikoima tuotteita, k\u00e4tev\u00e4 toimitus 3 p\u00e4iv\u00e4\u00e4, alhaiset hinnat. Satiini vuodevaatteet, Puuvillaiset vuodevaatteet, Puuvillaiset vuodevaatteet, Puuvillaiset vuodevaatteet, Puuvillaiset vuodevaatteet setti\" \/>\n<meta name=\"robots\" content=\"index, follow, max-snippet:-1, max-image-preview:large, max-video-preview:-1\" \/>\n<link rel=\"canonical\" href=\"https:\/\/minubaltic.ee\/fi\/e-pood\/vuodevaatteet\/vuodevaatteet-setti-satiinipuuvillaa-200x220-18-2\/\" \/>\n<meta property=\"og:locale\" content=\"fi_FI\" \/>\n<meta property=\"og:type\" content=\"article\" \/>\n<meta property=\"og:title\" content=\"- alennus jopa 50%\" \/>\n<meta property=\"og:description\" content=\"Vuodevaatteet sarjaa laaja valikoima tuotteita, k\u00e4tev\u00e4 toimitus 3 p\u00e4iv\u00e4\u00e4, alhaiset hinnat. Satiini vuodevaatteet, Puuvillaiset vuodevaatteet, Puuvillaiset vuodevaatteet, Puuvillaiset vuodevaatteet, Puuvillaiset vuodevaatteet setti\" \/>\n<meta property=\"og:url\" content=\"https:\/\/minubaltic.ee\/fi\/e-pood\/vuodevaatteet\/vuodevaatteet-setti-satiinipuuvillaa-200x220-18-2\/\" \/>\n<meta property=\"article:publisher\" content=\"https:\/\/www.facebook.com\/minubaltic\" \/>\n<meta property=\"article:modified_time\" content=\"2024-03-24T17:22:41+00:00\" \/>\n<meta property=\"og:image\" content=\"https:\/\/minubaltic.ee\/wp-content\/uploads\/2024\/03\/VDPSKM-8.jpg\" \/>\n\t<meta property=\"og:image:width\" content=\"850\" \/>\n\t<meta property=\"og:image:height\" content=\"850\" \/>\n\t<meta property=\"og:image:type\" content=\"image\/jpeg\" \/>\n<meta name=\"twitter:card\" content=\"summary_large_image\" \/>\n<script type=\"application\/ld+json\" class=\"yoast-schema-graph\">{\"@context\":\"https:\\\/\\\/schema.org\",\"@graph\":[{\"@type\":\"WebPage\",\"@id\":\"https:\\\/\\\/minubaltic.ee\\\/fi\\\/e-pood\\\/vuodevaatteet\\\/vuodevaatteet-setti-satiinipuuvillaa-200x220-18-2\\\/\",\"url\":\"https:\\\/\\\/minubaltic.ee\\\/fi\\\/e-pood\\\/vuodevaatteet\\\/vuodevaatteet-setti-satiinipuuvillaa-200x220-18-2\\\/\",\"name\":\"- alennus jopa 50%\",\"isPartOf\":{\"@id\":\"https:\\\/\\\/minubaltic.ee\\\/fi\\\/#website\"},\"primaryImageOfPage\":{\"@id\":\"https:\\\/\\\/minubaltic.ee\\\/fi\\\/e-pood\\\/vuodevaatteet\\\/vuodevaatteet-setti-satiinipuuvillaa-200x220-18-2\\\/#primaryimage\"},\"image\":{\"@id\":\"https:\\\/\\\/minubaltic.ee\\\/fi\\\/e-pood\\\/vuodevaatteet\\\/vuodevaatteet-setti-satiinipuuvillaa-200x220-18-2\\\/#primaryimage\"},\"thumbnailUrl\":\"https:\\\/\\\/minubaltic.ee\\\/wp-content\\\/uploads\\\/2024\\\/03\\\/VDPSKM-8.jpg\",\"datePublished\":\"2024-03-16T18:49:34+00:00\",\"dateModified\":\"2024-03-24T17:22:41+00:00\",\"description\":\"Vuodevaatteet sarjaa laaja valikoima tuotteita, k\u00e4tev\u00e4 toimitus 3 p\u00e4iv\u00e4\u00e4, alhaiset hinnat. Satiini vuodevaatteet, Puuvillaiset vuodevaatteet, Puuvillaiset vuodevaatteet, Puuvillaiset vuodevaatteet, Puuvillaiset vuodevaatteet setti\",\"breadcrumb\":{\"@id\":\"https:\\\/\\\/minubaltic.ee\\\/fi\\\/e-pood\\\/vuodevaatteet\\\/vuodevaatteet-setti-satiinipuuvillaa-200x220-18-2\\\/#breadcrumb\"},\"inLanguage\":\"fi\",\"potentialAction\":[{\"@type\":\"ReadAction\",\"target\":[\"https:\\\/\\\/minubaltic.ee\\\/fi\\\/e-pood\\\/vuodevaatteet\\\/vuodevaatteet-setti-satiinipuuvillaa-200x220-18-2\\\/\"]}]},{\"@type\":\"ImageObject\",\"inLanguage\":\"fi\",\"@id\":\"https:\\\/\\\/minubaltic.ee\\\/fi\\\/e-pood\\\/vuodevaatteet\\\/vuodevaatteet-setti-satiinipuuvillaa-200x220-18-2\\\/#primaryimage\",\"url\":\"https:\\\/\\\/minubaltic.ee\\\/wp-content\\\/uploads\\\/2024\\\/03\\\/VDPSKM-8.jpg\",\"contentUrl\":\"https:\\\/\\\/minubaltic.ee\\\/wp-content\\\/uploads\\\/2024\\\/03\\\/VDPSKM-8.jpg\",\"width\":850,\"height\":850},{\"@type\":\"BreadcrumbList\",\"@id\":\"https:\\\/\\\/minubaltic.ee\\\/fi\\\/e-pood\\\/vuodevaatteet\\\/vuodevaatteet-setti-satiinipuuvillaa-200x220-18-2\\\/#breadcrumb\",\"itemListElement\":[{\"@type\":\"ListItem\",\"position\":1,\"name\":\"Home\",\"item\":\"https:\\\/\\\/minubaltic.ee\\\/fi\\\/\"},{\"@type\":\"ListItem\",\"position\":2,\"name\":\"Verkkokauppa\",\"item\":\"https:\\\/\\\/minubaltic.ee\\\/fi\\\/verkkokauppa\\\/\"},{\"@type\":\"ListItem\",\"position\":3,\"name\":\"Vuodevaatteet setti satiinipuuvillaa 200\u00d7220\"}]},{\"@type\":\"WebSite\",\"@id\":\"https:\\\/\\\/minubaltic.ee\\\/fi\\\/#website\",\"url\":\"https:\\\/\\\/minubaltic.ee\\\/fi\\\/\",\"name\":\"minubaltic.ee\",\"description\":\"\",\"publisher\":{\"@id\":\"https:\\\/\\\/minubaltic.ee\\\/fi\\\/#organization\"},\"potentialAction\":[{\"@type\":\"SearchAction\",\"target\":{\"@type\":\"EntryPoint\",\"urlTemplate\":\"https:\\\/\\\/minubaltic.ee\\\/fi\\\/?s={search_term_string}\"},\"query-input\":{\"@type\":\"PropertyValueSpecification\",\"valueRequired\":true,\"valueName\":\"search_term_string\"}}],\"inLanguage\":\"fi\"},{\"@type\":\"Organization\",\"@id\":\"https:\\\/\\\/minubaltic.ee\\\/fi\\\/#organization\",\"name\":\"Minu Baltic O\u00dc\",\"url\":\"https:\\\/\\\/minubaltic.ee\\\/fi\\\/\",\"logo\":{\"@type\":\"ImageObject\",\"inLanguage\":\"fi\",\"@id\":\"https:\\\/\\\/minubaltic.ee\\\/fi\\\/#\\\/schema\\\/logo\\\/image\\\/\",\"url\":\"https:\\\/\\\/minubaltic.ee\\\/wp-content\\\/uploads\\\/2023\\\/10\\\/cropped-cropped-cropped-logo.png\",\"contentUrl\":\"https:\\\/\\\/minubaltic.ee\\\/wp-content\\\/uploads\\\/2023\\\/10\\\/cropped-cropped-cropped-logo.png\",\"width\":500,\"height\":237,\"caption\":\"Minu Baltic O\u00dc\"},\"image\":{\"@id\":\"https:\\\/\\\/minubaltic.ee\\\/fi\\\/#\\\/schema\\\/logo\\\/image\\\/\"},\"sameAs\":[\"https:\\\/\\\/www.facebook.com\\\/minubaltic\"]}]}<\/script>\n<!-- \/ Yoast SEO plugin. -->","yoast_head_json":{"title":"- alennus jopa 50%","description":"Vuodevaatteet sarjaa laaja valikoima tuotteita, k\u00e4tev\u00e4 toimitus 3 p\u00e4iv\u00e4\u00e4, alhaiset hinnat. Satiini vuodevaatteet, Puuvillaiset vuodevaatteet, Puuvillaiset vuodevaatteet, Puuvillaiset vuodevaatteet, Puuvillaiset vuodevaatteet setti","robots":{"index":"index","follow":"follow","max-snippet":"max-snippet:-1","max-image-preview":"max-image-preview:large","max-video-preview":"max-video-preview:-1"},"canonical":"https:\/\/minubaltic.ee\/fi\/e-pood\/vuodevaatteet\/vuodevaatteet-setti-satiinipuuvillaa-200x220-18-2\/","og_locale":"fi_FI","og_type":"article","og_title":"- alennus jopa 50%","og_description":"Vuodevaatteet sarjaa laaja valikoima tuotteita, k\u00e4tev\u00e4 toimitus 3 p\u00e4iv\u00e4\u00e4, alhaiset hinnat. Satiini vuodevaatteet, Puuvillaiset vuodevaatteet, Puuvillaiset vuodevaatteet, Puuvillaiset vuodevaatteet, Puuvillaiset vuodevaatteet setti","og_url":"https:\/\/minubaltic.ee\/fi\/e-pood\/vuodevaatteet\/vuodevaatteet-setti-satiinipuuvillaa-200x220-18-2\/","article_publisher":"https:\/\/www.facebook.com\/minubaltic","article_modified_time":"2024-03-24T17:22:41+00:00","og_image":[{"width":850,"height":850,"url":"https:\/\/minubaltic.ee\/wp-content\/uploads\/2024\/03\/VDPSKM-8.jpg","type":"image\/jpeg"}],"twitter_card":"summary_large_image","schema":{"@context":"https:\/\/schema.org","@graph":[{"@type":"WebPage","@id":"https:\/\/minubaltic.ee\/fi\/e-pood\/vuodevaatteet\/vuodevaatteet-setti-satiinipuuvillaa-200x220-18-2\/","url":"https:\/\/minubaltic.ee\/fi\/e-pood\/vuodevaatteet\/vuodevaatteet-setti-satiinipuuvillaa-200x220-18-2\/","name":"- alennus jopa 50%","isPartOf":{"@id":"https:\/\/minubaltic.ee\/fi\/#website"},"primaryImageOfPage":{"@id":"https:\/\/minubaltic.ee\/fi\/e-pood\/vuodevaatteet\/vuodevaatteet-setti-satiinipuuvillaa-200x220-18-2\/#primaryimage"},"image":{"@id":"https:\/\/minubaltic.ee\/fi\/e-pood\/vuodevaatteet\/vuodevaatteet-setti-satiinipuuvillaa-200x220-18-2\/#primaryimage"},"thumbnailUrl":"https:\/\/minubaltic.ee\/wp-content\/uploads\/2024\/03\/VDPSKM-8.jpg","datePublished":"2024-03-16T18:49:34+00:00","dateModified":"2024-03-24T17:22:41+00:00","description":"Vuodevaatteet sarjaa laaja valikoima tuotteita, k\u00e4tev\u00e4 toimitus 3 p\u00e4iv\u00e4\u00e4, alhaiset hinnat. Satiini vuodevaatteet, Puuvillaiset vuodevaatteet, Puuvillaiset vuodevaatteet, Puuvillaiset vuodevaatteet, Puuvillaiset vuodevaatteet setti","breadcrumb":{"@id":"https:\/\/minubaltic.ee\/fi\/e-pood\/vuodevaatteet\/vuodevaatteet-setti-satiinipuuvillaa-200x220-18-2\/#breadcrumb"},"inLanguage":"fi","potentialAction":[{"@type":"ReadAction","target":["https:\/\/minubaltic.ee\/fi\/e-pood\/vuodevaatteet\/vuodevaatteet-setti-satiinipuuvillaa-200x220-18-2\/"]}]},{"@type":"ImageObject","inLanguage":"fi","@id":"https:\/\/minubaltic.ee\/fi\/e-pood\/vuodevaatteet\/vuodevaatteet-setti-satiinipuuvillaa-200x220-18-2\/#primaryimage","url":"https:\/\/minubaltic.ee\/wp-content\/uploads\/2024\/03\/VDPSKM-8.jpg","contentUrl":"https:\/\/minubaltic.ee\/wp-content\/uploads\/2024\/03\/VDPSKM-8.jpg","width":850,"height":850},{"@type":"BreadcrumbList","@id":"https:\/\/minubaltic.ee\/fi\/e-pood\/vuodevaatteet\/vuodevaatteet-setti-satiinipuuvillaa-200x220-18-2\/#breadcrumb","itemListElement":[{"@type":"ListItem","position":1,"name":"Home","item":"https:\/\/minubaltic.ee\/fi\/"},{"@type":"ListItem","position":2,"name":"Verkkokauppa","item":"https:\/\/minubaltic.ee\/fi\/verkkokauppa\/"},{"@type":"ListItem","position":3,"name":"Vuodevaatteet setti satiinipuuvillaa 200\u00d7220"}]},{"@type":"WebSite","@id":"https:\/\/minubaltic.ee\/fi\/#website","url":"https:\/\/minubaltic.ee\/fi\/","name":"minubaltic.ee","description":"","publisher":{"@id":"https:\/\/minubaltic.ee\/fi\/#organization"},"potentialAction":[{"@type":"SearchAction","target":{"@type":"EntryPoint","urlTemplate":"https:\/\/minubaltic.ee\/fi\/?s={search_term_string}"},"query-input":{"@type":"PropertyValueSpecification","valueRequired":true,"valueName":"search_term_string"}}],"inLanguage":"fi"},{"@type":"Organization","@id":"https:\/\/minubaltic.ee\/fi\/#organization","name":"Minu Baltic O\u00dc","url":"https:\/\/minubaltic.ee\/fi\/","logo":{"@type":"ImageObject","inLanguage":"fi","@id":"https:\/\/minubaltic.ee\/fi\/#\/schema\/logo\/image\/","url":"https:\/\/minubaltic.ee\/wp-content\/uploads\/2023\/10\/cropped-cropped-cropped-logo.png","contentUrl":"https:\/\/minubaltic.ee\/wp-content\/uploads\/2023\/10\/cropped-cropped-cropped-logo.png","width":500,"height":237,"caption":"Minu Baltic O\u00dc"},"image":{"@id":"https:\/\/minubaltic.ee\/fi\/#\/schema\/logo\/image\/"},"sameAs":["https:\/\/www.facebook.com\/minubaltic"]}]}},"_links":{"self":[{"href":"https:\/\/minubaltic.ee\/fi\/wp-json\/wp\/v2\/product\/20700","targetHints":{"allow":["GET"]}}],"collection":[{"href":"https:\/\/minubaltic.ee\/fi\/wp-json\/wp\/v2\/product"}],"about":[{"href":"https:\/\/minubaltic.ee\/fi\/wp-json\/wp\/v2\/types\/product"}],"replies":[{"embeddable":true,"href":"https:\/\/minubaltic.ee\/fi\/wp-json\/wp\/v2\/comments?post=20700"}],"version-history":[{"count":0,"href":"https:\/\/minubaltic.ee\/fi\/wp-json\/wp\/v2\/product\/20700\/revisions"}],"wp:featuredmedia":[{"embeddable":true,"href":"https:\/\/minubaltic.ee\/fi\/wp-json\/wp\/v2\/media\/20702"}],"wp:attachment":[{"href":"https:\/\/minubaltic.ee\/fi\/wp-json\/wp\/v2\/media?parent=20700"}],"wp:term":[{"taxonomy":"product_brand","embeddable":true,"href":"https:\/\/minubaltic.ee\/fi\/wp-json\/wp\/v2\/product_brand?post=20700"},{"taxonomy":"product_cat","embeddable":true,"href":"https:\/\/minubaltic.ee\/fi\/wp-json\/wp\/v2\/product_cat?post=20700"},{"taxonomy":"product_tag","embeddable":true,"href":"https:\/\/minubaltic.ee\/fi\/wp-json\/wp\/v2\/product_tag?post=20700"}],"curies":[{"name":"wp","href":"https:\/\/api.w.org\/{rel}","templated":true}]}}