{"id":20645,"date":"2024-03-22T00:12:18","date_gmt":"2024-03-21T21:12:18","guid":{"rendered":"https:\/\/minubaltic.ee\/e-pood\/maaratlemata\/turkkilainen-4-osainen-50x90-pyyhesarja\/"},"modified":"2025-01-14T19:01:57","modified_gmt":"2025-01-14T16:01:57","slug":"turkkilainen-4-osainen-50x90-pyyhesarja","status":"publish","type":"product","link":"https:\/\/minubaltic.ee\/fi\/e-pood\/kasipyyhe\/turkkilainen-4-osainen-50x90-pyyhesarja\/","title":{"rendered":"Turkkilainen 4-osainen 50&#215;90 pyyhesarja"},"content":{"rendered":"<p>Pakkauksen sis\u00e4lt\u00f6: 4 kpl 50&#215;90 cm k\u00e4si- ja kasvopyyhkeit\u00e4<\/p>\n<p>Eksklusiivisen turkkilaisen malliston pyyhkeet on valmistettu 100 % puuvillasta. Pyyhkeet on valmistettu korkealaatuisesta Anatolian puuvillalangasta, joten niiss\u00e4 on poikkeuksellisen pehme\u00e4 rakenne. Ne pehmenev\u00e4t joka pesulla.<\/p>\n<p>N\u00e4m\u00e4 pyyhkeet kuivuvat nopeasti ja imev\u00e4t vett\u00e4 jopa 20 kertaa painonsa verran. K\u00e4ytt\u00e4m\u00e4ll\u00e4 erityist\u00e4 kudontatekniikkaa ne hajottavat nestett\u00e4 tehokkaasti pinnalle, mik\u00e4 mahdollistaa nopean haihtumisen.<\/p>\n<p>Lis\u00e4ksi pyyhkeet ovat ymp\u00e4rist\u00f6yst\u00e4v\u00e4llisi\u00e4, koska ne on v\u00e4rj\u00e4tty ymp\u00e4rist\u00f6yst\u00e4v\u00e4llisill\u00e4 v\u00e4reill\u00e4, jotka eiv\u00e4t vahingoita ymp\u00e4rist\u00f6\u00e4.<\/p>\n","protected":false},"excerpt":{"rendered":"<div class=\"woocommerce-product-details__short-description\">\n<ul>\n<li><span class=\"product-attribute__label\">Kankaan koostumus: <\/span><span class=\"product-attribute__value\" data-attribute-code=\"fabric_composition\">100% puuvillaa<\/span><\/li>\n<li>Valmistusmaa: Turkki <img loading=\"lazy\" decoding=\"async\" class=\" wd-lazy-fade wp-image-17267 alignnone\" src=\"https:\/\/minubaltic.ee\/wp-content\/themes\/woodmart\/images\/lazy.svg\" data-src=\"https:\/\/minubaltic.ee\/wp-content\/uploads\/2024\/02\/trbrq.jpg\" alt=\"\" width=\"18\" height=\"12\"><\/li>\n<li>Sarjassa: 4 kpl<\/li>\n<li>Koko: 50\u00d790 cm<\/li>\n<li>V\u00e4ri: 4 v\u00e4rillist\u00e4 pyyhett\u00e4 (1 jokaista v\u00e4ri\u00e4)<\/li>\n<li>Paino: 400g\/m2<\/li>\n<li>Tekniset tiedot: <b>\u00b1<\/b>1-3<\/li>\n<li>Tuotekuvat ovat havainnollistavia<\/li>\n<\/ul>\n<\/div>\n","protected":false},"featured_media":20646,"comment_status":"open","ping_status":"closed","template":"","meta":[],"product_brand":[],"product_cat":[815,379,388,384,387],"product_tag":[402,403,399,401,400],"class_list":{"0":"post-20645","1":"product","2":"type-product","3":"status-publish","4":"has-post-thumbnail","6":"product_cat-100-puuvillaa","7":"product_cat-kasipyyhe","8":"product_cat-pyyhesarjat","9":"product_cat-pyyhkeet","10":"product_cat-pyyhkeet-50-90","11":"product_tag-kodin-tekstiilit","12":"product_tag-pyyhkeet","13":"product_tag-sahkoinen-kaupankaynti","14":"product_tag-tekstiili","15":"product_tag-verkkokauppa","17":"first","18":"outofstock","19":"sale","20":"shipping-taxable","21":"purchasable","22":"product-type-simple"},"yoast_head":"<!-- This site is optimized with the Yoast SEO plugin v27.5 - https:\/\/yoast.com\/product\/yoast-seo-wordpress\/ -->\n<title>Turkkilainen 4-osainen 50x90 pyyhesarja - Turkkilaiset 100% puuvillaiset pyyhkeet<\/title>\n<meta name=\"description\" content=\"4 pyyhkeen setti, turkkilainen pyyhe sarja, valmistettu korkealaatuisesta puuvilla materiaalista, jossa yhdistyv\u00e4t mukavuus ja eleganssi.\" \/>\n<meta name=\"robots\" content=\"index, follow, max-snippet:-1, max-image-preview:large, max-video-preview:-1\" \/>\n<link rel=\"canonical\" href=\"https:\/\/minubaltic.ee\/fi\/e-pood\/kasipyyhe\/turkkilainen-4-osainen-50x90-pyyhesarja\/\" \/>\n<meta property=\"og:locale\" content=\"fi_FI\" \/>\n<meta property=\"og:type\" content=\"article\" \/>\n<meta property=\"og:title\" content=\"Turkkilainen 4-osainen 50x90 pyyhesarja - Turkkilaiset 100% puuvillaiset pyyhkeet\" \/>\n<meta property=\"og:description\" content=\"4 pyyhkeen setti, turkkilainen pyyhe sarja, valmistettu korkealaatuisesta puuvilla materiaalista, jossa yhdistyv\u00e4t mukavuus ja eleganssi.\" \/>\n<meta property=\"og:url\" content=\"https:\/\/minubaltic.ee\/fi\/e-pood\/kasipyyhe\/turkkilainen-4-osainen-50x90-pyyhesarja\/\" \/>\n<meta property=\"article:publisher\" content=\"https:\/\/www.facebook.com\/minubaltic\" \/>\n<meta property=\"article:modified_time\" content=\"2025-01-14T16:01:57+00:00\" \/>\n<meta property=\"og:image\" content=\"https:\/\/minubaltic.ee\/wp-content\/uploads\/2024\/03\/trkomplektr-1.jpeg\" \/>\n\t<meta property=\"og:image:width\" content=\"632\" \/>\n\t<meta property=\"og:image:height\" content=\"632\" \/>\n\t<meta property=\"og:image:type\" content=\"image\/jpeg\" \/>\n<meta name=\"twitter:card\" content=\"summary_large_image\" \/>\n<script type=\"application\/ld+json\" class=\"yoast-schema-graph\">{\"@context\":\"https:\\\/\\\/schema.org\",\"@graph\":[{\"@type\":\"WebPage\",\"@id\":\"https:\\\/\\\/minubaltic.ee\\\/fi\\\/e-pood\\\/kasipyyhe\\\/turkkilainen-4-osainen-50x90-pyyhesarja\\\/\",\"url\":\"https:\\\/\\\/minubaltic.ee\\\/fi\\\/e-pood\\\/kasipyyhe\\\/turkkilainen-4-osainen-50x90-pyyhesarja\\\/\",\"name\":\"Turkkilainen 4-osainen 50x90 pyyhesarja - Turkkilaiset 100% puuvillaiset pyyhkeet\",\"isPartOf\":{\"@id\":\"https:\\\/\\\/minubaltic.ee\\\/fi\\\/#website\"},\"primaryImageOfPage\":{\"@id\":\"https:\\\/\\\/minubaltic.ee\\\/fi\\\/e-pood\\\/kasipyyhe\\\/turkkilainen-4-osainen-50x90-pyyhesarja\\\/#primaryimage\"},\"image\":{\"@id\":\"https:\\\/\\\/minubaltic.ee\\\/fi\\\/e-pood\\\/kasipyyhe\\\/turkkilainen-4-osainen-50x90-pyyhesarja\\\/#primaryimage\"},\"thumbnailUrl\":\"https:\\\/\\\/minubaltic.ee\\\/wp-content\\\/uploads\\\/2024\\\/03\\\/trkomplektr-1.jpeg\",\"datePublished\":\"2024-03-21T21:12:18+00:00\",\"dateModified\":\"2025-01-14T16:01:57+00:00\",\"description\":\"4 pyyhkeen setti, turkkilainen pyyhe sarja, valmistettu korkealaatuisesta puuvilla materiaalista, jossa yhdistyv\u00e4t mukavuus ja eleganssi.\",\"breadcrumb\":{\"@id\":\"https:\\\/\\\/minubaltic.ee\\\/fi\\\/e-pood\\\/kasipyyhe\\\/turkkilainen-4-osainen-50x90-pyyhesarja\\\/#breadcrumb\"},\"inLanguage\":\"fi\",\"potentialAction\":[{\"@type\":\"ReadAction\",\"target\":[\"https:\\\/\\\/minubaltic.ee\\\/fi\\\/e-pood\\\/kasipyyhe\\\/turkkilainen-4-osainen-50x90-pyyhesarja\\\/\"]}]},{\"@type\":\"ImageObject\",\"inLanguage\":\"fi\",\"@id\":\"https:\\\/\\\/minubaltic.ee\\\/fi\\\/e-pood\\\/kasipyyhe\\\/turkkilainen-4-osainen-50x90-pyyhesarja\\\/#primaryimage\",\"url\":\"https:\\\/\\\/minubaltic.ee\\\/wp-content\\\/uploads\\\/2024\\\/03\\\/trkomplektr-1.jpeg\",\"contentUrl\":\"https:\\\/\\\/minubaltic.ee\\\/wp-content\\\/uploads\\\/2024\\\/03\\\/trkomplektr-1.jpeg\",\"width\":632,\"height\":632},{\"@type\":\"BreadcrumbList\",\"@id\":\"https:\\\/\\\/minubaltic.ee\\\/fi\\\/e-pood\\\/kasipyyhe\\\/turkkilainen-4-osainen-50x90-pyyhesarja\\\/#breadcrumb\",\"itemListElement\":[{\"@type\":\"ListItem\",\"position\":1,\"name\":\"Home\",\"item\":\"https:\\\/\\\/minubaltic.ee\\\/fi\\\/\"},{\"@type\":\"ListItem\",\"position\":2,\"name\":\"Verkkokauppa\",\"item\":\"https:\\\/\\\/minubaltic.ee\\\/fi\\\/verkkokauppa\\\/\"},{\"@type\":\"ListItem\",\"position\":3,\"name\":\"Turkkilainen 4-osainen 50&#215;90 pyyhesarja\"}]},{\"@type\":\"WebSite\",\"@id\":\"https:\\\/\\\/minubaltic.ee\\\/fi\\\/#website\",\"url\":\"https:\\\/\\\/minubaltic.ee\\\/fi\\\/\",\"name\":\"minubaltic.ee\",\"description\":\"\",\"publisher\":{\"@id\":\"https:\\\/\\\/minubaltic.ee\\\/fi\\\/#organization\"},\"potentialAction\":[{\"@type\":\"SearchAction\",\"target\":{\"@type\":\"EntryPoint\",\"urlTemplate\":\"https:\\\/\\\/minubaltic.ee\\\/fi\\\/?s={search_term_string}\"},\"query-input\":{\"@type\":\"PropertyValueSpecification\",\"valueRequired\":true,\"valueName\":\"search_term_string\"}}],\"inLanguage\":\"fi\"},{\"@type\":\"Organization\",\"@id\":\"https:\\\/\\\/minubaltic.ee\\\/fi\\\/#organization\",\"name\":\"Minu Baltic O\u00dc\",\"url\":\"https:\\\/\\\/minubaltic.ee\\\/fi\\\/\",\"logo\":{\"@type\":\"ImageObject\",\"inLanguage\":\"fi\",\"@id\":\"https:\\\/\\\/minubaltic.ee\\\/fi\\\/#\\\/schema\\\/logo\\\/image\\\/\",\"url\":\"https:\\\/\\\/minubaltic.ee\\\/wp-content\\\/uploads\\\/2023\\\/10\\\/cropped-cropped-cropped-logo.png\",\"contentUrl\":\"https:\\\/\\\/minubaltic.ee\\\/wp-content\\\/uploads\\\/2023\\\/10\\\/cropped-cropped-cropped-logo.png\",\"width\":500,\"height\":237,\"caption\":\"Minu Baltic O\u00dc\"},\"image\":{\"@id\":\"https:\\\/\\\/minubaltic.ee\\\/fi\\\/#\\\/schema\\\/logo\\\/image\\\/\"},\"sameAs\":[\"https:\\\/\\\/www.facebook.com\\\/minubaltic\"]}]}<\/script>\n<!-- \/ Yoast SEO plugin. -->","yoast_head_json":{"title":"Turkkilainen 4-osainen 50x90 pyyhesarja - Turkkilaiset 100% puuvillaiset pyyhkeet","description":"4 pyyhkeen setti, turkkilainen pyyhe sarja, valmistettu korkealaatuisesta puuvilla materiaalista, jossa yhdistyv\u00e4t mukavuus ja eleganssi.","robots":{"index":"index","follow":"follow","max-snippet":"max-snippet:-1","max-image-preview":"max-image-preview:large","max-video-preview":"max-video-preview:-1"},"canonical":"https:\/\/minubaltic.ee\/fi\/e-pood\/kasipyyhe\/turkkilainen-4-osainen-50x90-pyyhesarja\/","og_locale":"fi_FI","og_type":"article","og_title":"Turkkilainen 4-osainen 50x90 pyyhesarja - Turkkilaiset 100% puuvillaiset pyyhkeet","og_description":"4 pyyhkeen setti, turkkilainen pyyhe sarja, valmistettu korkealaatuisesta puuvilla materiaalista, jossa yhdistyv\u00e4t mukavuus ja eleganssi.","og_url":"https:\/\/minubaltic.ee\/fi\/e-pood\/kasipyyhe\/turkkilainen-4-osainen-50x90-pyyhesarja\/","article_publisher":"https:\/\/www.facebook.com\/minubaltic","article_modified_time":"2025-01-14T16:01:57+00:00","og_image":[{"width":632,"height":632,"url":"https:\/\/minubaltic.ee\/wp-content\/uploads\/2024\/03\/trkomplektr-1.jpeg","type":"image\/jpeg"}],"twitter_card":"summary_large_image","schema":{"@context":"https:\/\/schema.org","@graph":[{"@type":"WebPage","@id":"https:\/\/minubaltic.ee\/fi\/e-pood\/kasipyyhe\/turkkilainen-4-osainen-50x90-pyyhesarja\/","url":"https:\/\/minubaltic.ee\/fi\/e-pood\/kasipyyhe\/turkkilainen-4-osainen-50x90-pyyhesarja\/","name":"Turkkilainen 4-osainen 50x90 pyyhesarja - Turkkilaiset 100% puuvillaiset pyyhkeet","isPartOf":{"@id":"https:\/\/minubaltic.ee\/fi\/#website"},"primaryImageOfPage":{"@id":"https:\/\/minubaltic.ee\/fi\/e-pood\/kasipyyhe\/turkkilainen-4-osainen-50x90-pyyhesarja\/#primaryimage"},"image":{"@id":"https:\/\/minubaltic.ee\/fi\/e-pood\/kasipyyhe\/turkkilainen-4-osainen-50x90-pyyhesarja\/#primaryimage"},"thumbnailUrl":"https:\/\/minubaltic.ee\/wp-content\/uploads\/2024\/03\/trkomplektr-1.jpeg","datePublished":"2024-03-21T21:12:18+00:00","dateModified":"2025-01-14T16:01:57+00:00","description":"4 pyyhkeen setti, turkkilainen pyyhe sarja, valmistettu korkealaatuisesta puuvilla materiaalista, jossa yhdistyv\u00e4t mukavuus ja eleganssi.","breadcrumb":{"@id":"https:\/\/minubaltic.ee\/fi\/e-pood\/kasipyyhe\/turkkilainen-4-osainen-50x90-pyyhesarja\/#breadcrumb"},"inLanguage":"fi","potentialAction":[{"@type":"ReadAction","target":["https:\/\/minubaltic.ee\/fi\/e-pood\/kasipyyhe\/turkkilainen-4-osainen-50x90-pyyhesarja\/"]}]},{"@type":"ImageObject","inLanguage":"fi","@id":"https:\/\/minubaltic.ee\/fi\/e-pood\/kasipyyhe\/turkkilainen-4-osainen-50x90-pyyhesarja\/#primaryimage","url":"https:\/\/minubaltic.ee\/wp-content\/uploads\/2024\/03\/trkomplektr-1.jpeg","contentUrl":"https:\/\/minubaltic.ee\/wp-content\/uploads\/2024\/03\/trkomplektr-1.jpeg","width":632,"height":632},{"@type":"BreadcrumbList","@id":"https:\/\/minubaltic.ee\/fi\/e-pood\/kasipyyhe\/turkkilainen-4-osainen-50x90-pyyhesarja\/#breadcrumb","itemListElement":[{"@type":"ListItem","position":1,"name":"Home","item":"https:\/\/minubaltic.ee\/fi\/"},{"@type":"ListItem","position":2,"name":"Verkkokauppa","item":"https:\/\/minubaltic.ee\/fi\/verkkokauppa\/"},{"@type":"ListItem","position":3,"name":"Turkkilainen 4-osainen 50&#215;90 pyyhesarja"}]},{"@type":"WebSite","@id":"https:\/\/minubaltic.ee\/fi\/#website","url":"https:\/\/minubaltic.ee\/fi\/","name":"minubaltic.ee","description":"","publisher":{"@id":"https:\/\/minubaltic.ee\/fi\/#organization"},"potentialAction":[{"@type":"SearchAction","target":{"@type":"EntryPoint","urlTemplate":"https:\/\/minubaltic.ee\/fi\/?s={search_term_string}"},"query-input":{"@type":"PropertyValueSpecification","valueRequired":true,"valueName":"search_term_string"}}],"inLanguage":"fi"},{"@type":"Organization","@id":"https:\/\/minubaltic.ee\/fi\/#organization","name":"Minu Baltic O\u00dc","url":"https:\/\/minubaltic.ee\/fi\/","logo":{"@type":"ImageObject","inLanguage":"fi","@id":"https:\/\/minubaltic.ee\/fi\/#\/schema\/logo\/image\/","url":"https:\/\/minubaltic.ee\/wp-content\/uploads\/2023\/10\/cropped-cropped-cropped-logo.png","contentUrl":"https:\/\/minubaltic.ee\/wp-content\/uploads\/2023\/10\/cropped-cropped-cropped-logo.png","width":500,"height":237,"caption":"Minu Baltic O\u00dc"},"image":{"@id":"https:\/\/minubaltic.ee\/fi\/#\/schema\/logo\/image\/"},"sameAs":["https:\/\/www.facebook.com\/minubaltic"]}]}},"_links":{"self":[{"href":"https:\/\/minubaltic.ee\/fi\/wp-json\/wp\/v2\/product\/20645","targetHints":{"allow":["GET"]}}],"collection":[{"href":"https:\/\/minubaltic.ee\/fi\/wp-json\/wp\/v2\/product"}],"about":[{"href":"https:\/\/minubaltic.ee\/fi\/wp-json\/wp\/v2\/types\/product"}],"replies":[{"embeddable":true,"href":"https:\/\/minubaltic.ee\/fi\/wp-json\/wp\/v2\/comments?post=20645"}],"version-history":[{"count":0,"href":"https:\/\/minubaltic.ee\/fi\/wp-json\/wp\/v2\/product\/20645\/revisions"}],"wp:featuredmedia":[{"embeddable":true,"href":"https:\/\/minubaltic.ee\/fi\/wp-json\/wp\/v2\/media\/20646"}],"wp:attachment":[{"href":"https:\/\/minubaltic.ee\/fi\/wp-json\/wp\/v2\/media?parent=20645"}],"wp:term":[{"taxonomy":"product_brand","embeddable":true,"href":"https:\/\/minubaltic.ee\/fi\/wp-json\/wp\/v2\/product_brand?post=20645"},{"taxonomy":"product_cat","embeddable":true,"href":"https:\/\/minubaltic.ee\/fi\/wp-json\/wp\/v2\/product_cat?post=20645"},{"taxonomy":"product_tag","embeddable":true,"href":"https:\/\/minubaltic.ee\/fi\/wp-json\/wp\/v2\/product_tag?post=20645"}],"curies":[{"name":"wp","href":"https:\/\/api.w.org\/{rel}","templated":true}]}}