{"id":20641,"date":"2024-03-22T00:44:54","date_gmt":"2024-03-21T21:44:54","guid":{"rendered":"https:\/\/minubaltic.ee\/e-pood\/Ei-luokiteltu\/kylpypyyhe-setti-4-kpl-50x90-cm-2-kpl-70x140-cm-2-kpl\/"},"modified":"2024-08-02T22:48:48","modified_gmt":"2024-08-02T19:48:48","slug":"kylpypyyhe-setti-4-kpl-50x90-cm-2-kpl-70x140-cm-2-kpl","status":"publish","type":"product","link":"https:\/\/minubaltic.ee\/fi\/e-pood\/kasipyyhe\/kylpypyyhe-setti-4-kpl-50x90-cm-2-kpl-70x140-cm-2-kpl\/","title":{"rendered":"Kylpypyyhe setti 4 kpl 50&#215;90 cm 2 kpl + 70&#215;140 cm 2 kpl"},"content":{"rendered":"<p>Valmistettu puuvillalangasta.<br \/>\n* Siin\u00e4 on yksinkertainen muotoilu, pehme\u00e4 rakenne, tyylik\u00e4s ja hy\u00f6dyllinen malli.<br \/>\n*Se lis\u00e4\u00e4 v\u00e4rik\u00e4st\u00e4 tunnelmaa kylpyhuoneeseen kuvioitujen yksityiskohtien ja eri v\u00e4rivaihtoehtoja ansiosta.<br \/>\nPyyhkeess\u00e4 k\u00e4ytetyn langan laadun ansiosta se ei muotoile pesun j\u00e4lkeen.<br \/>\nPesu- ja kuivausohjeet: Pyyhkeet suositellaan pest\u00e4v\u00e4ksi 30-asteisella puuvillaohjelmalla, mieluiten kevyell\u00e4 pesuaineella ja huuhteluaineella.<br \/>\nKesinlikle \u00e7ama\u015f\u0131r suyu vb. kimyasallar kullanmay\u0131n\u0131z.<br \/>\nSoveltuu kuivausrumpukuivaukseen.<br \/>\nSopii silitett\u00e4v\u00e4ksi keskil\u00e4mp\u00f6tilassa.<\/p>\n","protected":false},"excerpt":{"rendered":"<div class=\"woocommerce-product-details__short-description\">\n<ul>\n<li><span class=\"product-attribute__label\">Kankaan koostumus: <\/span><span class=\"product-attribute__value\" data-attribute-code=\"fabric_composition\">100% puuvillaa<\/span><\/li>\n<li>Valmistusmaa: Turkki <img loading=\"lazy\" decoding=\"async\" class=\" wd-lazy-fade wp-image-17267 alignnone\" src=\"https:\/\/minubaltic.ee\/wp-content\/themes\/woodmart\/images\/lazy.svg\" data-src=\"https:\/\/minubaltic.ee\/wp-content\/uploads\/2024\/02\/trbrq.jpg\" alt=\"\" width=\"18\" height=\"12\"><\/li>\n<li>Sarjassa: 4 kpl<\/li>\n<li>Koko: (70\u00d7140 cm 2 kpl) + (50\u00d790 cm 2 kpl)<\/li>\n<li>V\u00e4ri: 2 kahvia + 2 valkoista<\/li>\n<li>Paino: 420g\/m2<\/li>\n<li>Tekniset tiedot: <b>\u00b1<\/b>1-5<\/li>\n<li>Tuotekuvat ovat havainnollistavia<\/li>\n<\/ul>\n<\/div>\n","protected":false},"featured_media":20642,"comment_status":"open","ping_status":"closed","template":"","meta":[],"product_brand":[],"product_cat":[815,379,388,384,387],"product_tag":[402,403,399,401,400],"class_list":{"0":"post-20641","1":"product","2":"type-product","3":"status-publish","4":"has-post-thumbnail","6":"product_cat-100-puuvillaa","7":"product_cat-kasipyyhe","8":"product_cat-pyyhesarjat","9":"product_cat-pyyhkeet","10":"product_cat-pyyhkeet-50-90","11":"product_tag-kodin-tekstiilit","12":"product_tag-pyyhkeet","13":"product_tag-sahkoinen-kaupankaynti","14":"product_tag-tekstiili","15":"product_tag-verkkokauppa","17":"first","18":"outofstock","19":"sale","20":"shipping-taxable","21":"purchasable","22":"product-type-simple"},"yoast_head":"<!-- This site is optimized with the Yoast SEO plugin v27.3 - https:\/\/yoast.com\/product\/yoast-seo-wordpress\/ -->\n<title>Kylpypyyhe setti 4 kpl 50x90 cm 2 kpl + 70x140 cm 2 kpl - 15\u20ac<\/title>\n<meta name=\"description\" content=\"4 kpl 50x90 cm 2 kpl, + 70x140 cm 2 kpl Turkkilainen pyyhesarja, valmistettu korkealaatuisesta puuvillamateriaalista, jossa yhdistyv\u00e4t mukavuus ja eleganssi.\" \/>\n<meta name=\"robots\" content=\"index, follow, max-snippet:-1, max-image-preview:large, max-video-preview:-1\" \/>\n<link rel=\"canonical\" href=\"https:\/\/minubaltic.ee\/fi\/e-pood\/kasipyyhe\/kylpypyyhe-setti-4-kpl-50x90-cm-2-kpl-70x140-cm-2-kpl\/\" \/>\n<meta property=\"og:locale\" content=\"fi_FI\" \/>\n<meta property=\"og:type\" content=\"article\" \/>\n<meta property=\"og:title\" content=\"Kylpypyyhe setti 4 kpl 50x90 cm 2 kpl + 70x140 cm 2 kpl - 15\u20ac\" \/>\n<meta property=\"og:description\" content=\"4 kpl 50x90 cm 2 kpl, + 70x140 cm 2 kpl Turkkilainen pyyhesarja, valmistettu korkealaatuisesta puuvillamateriaalista, jossa yhdistyv\u00e4t mukavuus ja eleganssi.\" \/>\n<meta property=\"og:url\" content=\"https:\/\/minubaltic.ee\/fi\/e-pood\/kasipyyhe\/kylpypyyhe-setti-4-kpl-50x90-cm-2-kpl-70x140-cm-2-kpl\/\" \/>\n<meta property=\"article:publisher\" content=\"https:\/\/www.facebook.com\/minubaltic\" \/>\n<meta property=\"article:modified_time\" content=\"2024-08-02T19:48:48+00:00\" \/>\n<meta property=\"og:image\" content=\"https:\/\/minubaltic.ee\/wp-content\/uploads\/2024\/03\/trkomplektr-1.jpg\" \/>\n\t<meta property=\"og:image:width\" content=\"682\" \/>\n\t<meta property=\"og:image:height\" content=\"682\" \/>\n\t<meta property=\"og:image:type\" content=\"image\/jpeg\" \/>\n<meta name=\"twitter:card\" content=\"summary_large_image\" \/>\n<script type=\"application\/ld+json\" class=\"yoast-schema-graph\">{\"@context\":\"https:\\\/\\\/schema.org\",\"@graph\":[{\"@type\":\"WebPage\",\"@id\":\"https:\\\/\\\/minubaltic.ee\\\/fi\\\/e-pood\\\/kasipyyhe\\\/kylpypyyhe-setti-4-kpl-50x90-cm-2-kpl-70x140-cm-2-kpl\\\/\",\"url\":\"https:\\\/\\\/minubaltic.ee\\\/fi\\\/e-pood\\\/kasipyyhe\\\/kylpypyyhe-setti-4-kpl-50x90-cm-2-kpl-70x140-cm-2-kpl\\\/\",\"name\":\"Kylpypyyhe setti 4 kpl 50x90 cm 2 kpl + 70x140 cm 2 kpl - 15\u20ac\",\"isPartOf\":{\"@id\":\"https:\\\/\\\/minubaltic.ee\\\/fi\\\/#website\"},\"primaryImageOfPage\":{\"@id\":\"https:\\\/\\\/minubaltic.ee\\\/fi\\\/e-pood\\\/kasipyyhe\\\/kylpypyyhe-setti-4-kpl-50x90-cm-2-kpl-70x140-cm-2-kpl\\\/#primaryimage\"},\"image\":{\"@id\":\"https:\\\/\\\/minubaltic.ee\\\/fi\\\/e-pood\\\/kasipyyhe\\\/kylpypyyhe-setti-4-kpl-50x90-cm-2-kpl-70x140-cm-2-kpl\\\/#primaryimage\"},\"thumbnailUrl\":\"https:\\\/\\\/minubaltic.ee\\\/wp-content\\\/uploads\\\/2024\\\/03\\\/trkomplektr-1.jpg\",\"datePublished\":\"2024-03-21T21:44:54+00:00\",\"dateModified\":\"2024-08-02T19:48:48+00:00\",\"description\":\"4 kpl 50x90 cm 2 kpl, + 70x140 cm 2 kpl Turkkilainen pyyhesarja, valmistettu korkealaatuisesta puuvillamateriaalista, jossa yhdistyv\u00e4t mukavuus ja eleganssi.\",\"breadcrumb\":{\"@id\":\"https:\\\/\\\/minubaltic.ee\\\/fi\\\/e-pood\\\/kasipyyhe\\\/kylpypyyhe-setti-4-kpl-50x90-cm-2-kpl-70x140-cm-2-kpl\\\/#breadcrumb\"},\"inLanguage\":\"fi\",\"potentialAction\":[{\"@type\":\"ReadAction\",\"target\":[\"https:\\\/\\\/minubaltic.ee\\\/fi\\\/e-pood\\\/kasipyyhe\\\/kylpypyyhe-setti-4-kpl-50x90-cm-2-kpl-70x140-cm-2-kpl\\\/\"]}]},{\"@type\":\"ImageObject\",\"inLanguage\":\"fi\",\"@id\":\"https:\\\/\\\/minubaltic.ee\\\/fi\\\/e-pood\\\/kasipyyhe\\\/kylpypyyhe-setti-4-kpl-50x90-cm-2-kpl-70x140-cm-2-kpl\\\/#primaryimage\",\"url\":\"https:\\\/\\\/minubaltic.ee\\\/wp-content\\\/uploads\\\/2024\\\/03\\\/trkomplektr-1.jpg\",\"contentUrl\":\"https:\\\/\\\/minubaltic.ee\\\/wp-content\\\/uploads\\\/2024\\\/03\\\/trkomplektr-1.jpg\",\"width\":682,\"height\":682},{\"@type\":\"BreadcrumbList\",\"@id\":\"https:\\\/\\\/minubaltic.ee\\\/fi\\\/e-pood\\\/kasipyyhe\\\/kylpypyyhe-setti-4-kpl-50x90-cm-2-kpl-70x140-cm-2-kpl\\\/#breadcrumb\",\"itemListElement\":[{\"@type\":\"ListItem\",\"position\":1,\"name\":\"Home\",\"item\":\"https:\\\/\\\/minubaltic.ee\\\/fi\\\/\"},{\"@type\":\"ListItem\",\"position\":2,\"name\":\"Verkkokauppa\",\"item\":\"https:\\\/\\\/minubaltic.ee\\\/fi\\\/verkkokauppa\\\/\"},{\"@type\":\"ListItem\",\"position\":3,\"name\":\"Kylpypyyhe setti 4 kpl 50&#215;90 cm 2 kpl + 70&#215;140 cm 2 kpl\"}]},{\"@type\":\"WebSite\",\"@id\":\"https:\\\/\\\/minubaltic.ee\\\/fi\\\/#website\",\"url\":\"https:\\\/\\\/minubaltic.ee\\\/fi\\\/\",\"name\":\"minubaltic.ee\",\"description\":\"\",\"publisher\":{\"@id\":\"https:\\\/\\\/minubaltic.ee\\\/fi\\\/#organization\"},\"potentialAction\":[{\"@type\":\"SearchAction\",\"target\":{\"@type\":\"EntryPoint\",\"urlTemplate\":\"https:\\\/\\\/minubaltic.ee\\\/fi\\\/?s={search_term_string}\"},\"query-input\":{\"@type\":\"PropertyValueSpecification\",\"valueRequired\":true,\"valueName\":\"search_term_string\"}}],\"inLanguage\":\"fi\"},{\"@type\":\"Organization\",\"@id\":\"https:\\\/\\\/minubaltic.ee\\\/fi\\\/#organization\",\"name\":\"Minu Baltic O\u00dc\",\"url\":\"https:\\\/\\\/minubaltic.ee\\\/fi\\\/\",\"logo\":{\"@type\":\"ImageObject\",\"inLanguage\":\"fi\",\"@id\":\"https:\\\/\\\/minubaltic.ee\\\/fi\\\/#\\\/schema\\\/logo\\\/image\\\/\",\"url\":\"https:\\\/\\\/minubaltic.ee\\\/wp-content\\\/uploads\\\/2023\\\/10\\\/cropped-cropped-cropped-logo.png\",\"contentUrl\":\"https:\\\/\\\/minubaltic.ee\\\/wp-content\\\/uploads\\\/2023\\\/10\\\/cropped-cropped-cropped-logo.png\",\"width\":500,\"height\":237,\"caption\":\"Minu Baltic O\u00dc\"},\"image\":{\"@id\":\"https:\\\/\\\/minubaltic.ee\\\/fi\\\/#\\\/schema\\\/logo\\\/image\\\/\"},\"sameAs\":[\"https:\\\/\\\/www.facebook.com\\\/minubaltic\"]}]}<\/script>\n<!-- \/ Yoast SEO plugin. -->","yoast_head_json":{"title":"Kylpypyyhe setti 4 kpl 50x90 cm 2 kpl + 70x140 cm 2 kpl - 15\u20ac","description":"4 kpl 50x90 cm 2 kpl, + 70x140 cm 2 kpl Turkkilainen pyyhesarja, valmistettu korkealaatuisesta puuvillamateriaalista, jossa yhdistyv\u00e4t mukavuus ja eleganssi.","robots":{"index":"index","follow":"follow","max-snippet":"max-snippet:-1","max-image-preview":"max-image-preview:large","max-video-preview":"max-video-preview:-1"},"canonical":"https:\/\/minubaltic.ee\/fi\/e-pood\/kasipyyhe\/kylpypyyhe-setti-4-kpl-50x90-cm-2-kpl-70x140-cm-2-kpl\/","og_locale":"fi_FI","og_type":"article","og_title":"Kylpypyyhe setti 4 kpl 50x90 cm 2 kpl + 70x140 cm 2 kpl - 15\u20ac","og_description":"4 kpl 50x90 cm 2 kpl, + 70x140 cm 2 kpl Turkkilainen pyyhesarja, valmistettu korkealaatuisesta puuvillamateriaalista, jossa yhdistyv\u00e4t mukavuus ja eleganssi.","og_url":"https:\/\/minubaltic.ee\/fi\/e-pood\/kasipyyhe\/kylpypyyhe-setti-4-kpl-50x90-cm-2-kpl-70x140-cm-2-kpl\/","article_publisher":"https:\/\/www.facebook.com\/minubaltic","article_modified_time":"2024-08-02T19:48:48+00:00","og_image":[{"width":682,"height":682,"url":"https:\/\/minubaltic.ee\/wp-content\/uploads\/2024\/03\/trkomplektr-1.jpg","type":"image\/jpeg"}],"twitter_card":"summary_large_image","schema":{"@context":"https:\/\/schema.org","@graph":[{"@type":"WebPage","@id":"https:\/\/minubaltic.ee\/fi\/e-pood\/kasipyyhe\/kylpypyyhe-setti-4-kpl-50x90-cm-2-kpl-70x140-cm-2-kpl\/","url":"https:\/\/minubaltic.ee\/fi\/e-pood\/kasipyyhe\/kylpypyyhe-setti-4-kpl-50x90-cm-2-kpl-70x140-cm-2-kpl\/","name":"Kylpypyyhe setti 4 kpl 50x90 cm 2 kpl + 70x140 cm 2 kpl - 15\u20ac","isPartOf":{"@id":"https:\/\/minubaltic.ee\/fi\/#website"},"primaryImageOfPage":{"@id":"https:\/\/minubaltic.ee\/fi\/e-pood\/kasipyyhe\/kylpypyyhe-setti-4-kpl-50x90-cm-2-kpl-70x140-cm-2-kpl\/#primaryimage"},"image":{"@id":"https:\/\/minubaltic.ee\/fi\/e-pood\/kasipyyhe\/kylpypyyhe-setti-4-kpl-50x90-cm-2-kpl-70x140-cm-2-kpl\/#primaryimage"},"thumbnailUrl":"https:\/\/minubaltic.ee\/wp-content\/uploads\/2024\/03\/trkomplektr-1.jpg","datePublished":"2024-03-21T21:44:54+00:00","dateModified":"2024-08-02T19:48:48+00:00","description":"4 kpl 50x90 cm 2 kpl, + 70x140 cm 2 kpl Turkkilainen pyyhesarja, valmistettu korkealaatuisesta puuvillamateriaalista, jossa yhdistyv\u00e4t mukavuus ja eleganssi.","breadcrumb":{"@id":"https:\/\/minubaltic.ee\/fi\/e-pood\/kasipyyhe\/kylpypyyhe-setti-4-kpl-50x90-cm-2-kpl-70x140-cm-2-kpl\/#breadcrumb"},"inLanguage":"fi","potentialAction":[{"@type":"ReadAction","target":["https:\/\/minubaltic.ee\/fi\/e-pood\/kasipyyhe\/kylpypyyhe-setti-4-kpl-50x90-cm-2-kpl-70x140-cm-2-kpl\/"]}]},{"@type":"ImageObject","inLanguage":"fi","@id":"https:\/\/minubaltic.ee\/fi\/e-pood\/kasipyyhe\/kylpypyyhe-setti-4-kpl-50x90-cm-2-kpl-70x140-cm-2-kpl\/#primaryimage","url":"https:\/\/minubaltic.ee\/wp-content\/uploads\/2024\/03\/trkomplektr-1.jpg","contentUrl":"https:\/\/minubaltic.ee\/wp-content\/uploads\/2024\/03\/trkomplektr-1.jpg","width":682,"height":682},{"@type":"BreadcrumbList","@id":"https:\/\/minubaltic.ee\/fi\/e-pood\/kasipyyhe\/kylpypyyhe-setti-4-kpl-50x90-cm-2-kpl-70x140-cm-2-kpl\/#breadcrumb","itemListElement":[{"@type":"ListItem","position":1,"name":"Home","item":"https:\/\/minubaltic.ee\/fi\/"},{"@type":"ListItem","position":2,"name":"Verkkokauppa","item":"https:\/\/minubaltic.ee\/fi\/verkkokauppa\/"},{"@type":"ListItem","position":3,"name":"Kylpypyyhe setti 4 kpl 50&#215;90 cm 2 kpl + 70&#215;140 cm 2 kpl"}]},{"@type":"WebSite","@id":"https:\/\/minubaltic.ee\/fi\/#website","url":"https:\/\/minubaltic.ee\/fi\/","name":"minubaltic.ee","description":"","publisher":{"@id":"https:\/\/minubaltic.ee\/fi\/#organization"},"potentialAction":[{"@type":"SearchAction","target":{"@type":"EntryPoint","urlTemplate":"https:\/\/minubaltic.ee\/fi\/?s={search_term_string}"},"query-input":{"@type":"PropertyValueSpecification","valueRequired":true,"valueName":"search_term_string"}}],"inLanguage":"fi"},{"@type":"Organization","@id":"https:\/\/minubaltic.ee\/fi\/#organization","name":"Minu Baltic O\u00dc","url":"https:\/\/minubaltic.ee\/fi\/","logo":{"@type":"ImageObject","inLanguage":"fi","@id":"https:\/\/minubaltic.ee\/fi\/#\/schema\/logo\/image\/","url":"https:\/\/minubaltic.ee\/wp-content\/uploads\/2023\/10\/cropped-cropped-cropped-logo.png","contentUrl":"https:\/\/minubaltic.ee\/wp-content\/uploads\/2023\/10\/cropped-cropped-cropped-logo.png","width":500,"height":237,"caption":"Minu Baltic O\u00dc"},"image":{"@id":"https:\/\/minubaltic.ee\/fi\/#\/schema\/logo\/image\/"},"sameAs":["https:\/\/www.facebook.com\/minubaltic"]}]}},"_links":{"self":[{"href":"https:\/\/minubaltic.ee\/fi\/wp-json\/wp\/v2\/product\/20641","targetHints":{"allow":["GET"]}}],"collection":[{"href":"https:\/\/minubaltic.ee\/fi\/wp-json\/wp\/v2\/product"}],"about":[{"href":"https:\/\/minubaltic.ee\/fi\/wp-json\/wp\/v2\/types\/product"}],"replies":[{"embeddable":true,"href":"https:\/\/minubaltic.ee\/fi\/wp-json\/wp\/v2\/comments?post=20641"}],"version-history":[{"count":0,"href":"https:\/\/minubaltic.ee\/fi\/wp-json\/wp\/v2\/product\/20641\/revisions"}],"wp:featuredmedia":[{"embeddable":true,"href":"https:\/\/minubaltic.ee\/fi\/wp-json\/wp\/v2\/media\/20642"}],"wp:attachment":[{"href":"https:\/\/minubaltic.ee\/fi\/wp-json\/wp\/v2\/media?parent=20641"}],"wp:term":[{"taxonomy":"product_brand","embeddable":true,"href":"https:\/\/minubaltic.ee\/fi\/wp-json\/wp\/v2\/product_brand?post=20641"},{"taxonomy":"product_cat","embeddable":true,"href":"https:\/\/minubaltic.ee\/fi\/wp-json\/wp\/v2\/product_cat?post=20641"},{"taxonomy":"product_tag","embeddable":true,"href":"https:\/\/minubaltic.ee\/fi\/wp-json\/wp\/v2\/product_tag?post=20641"}],"curies":[{"name":"wp","href":"https:\/\/api.w.org\/{rel}","templated":true}]}}