{"id":17175,"date":"2024-01-26T23:45:08","date_gmt":"2024-01-26T20:45:08","guid":{"rendered":"https:\/\/minubaltic.ee\/?post_type=product&#038;p=17175"},"modified":"2025-03-04T23:44:24","modified_gmt":"2025-03-04T20:44:24","slug":"lopmatuse-margiga-kaevoru","status":"publish","type":"product","link":"https:\/\/minubaltic.ee\/fi\/e-pood\/lisatarvikkeet\/lopmatuse-margiga-kaevoru\/","title":{"rendered":"L\u00f5pmatuse m\u00e4rgiga k\u00e4ev\u00f5ru"},"content":{"rendered":"<p>\ud83c\udf81 Omadused:<\/p>\n<p>V\u00e4rv: h\u00f5bedat v\u00e4rvi k\u00e4ev\u00f5ru kaunistab teie rannet ja muudab selle pilkup\u00fc\u00fcdvaks.<br \/>\nKerge ja mugav: T\u00e4nu oma kergele struktuurile sobib see igap\u00e4evaseks kasutamiseks.<\/p>\n<p>Kiire kohaletoomine:<br \/>\nEsitage tellimus ja see ainulaadne k\u00e4ev\u00f5ru j\u00f5uab kiiresti teieni.<\/p>\n<p>Stiilne k\u00e4ev\u00f5ru on nende lemmik, kes otsivad nii elegantset kui ka modernset v\u00e4limust.<\/p>\n","protected":false},"excerpt":{"rendered":"<p>H\u00f5bedat v\u00e4rvi k\u00e4ev\u00f5ru \u00fchendab ilu ja elegantsi. Spetsiaalne disain muudab selle k\u00e4ev\u00f5ru ainulaadseks.<\/p>\n","protected":false},"featured_media":17176,"comment_status":"open","ping_status":"closed","template":"","meta":[],"product_brand":[],"product_cat":[53],"product_tag":[156,158],"class_list":{"0":"post-17175","1":"product","2":"type-product","3":"status-publish","4":"has-post-thumbnail","6":"product_cat-aksessuaarid","7":"product_tag-e-kaubandus","8":"product_tag-e-pood","10":"first","11":"outofstock","12":"sale","13":"shipping-taxable","14":"purchasable","15":"product-type-simple"},"yoast_head":"<!-- This site is optimized with the Yoast SEO plugin v27.5 - https:\/\/yoast.com\/product\/yoast-seo-wordpress\/ -->\n<title>L\u00f5pmatuse m\u00e4rgiga k\u00e4ev\u00f5ru - Ehted on 50% soodsamad<\/title>\n<meta name=\"description\" content=\"H\u00f5bedat v\u00e4rvi k\u00e4ev\u00f5ru \u00fchendab ilu ja elegantsi. Spetsiaalne disain muudab selle k\u00e4ev\u00f5ru ainulaadseks. Parim kingitus ehted allahindlus\" \/>\n<meta name=\"robots\" content=\"index, follow, max-snippet:-1, max-image-preview:large, max-video-preview:-1\" \/>\n<link rel=\"canonical\" href=\"https:\/\/minubaltic.ee\/fi\/e-pood\/lisatarvikkeet\/lopmatuse-margiga-kaevoru\/\" \/>\n<meta property=\"og:locale\" content=\"fi_FI\" \/>\n<meta property=\"og:type\" content=\"article\" \/>\n<meta property=\"og:title\" content=\"L\u00f5pmatuse m\u00e4rgiga k\u00e4ev\u00f5ru - Ehted on 50% soodsamad\" \/>\n<meta property=\"og:description\" content=\"H\u00f5bedat v\u00e4rvi k\u00e4ev\u00f5ru \u00fchendab ilu ja elegantsi. Spetsiaalne disain muudab selle k\u00e4ev\u00f5ru ainulaadseks. Parim kingitus ehted allahindlus\" \/>\n<meta property=\"og:url\" content=\"https:\/\/minubaltic.ee\/fi\/e-pood\/lisatarvikkeet\/lopmatuse-margiga-kaevoru\/\" \/>\n<meta property=\"article:publisher\" content=\"https:\/\/www.facebook.com\/minubaltic\" \/>\n<meta property=\"article:modified_time\" content=\"2025-03-04T20:44:24+00:00\" \/>\n<meta property=\"og:image\" content=\"https:\/\/minubaltic.ee\/wp-content\/uploads\/2024\/01\/oie_KayVrYEFr65A.jpg\" \/>\n\t<meta property=\"og:image:width\" content=\"930\" \/>\n\t<meta property=\"og:image:height\" content=\"1256\" \/>\n\t<meta property=\"og:image:type\" content=\"image\/jpeg\" \/>\n<meta name=\"twitter:card\" content=\"summary_large_image\" \/>\n<meta name=\"twitter:label1\" content=\"Arvioitu lukuaika\" \/>\n\t<meta name=\"twitter:data1\" content=\"1 minuutti\" \/>\n<script type=\"application\/ld+json\" class=\"yoast-schema-graph\">{\"@context\":\"https:\\\/\\\/schema.org\",\"@graph\":[{\"@type\":\"WebPage\",\"@id\":\"https:\\\/\\\/minubaltic.ee\\\/fi\\\/e-pood\\\/lisatarvikkeet\\\/lopmatuse-margiga-kaevoru\\\/\",\"url\":\"https:\\\/\\\/minubaltic.ee\\\/fi\\\/e-pood\\\/lisatarvikkeet\\\/lopmatuse-margiga-kaevoru\\\/\",\"name\":\"L\u00f5pmatuse m\u00e4rgiga k\u00e4ev\u00f5ru - Ehted on 50% soodsamad\",\"isPartOf\":{\"@id\":\"https:\\\/\\\/minubaltic.ee\\\/fi\\\/#website\"},\"primaryImageOfPage\":{\"@id\":\"https:\\\/\\\/minubaltic.ee\\\/fi\\\/e-pood\\\/lisatarvikkeet\\\/lopmatuse-margiga-kaevoru\\\/#primaryimage\"},\"image\":{\"@id\":\"https:\\\/\\\/minubaltic.ee\\\/fi\\\/e-pood\\\/lisatarvikkeet\\\/lopmatuse-margiga-kaevoru\\\/#primaryimage\"},\"thumbnailUrl\":\"https:\\\/\\\/minubaltic.ee\\\/wp-content\\\/uploads\\\/2024\\\/01\\\/oie_KayVrYEFr65A.jpg\",\"datePublished\":\"2024-01-26T20:45:08+00:00\",\"dateModified\":\"2025-03-04T20:44:24+00:00\",\"description\":\"H\u00f5bedat v\u00e4rvi k\u00e4ev\u00f5ru \u00fchendab ilu ja elegantsi. Spetsiaalne disain muudab selle k\u00e4ev\u00f5ru ainulaadseks. Parim kingitus ehted allahindlus\",\"breadcrumb\":{\"@id\":\"https:\\\/\\\/minubaltic.ee\\\/fi\\\/e-pood\\\/lisatarvikkeet\\\/lopmatuse-margiga-kaevoru\\\/#breadcrumb\"},\"inLanguage\":\"fi\",\"potentialAction\":[{\"@type\":\"ReadAction\",\"target\":[\"https:\\\/\\\/minubaltic.ee\\\/fi\\\/e-pood\\\/lisatarvikkeet\\\/lopmatuse-margiga-kaevoru\\\/\"]}]},{\"@type\":\"ImageObject\",\"inLanguage\":\"fi\",\"@id\":\"https:\\\/\\\/minubaltic.ee\\\/fi\\\/e-pood\\\/lisatarvikkeet\\\/lopmatuse-margiga-kaevoru\\\/#primaryimage\",\"url\":\"https:\\\/\\\/minubaltic.ee\\\/wp-content\\\/uploads\\\/2024\\\/01\\\/oie_KayVrYEFr65A.jpg\",\"contentUrl\":\"https:\\\/\\\/minubaltic.ee\\\/wp-content\\\/uploads\\\/2024\\\/01\\\/oie_KayVrYEFr65A.jpg\",\"width\":930,\"height\":1256},{\"@type\":\"BreadcrumbList\",\"@id\":\"https:\\\/\\\/minubaltic.ee\\\/fi\\\/e-pood\\\/lisatarvikkeet\\\/lopmatuse-margiga-kaevoru\\\/#breadcrumb\",\"itemListElement\":[{\"@type\":\"ListItem\",\"position\":1,\"name\":\"Home\",\"item\":\"https:\\\/\\\/minubaltic.ee\\\/fi\\\/\"},{\"@type\":\"ListItem\",\"position\":2,\"name\":\"Verkkokauppa\",\"item\":\"https:\\\/\\\/minubaltic.ee\\\/fi\\\/verkkokauppa\\\/\"},{\"@type\":\"ListItem\",\"position\":3,\"name\":\"L\u00f5pmatuse m\u00e4rgiga k\u00e4ev\u00f5ru\"}]},{\"@type\":\"WebSite\",\"@id\":\"https:\\\/\\\/minubaltic.ee\\\/fi\\\/#website\",\"url\":\"https:\\\/\\\/minubaltic.ee\\\/fi\\\/\",\"name\":\"minubaltic.ee\",\"description\":\"\",\"publisher\":{\"@id\":\"https:\\\/\\\/minubaltic.ee\\\/fi\\\/#organization\"},\"potentialAction\":[{\"@type\":\"SearchAction\",\"target\":{\"@type\":\"EntryPoint\",\"urlTemplate\":\"https:\\\/\\\/minubaltic.ee\\\/fi\\\/?s={search_term_string}\"},\"query-input\":{\"@type\":\"PropertyValueSpecification\",\"valueRequired\":true,\"valueName\":\"search_term_string\"}}],\"inLanguage\":\"fi\"},{\"@type\":\"Organization\",\"@id\":\"https:\\\/\\\/minubaltic.ee\\\/fi\\\/#organization\",\"name\":\"Minu Baltic O\u00dc\",\"url\":\"https:\\\/\\\/minubaltic.ee\\\/fi\\\/\",\"logo\":{\"@type\":\"ImageObject\",\"inLanguage\":\"fi\",\"@id\":\"https:\\\/\\\/minubaltic.ee\\\/fi\\\/#\\\/schema\\\/logo\\\/image\\\/\",\"url\":\"https:\\\/\\\/minubaltic.ee\\\/wp-content\\\/uploads\\\/2023\\\/10\\\/cropped-cropped-cropped-logo.png\",\"contentUrl\":\"https:\\\/\\\/minubaltic.ee\\\/wp-content\\\/uploads\\\/2023\\\/10\\\/cropped-cropped-cropped-logo.png\",\"width\":500,\"height\":237,\"caption\":\"Minu Baltic O\u00dc\"},\"image\":{\"@id\":\"https:\\\/\\\/minubaltic.ee\\\/fi\\\/#\\\/schema\\\/logo\\\/image\\\/\"},\"sameAs\":[\"https:\\\/\\\/www.facebook.com\\\/minubaltic\"]}]}<\/script>\n<!-- \/ Yoast SEO plugin. -->","yoast_head_json":{"title":"L\u00f5pmatuse m\u00e4rgiga k\u00e4ev\u00f5ru - Ehted on 50% soodsamad","description":"H\u00f5bedat v\u00e4rvi k\u00e4ev\u00f5ru \u00fchendab ilu ja elegantsi. Spetsiaalne disain muudab selle k\u00e4ev\u00f5ru ainulaadseks. Parim kingitus ehted allahindlus","robots":{"index":"index","follow":"follow","max-snippet":"max-snippet:-1","max-image-preview":"max-image-preview:large","max-video-preview":"max-video-preview:-1"},"canonical":"https:\/\/minubaltic.ee\/fi\/e-pood\/lisatarvikkeet\/lopmatuse-margiga-kaevoru\/","og_locale":"fi_FI","og_type":"article","og_title":"L\u00f5pmatuse m\u00e4rgiga k\u00e4ev\u00f5ru - Ehted on 50% soodsamad","og_description":"H\u00f5bedat v\u00e4rvi k\u00e4ev\u00f5ru \u00fchendab ilu ja elegantsi. Spetsiaalne disain muudab selle k\u00e4ev\u00f5ru ainulaadseks. Parim kingitus ehted allahindlus","og_url":"https:\/\/minubaltic.ee\/fi\/e-pood\/lisatarvikkeet\/lopmatuse-margiga-kaevoru\/","article_publisher":"https:\/\/www.facebook.com\/minubaltic","article_modified_time":"2025-03-04T20:44:24+00:00","og_image":[{"width":930,"height":1256,"url":"https:\/\/minubaltic.ee\/wp-content\/uploads\/2024\/01\/oie_KayVrYEFr65A.jpg","type":"image\/jpeg"}],"twitter_card":"summary_large_image","twitter_misc":{"Arvioitu lukuaika":"1 minuutti"},"schema":{"@context":"https:\/\/schema.org","@graph":[{"@type":"WebPage","@id":"https:\/\/minubaltic.ee\/fi\/e-pood\/lisatarvikkeet\/lopmatuse-margiga-kaevoru\/","url":"https:\/\/minubaltic.ee\/fi\/e-pood\/lisatarvikkeet\/lopmatuse-margiga-kaevoru\/","name":"L\u00f5pmatuse m\u00e4rgiga k\u00e4ev\u00f5ru - Ehted on 50% soodsamad","isPartOf":{"@id":"https:\/\/minubaltic.ee\/fi\/#website"},"primaryImageOfPage":{"@id":"https:\/\/minubaltic.ee\/fi\/e-pood\/lisatarvikkeet\/lopmatuse-margiga-kaevoru\/#primaryimage"},"image":{"@id":"https:\/\/minubaltic.ee\/fi\/e-pood\/lisatarvikkeet\/lopmatuse-margiga-kaevoru\/#primaryimage"},"thumbnailUrl":"https:\/\/minubaltic.ee\/wp-content\/uploads\/2024\/01\/oie_KayVrYEFr65A.jpg","datePublished":"2024-01-26T20:45:08+00:00","dateModified":"2025-03-04T20:44:24+00:00","description":"H\u00f5bedat v\u00e4rvi k\u00e4ev\u00f5ru \u00fchendab ilu ja elegantsi. Spetsiaalne disain muudab selle k\u00e4ev\u00f5ru ainulaadseks. Parim kingitus ehted allahindlus","breadcrumb":{"@id":"https:\/\/minubaltic.ee\/fi\/e-pood\/lisatarvikkeet\/lopmatuse-margiga-kaevoru\/#breadcrumb"},"inLanguage":"fi","potentialAction":[{"@type":"ReadAction","target":["https:\/\/minubaltic.ee\/fi\/e-pood\/lisatarvikkeet\/lopmatuse-margiga-kaevoru\/"]}]},{"@type":"ImageObject","inLanguage":"fi","@id":"https:\/\/minubaltic.ee\/fi\/e-pood\/lisatarvikkeet\/lopmatuse-margiga-kaevoru\/#primaryimage","url":"https:\/\/minubaltic.ee\/wp-content\/uploads\/2024\/01\/oie_KayVrYEFr65A.jpg","contentUrl":"https:\/\/minubaltic.ee\/wp-content\/uploads\/2024\/01\/oie_KayVrYEFr65A.jpg","width":930,"height":1256},{"@type":"BreadcrumbList","@id":"https:\/\/minubaltic.ee\/fi\/e-pood\/lisatarvikkeet\/lopmatuse-margiga-kaevoru\/#breadcrumb","itemListElement":[{"@type":"ListItem","position":1,"name":"Home","item":"https:\/\/minubaltic.ee\/fi\/"},{"@type":"ListItem","position":2,"name":"Verkkokauppa","item":"https:\/\/minubaltic.ee\/fi\/verkkokauppa\/"},{"@type":"ListItem","position":3,"name":"L\u00f5pmatuse m\u00e4rgiga k\u00e4ev\u00f5ru"}]},{"@type":"WebSite","@id":"https:\/\/minubaltic.ee\/fi\/#website","url":"https:\/\/minubaltic.ee\/fi\/","name":"minubaltic.ee","description":"","publisher":{"@id":"https:\/\/minubaltic.ee\/fi\/#organization"},"potentialAction":[{"@type":"SearchAction","target":{"@type":"EntryPoint","urlTemplate":"https:\/\/minubaltic.ee\/fi\/?s={search_term_string}"},"query-input":{"@type":"PropertyValueSpecification","valueRequired":true,"valueName":"search_term_string"}}],"inLanguage":"fi"},{"@type":"Organization","@id":"https:\/\/minubaltic.ee\/fi\/#organization","name":"Minu Baltic O\u00dc","url":"https:\/\/minubaltic.ee\/fi\/","logo":{"@type":"ImageObject","inLanguage":"fi","@id":"https:\/\/minubaltic.ee\/fi\/#\/schema\/logo\/image\/","url":"https:\/\/minubaltic.ee\/wp-content\/uploads\/2023\/10\/cropped-cropped-cropped-logo.png","contentUrl":"https:\/\/minubaltic.ee\/wp-content\/uploads\/2023\/10\/cropped-cropped-cropped-logo.png","width":500,"height":237,"caption":"Minu Baltic O\u00dc"},"image":{"@id":"https:\/\/minubaltic.ee\/fi\/#\/schema\/logo\/image\/"},"sameAs":["https:\/\/www.facebook.com\/minubaltic"]}]}},"_links":{"self":[{"href":"https:\/\/minubaltic.ee\/fi\/wp-json\/wp\/v2\/product\/17175","targetHints":{"allow":["GET"]}}],"collection":[{"href":"https:\/\/minubaltic.ee\/fi\/wp-json\/wp\/v2\/product"}],"about":[{"href":"https:\/\/minubaltic.ee\/fi\/wp-json\/wp\/v2\/types\/product"}],"replies":[{"embeddable":true,"href":"https:\/\/minubaltic.ee\/fi\/wp-json\/wp\/v2\/comments?post=17175"}],"version-history":[{"count":1,"href":"https:\/\/minubaltic.ee\/fi\/wp-json\/wp\/v2\/product\/17175\/revisions"}],"predecessor-version":[{"id":43592,"href":"https:\/\/minubaltic.ee\/fi\/wp-json\/wp\/v2\/product\/17175\/revisions\/43592"}],"wp:featuredmedia":[{"embeddable":true,"href":"https:\/\/minubaltic.ee\/fi\/wp-json\/wp\/v2\/media\/17176"}],"wp:attachment":[{"href":"https:\/\/minubaltic.ee\/fi\/wp-json\/wp\/v2\/media?parent=17175"}],"wp:term":[{"taxonomy":"product_brand","embeddable":true,"href":"https:\/\/minubaltic.ee\/fi\/wp-json\/wp\/v2\/product_brand?post=17175"},{"taxonomy":"product_cat","embeddable":true,"href":"https:\/\/minubaltic.ee\/fi\/wp-json\/wp\/v2\/product_cat?post=17175"},{"taxonomy":"product_tag","embeddable":true,"href":"https:\/\/minubaltic.ee\/fi\/wp-json\/wp\/v2\/product_tag?post=17175"}],"curies":[{"name":"wp","href":"https:\/\/api.w.org\/{rel}","templated":true}]}}