{"id":21120,"date":"2023-09-30T13:50:58","date_gmt":"2023-09-30T10:50:58","guid":{"rendered":"https:\/\/minubaltic.ee\/peruuttamislomake\/"},"modified":"2024-08-08T11:30:31","modified_gmt":"2024-08-08T08:30:31","slug":"peruutuslomake","status":"publish","type":"page","link":"https:\/\/minubaltic.ee\/fi\/peruutuslomake\/","title":{"rendered":"Peruutuslomake"},"content":{"rendered":"\t\t<div data-elementor-type=\"wp-page\" data-elementor-id=\"21120\" class=\"elementor elementor-21120 elementor-617\">\n\t\t\t\t<div class=\"wd-negative-gap elementor-element elementor-element-bff023c e-flex e-con-boxed e-con e-parent\" data-id=\"bff023c\" data-element_type=\"container\" data-e-type=\"container\">\n\t\t\t\t\t<div class=\"e-con-inner\">\n\t\t\t\t<div class=\"elementor-element elementor-element-5cb92abb color-scheme-inherit text-left elementor-widget elementor-widget-text-editor\" data-id=\"5cb92abb\" data-element_type=\"widget\" data-e-type=\"widget\" data-widget_type=\"text-editor.default\">\n\t\t\t\t<div class=\"elementor-widget-container\">\n\t\t\t\t\t\t\t\t\t<p>\u00a0<\/p><p>Oikeusministeri 17.12.2013. a Asetus N:o 41<br \/>&#8221;Sopimus, joka on tehty telepalvelun avulla, ja&#8221;.<br \/>muualla kuin toimitiloissa tehty sopimus<br \/>vakiomuotoinen peruuttamislomake ja<br \/>vet\u00e4ytymist\u00e4 koskevien k\u00e4yt\u00e4nnes\u00e4\u00e4nt\u00f6jen mallin vahvistamisesta&#8221;<\/p><p><strong>Huomaa: Toimituskuluja ei palauteta.<\/strong><\/p><p>\u00a0<\/p>\t\t\t\t\t\t\t\t<\/div>\n\t\t\t\t<\/div>\n\t\t\t\t\t<\/div>\n\t\t\t\t<\/div>\n\t\t<div class=\"wd-negative-gap elementor-element elementor-element-d50a5d0 e-flex e-con-boxed e-con e-parent\" data-id=\"d50a5d0\" data-element_type=\"container\" data-e-type=\"container\">\n\t\t\t\t\t<div class=\"e-con-inner\">\n\t\t\t\t<div class=\"elementor-element elementor-element-e0af6b0 elementor-widget elementor-widget-shortcode\" data-id=\"e0af6b0\" data-element_type=\"widget\" data-e-type=\"widget\" data-widget_type=\"shortcode.default\">\n\t\t\t\t<div class=\"elementor-widget-container\">\n\t\t\t\t\t\t\t<div class=\"elementor-shortcode\"><p class=\"wpcf7-contact-form-not-found\"><strong>Virhe:<\/strong> Yhteydenottolomaketta ei l\u00f6ytynyt.<\/p><\/div>\n\t\t\t\t\t\t<\/div>\n\t\t\t\t<\/div>\n\t\t\t\t\t<\/div>\n\t\t\t\t<\/div>\n\t\t\t\t<\/div>\n\t\t","protected":false},"excerpt":{"rendered":"<p>\u00a0 Oikeusministeri 17.12.2013. a Asetus N:o 41&#8221;Sopimus, joka on tehty telepalvelun avulla, ja&#8221;.muualla kuin toimitiloissa tehty sopimusvakiomuotoinen peruuttamislomake javet\u00e4ytymist\u00e4 koskevien<\/p>\n","protected":false},"author":1,"featured_media":0,"parent":0,"menu_order":0,"comment_status":"closed","ping_status":"closed","template":"","meta":{"footnotes":""},"class_list":["post-21120","page","type-page","status-publish","hentry"],"yoast_head":"<!-- This site is optimized with the Yoast SEO plugin v27.3 - https:\/\/yoast.com\/product\/yoast-seo-wordpress\/ -->\n<title>Peruutuslomake - MinuBaltic.EE<\/title>\n<meta name=\"description\" content=\"Minu Baltic O\u00dc (registrikood16809904), asukohaga Ida-Viru maakond, L\u00fcganuse vald, L\u00fcganuse alevik, Papli tn 4-6,43301\" \/>\n<meta name=\"robots\" content=\"index, follow, max-snippet:-1, max-image-preview:large, max-video-preview:-1\" \/>\n<link rel=\"canonical\" href=\"https:\/\/minubaltic.ee\/fi\/peruutuslomake\/\" \/>\n<meta property=\"og:locale\" content=\"fi_FI\" \/>\n<meta property=\"og:type\" content=\"article\" \/>\n<meta property=\"og:title\" content=\"Peruutuslomake - MinuBaltic.EE\" \/>\n<meta property=\"og:description\" content=\"Minu Baltic O\u00dc (registrikood16809904), asukohaga Ida-Viru maakond, L\u00fcganuse vald, L\u00fcganuse alevik, Papli tn 4-6,43301\" \/>\n<meta property=\"og:url\" content=\"https:\/\/minubaltic.ee\/fi\/peruutuslomake\/\" \/>\n<meta property=\"article:publisher\" content=\"https:\/\/www.facebook.com\/minubaltic\" \/>\n<meta property=\"article:modified_time\" content=\"2024-08-08T08:30:31+00:00\" \/>\n<meta name=\"twitter:card\" content=\"summary_large_image\" \/>\n<meta name=\"twitter:label1\" content=\"Arvioitu lukuaika\" \/>\n\t<meta name=\"twitter:data1\" content=\"1 minuutti\" \/>\n<script type=\"application\/ld+json\" class=\"yoast-schema-graph\">{\"@context\":\"https:\\\/\\\/schema.org\",\"@graph\":[{\"@type\":\"WebPage\",\"@id\":\"https:\\\/\\\/minubaltic.ee\\\/fi\\\/peruutuslomake\\\/\",\"url\":\"https:\\\/\\\/minubaltic.ee\\\/fi\\\/peruutuslomake\\\/\",\"name\":\"Peruutuslomake - MinuBaltic.EE\",\"isPartOf\":{\"@id\":\"https:\\\/\\\/minubaltic.ee\\\/fi\\\/#website\"},\"datePublished\":\"2023-09-30T10:50:58+00:00\",\"dateModified\":\"2024-08-08T08:30:31+00:00\",\"description\":\"Minu Baltic O\u00dc (registrikood16809904), asukohaga Ida-Viru maakond, L\u00fcganuse vald, L\u00fcganuse alevik, Papli tn 4-6,43301\",\"breadcrumb\":{\"@id\":\"https:\\\/\\\/minubaltic.ee\\\/fi\\\/peruutuslomake\\\/#breadcrumb\"},\"inLanguage\":\"fi\",\"potentialAction\":[{\"@type\":\"ReadAction\",\"target\":[\"https:\\\/\\\/minubaltic.ee\\\/fi\\\/peruutuslomake\\\/\"]}]},{\"@type\":\"BreadcrumbList\",\"@id\":\"https:\\\/\\\/minubaltic.ee\\\/fi\\\/peruutuslomake\\\/#breadcrumb\",\"itemListElement\":[{\"@type\":\"ListItem\",\"position\":1,\"name\":\"Home\",\"item\":\"https:\\\/\\\/minubaltic.ee\\\/fi\\\/\"},{\"@type\":\"ListItem\",\"position\":2,\"name\":\"Peruutuslomake\"}]},{\"@type\":\"WebSite\",\"@id\":\"https:\\\/\\\/minubaltic.ee\\\/fi\\\/#website\",\"url\":\"https:\\\/\\\/minubaltic.ee\\\/fi\\\/\",\"name\":\"minubaltic.ee\",\"description\":\"\",\"publisher\":{\"@id\":\"https:\\\/\\\/minubaltic.ee\\\/fi\\\/#organization\"},\"potentialAction\":[{\"@type\":\"SearchAction\",\"target\":{\"@type\":\"EntryPoint\",\"urlTemplate\":\"https:\\\/\\\/minubaltic.ee\\\/fi\\\/?s={search_term_string}\"},\"query-input\":{\"@type\":\"PropertyValueSpecification\",\"valueRequired\":true,\"valueName\":\"search_term_string\"}}],\"inLanguage\":\"fi\"},{\"@type\":\"Organization\",\"@id\":\"https:\\\/\\\/minubaltic.ee\\\/fi\\\/#organization\",\"name\":\"Minu Baltic O\u00dc\",\"url\":\"https:\\\/\\\/minubaltic.ee\\\/fi\\\/\",\"logo\":{\"@type\":\"ImageObject\",\"inLanguage\":\"fi\",\"@id\":\"https:\\\/\\\/minubaltic.ee\\\/fi\\\/#\\\/schema\\\/logo\\\/image\\\/\",\"url\":\"https:\\\/\\\/minubaltic.ee\\\/wp-content\\\/uploads\\\/2023\\\/10\\\/cropped-cropped-cropped-logo.png\",\"contentUrl\":\"https:\\\/\\\/minubaltic.ee\\\/wp-content\\\/uploads\\\/2023\\\/10\\\/cropped-cropped-cropped-logo.png\",\"width\":500,\"height\":237,\"caption\":\"Minu Baltic O\u00dc\"},\"image\":{\"@id\":\"https:\\\/\\\/minubaltic.ee\\\/fi\\\/#\\\/schema\\\/logo\\\/image\\\/\"},\"sameAs\":[\"https:\\\/\\\/www.facebook.com\\\/minubaltic\"]}]}<\/script>\n<!-- \/ Yoast SEO plugin. -->","yoast_head_json":{"title":"Peruutuslomake - MinuBaltic.EE","description":"Minu Baltic O\u00dc (registrikood16809904), asukohaga Ida-Viru maakond, L\u00fcganuse vald, L\u00fcganuse alevik, Papli tn 4-6,43301","robots":{"index":"index","follow":"follow","max-snippet":"max-snippet:-1","max-image-preview":"max-image-preview:large","max-video-preview":"max-video-preview:-1"},"canonical":"https:\/\/minubaltic.ee\/fi\/peruutuslomake\/","og_locale":"fi_FI","og_type":"article","og_title":"Peruutuslomake - MinuBaltic.EE","og_description":"Minu Baltic O\u00dc (registrikood16809904), asukohaga Ida-Viru maakond, L\u00fcganuse vald, L\u00fcganuse alevik, Papli tn 4-6,43301","og_url":"https:\/\/minubaltic.ee\/fi\/peruutuslomake\/","article_publisher":"https:\/\/www.facebook.com\/minubaltic","article_modified_time":"2024-08-08T08:30:31+00:00","twitter_card":"summary_large_image","twitter_misc":{"Arvioitu lukuaika":"1 minuutti"},"schema":{"@context":"https:\/\/schema.org","@graph":[{"@type":"WebPage","@id":"https:\/\/minubaltic.ee\/fi\/peruutuslomake\/","url":"https:\/\/minubaltic.ee\/fi\/peruutuslomake\/","name":"Peruutuslomake - MinuBaltic.EE","isPartOf":{"@id":"https:\/\/minubaltic.ee\/fi\/#website"},"datePublished":"2023-09-30T10:50:58+00:00","dateModified":"2024-08-08T08:30:31+00:00","description":"Minu Baltic O\u00dc (registrikood16809904), asukohaga Ida-Viru maakond, L\u00fcganuse vald, L\u00fcganuse alevik, Papli tn 4-6,43301","breadcrumb":{"@id":"https:\/\/minubaltic.ee\/fi\/peruutuslomake\/#breadcrumb"},"inLanguage":"fi","potentialAction":[{"@type":"ReadAction","target":["https:\/\/minubaltic.ee\/fi\/peruutuslomake\/"]}]},{"@type":"BreadcrumbList","@id":"https:\/\/minubaltic.ee\/fi\/peruutuslomake\/#breadcrumb","itemListElement":[{"@type":"ListItem","position":1,"name":"Home","item":"https:\/\/minubaltic.ee\/fi\/"},{"@type":"ListItem","position":2,"name":"Peruutuslomake"}]},{"@type":"WebSite","@id":"https:\/\/minubaltic.ee\/fi\/#website","url":"https:\/\/minubaltic.ee\/fi\/","name":"minubaltic.ee","description":"","publisher":{"@id":"https:\/\/minubaltic.ee\/fi\/#organization"},"potentialAction":[{"@type":"SearchAction","target":{"@type":"EntryPoint","urlTemplate":"https:\/\/minubaltic.ee\/fi\/?s={search_term_string}"},"query-input":{"@type":"PropertyValueSpecification","valueRequired":true,"valueName":"search_term_string"}}],"inLanguage":"fi"},{"@type":"Organization","@id":"https:\/\/minubaltic.ee\/fi\/#organization","name":"Minu Baltic O\u00dc","url":"https:\/\/minubaltic.ee\/fi\/","logo":{"@type":"ImageObject","inLanguage":"fi","@id":"https:\/\/minubaltic.ee\/fi\/#\/schema\/logo\/image\/","url":"https:\/\/minubaltic.ee\/wp-content\/uploads\/2023\/10\/cropped-cropped-cropped-logo.png","contentUrl":"https:\/\/minubaltic.ee\/wp-content\/uploads\/2023\/10\/cropped-cropped-cropped-logo.png","width":500,"height":237,"caption":"Minu Baltic O\u00dc"},"image":{"@id":"https:\/\/minubaltic.ee\/fi\/#\/schema\/logo\/image\/"},"sameAs":["https:\/\/www.facebook.com\/minubaltic"]}]}},"_links":{"self":[{"href":"https:\/\/minubaltic.ee\/fi\/wp-json\/wp\/v2\/pages\/21120","targetHints":{"allow":["GET"]}}],"collection":[{"href":"https:\/\/minubaltic.ee\/fi\/wp-json\/wp\/v2\/pages"}],"about":[{"href":"https:\/\/minubaltic.ee\/fi\/wp-json\/wp\/v2\/types\/page"}],"author":[{"embeddable":true,"href":"https:\/\/minubaltic.ee\/fi\/wp-json\/wp\/v2\/users\/1"}],"replies":[{"embeddable":true,"href":"https:\/\/minubaltic.ee\/fi\/wp-json\/wp\/v2\/comments?post=21120"}],"version-history":[{"count":3,"href":"https:\/\/minubaltic.ee\/fi\/wp-json\/wp\/v2\/pages\/21120\/revisions"}],"predecessor-version":[{"id":31448,"href":"https:\/\/minubaltic.ee\/fi\/wp-json\/wp\/v2\/pages\/21120\/revisions\/31448"}],"wp:attachment":[{"href":"https:\/\/minubaltic.ee\/fi\/wp-json\/wp\/v2\/media?parent=21120"}],"curies":[{"name":"wp","href":"https:\/\/api.w.org\/{rel}","templated":true}]}}