{"id":21116,"date":"2023-09-30T13:49:48","date_gmt":"2023-09-30T10:49:48","guid":{"rendered":"https:\/\/minubaltic.ee\/myyntiehdot\/"},"modified":"2024-08-08T11:24:12","modified_gmt":"2024-08-08T08:24:12","slug":"myyntiehdot","status":"publish","type":"page","link":"https:\/\/minubaltic.ee\/fi\/myyntiehdot\/","title":{"rendered":"Myyntiehdot"},"content":{"rendered":"\n<p>MYYNTIEHDOT JA -M\u00c4\u00c4R\u00c4YKSET<br><strong>Minu Baltic -verkkokaupan (j\u00e4ljemp\u00e4n\u00e4 Verkkokauppa) omistaja on Minu Baltic O\u00dc (rekisteritunnus<br>16809904), joka sijaitsee Ida-Viru maakond, L\u00fcganuse vald, L\u00fcganuse alevik, Papli tn 4-6,<br>43301<\/strong><br>Myyntisopimuksen voimassaolo, kaupalliset tiedot ja hintatiedot<br>Myyntiehdot koskevat tavaroiden ostamista verkkokaupasta.<br>Verkkokaupassa myyt\u00e4vien tuotteiden hinnat on ilmoitettu tuotteiden yhteydess\u00e4. Hinta ja maksu<br>tavaroiden toimittamista varten. Kaikki verkkokaupassa myyt\u00e4vien tuotteiden hinnat ovat eurom\u00e4\u00e4r\u00e4isi\u00e4.<br>Toimitusmaksu riippuu ostajan sijainnista ja toimitustavasta.<br>Toimitusmaksu ilmoitetaan ostajalle tilauksen yhteydess\u00e4.<br>Tietoa tavaroista on verkkokaupassa suoraan tavaran vieress\u00e4.<br>Tilauksen tekeminen<br>Tilausta varten sinun on lis\u00e4tt\u00e4v\u00e4 haluamasi tuotteet ostoskoriin. Tilausta varten sinun on t\u00e4ytett\u00e4v\u00e4 seuraavat tiedot<br>tarvittavat tietokent\u00e4t ja valitse sopiva toimitustapa. N\u00e4et sitten<br>maksun m\u00e4\u00e4r\u00e4, joka voidaan maksaa turvallisesti seuraavilla maksutavoilla:<br>Pankkimaksut Virossa: <strong>Swedbank, SEB, Luminor, LHV, Coop Pank, Citadele<br>Visa\/Mastercard-korttimaksut<\/strong>.<br>Suomalaiset pankkilinkit: <strong>Aktia, \u00c5landsbanken, Danske, Handelsbanken, Nordea, Oma<br><\/strong> S\u00e4\u00e4stopankki <strong>, Pohjola, POP Pankki, S-Pankki, S\u00e4\u00e4stopankki<\/strong>.<br>Pankkimaksut Latviassa: <strong>Swedbank, SEB, Citadele, Citadele ja Luminor<\/strong>.<br>Pankkimaksut Liettuassa: <strong>Swedbank, SEB, Citadele, \u0160iauliu ja Luminor<\/strong>.<br>NB! Kun maksat pankkisiirrolla, muista painaa &#8221;Takaisin kauppiaalle&#8221; -painiketta pankkisivulla.<br>Maksuja v\u00e4litt\u00e4\u00e4 <strong>Maksekeskus AS<\/strong>. Maksaminen tapahtuu verkkokaupan ulkopuolella turvallisessa<br>turvallisessa ymp\u00e4rist\u00f6ss\u00e4 &#8211; maksettaessa pankkisiirrolla kyseisen pankin turvallisessa ymp\u00e4rist\u00f6ss\u00e4 ja luottokortilla.<br>maksaminen<strong> Payment Centre AS <\/strong>:n turvallisessa ymp\u00e4rist\u00f6ss\u00e4. Myyj\u00e4ll\u00e4 ei ole p\u00e4\u00e4sy\u00e4 asiakkaan pankkiin ja<br>luottokorttitiedot. Sopimus tulee voimaan p\u00e4iv\u00e4n\u00e4, jona maksettava summa on vastaanotettu.<br>Verkkokauppatilillesi.<br>Verkkosivuston omistaja on henkil\u00f6tietojen rekisterinpit\u00e4j\u00e4 ja maksujen osalta.<br>tarvittavat henkil\u00f6tiedot henkil\u00f6tietojen k\u00e4sittelij\u00e4lle<strong> Maksekeskus AS<\/strong>.<br>Jos tilattuja tavaroita ei voida toimittaa tavaroiden vanhentumisen tai muun syyn vuoksi,<br>ostajalle ilmoitetaan asiasta mahdollisimman pian ja kaikki maksetut rahat (mukaan lukien tavaroiden hinta) palautetaan.<br>(toimituskuluja ei palauteta), kuitenkin viimeist\u00e4\u00e4n <strong>14 p\u00e4iv\u00e4n<\/strong> kuluessa ilmoituksen l\u00e4hett\u00e4misest\u00e4.<\/p>\n\n\n\n<p>Toimitus osoitteeseen<br>Tavarat toimitetaan seuraaviin maihin <strong>: Viro<\/strong><br>Ostajalla on seuraavat vaihtoehdot tavaran noutamiseksi: <strong>Itella SmartPost -pakettiterminaali, Omniva<br>-pakettiterminaali, DPD-pakettiterminaali<\/strong>.<br>Ostaja vastaa toimituskuluista, ja vastaavat hintatiedot n\u00e4kyv\u00e4t toimitustavan yhteydess\u00e4.<br>Viron sis\u00e4iset l\u00e4hetykset saapuvat yleens\u00e4 ostajan ilmoittamaan m\u00e4\u00e4r\u00e4np\u00e4\u00e4h\u00e4n <strong>2-7 ty\u00f6p\u00e4iv\u00e4n<\/strong> kuluessa.<br>myyntisopimuksen voimaantulosta.<br>Poikkeustapauksissa sinulla on oikeus saada tavarat toimitettua 45 kalenterip\u00e4iv\u00e4n kuluessa.<br>Peruuttamisoikeus<br>Tilauksen vastaanottamisen j\u00e4lkeen ostajalla on oikeus peruuttaa s\u00e4hk\u00f6inen sopimus <strong>14 p\u00e4iv\u00e4n<\/strong> kuluessa.<br>on.<br>Peruuttamisoikeutta ei sovelleta, jos ostaja on oikeushenkil\u00f6.<br>Jotta <strong>14 p\u00e4iv\u00e4n<\/strong>palautusoikeudesta voidaan hy\u00f6ty\u00e4, tilattuja tavaroita ei saa k\u00e4ytt\u00e4\u00e4 muuhun kuin.<br>on tarpeen tavaroiden luonteen, ominaisuuksien ja toiminnan selvitt\u00e4miseksi sallitulla tavalla.<br>tavaroiden testaamiseen fyysisess\u00e4 myym\u00e4l\u00e4ss\u00e4.<br>Jos tavaroita on k\u00e4ytetty muuhun kuin niiden luonteen, ominaisuuksien tai ominaisuuksien edellytt\u00e4m\u00e4\u00e4n tarkoitukseen.<br>sen asianmukaisen toiminnan varmistamiseksi tai jos siin\u00e4 on merkkej\u00e4 k\u00e4yt\u00f6st\u00e4 tai kulumisesta, Veebipoelilla on oikeus.<br>alentaa palautettavaa maksua tavaroiden arvon alenemisen mukaisesti.<br>Palauttaaksesi tavarat sinun on l\u00e4hetett\u00e4v\u00e4 peruutuslomake, joka l\u00f6ytyy osoitteesta.<br>t\u00e4\u00e4lt\u00e4: <a href=\"https:\/\/minubaltic.ee\/fi\/peruutuslomake\/\">\n  <strong>peruutusilmoitus<\/strong>\n<\/a> ja l\u00e4het\u00e4 se s\u00e4hk\u00f6postitse osoitteeseen <strong>info@minubaltic.ee<\/strong><br>viimeist\u00e4\u00e4n <strong>14 p\u00e4iv\u00e4n<\/strong> kuluessa tavaroiden vastaanottamisesta.<br>Ostaja vastaa tavaran palauttamisesta aiheutuvista kustannuksista, ellei palautuksen syy ole.<br>se, ett\u00e4 palautettava tuote ei vastaa tilattua tuotetta (esim. v\u00e4\u00e4r\u00e4 tai viallinen tuote).<br>Ostajan on palautettava tavarat <strong>14 p\u00e4iv\u00e4n<\/strong> kuluessa hakemuksen p\u00e4iv\u00e4yksest\u00e4 tai esitett\u00e4v\u00e4 tavarat seuraavalle osoitteelle.<br>todiste siit\u00e4, ett\u00e4 h\u00e4n on luovuttanut tavarat rahdinkuljettajalle edell\u00e4 mainittuna aikana.<br>Verkkokauppa palauttaa palautetun tavaran ostajalle v\u00e4litt\u00f6m\u00e4sti, mutta viimeist\u00e4\u00e4n.<br><strong>14 p\u00e4iv\u00e4n<\/strong> kuluttua peruuttamisilmoituksen vastaanottamisesta kaikki ostajalta sopimuksen perusteella saadut maksut.<br>maksut.<br>Verkkokauppa voi kielt\u00e4yty\u00e4 hyvityksest\u00e4, jos sopimuksen kohteena oleva tuote ei ole.<br>tai kunnes ostaja on osoittanut, ett\u00e4 h\u00e4n on palauttanut tavarat, tapauksen mukaan,<br>kumpi tapahtuu ensin.<br>Jos ostaja on nimenomaisesti valinnut verkkokaupan tavanomaisista tuotteista halvimman.<br>muuta toimitustapaa kuin toimitustapaa, verkkokaupan ei tarvitse hyvitt\u00e4\u00e4 kuluttajalle.<br>kustannukset, jotka ylitt\u00e4v\u00e4t tavanomaiseen toimitustapaan liittyv\u00e4t kustannukset.<\/p>\n\n\n\n<p>Jos asiakas ei noudata tilausta <strong>postitoimistosta\/pakettiautomaatista<\/strong> varastointiajan kuluessa,<br>tilaus palautetaan <strong>Minu Baltic O\u00dc:lle<\/strong>. Saadakseen tilauksen asiakkaan on maksettava.<br>Kustannukset paketin palauttamisesta ja uudelleenl\u00e4hett\u00e4misest\u00e4 <strong>Minu Baltic O\u00dc<\/strong> <strong>Omniva\/Itella Smartpost\/DPD<\/strong>:lle.<br>voimassa olevan hinnaston mukaan. Alkuper\u00e4isi\u00e4 kuljetuskustannuksia ei palauteta t\u00e4ss\u00e4 kohdassa.<\/p>\n\n\n\n<p>Verkkokaupalla on oikeus peruuttaa kauppa ja vaatia tavarat takaisin ostajalta, jos tavaroiden hinta on.<br>verkkokaupassa on virheellisesti merkitty huomattavasti alle tavaran markkinahinnan.<br>Oikeus tehd\u00e4 valitus<br>Verkkokauppa on vastuussa ostajalle myytyjen tavaroiden virheellisyydest\u00e4 tai virheest\u00e4.<br>jotka olivat olemassa jo toimitushetkell\u00e4 ja jotka ilmenev\u00e4t kahden vuoden kuluessa,<br>siit\u00e4, kun tavarat on toimitettu ostajalle. Josta 1 vuosi siit\u00e4, kun tavarat on toimitettu ostajalle.<br>oletetaan, ett\u00e4 puute oli olemassa jo toimitushetkell\u00e4. Vastaava oletus<br>kiist\u00e4minen on verkkokaupan vastuulla.<br>Jos virhe ilmenee, ostajalla on oikeus ottaa yhteytt\u00e4 verkkokauppaan viimeist\u00e4\u00e4n kahden kuukauden kuluessa,<br>l\u00e4hett\u00e4m\u00e4ll\u00e4 s\u00e4hk\u00f6postia osoitteeseen <strong>info@minubaltic.ee<\/strong> tai soittamalla numeroon <strong>+3725161789<\/strong>.<br>Verkkokauppa ei vastaa virheist\u00e4, jotka ilmenev\u00e4t sen j\u00e4lkeen, kun tavarat on toimitettu ostajalle.<br>Jos Verkkokaupasta ostetuissa tavaroissa on virheit\u00e4, joista Verkkokauppa on vastuussa, Verkkokauppa korjaa tai.<br>verkkokauppa korvaa puuttuvat tavarat. Jos tavaroita ei voida korjata tai korvata,<br>Verkkokauppa korvaa Ostajalle kaikki kauppasopimuksesta maksetut maksut.<br>Verkkokauppa vastaa kuluttajan valitukseen kirjallisesti tai valituksen kirjallisena j\u00e4ljenn\u00f6ksen\u00e4.<br>muodossa, joka sallii 15 p\u00e4iv\u00e4\u00e4.<br>Suoramarkkinointi ja henkil\u00f6tietojen k\u00e4sittely<br>Verkkokauppa k\u00e4ytt\u00e4\u00e4 ostajan antamia henkil\u00f6tietoja ainoastaan tilauksen k\u00e4sittelyyn ja.<br>l\u00e4hett\u00e4\u00e4 tavarat ostajalle. Verkkokauppa siirt\u00e4\u00e4 henkil\u00f6tietoja kuljetuspalveluja tarjoaville yrityksille.<br>toimittamaan tavarat.<br>Verkkokauppa l\u00e4hett\u00e4\u00e4 uutiskirjeit\u00e4 ja tarjouksia ostajan s\u00e4hk\u00f6postiosoitteeseen vain, jos.<br>ostaja on ilmaissut halukkuutensa t\u00e4h\u00e4n sy\u00f6tt\u00e4m\u00e4ll\u00e4 s\u00e4hk\u00f6postiosoitteensa verkkosivustolle ja ilmoittamalla<br>halukkuutesi saada suoramainontailmoituksia.<br>Ostajat voivat milloin tahansa kielt\u00e4yty\u00e4 vastaanottamasta tarjouksia ja uutiskirjeit\u00e4 s\u00e4hk\u00f6postitse.<br>ilmoittamalla siit\u00e4 meille s\u00e4hk\u00f6postitse tai noudattamalla tarjouksen sis\u00e4lt\u00e4v\u00e4n s\u00e4hk\u00f6postin ohjeita.<br>Riitojen ratkaiseminen<br>Jos ostajalla on verkkokauppaa koskevia valituksia, ne on l\u00e4hetett\u00e4v\u00e4 s\u00e4hk\u00f6postitse seuraavaan osoitteeseen.<br><strong>info@minubaltic.ee<\/strong> tai soita: <strong>+3725161789<\/strong><br>Jos ostaja ja verkkokauppa eiv\u00e4t pysty ratkaisemaan riitaa sopimuksella, ostaja voi.<br>saattaa asian kuluttajariitalautakunnan k\u00e4sitelt\u00e4v\u00e4ksi. Kuluttajariitalautakunnan teht\u00e4v\u00e4n\u00e4 on<br>ratkaista ostajan ja verkkokaupan v\u00e4lisest\u00e4 sopimuksesta aiheutuvat riidat. Ostajan valitus<br>komission suorittama tutkimus on maksuton.<br>Ostaja voi k\u00e4\u00e4nty\u00e4 Euroopan unionin kuluttajariitojen ratkaisufoorumin puoleen.<\/p>\n","protected":false},"excerpt":{"rendered":"<p>MYYNTIEHDOT JA -M\u00c4\u00c4R\u00c4YKSETMinu Baltic -verkkokaupan (j\u00e4ljemp\u00e4n\u00e4 Verkkokauppa) omistaja on Minu Baltic O\u00dc (rekisteritunnus16809904), joka sijaitsee Ida-Viru maakond, L\u00fcganuse vald, L\u00fcganuse<\/p>\n","protected":false},"author":1,"featured_media":0,"parent":0,"menu_order":0,"comment_status":"closed","ping_status":"closed","template":"","meta":{"footnotes":""},"class_list":["post-21116","page","type-page","status-publish","hentry"],"yoast_head":"<!-- This site is optimized with the Yoast SEO plugin v27.4 - https:\/\/yoast.com\/product\/yoast-seo-wordpress\/ -->\n<title>Myyntiehdot - Minu Baltic O\u00dc<\/title>\n<meta name=\"robots\" content=\"index, follow, max-snippet:-1, max-image-preview:large, max-video-preview:-1\" \/>\n<link rel=\"canonical\" href=\"https:\/\/minubaltic.ee\/fi\/myyntiehdot\/\" \/>\n<meta property=\"og:locale\" content=\"fi_FI\" \/>\n<meta property=\"og:type\" content=\"article\" \/>\n<meta property=\"og:title\" content=\"Myyntiehdot - Minu Baltic O\u00dc\" \/>\n<meta property=\"og:description\" content=\"MYYNTIEHDOT JA -M\u00c4\u00c4R\u00c4YKSETMinu Baltic -verkkokaupan (j\u00e4ljemp\u00e4n\u00e4 Verkkokauppa) omistaja on Minu Baltic O\u00dc (rekisteritunnus16809904), joka sijaitsee Ida-Viru maakond, L\u00fcganuse vald, L\u00fcganuse\" \/>\n<meta property=\"og:url\" content=\"https:\/\/minubaltic.ee\/fi\/myyntiehdot\/\" \/>\n<meta property=\"article:publisher\" content=\"https:\/\/www.facebook.com\/minubaltic\" \/>\n<meta property=\"article:modified_time\" content=\"2024-08-08T08:24:12+00:00\" \/>\n<meta name=\"twitter:card\" content=\"summary_large_image\" \/>\n<meta name=\"twitter:label1\" content=\"Arvioitu lukuaika\" \/>\n\t<meta name=\"twitter:data1\" content=\"5 minuuttia\" \/>\n<script type=\"application\/ld+json\" class=\"yoast-schema-graph\">{\"@context\":\"https:\\\/\\\/schema.org\",\"@graph\":[{\"@type\":\"WebPage\",\"@id\":\"https:\\\/\\\/minubaltic.ee\\\/fi\\\/myyntiehdot\\\/\",\"url\":\"https:\\\/\\\/minubaltic.ee\\\/fi\\\/myyntiehdot\\\/\",\"name\":\"Myyntiehdot - Minu Baltic O\u00dc\",\"isPartOf\":{\"@id\":\"https:\\\/\\\/minubaltic.ee\\\/fi\\\/#website\"},\"datePublished\":\"2023-09-30T10:49:48+00:00\",\"dateModified\":\"2024-08-08T08:24:12+00:00\",\"breadcrumb\":{\"@id\":\"https:\\\/\\\/minubaltic.ee\\\/fi\\\/myyntiehdot\\\/#breadcrumb\"},\"inLanguage\":\"fi\",\"potentialAction\":[{\"@type\":\"ReadAction\",\"target\":[\"https:\\\/\\\/minubaltic.ee\\\/fi\\\/myyntiehdot\\\/\"]}]},{\"@type\":\"BreadcrumbList\",\"@id\":\"https:\\\/\\\/minubaltic.ee\\\/fi\\\/myyntiehdot\\\/#breadcrumb\",\"itemListElement\":[{\"@type\":\"ListItem\",\"position\":1,\"name\":\"Home\",\"item\":\"https:\\\/\\\/minubaltic.ee\\\/fi\\\/\"},{\"@type\":\"ListItem\",\"position\":2,\"name\":\"Myyntiehdot\"}]},{\"@type\":\"WebSite\",\"@id\":\"https:\\\/\\\/minubaltic.ee\\\/fi\\\/#website\",\"url\":\"https:\\\/\\\/minubaltic.ee\\\/fi\\\/\",\"name\":\"minubaltic.ee\",\"description\":\"\",\"publisher\":{\"@id\":\"https:\\\/\\\/minubaltic.ee\\\/fi\\\/#organization\"},\"potentialAction\":[{\"@type\":\"SearchAction\",\"target\":{\"@type\":\"EntryPoint\",\"urlTemplate\":\"https:\\\/\\\/minubaltic.ee\\\/fi\\\/?s={search_term_string}\"},\"query-input\":{\"@type\":\"PropertyValueSpecification\",\"valueRequired\":true,\"valueName\":\"search_term_string\"}}],\"inLanguage\":\"fi\"},{\"@type\":\"Organization\",\"@id\":\"https:\\\/\\\/minubaltic.ee\\\/fi\\\/#organization\",\"name\":\"Minu Baltic O\u00dc\",\"url\":\"https:\\\/\\\/minubaltic.ee\\\/fi\\\/\",\"logo\":{\"@type\":\"ImageObject\",\"inLanguage\":\"fi\",\"@id\":\"https:\\\/\\\/minubaltic.ee\\\/fi\\\/#\\\/schema\\\/logo\\\/image\\\/\",\"url\":\"https:\\\/\\\/minubaltic.ee\\\/wp-content\\\/uploads\\\/2023\\\/10\\\/cropped-cropped-cropped-logo.png\",\"contentUrl\":\"https:\\\/\\\/minubaltic.ee\\\/wp-content\\\/uploads\\\/2023\\\/10\\\/cropped-cropped-cropped-logo.png\",\"width\":500,\"height\":237,\"caption\":\"Minu Baltic O\u00dc\"},\"image\":{\"@id\":\"https:\\\/\\\/minubaltic.ee\\\/fi\\\/#\\\/schema\\\/logo\\\/image\\\/\"},\"sameAs\":[\"https:\\\/\\\/www.facebook.com\\\/minubaltic\"]}]}<\/script>\n<!-- \/ Yoast SEO plugin. -->","yoast_head_json":{"title":"Myyntiehdot - Minu Baltic O\u00dc","robots":{"index":"index","follow":"follow","max-snippet":"max-snippet:-1","max-image-preview":"max-image-preview:large","max-video-preview":"max-video-preview:-1"},"canonical":"https:\/\/minubaltic.ee\/fi\/myyntiehdot\/","og_locale":"fi_FI","og_type":"article","og_title":"Myyntiehdot - Minu Baltic O\u00dc","og_description":"MYYNTIEHDOT JA -M\u00c4\u00c4R\u00c4YKSETMinu Baltic -verkkokaupan (j\u00e4ljemp\u00e4n\u00e4 Verkkokauppa) omistaja on Minu Baltic O\u00dc (rekisteritunnus16809904), joka sijaitsee Ida-Viru maakond, L\u00fcganuse vald, L\u00fcganuse","og_url":"https:\/\/minubaltic.ee\/fi\/myyntiehdot\/","article_publisher":"https:\/\/www.facebook.com\/minubaltic","article_modified_time":"2024-08-08T08:24:12+00:00","twitter_card":"summary_large_image","twitter_misc":{"Arvioitu lukuaika":"5 minuuttia"},"schema":{"@context":"https:\/\/schema.org","@graph":[{"@type":"WebPage","@id":"https:\/\/minubaltic.ee\/fi\/myyntiehdot\/","url":"https:\/\/minubaltic.ee\/fi\/myyntiehdot\/","name":"Myyntiehdot - Minu Baltic O\u00dc","isPartOf":{"@id":"https:\/\/minubaltic.ee\/fi\/#website"},"datePublished":"2023-09-30T10:49:48+00:00","dateModified":"2024-08-08T08:24:12+00:00","breadcrumb":{"@id":"https:\/\/minubaltic.ee\/fi\/myyntiehdot\/#breadcrumb"},"inLanguage":"fi","potentialAction":[{"@type":"ReadAction","target":["https:\/\/minubaltic.ee\/fi\/myyntiehdot\/"]}]},{"@type":"BreadcrumbList","@id":"https:\/\/minubaltic.ee\/fi\/myyntiehdot\/#breadcrumb","itemListElement":[{"@type":"ListItem","position":1,"name":"Home","item":"https:\/\/minubaltic.ee\/fi\/"},{"@type":"ListItem","position":2,"name":"Myyntiehdot"}]},{"@type":"WebSite","@id":"https:\/\/minubaltic.ee\/fi\/#website","url":"https:\/\/minubaltic.ee\/fi\/","name":"minubaltic.ee","description":"","publisher":{"@id":"https:\/\/minubaltic.ee\/fi\/#organization"},"potentialAction":[{"@type":"SearchAction","target":{"@type":"EntryPoint","urlTemplate":"https:\/\/minubaltic.ee\/fi\/?s={search_term_string}"},"query-input":{"@type":"PropertyValueSpecification","valueRequired":true,"valueName":"search_term_string"}}],"inLanguage":"fi"},{"@type":"Organization","@id":"https:\/\/minubaltic.ee\/fi\/#organization","name":"Minu Baltic O\u00dc","url":"https:\/\/minubaltic.ee\/fi\/","logo":{"@type":"ImageObject","inLanguage":"fi","@id":"https:\/\/minubaltic.ee\/fi\/#\/schema\/logo\/image\/","url":"https:\/\/minubaltic.ee\/wp-content\/uploads\/2023\/10\/cropped-cropped-cropped-logo.png","contentUrl":"https:\/\/minubaltic.ee\/wp-content\/uploads\/2023\/10\/cropped-cropped-cropped-logo.png","width":500,"height":237,"caption":"Minu Baltic O\u00dc"},"image":{"@id":"https:\/\/minubaltic.ee\/fi\/#\/schema\/logo\/image\/"},"sameAs":["https:\/\/www.facebook.com\/minubaltic"]}]}},"_links":{"self":[{"href":"https:\/\/minubaltic.ee\/fi\/wp-json\/wp\/v2\/pages\/21116","targetHints":{"allow":["GET"]}}],"collection":[{"href":"https:\/\/minubaltic.ee\/fi\/wp-json\/wp\/v2\/pages"}],"about":[{"href":"https:\/\/minubaltic.ee\/fi\/wp-json\/wp\/v2\/types\/page"}],"author":[{"embeddable":true,"href":"https:\/\/minubaltic.ee\/fi\/wp-json\/wp\/v2\/users\/1"}],"replies":[{"embeddable":true,"href":"https:\/\/minubaltic.ee\/fi\/wp-json\/wp\/v2\/comments?post=21116"}],"version-history":[{"count":1,"href":"https:\/\/minubaltic.ee\/fi\/wp-json\/wp\/v2\/pages\/21116\/revisions"}],"predecessor-version":[{"id":31445,"href":"https:\/\/minubaltic.ee\/fi\/wp-json\/wp\/v2\/pages\/21116\/revisions\/31445"}],"wp:attachment":[{"href":"https:\/\/minubaltic.ee\/fi\/wp-json\/wp\/v2\/media?parent=21116"}],"curies":[{"name":"wp","href":"https:\/\/api.w.org\/{rel}","templated":true}]}}