{"id":21112,"date":"2023-10-08T17:36:48","date_gmt":"2023-10-08T14:36:48","guid":{"rendered":"https:\/\/minubaltic.ee\/info\/"},"modified":"2025-07-25T23:08:25","modified_gmt":"2025-07-25T20:08:25","slug":"tiedot","status":"publish","type":"page","link":"https:\/\/minubaltic.ee\/fi\/tiedot\/","title":{"rendered":"Tiedot"},"content":{"rendered":"\n<p><\/p>\n\n\n\n<p class=\"has-text-align-center\"><strong>Minu Baltic O\u00dc<\/strong> &#8211; laatua, mukavuutta ja eleganssia jokap\u00e4iv\u00e4iseen el\u00e4m\u00e4\u00e4si.<\/p>\n\n\n\n<p class=\"has-text-align-center\">Tervetuloa <strong>Minu Baltic O\u00dc<\/strong>:n ihmeelliseen maailmaan, jossa luomme kodin, josta olet aina unelmoinut! Esittelemme teille ylpe\u00e4n\u00e4 yrityksemme, joka on omistautunut korkealaatuisten tekstiilituotteiden myyntiin.<\/p>\n\n\n\n<p class=\"has-text-align-center\">Valikoimamme peittojen, lakanoiden, pyyhkeiden ja vuodevaatteiden sarjoista on runsas ja monipuolinen, ja kaikkia tuotteitamme yhdist\u00e4\u00e4 yksi yhteinen tekij\u00e4 &#8211; laatu. Peitot pit\u00e4v\u00e4t sinut l\u00e4mpim\u00e4n\u00e4 kylmin\u00e4 \u00f6in\u00e4 ja tuovat samalla v\u00e4ri\u00e4 ja eleganssia makuuhuoneeseesi. Lapsille tarkoitetut peitot ovat pehmeit\u00e4 ja mukavia, ja ne tarjoavat lapsille mukavuutta, jota he tarvitsevat voidakseen tuntea olonsa parhaaksi. Pyyhkeet ovat pehmeit\u00e4 ja imukykyisi\u00e4 ja muuttavat jokaisen aamun ja illan rutiinin iloiseksi hetkeksi. Vuodevaatesarjat luovat makuuhuoneeseen ainutlaatuisen tunnelman ja ovat samalla pehme\u00e4t ja kest\u00e4v\u00e4t.<\/p>\n\n\n\n<p class=\"has-text-align-center\"><strong>Minu Baltic O\u00dc<\/strong>: n teht\u00e4v\u00e4n\u00e4 on tarjota sinulle muutakin kuin tekstiilej\u00e4. Haluamme tuoda mukavuutta, l\u00e4mp\u00f6\u00e4 ja tyyli\u00e4 el\u00e4m\u00e4\u00e4si. Haluamme auttaa sinua luomaan kodin, joka heijastaa persoonallisuuttasi ja makuasi ja jossa tunnet olosi aina tervetulleeksi ja mukavaksi.<\/p>\n\n\n\n<p class=\"has-text-align-center\">Tuotteidemme lis\u00e4ksi meill\u00e4 on my\u00f6s avulias tiimi, joka on aina valmis auttamaan ja neuvomaan sinua. Olemme t\u00e4\u00e4ll\u00e4 jakamassa tiet\u00e4myst\u00e4mme ja kokemustamme kanssasi ja auttamassa sinua l\u00f6yt\u00e4m\u00e4\u00e4n tarpeisiisi ja toiveisiisi sopivat tekstiilituotteet.<\/p>\n\n\n\n<p class=\"has-text-align-center\">Olemme kiitollisia siit\u00e4, ett\u00e4 olet valinnut meid\u00e4t kodinparannuskumppaniksesi, ja lupaamme jatkossakin ylitt\u00e4\u00e4 odotuksesi kaikilla osa-alueilla. Kiitos, ett\u00e4 olet osa perhett\u00e4mme ja annat meid\u00e4n olla osa kotiasi.<\/p>\n\n\n\n<p class=\"has-text-align-center\">Kansainv\u00e4liset asiakkaat voivat vierailla eurooppalaisessa verkkokaupassa: <a href=\"https:\/\/aztex.ee\/fi\/\">AZTEX<\/a><\/p>\n\n\n\n<p><\/p>\n","protected":false},"excerpt":{"rendered":"<p>Minu Baltic O\u00dc &#8211; laatua, mukavuutta ja eleganssia jokap\u00e4iv\u00e4iseen el\u00e4m\u00e4\u00e4si. Tervetuloa Minu Baltic O\u00dc:n ihmeelliseen maailmaan, jossa luomme kodin, josta<\/p>\n","protected":false},"author":1,"featured_media":0,"parent":0,"menu_order":0,"comment_status":"closed","ping_status":"closed","template":"","meta":{"footnotes":""},"class_list":["post-21112","page","type-page","status-publish","hentry"],"yoast_head":"<!-- This site is optimized with the Yoast SEO plugin v27.4 - https:\/\/yoast.com\/product\/yoast-seo-wordpress\/ -->\n<title>Tiedot - Minu Baltic O\u00dc<\/title>\n<meta name=\"description\" content=\"Tervetuloa Minu Baltic O\u00dc:n ihmeelliseen maailmaan, jossa luomme kodin, josta olet aina unelmoinut! Esittelemme teille ylpe\u00e4n\u00e4 yrityksemme, joka on omistautunut korkealaatuisten tekstiilituotteiden myyntiin.\" \/>\n<meta name=\"robots\" content=\"index, follow, max-snippet:-1, max-image-preview:large, max-video-preview:-1\" \/>\n<link rel=\"canonical\" href=\"https:\/\/minubaltic.ee\/fi\/tiedot\/\" \/>\n<meta property=\"og:locale\" content=\"fi_FI\" \/>\n<meta property=\"og:type\" content=\"article\" \/>\n<meta property=\"og:title\" content=\"Tiedot - Minu Baltic O\u00dc\" \/>\n<meta property=\"og:description\" content=\"Tervetuloa Minu Baltic O\u00dc:n ihmeelliseen maailmaan, jossa luomme kodin, josta olet aina unelmoinut! Esittelemme teille ylpe\u00e4n\u00e4 yrityksemme, joka on omistautunut korkealaatuisten tekstiilituotteiden myyntiin.\" \/>\n<meta property=\"og:url\" content=\"https:\/\/minubaltic.ee\/fi\/tiedot\/\" \/>\n<meta property=\"article:publisher\" content=\"https:\/\/www.facebook.com\/minubaltic\" \/>\n<meta property=\"article:modified_time\" content=\"2025-07-25T20:08:25+00:00\" \/>\n<meta name=\"twitter:card\" content=\"summary_large_image\" \/>\n<meta name=\"twitter:label1\" content=\"Arvioitu lukuaika\" \/>\n\t<meta name=\"twitter:data1\" content=\"2 minuuttia\" \/>\n<script type=\"application\/ld+json\" class=\"yoast-schema-graph\">{\"@context\":\"https:\\\/\\\/schema.org\",\"@graph\":[{\"@type\":\"WebPage\",\"@id\":\"https:\\\/\\\/minubaltic.ee\\\/fi\\\/tiedot\\\/\",\"url\":\"https:\\\/\\\/minubaltic.ee\\\/fi\\\/tiedot\\\/\",\"name\":\"Tiedot - Minu Baltic O\u00dc\",\"isPartOf\":{\"@id\":\"https:\\\/\\\/minubaltic.ee\\\/fi\\\/#website\"},\"datePublished\":\"2023-10-08T14:36:48+00:00\",\"dateModified\":\"2025-07-25T20:08:25+00:00\",\"description\":\"Tervetuloa Minu Baltic O\u00dc:n ihmeelliseen maailmaan, jossa luomme kodin, josta olet aina unelmoinut! Esittelemme teille ylpe\u00e4n\u00e4 yrityksemme, joka on omistautunut korkealaatuisten tekstiilituotteiden myyntiin.\",\"breadcrumb\":{\"@id\":\"https:\\\/\\\/minubaltic.ee\\\/fi\\\/tiedot\\\/#breadcrumb\"},\"inLanguage\":\"fi\",\"potentialAction\":[{\"@type\":\"ReadAction\",\"target\":[\"https:\\\/\\\/minubaltic.ee\\\/fi\\\/tiedot\\\/\"]}]},{\"@type\":\"BreadcrumbList\",\"@id\":\"https:\\\/\\\/minubaltic.ee\\\/fi\\\/tiedot\\\/#breadcrumb\",\"itemListElement\":[{\"@type\":\"ListItem\",\"position\":1,\"name\":\"Home\",\"item\":\"https:\\\/\\\/minubaltic.ee\\\/fi\\\/\"},{\"@type\":\"ListItem\",\"position\":2,\"name\":\"Tiedot\"}]},{\"@type\":\"WebSite\",\"@id\":\"https:\\\/\\\/minubaltic.ee\\\/fi\\\/#website\",\"url\":\"https:\\\/\\\/minubaltic.ee\\\/fi\\\/\",\"name\":\"minubaltic.ee\",\"description\":\"\",\"publisher\":{\"@id\":\"https:\\\/\\\/minubaltic.ee\\\/fi\\\/#organization\"},\"potentialAction\":[{\"@type\":\"SearchAction\",\"target\":{\"@type\":\"EntryPoint\",\"urlTemplate\":\"https:\\\/\\\/minubaltic.ee\\\/fi\\\/?s={search_term_string}\"},\"query-input\":{\"@type\":\"PropertyValueSpecification\",\"valueRequired\":true,\"valueName\":\"search_term_string\"}}],\"inLanguage\":\"fi\"},{\"@type\":\"Organization\",\"@id\":\"https:\\\/\\\/minubaltic.ee\\\/fi\\\/#organization\",\"name\":\"Minu Baltic O\u00dc\",\"url\":\"https:\\\/\\\/minubaltic.ee\\\/fi\\\/\",\"logo\":{\"@type\":\"ImageObject\",\"inLanguage\":\"fi\",\"@id\":\"https:\\\/\\\/minubaltic.ee\\\/fi\\\/#\\\/schema\\\/logo\\\/image\\\/\",\"url\":\"https:\\\/\\\/minubaltic.ee\\\/wp-content\\\/uploads\\\/2023\\\/10\\\/cropped-cropped-cropped-logo.png\",\"contentUrl\":\"https:\\\/\\\/minubaltic.ee\\\/wp-content\\\/uploads\\\/2023\\\/10\\\/cropped-cropped-cropped-logo.png\",\"width\":500,\"height\":237,\"caption\":\"Minu Baltic O\u00dc\"},\"image\":{\"@id\":\"https:\\\/\\\/minubaltic.ee\\\/fi\\\/#\\\/schema\\\/logo\\\/image\\\/\"},\"sameAs\":[\"https:\\\/\\\/www.facebook.com\\\/minubaltic\"]}]}<\/script>\n<!-- \/ Yoast SEO plugin. -->","yoast_head_json":{"title":"Tiedot - Minu Baltic O\u00dc","description":"Tervetuloa Minu Baltic O\u00dc:n ihmeelliseen maailmaan, jossa luomme kodin, josta olet aina unelmoinut! Esittelemme teille ylpe\u00e4n\u00e4 yrityksemme, joka on omistautunut korkealaatuisten tekstiilituotteiden myyntiin.","robots":{"index":"index","follow":"follow","max-snippet":"max-snippet:-1","max-image-preview":"max-image-preview:large","max-video-preview":"max-video-preview:-1"},"canonical":"https:\/\/minubaltic.ee\/fi\/tiedot\/","og_locale":"fi_FI","og_type":"article","og_title":"Tiedot - Minu Baltic O\u00dc","og_description":"Tervetuloa Minu Baltic O\u00dc:n ihmeelliseen maailmaan, jossa luomme kodin, josta olet aina unelmoinut! Esittelemme teille ylpe\u00e4n\u00e4 yrityksemme, joka on omistautunut korkealaatuisten tekstiilituotteiden myyntiin.","og_url":"https:\/\/minubaltic.ee\/fi\/tiedot\/","article_publisher":"https:\/\/www.facebook.com\/minubaltic","article_modified_time":"2025-07-25T20:08:25+00:00","twitter_card":"summary_large_image","twitter_misc":{"Arvioitu lukuaika":"2 minuuttia"},"schema":{"@context":"https:\/\/schema.org","@graph":[{"@type":"WebPage","@id":"https:\/\/minubaltic.ee\/fi\/tiedot\/","url":"https:\/\/minubaltic.ee\/fi\/tiedot\/","name":"Tiedot - Minu Baltic O\u00dc","isPartOf":{"@id":"https:\/\/minubaltic.ee\/fi\/#website"},"datePublished":"2023-10-08T14:36:48+00:00","dateModified":"2025-07-25T20:08:25+00:00","description":"Tervetuloa Minu Baltic O\u00dc:n ihmeelliseen maailmaan, jossa luomme kodin, josta olet aina unelmoinut! Esittelemme teille ylpe\u00e4n\u00e4 yrityksemme, joka on omistautunut korkealaatuisten tekstiilituotteiden myyntiin.","breadcrumb":{"@id":"https:\/\/minubaltic.ee\/fi\/tiedot\/#breadcrumb"},"inLanguage":"fi","potentialAction":[{"@type":"ReadAction","target":["https:\/\/minubaltic.ee\/fi\/tiedot\/"]}]},{"@type":"BreadcrumbList","@id":"https:\/\/minubaltic.ee\/fi\/tiedot\/#breadcrumb","itemListElement":[{"@type":"ListItem","position":1,"name":"Home","item":"https:\/\/minubaltic.ee\/fi\/"},{"@type":"ListItem","position":2,"name":"Tiedot"}]},{"@type":"WebSite","@id":"https:\/\/minubaltic.ee\/fi\/#website","url":"https:\/\/minubaltic.ee\/fi\/","name":"minubaltic.ee","description":"","publisher":{"@id":"https:\/\/minubaltic.ee\/fi\/#organization"},"potentialAction":[{"@type":"SearchAction","target":{"@type":"EntryPoint","urlTemplate":"https:\/\/minubaltic.ee\/fi\/?s={search_term_string}"},"query-input":{"@type":"PropertyValueSpecification","valueRequired":true,"valueName":"search_term_string"}}],"inLanguage":"fi"},{"@type":"Organization","@id":"https:\/\/minubaltic.ee\/fi\/#organization","name":"Minu Baltic O\u00dc","url":"https:\/\/minubaltic.ee\/fi\/","logo":{"@type":"ImageObject","inLanguage":"fi","@id":"https:\/\/minubaltic.ee\/fi\/#\/schema\/logo\/image\/","url":"https:\/\/minubaltic.ee\/wp-content\/uploads\/2023\/10\/cropped-cropped-cropped-logo.png","contentUrl":"https:\/\/minubaltic.ee\/wp-content\/uploads\/2023\/10\/cropped-cropped-cropped-logo.png","width":500,"height":237,"caption":"Minu Baltic O\u00dc"},"image":{"@id":"https:\/\/minubaltic.ee\/fi\/#\/schema\/logo\/image\/"},"sameAs":["https:\/\/www.facebook.com\/minubaltic"]}]}},"_links":{"self":[{"href":"https:\/\/minubaltic.ee\/fi\/wp-json\/wp\/v2\/pages\/21112","targetHints":{"allow":["GET"]}}],"collection":[{"href":"https:\/\/minubaltic.ee\/fi\/wp-json\/wp\/v2\/pages"}],"about":[{"href":"https:\/\/minubaltic.ee\/fi\/wp-json\/wp\/v2\/types\/page"}],"author":[{"embeddable":true,"href":"https:\/\/minubaltic.ee\/fi\/wp-json\/wp\/v2\/users\/1"}],"replies":[{"embeddable":true,"href":"https:\/\/minubaltic.ee\/fi\/wp-json\/wp\/v2\/comments?post=21112"}],"version-history":[{"count":3,"href":"https:\/\/minubaltic.ee\/fi\/wp-json\/wp\/v2\/pages\/21112\/revisions"}],"predecessor-version":[{"id":44806,"href":"https:\/\/minubaltic.ee\/fi\/wp-json\/wp\/v2\/pages\/21112\/revisions\/44806"}],"wp:attachment":[{"href":"https:\/\/minubaltic.ee\/fi\/wp-json\/wp\/v2\/media?parent=21112"}],"curies":[{"name":"wp","href":"https:\/\/api.w.org\/{rel}","templated":true}]}}