{"id":21107,"date":"2023-09-30T13:38:29","date_gmt":"2023-09-30T10:38:29","guid":{"rendered":"https:\/\/minubaltic.ee\/tietosuojakaytanto\/"},"modified":"2024-03-26T18:41:02","modified_gmt":"2024-03-26T15:41:02","slug":"yksityisyyden-suoja","status":"publish","type":"page","link":"https:\/\/minubaltic.ee\/fi\/yksityisyyden-suoja\/","title":{"rendered":"Yksityisyyden suoja"},"content":{"rendered":"\n<ol class=\"wp-block-list\">\n<li>Yleiset s\u00e4\u00e4nn\u00f6kset<br>1.1. T\u00e4m\u00e4 tietosuojak\u00e4yt\u00e4nt\u00f6 koskee henkil\u00f6tietojen ker\u00e4\u00e4mist\u00e4, k\u00e4sittely\u00e4 ja tallentamista.<br>periaatteet. Rekisterinpit\u00e4j\u00e4n ker\u00e4\u00e4m\u00e4t, k\u00e4sittelem\u00e4t ja tallentamat henkil\u00f6tiedot<br>tietojen k\u00e4sittelij\u00e4 <strong>Minu Balitic O\u00dc<\/strong> (j\u00e4ljemp\u00e4n\u00e4 &#8217;tietojen k\u00e4sittelij\u00e4&#8217;).<br>1.2. T\u00e4ss\u00e4 tietosuojak\u00e4yt\u00e4nn\u00f6ss\u00e4 rekister\u00f6idyll\u00e4 tarkoitetaan asiakasta tai muuta luonnollista henkil\u00f6\u00e4, joka.<br>rekisterinpit\u00e4j\u00e4n k\u00e4sittelem\u00e4t henkil\u00f6tiedot.<br>1.3. T\u00e4ss\u00e4 tietosuojak\u00e4yt\u00e4nn\u00f6ss\u00e4 asiakkaalla tarkoitetaan ket\u00e4 tahansa, joka tekee ostoksia rekisterinpit\u00e4j\u00e4n verkkosivustolta.<br>tavarat.<br>1.4. Tietojen k\u00e4sittelij\u00e4n on noudatettava lains\u00e4\u00e4d\u00e4nn\u00f6ss\u00e4 s\u00e4\u00e4dettyj\u00e4 tietojenk\u00e4sittelyn periaatteita, mukaan lukien.<br>k\u00e4sittelem\u00e4\u00e4n henkil\u00f6tietoja laillisesti, oikeudenmukaisesti ja turvallisesti. Tietojen k\u00e4sittelij\u00e4 on<br>pysty\u00e4 vahvistamaan, ett\u00e4 henkil\u00f6tietoja on k\u00e4sitelty lain mukaisesti.<\/li>\n\n\n\n<li>Henkil\u00f6tietojen ker\u00e4\u00e4minen, k\u00e4sittely ja tallentaminen<br>2.1. Rekisterinpit\u00e4j\u00e4n ker\u00e4\u00e4m\u00e4t, k\u00e4sittelem\u00e4t ja tallentamat henkil\u00f6tiedot ker\u00e4t\u00e4\u00e4n s\u00e4hk\u00f6isesti,<br>p\u00e4\u00e4asiassa verkkosivuston ja s\u00e4hk\u00f6postin v\u00e4lityksell\u00e4.  <br>2.2. Jakamalla henkil\u00f6tietojaan rekister\u00f6ity antaa rekisterinpit\u00e4j\u00e4lle oikeuden ker\u00e4t\u00e4,<br>j\u00e4rjest\u00e4\u00e4, k\u00e4ytt\u00e4\u00e4 ja hallinnoida t\u00e4ss\u00e4 tietosuojak\u00e4yt\u00e4nn\u00f6ss\u00e4 esitettyj\u00e4 tarkoituksia varten henkil\u00f6tietoja, jotka ovat.<br>rekister\u00f6ity jakaa suoraan tai v\u00e4lillisesti tietoja rekisterinpit\u00e4j\u00e4n kanssa ostaessaan tavaroita tai palveluja verkkosivustolta.<br>2.3. Rekister\u00f6idyn vastuulla on varmistaa, ett\u00e4 h\u00e4nen antamansa tiedot ovat t\u00e4sm\u00e4llisi\u00e4, oikeita ja.<br>integroitu. Tietoinen v\u00e4\u00e4rien tietojen antaminen katsotaan tietosuojak\u00e4yt\u00e4nn\u00f6n rikkomiseksi.<br>Rekister\u00f6ity on velvollinen ilmoittamaan viipym\u00e4tt\u00e4 tietojen k\u00e4sittelij\u00e4lle seuraavat seikat.<br>muuttumasta.<br>2.4. Henkil\u00f6tietojen k\u00e4sittelij\u00e4 ei ole vastuussa vahingosta, joka aiheutuu rekister\u00f6idyn antamista v\u00e4\u00e4rist\u00e4 tiedoista.<br>rekister\u00f6idylle tai kolmansille osapuolille.<\/li>\n\n\n\n<li>Asiakkaiden henkil\u00f6tietojen k\u00e4sittely<br>3.1. Tietojen k\u00e4sittelij\u00e4 voi k\u00e4sitell\u00e4 seuraavia rekister\u00f6idyn henkil\u00f6tietoja:<br>3.1.1. Etu- ja sukunimi;<br>3.1.2. Syntym\u00e4aika;<br>3.1.3. Puhelinnumero;<br>3.1.4. S\u00e4hk\u00f6postiosoite;<br>3.1.5. Toimitusosoite;<br>3.1.6. K\u00e4ytt\u00f6tilin numero;<br>3.1.7. Maksukortin tiedot;<br>3.2. Edell\u00e4 mainitun lis\u00e4ksi rekisterinpit\u00e4j\u00e4ll\u00e4 on oikeus ker\u00e4t\u00e4 asiakkaasta tietoja, jotka ovat.<br>saatavilla julkisissa rekistereiss\u00e4.<br>3.3. Henkil\u00f6tietojen k\u00e4sittelyn oikeusperusta on yleisen tietosuoja-asetuksen 6 artiklan 6 kohta.<br>1 p-d a), b), c) ja f):<br>(a) rekister\u00f6ity on antanut suostumuksensa henkil\u00f6tietojensa k\u00e4sittelyyn yhdell\u00e4 tai useammalla seuraavista tavoista.<br>tietty\u00e4 tarkoitusta varten;<br>(b) k\u00e4sittely on tarpeen rekister\u00f6idyn kanssa tehdyn sopimuksen t\u00e4ytt\u00e4miseksi; tai<br>toteuttaa sopimusta edelt\u00e4vi\u00e4 toimenpiteit\u00e4 rekister\u00f6idyn pyynn\u00f6st\u00e4;<br>(c) k\u00e4sittely on tarpeen rekisterinpit\u00e4j\u00e4\u00e4n kohdistuvan oikeudellisen velvoitteen noudattamiseksi;<br>(f) henkil\u00f6tietojen k\u00e4sittely on tarpeen rekisterinpit\u00e4j\u00e4n tai kolmannen osapuolen oikeutettujen etujen toteuttamiseksi; tai<br>paitsi jos rekister\u00f6idyn etu syrj\u00e4ytt\u00e4\u00e4 t\u00e4m\u00e4n edun; tai<br>perusoikeudet ja -vapaudet, joiden osalta henkil\u00f6tietoja on suojattava, erityisesti silloin, kun.<br>rekister\u00f6ity on lapsi.<br>3.4. Henkil\u00f6tietojen k\u00e4sittely niit\u00e4 tarkoituksia varten, joita varten niit\u00e4 k\u00e4sitell\u00e4\u00e4n:<br>3.4.1. K\u00e4sittelyn tarkoitus &#8211; turvallisuus<br>Enimm\u00e4iss\u00e4ilytysaika &#8211; laissa s\u00e4\u00e4dettyjen aikarajojen mukaisesti.<br>3.4.2. K\u00e4sittelyn tarkoitus &#8211; tilausten k\u00e4sittely<br>Enimm\u00e4iss\u00e4ilytysaika &#8211; laissa s\u00e4\u00e4dettyjen aikarajojen mukaisesti.<br>3.4.3. K\u00e4sittelyn tarkoitus &#8211; Verkkokaupan palvelujen toiminnan varmistaminen.<br>S\u00e4ilytysaika enint\u00e4\u00e4n 1 vuosi.<br>3.4.4. K\u00e4sittelyn tarkoitus &#8211; asiakashallinta<br>S\u00e4ilytysaika enint\u00e4\u00e4n 1 vuosi.<br>3.4.5. K\u00e4sittelyn tarkoitus &#8211; taloudellinen toiminta, kirjanpito.<br>Enimm\u00e4iss\u00e4ilytysaika &#8211; laissa s\u00e4\u00e4dettyjen aikarajojen mukaisesti.<br>3.4.6. K\u00e4sittelyn tarkoitus &#8211; markkinointi<br>S\u00e4ilytysaika enint\u00e4\u00e4n 1 vuosi.<\/li>\n<\/ol>\n\n\n\n<p>3.5. Tietojen k\u00e4sittelij\u00e4ll\u00e4 on oikeus jakaa asiakkaiden henkil\u00f6tietoja kolmansien osapuolten kanssa, kuten.<br>kuten valtuutetut tietojenk\u00e4sittelij\u00e4t, kirjanpit\u00e4j\u00e4t, kuljetus- ja kuriirifirmat,<br>siirtopalveluja tarjoavat yritykset Rekisterinpit\u00e4j\u00e4 on tietojen k\u00e4sittelij\u00e4.<br>Henkil\u00f6tietojen k\u00e4sittelij\u00e4 toimittaa maksujen suorittamiseksi tarvittavat henkil\u00f6tiedot henkil\u00f6tietojen k\u00e4sittelij\u00e4lle.<br>Maksekeskus AS:lle.<br>3.6. Rekisterinpit\u00e4j\u00e4n on rekister\u00f6idyn henkil\u00f6tietoja k\u00e4sitelless\u00e4\u00e4n ja tallentaessaan noudatettava seuraavia periaatteita.<br>organisatoriset ja tekniset toimenpiteet, joilla varmistetaan henkil\u00f6tietojen suojaaminen vahingossa tapahtuvan tai.<br>tietojen laiton tuhoaminen, muuttaminen, luovuttaminen tai muu laiton teko.<br>k\u00e4sittely\u00e4 varten.<br>3.7. Rekisterinpit\u00e4j\u00e4n on s\u00e4ilytett\u00e4v\u00e4 rekister\u00f6ityjen tiedot niit\u00e4 tarkoituksia varten, joita varten k\u00e4sittely suoritetaan, mutta.<br>enint\u00e4\u00e4n 2 vuotta.<\/p>\n\n\n\n<ol class=\"wp-block-list\" start=\"4\">\n<li>Rekister\u00f6idyn oikeudet<br>4.1. Rekister\u00f6idyill\u00e4 on oikeus saada p\u00e4\u00e4sy henkil\u00f6tietoihinsa ja tarkastaa ne.<br>4.2. Rekister\u00f6idyll\u00e4 on oikeus saada tietoa henkil\u00f6tietojensa k\u00e4sittelyst\u00e4.<br>4.3. Rekister\u00f6idyll\u00e4 on oikeus t\u00e4ydent\u00e4\u00e4 tai korjata virheelliset tiedot.<br>4.4. Kun rekisterinpit\u00e4j\u00e4 k\u00e4sittelee rekister\u00f6idyn henkil\u00f6tietoja rekister\u00f6idyn suostumuksen perusteella,<br>rekister\u00f6idyll\u00e4 on oikeus peruuttaa suostumus milloin tahansa.<br>4.5. Rekister\u00f6idyt voivat k\u00e4ytt\u00e4\u00e4 oikeuksiaan ottamalla yhteytt\u00e4 verkkokaupan asiakastukeen seuraavassa osoitteessa.<br><strong>info@minubaltic.ee<\/strong><br>4.6. Rekister\u00f6idyll\u00e4 on oikeus tehd\u00e4 valitus tietosuojaviranomaiselle oikeuksiensa suojelemiseksi.<br>Tarkastusvirastolle.<\/li>\n\n\n\n<li>Loppus\u00e4\u00e4nn\u00f6kset<br>5.1. N\u00e4m\u00e4 tietosuojaehdot on laadittu Euroopan parlamentin ja Euroopan parlamentin asetuksen (EY) N:o 2100\/94 mukaisesti.<br>Neuvoston asetus (EU) 2016\/679 luonnollisten henkil\u00f6iden suojelusta henkil\u00f6tietojen k\u00e4sittelyss\u00e4.<br>t\u00e4llaisten tietojen vapaasta liikkuvuudesta ja direktiivin 95\/46\/EY kumoamisesta \/<br>EY (yleinen tietosuoja-asetus), Viron tasavallan henkil\u00f6tietolaki ja Viron tasavallan henkil\u00f6tietolaki.<br>Viron tasavallan ja Euroopan unionin lains\u00e4\u00e4d\u00e4nt\u00f6.<br>5.2. Rekisterinpit\u00e4j\u00e4ll\u00e4 on oikeus muuttaa tietosuojaehtoja kokonaan tai osittain ilmoittamalla siit\u00e4.<br>rekister\u00f6idyille muutoksista verkkosivuston <strong>www.minubaltic.ee<\/strong> kautta.<\/li>\n<\/ol>\n","protected":false},"excerpt":{"rendered":"<p>3.5. Tietojen k\u00e4sittelij\u00e4ll\u00e4 on oikeus jakaa asiakkaiden henkil\u00f6tietoja kolmansien osapuolten kanssa, kuten.kuten valtuutetut tietojenk\u00e4sittelij\u00e4t, kirjanpit\u00e4j\u00e4t, kuljetus- ja kuriirifirmat,siirtopalveluja tarjoavat yritykset<\/p>\n","protected":false},"author":1,"featured_media":0,"parent":0,"menu_order":0,"comment_status":"closed","ping_status":"closed","template":"","meta":{"footnotes":""},"class_list":["post-21107","page","type-page","status-publish","hentry"],"yoast_head":"<!-- This site is optimized with the Yoast SEO plugin v27.3 - https:\/\/yoast.com\/product\/yoast-seo-wordpress\/ -->\n<title>- MinuBaltic.EE<\/title>\n<meta name=\"robots\" content=\"index, follow, max-snippet:-1, max-image-preview:large, max-video-preview:-1\" \/>\n<link rel=\"canonical\" href=\"https:\/\/minubaltic.ee\/fi\/yksityisyyden-suoja\/\" \/>\n<meta property=\"og:locale\" content=\"fi_FI\" \/>\n<meta property=\"og:type\" content=\"article\" \/>\n<meta property=\"og:title\" content=\"- MinuBaltic.EE\" \/>\n<meta property=\"og:description\" content=\"3.5. Tietojen k\u00e4sittelij\u00e4ll\u00e4 on oikeus jakaa asiakkaiden henkil\u00f6tietoja kolmansien osapuolten kanssa, kuten.kuten valtuutetut tietojenk\u00e4sittelij\u00e4t, kirjanpit\u00e4j\u00e4t, kuljetus- ja kuriirifirmat,siirtopalveluja tarjoavat yritykset\" \/>\n<meta property=\"og:url\" content=\"https:\/\/minubaltic.ee\/fi\/yksityisyyden-suoja\/\" \/>\n<meta property=\"article:publisher\" content=\"https:\/\/www.facebook.com\/minubaltic\" \/>\n<meta property=\"article:modified_time\" content=\"2024-03-26T15:41:02+00:00\" \/>\n<meta name=\"twitter:card\" content=\"summary_large_image\" \/>\n<meta name=\"twitter:label1\" content=\"Arvioitu lukuaika\" \/>\n\t<meta name=\"twitter:data1\" content=\"4 minuuttia\" \/>\n<script type=\"application\/ld+json\" class=\"yoast-schema-graph\">{\"@context\":\"https:\\\/\\\/schema.org\",\"@graph\":[{\"@type\":\"WebPage\",\"@id\":\"https:\\\/\\\/minubaltic.ee\\\/fi\\\/yksityisyyden-suoja\\\/\",\"url\":\"https:\\\/\\\/minubaltic.ee\\\/fi\\\/yksityisyyden-suoja\\\/\",\"name\":\"- MinuBaltic.EE\",\"isPartOf\":{\"@id\":\"https:\\\/\\\/minubaltic.ee\\\/fi\\\/#website\"},\"datePublished\":\"2023-09-30T10:38:29+00:00\",\"dateModified\":\"2024-03-26T15:41:02+00:00\",\"breadcrumb\":{\"@id\":\"https:\\\/\\\/minubaltic.ee\\\/fi\\\/yksityisyyden-suoja\\\/#breadcrumb\"},\"inLanguage\":\"fi\",\"potentialAction\":[{\"@type\":\"ReadAction\",\"target\":[\"https:\\\/\\\/minubaltic.ee\\\/fi\\\/yksityisyyden-suoja\\\/\"]}]},{\"@type\":\"BreadcrumbList\",\"@id\":\"https:\\\/\\\/minubaltic.ee\\\/fi\\\/yksityisyyden-suoja\\\/#breadcrumb\",\"itemListElement\":[{\"@type\":\"ListItem\",\"position\":1,\"name\":\"Home\",\"item\":\"https:\\\/\\\/minubaltic.ee\\\/fi\\\/\"},{\"@type\":\"ListItem\",\"position\":2,\"name\":\"Yksityisyyden suoja\"}]},{\"@type\":\"WebSite\",\"@id\":\"https:\\\/\\\/minubaltic.ee\\\/fi\\\/#website\",\"url\":\"https:\\\/\\\/minubaltic.ee\\\/fi\\\/\",\"name\":\"minubaltic.ee\",\"description\":\"\",\"publisher\":{\"@id\":\"https:\\\/\\\/minubaltic.ee\\\/fi\\\/#organization\"},\"potentialAction\":[{\"@type\":\"SearchAction\",\"target\":{\"@type\":\"EntryPoint\",\"urlTemplate\":\"https:\\\/\\\/minubaltic.ee\\\/fi\\\/?s={search_term_string}\"},\"query-input\":{\"@type\":\"PropertyValueSpecification\",\"valueRequired\":true,\"valueName\":\"search_term_string\"}}],\"inLanguage\":\"fi\"},{\"@type\":\"Organization\",\"@id\":\"https:\\\/\\\/minubaltic.ee\\\/fi\\\/#organization\",\"name\":\"Minu Baltic O\u00dc\",\"url\":\"https:\\\/\\\/minubaltic.ee\\\/fi\\\/\",\"logo\":{\"@type\":\"ImageObject\",\"inLanguage\":\"fi\",\"@id\":\"https:\\\/\\\/minubaltic.ee\\\/fi\\\/#\\\/schema\\\/logo\\\/image\\\/\",\"url\":\"https:\\\/\\\/minubaltic.ee\\\/wp-content\\\/uploads\\\/2023\\\/10\\\/cropped-cropped-cropped-logo.png\",\"contentUrl\":\"https:\\\/\\\/minubaltic.ee\\\/wp-content\\\/uploads\\\/2023\\\/10\\\/cropped-cropped-cropped-logo.png\",\"width\":500,\"height\":237,\"caption\":\"Minu Baltic O\u00dc\"},\"image\":{\"@id\":\"https:\\\/\\\/minubaltic.ee\\\/fi\\\/#\\\/schema\\\/logo\\\/image\\\/\"},\"sameAs\":[\"https:\\\/\\\/www.facebook.com\\\/minubaltic\"]}]}<\/script>\n<!-- \/ Yoast SEO plugin. -->","yoast_head_json":{"title":"- MinuBaltic.EE","robots":{"index":"index","follow":"follow","max-snippet":"max-snippet:-1","max-image-preview":"max-image-preview:large","max-video-preview":"max-video-preview:-1"},"canonical":"https:\/\/minubaltic.ee\/fi\/yksityisyyden-suoja\/","og_locale":"fi_FI","og_type":"article","og_title":"- MinuBaltic.EE","og_description":"3.5. Tietojen k\u00e4sittelij\u00e4ll\u00e4 on oikeus jakaa asiakkaiden henkil\u00f6tietoja kolmansien osapuolten kanssa, kuten.kuten valtuutetut tietojenk\u00e4sittelij\u00e4t, kirjanpit\u00e4j\u00e4t, kuljetus- ja kuriirifirmat,siirtopalveluja tarjoavat yritykset","og_url":"https:\/\/minubaltic.ee\/fi\/yksityisyyden-suoja\/","article_publisher":"https:\/\/www.facebook.com\/minubaltic","article_modified_time":"2024-03-26T15:41:02+00:00","twitter_card":"summary_large_image","twitter_misc":{"Arvioitu lukuaika":"4 minuuttia"},"schema":{"@context":"https:\/\/schema.org","@graph":[{"@type":"WebPage","@id":"https:\/\/minubaltic.ee\/fi\/yksityisyyden-suoja\/","url":"https:\/\/minubaltic.ee\/fi\/yksityisyyden-suoja\/","name":"- MinuBaltic.EE","isPartOf":{"@id":"https:\/\/minubaltic.ee\/fi\/#website"},"datePublished":"2023-09-30T10:38:29+00:00","dateModified":"2024-03-26T15:41:02+00:00","breadcrumb":{"@id":"https:\/\/minubaltic.ee\/fi\/yksityisyyden-suoja\/#breadcrumb"},"inLanguage":"fi","potentialAction":[{"@type":"ReadAction","target":["https:\/\/minubaltic.ee\/fi\/yksityisyyden-suoja\/"]}]},{"@type":"BreadcrumbList","@id":"https:\/\/minubaltic.ee\/fi\/yksityisyyden-suoja\/#breadcrumb","itemListElement":[{"@type":"ListItem","position":1,"name":"Home","item":"https:\/\/minubaltic.ee\/fi\/"},{"@type":"ListItem","position":2,"name":"Yksityisyyden suoja"}]},{"@type":"WebSite","@id":"https:\/\/minubaltic.ee\/fi\/#website","url":"https:\/\/minubaltic.ee\/fi\/","name":"minubaltic.ee","description":"","publisher":{"@id":"https:\/\/minubaltic.ee\/fi\/#organization"},"potentialAction":[{"@type":"SearchAction","target":{"@type":"EntryPoint","urlTemplate":"https:\/\/minubaltic.ee\/fi\/?s={search_term_string}"},"query-input":{"@type":"PropertyValueSpecification","valueRequired":true,"valueName":"search_term_string"}}],"inLanguage":"fi"},{"@type":"Organization","@id":"https:\/\/minubaltic.ee\/fi\/#organization","name":"Minu Baltic O\u00dc","url":"https:\/\/minubaltic.ee\/fi\/","logo":{"@type":"ImageObject","inLanguage":"fi","@id":"https:\/\/minubaltic.ee\/fi\/#\/schema\/logo\/image\/","url":"https:\/\/minubaltic.ee\/wp-content\/uploads\/2023\/10\/cropped-cropped-cropped-logo.png","contentUrl":"https:\/\/minubaltic.ee\/wp-content\/uploads\/2023\/10\/cropped-cropped-cropped-logo.png","width":500,"height":237,"caption":"Minu Baltic O\u00dc"},"image":{"@id":"https:\/\/minubaltic.ee\/fi\/#\/schema\/logo\/image\/"},"sameAs":["https:\/\/www.facebook.com\/minubaltic"]}]}},"_links":{"self":[{"href":"https:\/\/minubaltic.ee\/fi\/wp-json\/wp\/v2\/pages\/21107","targetHints":{"allow":["GET"]}}],"collection":[{"href":"https:\/\/minubaltic.ee\/fi\/wp-json\/wp\/v2\/pages"}],"about":[{"href":"https:\/\/minubaltic.ee\/fi\/wp-json\/wp\/v2\/types\/page"}],"author":[{"embeddable":true,"href":"https:\/\/minubaltic.ee\/fi\/wp-json\/wp\/v2\/users\/1"}],"replies":[{"embeddable":true,"href":"https:\/\/minubaltic.ee\/fi\/wp-json\/wp\/v2\/comments?post=21107"}],"version-history":[{"count":0,"href":"https:\/\/minubaltic.ee\/fi\/wp-json\/wp\/v2\/pages\/21107\/revisions"}],"wp:attachment":[{"href":"https:\/\/minubaltic.ee\/fi\/wp-json\/wp\/v2\/media?parent=21107"}],"curies":[{"name":"wp","href":"https:\/\/api.w.org\/{rel}","templated":true}]}}