{"id":702,"date":"2023-10-04T20:10:21","date_gmt":"2023-10-04T17:10:21","guid":{"rendered":"https:\/\/minubaltic.ee\/?post_type=product&#038;p=702"},"modified":"2025-03-04T23:56:21","modified_gmt":"2025-03-04T20:56:21","slug":"puuvillaste-ratikute-komplekt-pruun","status":"publish","type":"product","link":"https:\/\/minubaltic.ee\/en\/e-pood\/towels\/puuvillaste-ratikute-komplekt-pruun\/","title":{"rendered":"Puuvillaste r\u00e4tikute komplekt (3 tk)"},"content":{"rendered":"<ul>\n<li><span class=\"product-attribute__label\"><strong>Kanga koostis:<\/strong>\u00a0<\/span><span class=\"product-attribute__value\" data-attribute-code=\"fabric_composition\">100% puuvill<\/span><\/li>\n<li><strong>Komplektis:<\/strong> 3 tk<\/li>\n<li><strong>M\u00f5\u00f5dud: <\/strong>(70&#215;140 cm 1 tk) + (35&#215;75 cm 2 tk)<\/li>\n<li><strong>V\u00e4rv:<\/strong> Pruun<\/li>\n<li><strong>Kaal:<\/strong> 400g\/m2<\/li>\n<\/ul>\n","protected":false},"excerpt":{"rendered":"<p>Kanga koostis:\u00a0100% puuvill Komplektis: 3 tk M\u00f5\u00f5dud: (70&#215;140 cm 1 tk) + (35&#215;75 cm 2 tk) V\u00e4rv: Pruun Kaal: 400g\/m2<\/p>\n","protected":false},"featured_media":703,"comment_status":"open","ping_status":"closed","template":"","meta":[],"product_brand":[],"product_cat":[24,46],"product_tag":[156,158,162,170,160],"class_list":{"0":"post-702","1":"product","2":"type-product","3":"status-publish","4":"has-post-thumbnail","6":"product_cat-ratikud","7":"product_cat-ratikute-komplekt","8":"product_tag-e-kaubandus","9":"product_tag-e-pood","10":"product_tag-kodutekstiilid","11":"product_tag-ratikud","12":"product_tag-e-tekstiil","14":"first","15":"outofstock","16":"shipping-taxable","17":"purchasable","18":"product-type-simple"},"yoast_head":"<!-- This site is optimized with the Yoast SEO plugin v27.5 - https:\/\/yoast.com\/product\/yoast-seo-wordpress\/ -->\n<title>Puuvillaste r\u00e4tikute komplekt (3 tk) - Parimad r\u00e4tikud br\u00e4ndid<\/title>\n<meta name=\"description\" content=\"R\u00e4tikud ja k\u00e4ter\u00e4tikud, Luksuslikud vannir\u00e4tikud, Bambusest r\u00e4tikud, Kaasaegsed kodukaubad, R\u00e4tikute ostmine veebis, Kiire tarne r\u00e4tikutele, R\u00e4tik m\u00fc\u00fck\" \/>\n<meta name=\"robots\" content=\"index, follow, max-snippet:-1, max-image-preview:large, max-video-preview:-1\" \/>\n<link rel=\"canonical\" href=\"https:\/\/minubaltic.ee\/en\/e-pood\/towels\/puuvillaste-ratikute-komplekt-pruun\/\" \/>\n<meta property=\"og:locale\" content=\"en_US\" \/>\n<meta property=\"og:type\" content=\"article\" \/>\n<meta property=\"og:title\" content=\"Puuvillaste r\u00e4tikute komplekt (3 tk) - Parimad r\u00e4tikud br\u00e4ndid\" \/>\n<meta property=\"og:description\" content=\"R\u00e4tikud ja k\u00e4ter\u00e4tikud, Luksuslikud vannir\u00e4tikud, Bambusest r\u00e4tikud, Kaasaegsed kodukaubad, R\u00e4tikute ostmine veebis, Kiire tarne r\u00e4tikutele, R\u00e4tik m\u00fc\u00fck\" \/>\n<meta property=\"og:url\" content=\"https:\/\/minubaltic.ee\/en\/e-pood\/towels\/puuvillaste-ratikute-komplekt-pruun\/\" \/>\n<meta property=\"article:publisher\" content=\"https:\/\/www.facebook.com\/minubaltic\" \/>\n<meta property=\"article:modified_time\" content=\"2025-03-04T20:56:21+00:00\" \/>\n<meta property=\"og:image\" content=\"https:\/\/minubaltic.ee\/wp-content\/uploads\/2023\/10\/Ratikud-versa-5.png\" \/>\n\t<meta property=\"og:image:width\" content=\"750\" \/>\n\t<meta property=\"og:image:height\" content=\"750\" \/>\n\t<meta property=\"og:image:type\" content=\"image\/png\" \/>\n<meta name=\"twitter:card\" content=\"summary_large_image\" \/>\n<meta name=\"twitter:label1\" content=\"Est. reading time\" \/>\n\t<meta name=\"twitter:data1\" content=\"1 minute\" \/>\n<script type=\"application\/ld+json\" class=\"yoast-schema-graph\">{\"@context\":\"https:\\\/\\\/schema.org\",\"@graph\":[{\"@type\":\"WebPage\",\"@id\":\"https:\\\/\\\/minubaltic.ee\\\/en\\\/e-pood\\\/towels\\\/puuvillaste-ratikute-komplekt-pruun\\\/\",\"url\":\"https:\\\/\\\/minubaltic.ee\\\/en\\\/e-pood\\\/towels\\\/puuvillaste-ratikute-komplekt-pruun\\\/\",\"name\":\"Puuvillaste r\u00e4tikute komplekt (3 tk) - Parimad r\u00e4tikud br\u00e4ndid\",\"isPartOf\":{\"@id\":\"https:\\\/\\\/minubaltic.ee\\\/en\\\/#website\"},\"primaryImageOfPage\":{\"@id\":\"https:\\\/\\\/minubaltic.ee\\\/en\\\/e-pood\\\/towels\\\/puuvillaste-ratikute-komplekt-pruun\\\/#primaryimage\"},\"image\":{\"@id\":\"https:\\\/\\\/minubaltic.ee\\\/en\\\/e-pood\\\/towels\\\/puuvillaste-ratikute-komplekt-pruun\\\/#primaryimage\"},\"thumbnailUrl\":\"https:\\\/\\\/minubaltic.ee\\\/wp-content\\\/uploads\\\/2023\\\/10\\\/Ratikud-versa-5.png\",\"datePublished\":\"2023-10-04T17:10:21+00:00\",\"dateModified\":\"2025-03-04T20:56:21+00:00\",\"description\":\"R\u00e4tikud ja k\u00e4ter\u00e4tikud, Luksuslikud vannir\u00e4tikud, Bambusest r\u00e4tikud, Kaasaegsed kodukaubad, R\u00e4tikute ostmine veebis, Kiire tarne r\u00e4tikutele, R\u00e4tik m\u00fc\u00fck\",\"breadcrumb\":{\"@id\":\"https:\\\/\\\/minubaltic.ee\\\/en\\\/e-pood\\\/towels\\\/puuvillaste-ratikute-komplekt-pruun\\\/#breadcrumb\"},\"inLanguage\":\"en-US\",\"potentialAction\":[{\"@type\":\"ReadAction\",\"target\":[\"https:\\\/\\\/minubaltic.ee\\\/en\\\/e-pood\\\/towels\\\/puuvillaste-ratikute-komplekt-pruun\\\/\"]}]},{\"@type\":\"ImageObject\",\"inLanguage\":\"en-US\",\"@id\":\"https:\\\/\\\/minubaltic.ee\\\/en\\\/e-pood\\\/towels\\\/puuvillaste-ratikute-komplekt-pruun\\\/#primaryimage\",\"url\":\"https:\\\/\\\/minubaltic.ee\\\/wp-content\\\/uploads\\\/2023\\\/10\\\/Ratikud-versa-5.png\",\"contentUrl\":\"https:\\\/\\\/minubaltic.ee\\\/wp-content\\\/uploads\\\/2023\\\/10\\\/Ratikud-versa-5.png\",\"width\":750,\"height\":750},{\"@type\":\"BreadcrumbList\",\"@id\":\"https:\\\/\\\/minubaltic.ee\\\/en\\\/e-pood\\\/towels\\\/puuvillaste-ratikute-komplekt-pruun\\\/#breadcrumb\",\"itemListElement\":[{\"@type\":\"ListItem\",\"position\":1,\"name\":\"Home\",\"item\":\"https:\\\/\\\/minubaltic.ee\\\/en\\\/\"},{\"@type\":\"ListItem\",\"position\":2,\"name\":\"Shop\",\"item\":\"https:\\\/\\\/minubaltic.ee\\\/en\\\/shop\\\/\"},{\"@type\":\"ListItem\",\"position\":3,\"name\":\"Puuvillaste r\u00e4tikute komplekt (3 tk)\"}]},{\"@type\":\"WebSite\",\"@id\":\"https:\\\/\\\/minubaltic.ee\\\/en\\\/#website\",\"url\":\"https:\\\/\\\/minubaltic.ee\\\/en\\\/\",\"name\":\"minubaltic.ee\",\"description\":\"\",\"publisher\":{\"@id\":\"https:\\\/\\\/minubaltic.ee\\\/en\\\/#organization\"},\"potentialAction\":[{\"@type\":\"SearchAction\",\"target\":{\"@type\":\"EntryPoint\",\"urlTemplate\":\"https:\\\/\\\/minubaltic.ee\\\/en\\\/?s={search_term_string}\"},\"query-input\":{\"@type\":\"PropertyValueSpecification\",\"valueRequired\":true,\"valueName\":\"search_term_string\"}}],\"inLanguage\":\"en-US\"},{\"@type\":\"Organization\",\"@id\":\"https:\\\/\\\/minubaltic.ee\\\/en\\\/#organization\",\"name\":\"Minu Baltic O\u00dc\",\"url\":\"https:\\\/\\\/minubaltic.ee\\\/en\\\/\",\"logo\":{\"@type\":\"ImageObject\",\"inLanguage\":\"en-US\",\"@id\":\"https:\\\/\\\/minubaltic.ee\\\/en\\\/#\\\/schema\\\/logo\\\/image\\\/\",\"url\":\"https:\\\/\\\/minubaltic.ee\\\/wp-content\\\/uploads\\\/2023\\\/10\\\/cropped-cropped-cropped-logo.png\",\"contentUrl\":\"https:\\\/\\\/minubaltic.ee\\\/wp-content\\\/uploads\\\/2023\\\/10\\\/cropped-cropped-cropped-logo.png\",\"width\":500,\"height\":237,\"caption\":\"Minu Baltic O\u00dc\"},\"image\":{\"@id\":\"https:\\\/\\\/minubaltic.ee\\\/en\\\/#\\\/schema\\\/logo\\\/image\\\/\"},\"sameAs\":[\"https:\\\/\\\/www.facebook.com\\\/minubaltic\"]}]}<\/script>\n<!-- \/ Yoast SEO plugin. -->","yoast_head_json":{"title":"Puuvillaste r\u00e4tikute komplekt (3 tk) - Parimad r\u00e4tikud br\u00e4ndid","description":"R\u00e4tikud ja k\u00e4ter\u00e4tikud, Luksuslikud vannir\u00e4tikud, Bambusest r\u00e4tikud, Kaasaegsed kodukaubad, R\u00e4tikute ostmine veebis, Kiire tarne r\u00e4tikutele, R\u00e4tik m\u00fc\u00fck","robots":{"index":"index","follow":"follow","max-snippet":"max-snippet:-1","max-image-preview":"max-image-preview:large","max-video-preview":"max-video-preview:-1"},"canonical":"https:\/\/minubaltic.ee\/en\/e-pood\/towels\/puuvillaste-ratikute-komplekt-pruun\/","og_locale":"en_US","og_type":"article","og_title":"Puuvillaste r\u00e4tikute komplekt (3 tk) - Parimad r\u00e4tikud br\u00e4ndid","og_description":"R\u00e4tikud ja k\u00e4ter\u00e4tikud, Luksuslikud vannir\u00e4tikud, Bambusest r\u00e4tikud, Kaasaegsed kodukaubad, R\u00e4tikute ostmine veebis, Kiire tarne r\u00e4tikutele, R\u00e4tik m\u00fc\u00fck","og_url":"https:\/\/minubaltic.ee\/en\/e-pood\/towels\/puuvillaste-ratikute-komplekt-pruun\/","article_publisher":"https:\/\/www.facebook.com\/minubaltic","article_modified_time":"2025-03-04T20:56:21+00:00","og_image":[{"width":750,"height":750,"url":"https:\/\/minubaltic.ee\/wp-content\/uploads\/2023\/10\/Ratikud-versa-5.png","type":"image\/png"}],"twitter_card":"summary_large_image","twitter_misc":{"Est. reading time":"1 minute"},"schema":{"@context":"https:\/\/schema.org","@graph":[{"@type":"WebPage","@id":"https:\/\/minubaltic.ee\/en\/e-pood\/towels\/puuvillaste-ratikute-komplekt-pruun\/","url":"https:\/\/minubaltic.ee\/en\/e-pood\/towels\/puuvillaste-ratikute-komplekt-pruun\/","name":"Puuvillaste r\u00e4tikute komplekt (3 tk) - Parimad r\u00e4tikud br\u00e4ndid","isPartOf":{"@id":"https:\/\/minubaltic.ee\/en\/#website"},"primaryImageOfPage":{"@id":"https:\/\/minubaltic.ee\/en\/e-pood\/towels\/puuvillaste-ratikute-komplekt-pruun\/#primaryimage"},"image":{"@id":"https:\/\/minubaltic.ee\/en\/e-pood\/towels\/puuvillaste-ratikute-komplekt-pruun\/#primaryimage"},"thumbnailUrl":"https:\/\/minubaltic.ee\/wp-content\/uploads\/2023\/10\/Ratikud-versa-5.png","datePublished":"2023-10-04T17:10:21+00:00","dateModified":"2025-03-04T20:56:21+00:00","description":"R\u00e4tikud ja k\u00e4ter\u00e4tikud, Luksuslikud vannir\u00e4tikud, Bambusest r\u00e4tikud, Kaasaegsed kodukaubad, R\u00e4tikute ostmine veebis, Kiire tarne r\u00e4tikutele, R\u00e4tik m\u00fc\u00fck","breadcrumb":{"@id":"https:\/\/minubaltic.ee\/en\/e-pood\/towels\/puuvillaste-ratikute-komplekt-pruun\/#breadcrumb"},"inLanguage":"en-US","potentialAction":[{"@type":"ReadAction","target":["https:\/\/minubaltic.ee\/en\/e-pood\/towels\/puuvillaste-ratikute-komplekt-pruun\/"]}]},{"@type":"ImageObject","inLanguage":"en-US","@id":"https:\/\/minubaltic.ee\/en\/e-pood\/towels\/puuvillaste-ratikute-komplekt-pruun\/#primaryimage","url":"https:\/\/minubaltic.ee\/wp-content\/uploads\/2023\/10\/Ratikud-versa-5.png","contentUrl":"https:\/\/minubaltic.ee\/wp-content\/uploads\/2023\/10\/Ratikud-versa-5.png","width":750,"height":750},{"@type":"BreadcrumbList","@id":"https:\/\/minubaltic.ee\/en\/e-pood\/towels\/puuvillaste-ratikute-komplekt-pruun\/#breadcrumb","itemListElement":[{"@type":"ListItem","position":1,"name":"Home","item":"https:\/\/minubaltic.ee\/en\/"},{"@type":"ListItem","position":2,"name":"Shop","item":"https:\/\/minubaltic.ee\/en\/shop\/"},{"@type":"ListItem","position":3,"name":"Puuvillaste r\u00e4tikute komplekt (3 tk)"}]},{"@type":"WebSite","@id":"https:\/\/minubaltic.ee\/en\/#website","url":"https:\/\/minubaltic.ee\/en\/","name":"minubaltic.ee","description":"","publisher":{"@id":"https:\/\/minubaltic.ee\/en\/#organization"},"potentialAction":[{"@type":"SearchAction","target":{"@type":"EntryPoint","urlTemplate":"https:\/\/minubaltic.ee\/en\/?s={search_term_string}"},"query-input":{"@type":"PropertyValueSpecification","valueRequired":true,"valueName":"search_term_string"}}],"inLanguage":"en-US"},{"@type":"Organization","@id":"https:\/\/minubaltic.ee\/en\/#organization","name":"Minu Baltic O\u00dc","url":"https:\/\/minubaltic.ee\/en\/","logo":{"@type":"ImageObject","inLanguage":"en-US","@id":"https:\/\/minubaltic.ee\/en\/#\/schema\/logo\/image\/","url":"https:\/\/minubaltic.ee\/wp-content\/uploads\/2023\/10\/cropped-cropped-cropped-logo.png","contentUrl":"https:\/\/minubaltic.ee\/wp-content\/uploads\/2023\/10\/cropped-cropped-cropped-logo.png","width":500,"height":237,"caption":"Minu Baltic O\u00dc"},"image":{"@id":"https:\/\/minubaltic.ee\/en\/#\/schema\/logo\/image\/"},"sameAs":["https:\/\/www.facebook.com\/minubaltic"]}]}},"_links":{"self":[{"href":"https:\/\/minubaltic.ee\/en\/wp-json\/wp\/v2\/product\/702","targetHints":{"allow":["GET"]}}],"collection":[{"href":"https:\/\/minubaltic.ee\/en\/wp-json\/wp\/v2\/product"}],"about":[{"href":"https:\/\/minubaltic.ee\/en\/wp-json\/wp\/v2\/types\/product"}],"replies":[{"embeddable":true,"href":"https:\/\/minubaltic.ee\/en\/wp-json\/wp\/v2\/comments?post=702"}],"version-history":[{"count":1,"href":"https:\/\/minubaltic.ee\/en\/wp-json\/wp\/v2\/product\/702\/revisions"}],"predecessor-version":[{"id":43701,"href":"https:\/\/minubaltic.ee\/en\/wp-json\/wp\/v2\/product\/702\/revisions\/43701"}],"wp:featuredmedia":[{"embeddable":true,"href":"https:\/\/minubaltic.ee\/en\/wp-json\/wp\/v2\/media\/703"}],"wp:attachment":[{"href":"https:\/\/minubaltic.ee\/en\/wp-json\/wp\/v2\/media?parent=702"}],"wp:term":[{"taxonomy":"product_brand","embeddable":true,"href":"https:\/\/minubaltic.ee\/en\/wp-json\/wp\/v2\/product_brand?post=702"},{"taxonomy":"product_cat","embeddable":true,"href":"https:\/\/minubaltic.ee\/en\/wp-json\/wp\/v2\/product_cat?post=702"},{"taxonomy":"product_tag","embeddable":true,"href":"https:\/\/minubaltic.ee\/en\/wp-json\/wp\/v2\/product_tag?post=702"}],"curies":[{"name":"wp","href":"https:\/\/api.w.org\/{rel}","templated":true}]}}