{"id":44424,"date":"2025-06-11T10:37:14","date_gmt":"2025-06-11T07:37:14","guid":{"rendered":"https:\/\/minubaltic.ee\/?post_type=product&#038;p=44424"},"modified":"2025-06-11T10:41:19","modified_gmt":"2025-06-11T07:41:19","slug":"cotton-bedding-set-220x240-silver-garden","status":"publish","type":"product","link":"https:\/\/minubaltic.ee\/en\/e-pood\/bedding-sets\/cotton-bedding-set-220x240-silver-garden\/","title":{"rendered":"Cotton bedding set 220&#215;240 | Silver garden"},"content":{"rendered":"<ul>\n<li><strong>3-piece<\/strong><\/li>\n<li><strong>Fabric composition:<\/strong> 100% cotton<\/li>\n<li><strong>Duvet cover:<\/strong> 220\u00d7240<\/li>\n<li><strong>Pillowcase:<\/strong> 50\u00d775 (2pcs)<\/li>\n<li>Product images are illustrative<\/li>\n<\/ul>\n","protected":false},"excerpt":{"rendered":"<p>With a bedding set made of cotton material, you will experience perfect sleep comfort and quality. Made of 100% high-quality cotton, the bedding set offers a soft and breathable sleeping experience.<\/p>\n","protected":false},"featured_media":44430,"comment_status":"open","ping_status":"closed","template":"","meta":[],"product_brand":[],"product_cat":[359,616,873,820,825],"product_tag":[292,294,293],"class_list":{"0":"post-44424","1":"product","2":"type-product","3":"status-publish","4":"has-post-thumbnail","6":"product_cat-bedding-sets","7":"product_cat-bedding-sets-en","8":"product_cat-bedding-sets-220x240","9":"product_cat-cotton-bedding","10":"product_cat-cotton-bedding-sets","11":"product_tag-e-store","12":"product_tag-home-textiles","13":"product_tag-textiles","15":"first","16":"instock","17":"shipping-taxable","18":"purchasable","19":"product-type-simple"},"yoast_head":"<!-- This site is optimized with the Yoast SEO plugin v27.3 - https:\/\/yoast.com\/product\/yoast-seo-wordpress\/ -->\n<title>Cotton bedding set 220x240 | Silver garden<\/title>\n<meta name=\"description\" content=\"Cotton bedding set in size 220x240 cm combines natural material, timeless design and comfortable spaciousness. Ideal for everyday use.\" \/>\n<meta name=\"robots\" content=\"index, follow, max-snippet:-1, max-image-preview:large, max-video-preview:-1\" \/>\n<link rel=\"canonical\" href=\"https:\/\/minubaltic.ee\/en\/e-pood\/bedding-sets\/cotton-bedding-set-220x240-silver-garden\/\" \/>\n<meta property=\"og:locale\" content=\"en_US\" \/>\n<meta property=\"og:type\" content=\"article\" \/>\n<meta property=\"og:title\" content=\"Cotton bedding set 220x240 | Silver garden\" \/>\n<meta property=\"og:description\" content=\"Cotton bedding set in size 220x240 cm combines natural material, timeless design and comfortable spaciousness. Ideal for everyday use.\" \/>\n<meta property=\"og:url\" content=\"https:\/\/minubaltic.ee\/en\/e-pood\/bedding-sets\/cotton-bedding-set-220x240-silver-garden\/\" \/>\n<meta property=\"article:publisher\" content=\"https:\/\/www.facebook.com\/minubaltic\" \/>\n<meta property=\"article:modified_time\" content=\"2025-06-11T07:41:19+00:00\" \/>\n<meta property=\"og:image\" content=\"https:\/\/minubaltic.ee\/wp-content\/uploads\/2025\/06\/Puuvillane-voodipesukomplekt-220\u00d7240-cm-Hobedane-aed.jpg\" \/>\n\t<meta property=\"og:image:width\" content=\"800\" \/>\n\t<meta property=\"og:image:height\" content=\"800\" \/>\n\t<meta property=\"og:image:type\" content=\"image\/jpeg\" \/>\n<meta name=\"twitter:card\" content=\"summary_large_image\" \/>\n<meta name=\"twitter:label1\" content=\"Est. reading time\" \/>\n\t<meta name=\"twitter:data1\" content=\"1 minute\" \/>\n<script type=\"application\/ld+json\" class=\"yoast-schema-graph\">{\"@context\":\"https:\\\/\\\/schema.org\",\"@graph\":[{\"@type\":\"WebPage\",\"@id\":\"https:\\\/\\\/minubaltic.ee\\\/en\\\/e-pood\\\/bedding-sets\\\/cotton-bedding-set-220x240-silver-garden\\\/\",\"url\":\"https:\\\/\\\/minubaltic.ee\\\/en\\\/e-pood\\\/bedding-sets\\\/cotton-bedding-set-220x240-silver-garden\\\/\",\"name\":\"Cotton bedding set 220x240 | Silver garden\",\"isPartOf\":{\"@id\":\"https:\\\/\\\/minubaltic.ee\\\/en\\\/#website\"},\"primaryImageOfPage\":{\"@id\":\"https:\\\/\\\/minubaltic.ee\\\/en\\\/e-pood\\\/bedding-sets\\\/cotton-bedding-set-220x240-silver-garden\\\/#primaryimage\"},\"image\":{\"@id\":\"https:\\\/\\\/minubaltic.ee\\\/en\\\/e-pood\\\/bedding-sets\\\/cotton-bedding-set-220x240-silver-garden\\\/#primaryimage\"},\"thumbnailUrl\":\"https:\\\/\\\/minubaltic.ee\\\/wp-content\\\/uploads\\\/2025\\\/06\\\/Puuvillane-voodipesukomplekt-220\u00d7240-cm-Hobedane-aed.jpg\",\"datePublished\":\"2025-06-11T07:37:14+00:00\",\"dateModified\":\"2025-06-11T07:41:19+00:00\",\"description\":\"Cotton bedding set in size 220x240 cm combines natural material, timeless design and comfortable spaciousness. Ideal for everyday use.\",\"breadcrumb\":{\"@id\":\"https:\\\/\\\/minubaltic.ee\\\/en\\\/e-pood\\\/bedding-sets\\\/cotton-bedding-set-220x240-silver-garden\\\/#breadcrumb\"},\"inLanguage\":\"en-US\",\"potentialAction\":[{\"@type\":\"ReadAction\",\"target\":[\"https:\\\/\\\/minubaltic.ee\\\/en\\\/e-pood\\\/bedding-sets\\\/cotton-bedding-set-220x240-silver-garden\\\/\"]}]},{\"@type\":\"ImageObject\",\"inLanguage\":\"en-US\",\"@id\":\"https:\\\/\\\/minubaltic.ee\\\/en\\\/e-pood\\\/bedding-sets\\\/cotton-bedding-set-220x240-silver-garden\\\/#primaryimage\",\"url\":\"https:\\\/\\\/minubaltic.ee\\\/wp-content\\\/uploads\\\/2025\\\/06\\\/Puuvillane-voodipesukomplekt-220\u00d7240-cm-Hobedane-aed.jpg\",\"contentUrl\":\"https:\\\/\\\/minubaltic.ee\\\/wp-content\\\/uploads\\\/2025\\\/06\\\/Puuvillane-voodipesukomplekt-220\u00d7240-cm-Hobedane-aed.jpg\",\"width\":800,\"height\":800,\"caption\":\"Puuvillane voodipesukomplekt 220\u00d7240 cm H\u00f5bedane aed\"},{\"@type\":\"BreadcrumbList\",\"@id\":\"https:\\\/\\\/minubaltic.ee\\\/en\\\/e-pood\\\/bedding-sets\\\/cotton-bedding-set-220x240-silver-garden\\\/#breadcrumb\",\"itemListElement\":[{\"@type\":\"ListItem\",\"position\":1,\"name\":\"Home\",\"item\":\"https:\\\/\\\/minubaltic.ee\\\/en\\\/\"},{\"@type\":\"ListItem\",\"position\":2,\"name\":\"Shop\",\"item\":\"https:\\\/\\\/minubaltic.ee\\\/en\\\/shop\\\/\"},{\"@type\":\"ListItem\",\"position\":3,\"name\":\"Cotton bedding set 220&#215;240 | Silver garden\"}]},{\"@type\":\"WebSite\",\"@id\":\"https:\\\/\\\/minubaltic.ee\\\/en\\\/#website\",\"url\":\"https:\\\/\\\/minubaltic.ee\\\/en\\\/\",\"name\":\"minubaltic.ee\",\"description\":\"\",\"publisher\":{\"@id\":\"https:\\\/\\\/minubaltic.ee\\\/en\\\/#organization\"},\"potentialAction\":[{\"@type\":\"SearchAction\",\"target\":{\"@type\":\"EntryPoint\",\"urlTemplate\":\"https:\\\/\\\/minubaltic.ee\\\/en\\\/?s={search_term_string}\"},\"query-input\":{\"@type\":\"PropertyValueSpecification\",\"valueRequired\":true,\"valueName\":\"search_term_string\"}}],\"inLanguage\":\"en-US\"},{\"@type\":\"Organization\",\"@id\":\"https:\\\/\\\/minubaltic.ee\\\/en\\\/#organization\",\"name\":\"Minu Baltic O\u00dc\",\"url\":\"https:\\\/\\\/minubaltic.ee\\\/en\\\/\",\"logo\":{\"@type\":\"ImageObject\",\"inLanguage\":\"en-US\",\"@id\":\"https:\\\/\\\/minubaltic.ee\\\/en\\\/#\\\/schema\\\/logo\\\/image\\\/\",\"url\":\"https:\\\/\\\/minubaltic.ee\\\/wp-content\\\/uploads\\\/2023\\\/10\\\/cropped-cropped-cropped-logo.png\",\"contentUrl\":\"https:\\\/\\\/minubaltic.ee\\\/wp-content\\\/uploads\\\/2023\\\/10\\\/cropped-cropped-cropped-logo.png\",\"width\":500,\"height\":237,\"caption\":\"Minu Baltic O\u00dc\"},\"image\":{\"@id\":\"https:\\\/\\\/minubaltic.ee\\\/en\\\/#\\\/schema\\\/logo\\\/image\\\/\"},\"sameAs\":[\"https:\\\/\\\/www.facebook.com\\\/minubaltic\"]}]}<\/script>\n<!-- \/ Yoast SEO plugin. -->","yoast_head_json":{"title":"Cotton bedding set 220x240 | Silver garden","description":"Cotton bedding set in size 220x240 cm combines natural material, timeless design and comfortable spaciousness. Ideal for everyday use.","robots":{"index":"index","follow":"follow","max-snippet":"max-snippet:-1","max-image-preview":"max-image-preview:large","max-video-preview":"max-video-preview:-1"},"canonical":"https:\/\/minubaltic.ee\/en\/e-pood\/bedding-sets\/cotton-bedding-set-220x240-silver-garden\/","og_locale":"en_US","og_type":"article","og_title":"Cotton bedding set 220x240 | Silver garden","og_description":"Cotton bedding set in size 220x240 cm combines natural material, timeless design and comfortable spaciousness. Ideal for everyday use.","og_url":"https:\/\/minubaltic.ee\/en\/e-pood\/bedding-sets\/cotton-bedding-set-220x240-silver-garden\/","article_publisher":"https:\/\/www.facebook.com\/minubaltic","article_modified_time":"2025-06-11T07:41:19+00:00","og_image":[{"width":800,"height":800,"url":"https:\/\/minubaltic.ee\/wp-content\/uploads\/2025\/06\/Puuvillane-voodipesukomplekt-220\u00d7240-cm-Hobedane-aed.jpg","type":"image\/jpeg"}],"twitter_card":"summary_large_image","twitter_misc":{"Est. reading time":"1 minute"},"schema":{"@context":"https:\/\/schema.org","@graph":[{"@type":"WebPage","@id":"https:\/\/minubaltic.ee\/en\/e-pood\/bedding-sets\/cotton-bedding-set-220x240-silver-garden\/","url":"https:\/\/minubaltic.ee\/en\/e-pood\/bedding-sets\/cotton-bedding-set-220x240-silver-garden\/","name":"Cotton bedding set 220x240 | Silver garden","isPartOf":{"@id":"https:\/\/minubaltic.ee\/en\/#website"},"primaryImageOfPage":{"@id":"https:\/\/minubaltic.ee\/en\/e-pood\/bedding-sets\/cotton-bedding-set-220x240-silver-garden\/#primaryimage"},"image":{"@id":"https:\/\/minubaltic.ee\/en\/e-pood\/bedding-sets\/cotton-bedding-set-220x240-silver-garden\/#primaryimage"},"thumbnailUrl":"https:\/\/minubaltic.ee\/wp-content\/uploads\/2025\/06\/Puuvillane-voodipesukomplekt-220\u00d7240-cm-Hobedane-aed.jpg","datePublished":"2025-06-11T07:37:14+00:00","dateModified":"2025-06-11T07:41:19+00:00","description":"Cotton bedding set in size 220x240 cm combines natural material, timeless design and comfortable spaciousness. Ideal for everyday use.","breadcrumb":{"@id":"https:\/\/minubaltic.ee\/en\/e-pood\/bedding-sets\/cotton-bedding-set-220x240-silver-garden\/#breadcrumb"},"inLanguage":"en-US","potentialAction":[{"@type":"ReadAction","target":["https:\/\/minubaltic.ee\/en\/e-pood\/bedding-sets\/cotton-bedding-set-220x240-silver-garden\/"]}]},{"@type":"ImageObject","inLanguage":"en-US","@id":"https:\/\/minubaltic.ee\/en\/e-pood\/bedding-sets\/cotton-bedding-set-220x240-silver-garden\/#primaryimage","url":"https:\/\/minubaltic.ee\/wp-content\/uploads\/2025\/06\/Puuvillane-voodipesukomplekt-220\u00d7240-cm-Hobedane-aed.jpg","contentUrl":"https:\/\/minubaltic.ee\/wp-content\/uploads\/2025\/06\/Puuvillane-voodipesukomplekt-220\u00d7240-cm-Hobedane-aed.jpg","width":800,"height":800,"caption":"Puuvillane voodipesukomplekt 220\u00d7240 cm H\u00f5bedane aed"},{"@type":"BreadcrumbList","@id":"https:\/\/minubaltic.ee\/en\/e-pood\/bedding-sets\/cotton-bedding-set-220x240-silver-garden\/#breadcrumb","itemListElement":[{"@type":"ListItem","position":1,"name":"Home","item":"https:\/\/minubaltic.ee\/en\/"},{"@type":"ListItem","position":2,"name":"Shop","item":"https:\/\/minubaltic.ee\/en\/shop\/"},{"@type":"ListItem","position":3,"name":"Cotton bedding set 220&#215;240 | Silver garden"}]},{"@type":"WebSite","@id":"https:\/\/minubaltic.ee\/en\/#website","url":"https:\/\/minubaltic.ee\/en\/","name":"minubaltic.ee","description":"","publisher":{"@id":"https:\/\/minubaltic.ee\/en\/#organization"},"potentialAction":[{"@type":"SearchAction","target":{"@type":"EntryPoint","urlTemplate":"https:\/\/minubaltic.ee\/en\/?s={search_term_string}"},"query-input":{"@type":"PropertyValueSpecification","valueRequired":true,"valueName":"search_term_string"}}],"inLanguage":"en-US"},{"@type":"Organization","@id":"https:\/\/minubaltic.ee\/en\/#organization","name":"Minu Baltic O\u00dc","url":"https:\/\/minubaltic.ee\/en\/","logo":{"@type":"ImageObject","inLanguage":"en-US","@id":"https:\/\/minubaltic.ee\/en\/#\/schema\/logo\/image\/","url":"https:\/\/minubaltic.ee\/wp-content\/uploads\/2023\/10\/cropped-cropped-cropped-logo.png","contentUrl":"https:\/\/minubaltic.ee\/wp-content\/uploads\/2023\/10\/cropped-cropped-cropped-logo.png","width":500,"height":237,"caption":"Minu Baltic O\u00dc"},"image":{"@id":"https:\/\/minubaltic.ee\/en\/#\/schema\/logo\/image\/"},"sameAs":["https:\/\/www.facebook.com\/minubaltic"]}]}},"_links":{"self":[{"href":"https:\/\/minubaltic.ee\/en\/wp-json\/wp\/v2\/product\/44424","targetHints":{"allow":["GET"]}}],"collection":[{"href":"https:\/\/minubaltic.ee\/en\/wp-json\/wp\/v2\/product"}],"about":[{"href":"https:\/\/minubaltic.ee\/en\/wp-json\/wp\/v2\/types\/product"}],"replies":[{"embeddable":true,"href":"https:\/\/minubaltic.ee\/en\/wp-json\/wp\/v2\/comments?post=44424"}],"version-history":[{"count":2,"href":"https:\/\/minubaltic.ee\/en\/wp-json\/wp\/v2\/product\/44424\/revisions"}],"predecessor-version":[{"id":44459,"href":"https:\/\/minubaltic.ee\/en\/wp-json\/wp\/v2\/product\/44424\/revisions\/44459"}],"wp:featuredmedia":[{"embeddable":true,"href":"https:\/\/minubaltic.ee\/en\/wp-json\/wp\/v2\/media\/44430"}],"wp:attachment":[{"href":"https:\/\/minubaltic.ee\/en\/wp-json\/wp\/v2\/media?parent=44424"}],"wp:term":[{"taxonomy":"product_brand","embeddable":true,"href":"https:\/\/minubaltic.ee\/en\/wp-json\/wp\/v2\/product_brand?post=44424"},{"taxonomy":"product_cat","embeddable":true,"href":"https:\/\/minubaltic.ee\/en\/wp-json\/wp\/v2\/product_cat?post=44424"},{"taxonomy":"product_tag","embeddable":true,"href":"https:\/\/minubaltic.ee\/en\/wp-json\/wp\/v2\/product_tag?post=44424"}],"curies":[{"name":"wp","href":"https:\/\/api.w.org\/{rel}","templated":true}]}}