{"id":31163,"date":"2024-08-07T01:06:56","date_gmt":"2024-08-06T22:06:56","guid":{"rendered":"https:\/\/minubaltic.ee\/e-pood\/uncategorized\/disney-bedding-set\/"},"modified":"2024-08-07T01:27:37","modified_gmt":"2024-08-06T22:27:37","slug":"disney-bedding-set","status":"publish","type":"product","link":"https:\/\/minubaltic.ee\/en\/e-pood\/bedding-sets\/disney-bedding-set\/","title":{"rendered":"Disney bedding set"},"content":{"rendered":"<ul>\n<li><strong>Fabric composition:<\/strong> 100% cotton<\/li>\n<li><strong>Duvet cover:<\/strong> 150\u00d7200<\/li>\n<li><strong>Sheet:<\/strong> 200\u00d7230<\/li>\n<li><strong>Pillowcase:<\/strong> 75\u00d750 (2pcs)<\/li>\n<li>Product images are illustrative<\/li>\n<\/ul>\n<p>The children&#8217;s bedding set is made of soft and breathable cotton that ensures a comfortable and pleasant sleep. Brightly coloured patterns and cute characters make it the perfect choice for children&#8217;s bedrooms, making it a playful and cosy place to sleep.<\/p>\n","protected":false},"excerpt":{"rendered":"<p>Fabric composition: 100% cotton Duvet cover: 150\u00d7200 Sheet: 200\u00d7230 Pillowcase: 75\u00d750 (2pcs) Product images are illustrative The children&#8217;s bedding set<\/p>\n","protected":false},"featured_media":31145,"comment_status":"open","ping_status":"closed","template":"","meta":[],"product_brand":[],"product_cat":[359,616,855,850],"product_tag":[366,292,294,293],"class_list":{"0":"post-31163","1":"product","2":"type-product","3":"status-publish","4":"has-post-thumbnail","6":"product_cat-bedding-sets","7":"product_cat-bedding-sets-en","8":"product_cat-childrens-bedding","9":"product_cat-childrens-world","10":"product_tag-duvet-covers-bed-sets","11":"product_tag-e-store","12":"product_tag-home-textiles","13":"product_tag-textiles","15":"first","16":"outofstock","17":"shipping-taxable","18":"purchasable","19":"product-type-simple"},"yoast_head":"<!-- This site is optimized with the Yoast SEO plugin v27.3 - https:\/\/yoast.com\/product\/yoast-seo-wordpress\/ -->\n<title>Disney bedding set - Children&#039;s bed linen<\/title>\n<meta name=\"description\" content=\"The children&#039;s bedding set is made of soft and breathable cotton that ensures a comfortable and pleasant sleep. Brightly coloured patterns and cute ....\" \/>\n<meta name=\"robots\" content=\"index, follow, max-snippet:-1, max-image-preview:large, max-video-preview:-1\" \/>\n<link rel=\"canonical\" href=\"https:\/\/minubaltic.ee\/en\/e-pood\/bedding-sets\/disney-bedding-set\/\" \/>\n<meta property=\"og:locale\" content=\"en_US\" \/>\n<meta property=\"og:type\" content=\"article\" \/>\n<meta property=\"og:title\" content=\"Disney bedding set - Children&#039;s bed linen\" \/>\n<meta property=\"og:description\" content=\"The children&#039;s bedding set is made of soft and breathable cotton that ensures a comfortable and pleasant sleep. Brightly coloured patterns and cute ....\" \/>\n<meta property=\"og:url\" content=\"https:\/\/minubaltic.ee\/en\/e-pood\/bedding-sets\/disney-bedding-set\/\" \/>\n<meta property=\"article:publisher\" content=\"https:\/\/www.facebook.com\/minubaltic\" \/>\n<meta property=\"article:modified_time\" content=\"2024-08-06T22:27:37+00:00\" \/>\n<meta property=\"og:image\" content=\"https:\/\/minubaltic.ee\/wp-content\/uploads\/2024\/08\/Disney-voodipesukomplekt-3.jpg\" \/>\n\t<meta property=\"og:image:width\" content=\"800\" \/>\n\t<meta property=\"og:image:height\" content=\"800\" \/>\n\t<meta property=\"og:image:type\" content=\"image\/jpeg\" \/>\n<meta name=\"twitter:card\" content=\"summary_large_image\" \/>\n<meta name=\"twitter:label1\" content=\"Est. reading time\" \/>\n\t<meta name=\"twitter:data1\" content=\"1 minute\" \/>\n<script type=\"application\/ld+json\" class=\"yoast-schema-graph\">{\"@context\":\"https:\\\/\\\/schema.org\",\"@graph\":[{\"@type\":\"WebPage\",\"@id\":\"https:\\\/\\\/minubaltic.ee\\\/en\\\/e-pood\\\/bedding-sets\\\/disney-bedding-set\\\/\",\"url\":\"https:\\\/\\\/minubaltic.ee\\\/en\\\/e-pood\\\/bedding-sets\\\/disney-bedding-set\\\/\",\"name\":\"Disney bedding set - Children's bed linen\",\"isPartOf\":{\"@id\":\"https:\\\/\\\/minubaltic.ee\\\/en\\\/#website\"},\"primaryImageOfPage\":{\"@id\":\"https:\\\/\\\/minubaltic.ee\\\/en\\\/e-pood\\\/bedding-sets\\\/disney-bedding-set\\\/#primaryimage\"},\"image\":{\"@id\":\"https:\\\/\\\/minubaltic.ee\\\/en\\\/e-pood\\\/bedding-sets\\\/disney-bedding-set\\\/#primaryimage\"},\"thumbnailUrl\":\"https:\\\/\\\/minubaltic.ee\\\/wp-content\\\/uploads\\\/2024\\\/08\\\/Disney-voodipesukomplekt-3.jpg\",\"datePublished\":\"2024-08-06T22:06:56+00:00\",\"dateModified\":\"2024-08-06T22:27:37+00:00\",\"description\":\"The children's bedding set is made of soft and breathable cotton that ensures a comfortable and pleasant sleep. Brightly coloured patterns and cute ....\",\"breadcrumb\":{\"@id\":\"https:\\\/\\\/minubaltic.ee\\\/en\\\/e-pood\\\/bedding-sets\\\/disney-bedding-set\\\/#breadcrumb\"},\"inLanguage\":\"en-US\",\"potentialAction\":[{\"@type\":\"ReadAction\",\"target\":[\"https:\\\/\\\/minubaltic.ee\\\/en\\\/e-pood\\\/bedding-sets\\\/disney-bedding-set\\\/\"]}]},{\"@type\":\"ImageObject\",\"inLanguage\":\"en-US\",\"@id\":\"https:\\\/\\\/minubaltic.ee\\\/en\\\/e-pood\\\/bedding-sets\\\/disney-bedding-set\\\/#primaryimage\",\"url\":\"https:\\\/\\\/minubaltic.ee\\\/wp-content\\\/uploads\\\/2024\\\/08\\\/Disney-voodipesukomplekt-3.jpg\",\"contentUrl\":\"https:\\\/\\\/minubaltic.ee\\\/wp-content\\\/uploads\\\/2024\\\/08\\\/Disney-voodipesukomplekt-3.jpg\",\"width\":800,\"height\":800},{\"@type\":\"BreadcrumbList\",\"@id\":\"https:\\\/\\\/minubaltic.ee\\\/en\\\/e-pood\\\/bedding-sets\\\/disney-bedding-set\\\/#breadcrumb\",\"itemListElement\":[{\"@type\":\"ListItem\",\"position\":1,\"name\":\"Home\",\"item\":\"https:\\\/\\\/minubaltic.ee\\\/en\\\/\"},{\"@type\":\"ListItem\",\"position\":2,\"name\":\"Shop\",\"item\":\"https:\\\/\\\/minubaltic.ee\\\/en\\\/shop\\\/\"},{\"@type\":\"ListItem\",\"position\":3,\"name\":\"Disney bedding set\"}]},{\"@type\":\"WebSite\",\"@id\":\"https:\\\/\\\/minubaltic.ee\\\/en\\\/#website\",\"url\":\"https:\\\/\\\/minubaltic.ee\\\/en\\\/\",\"name\":\"minubaltic.ee\",\"description\":\"\",\"publisher\":{\"@id\":\"https:\\\/\\\/minubaltic.ee\\\/en\\\/#organization\"},\"potentialAction\":[{\"@type\":\"SearchAction\",\"target\":{\"@type\":\"EntryPoint\",\"urlTemplate\":\"https:\\\/\\\/minubaltic.ee\\\/en\\\/?s={search_term_string}\"},\"query-input\":{\"@type\":\"PropertyValueSpecification\",\"valueRequired\":true,\"valueName\":\"search_term_string\"}}],\"inLanguage\":\"en-US\"},{\"@type\":\"Organization\",\"@id\":\"https:\\\/\\\/minubaltic.ee\\\/en\\\/#organization\",\"name\":\"Minu Baltic O\u00dc\",\"url\":\"https:\\\/\\\/minubaltic.ee\\\/en\\\/\",\"logo\":{\"@type\":\"ImageObject\",\"inLanguage\":\"en-US\",\"@id\":\"https:\\\/\\\/minubaltic.ee\\\/en\\\/#\\\/schema\\\/logo\\\/image\\\/\",\"url\":\"https:\\\/\\\/minubaltic.ee\\\/wp-content\\\/uploads\\\/2023\\\/10\\\/cropped-cropped-cropped-logo.png\",\"contentUrl\":\"https:\\\/\\\/minubaltic.ee\\\/wp-content\\\/uploads\\\/2023\\\/10\\\/cropped-cropped-cropped-logo.png\",\"width\":500,\"height\":237,\"caption\":\"Minu Baltic O\u00dc\"},\"image\":{\"@id\":\"https:\\\/\\\/minubaltic.ee\\\/en\\\/#\\\/schema\\\/logo\\\/image\\\/\"},\"sameAs\":[\"https:\\\/\\\/www.facebook.com\\\/minubaltic\"]}]}<\/script>\n<!-- \/ Yoast SEO plugin. -->","yoast_head_json":{"title":"Disney bedding set - Children's bed linen","description":"The children's bedding set is made of soft and breathable cotton that ensures a comfortable and pleasant sleep. Brightly coloured patterns and cute ....","robots":{"index":"index","follow":"follow","max-snippet":"max-snippet:-1","max-image-preview":"max-image-preview:large","max-video-preview":"max-video-preview:-1"},"canonical":"https:\/\/minubaltic.ee\/en\/e-pood\/bedding-sets\/disney-bedding-set\/","og_locale":"en_US","og_type":"article","og_title":"Disney bedding set - Children's bed linen","og_description":"The children's bedding set is made of soft and breathable cotton that ensures a comfortable and pleasant sleep. Brightly coloured patterns and cute ....","og_url":"https:\/\/minubaltic.ee\/en\/e-pood\/bedding-sets\/disney-bedding-set\/","article_publisher":"https:\/\/www.facebook.com\/minubaltic","article_modified_time":"2024-08-06T22:27:37+00:00","og_image":[{"width":800,"height":800,"url":"https:\/\/minubaltic.ee\/wp-content\/uploads\/2024\/08\/Disney-voodipesukomplekt-3.jpg","type":"image\/jpeg"}],"twitter_card":"summary_large_image","twitter_misc":{"Est. reading time":"1 minute"},"schema":{"@context":"https:\/\/schema.org","@graph":[{"@type":"WebPage","@id":"https:\/\/minubaltic.ee\/en\/e-pood\/bedding-sets\/disney-bedding-set\/","url":"https:\/\/minubaltic.ee\/en\/e-pood\/bedding-sets\/disney-bedding-set\/","name":"Disney bedding set - Children's bed linen","isPartOf":{"@id":"https:\/\/minubaltic.ee\/en\/#website"},"primaryImageOfPage":{"@id":"https:\/\/minubaltic.ee\/en\/e-pood\/bedding-sets\/disney-bedding-set\/#primaryimage"},"image":{"@id":"https:\/\/minubaltic.ee\/en\/e-pood\/bedding-sets\/disney-bedding-set\/#primaryimage"},"thumbnailUrl":"https:\/\/minubaltic.ee\/wp-content\/uploads\/2024\/08\/Disney-voodipesukomplekt-3.jpg","datePublished":"2024-08-06T22:06:56+00:00","dateModified":"2024-08-06T22:27:37+00:00","description":"The children's bedding set is made of soft and breathable cotton that ensures a comfortable and pleasant sleep. Brightly coloured patterns and cute ....","breadcrumb":{"@id":"https:\/\/minubaltic.ee\/en\/e-pood\/bedding-sets\/disney-bedding-set\/#breadcrumb"},"inLanguage":"en-US","potentialAction":[{"@type":"ReadAction","target":["https:\/\/minubaltic.ee\/en\/e-pood\/bedding-sets\/disney-bedding-set\/"]}]},{"@type":"ImageObject","inLanguage":"en-US","@id":"https:\/\/minubaltic.ee\/en\/e-pood\/bedding-sets\/disney-bedding-set\/#primaryimage","url":"https:\/\/minubaltic.ee\/wp-content\/uploads\/2024\/08\/Disney-voodipesukomplekt-3.jpg","contentUrl":"https:\/\/minubaltic.ee\/wp-content\/uploads\/2024\/08\/Disney-voodipesukomplekt-3.jpg","width":800,"height":800},{"@type":"BreadcrumbList","@id":"https:\/\/minubaltic.ee\/en\/e-pood\/bedding-sets\/disney-bedding-set\/#breadcrumb","itemListElement":[{"@type":"ListItem","position":1,"name":"Home","item":"https:\/\/minubaltic.ee\/en\/"},{"@type":"ListItem","position":2,"name":"Shop","item":"https:\/\/minubaltic.ee\/en\/shop\/"},{"@type":"ListItem","position":3,"name":"Disney bedding set"}]},{"@type":"WebSite","@id":"https:\/\/minubaltic.ee\/en\/#website","url":"https:\/\/minubaltic.ee\/en\/","name":"minubaltic.ee","description":"","publisher":{"@id":"https:\/\/minubaltic.ee\/en\/#organization"},"potentialAction":[{"@type":"SearchAction","target":{"@type":"EntryPoint","urlTemplate":"https:\/\/minubaltic.ee\/en\/?s={search_term_string}"},"query-input":{"@type":"PropertyValueSpecification","valueRequired":true,"valueName":"search_term_string"}}],"inLanguage":"en-US"},{"@type":"Organization","@id":"https:\/\/minubaltic.ee\/en\/#organization","name":"Minu Baltic O\u00dc","url":"https:\/\/minubaltic.ee\/en\/","logo":{"@type":"ImageObject","inLanguage":"en-US","@id":"https:\/\/minubaltic.ee\/en\/#\/schema\/logo\/image\/","url":"https:\/\/minubaltic.ee\/wp-content\/uploads\/2023\/10\/cropped-cropped-cropped-logo.png","contentUrl":"https:\/\/minubaltic.ee\/wp-content\/uploads\/2023\/10\/cropped-cropped-cropped-logo.png","width":500,"height":237,"caption":"Minu Baltic O\u00dc"},"image":{"@id":"https:\/\/minubaltic.ee\/en\/#\/schema\/logo\/image\/"},"sameAs":["https:\/\/www.facebook.com\/minubaltic"]}]}},"_links":{"self":[{"href":"https:\/\/minubaltic.ee\/en\/wp-json\/wp\/v2\/product\/31163","targetHints":{"allow":["GET"]}}],"collection":[{"href":"https:\/\/minubaltic.ee\/en\/wp-json\/wp\/v2\/product"}],"about":[{"href":"https:\/\/minubaltic.ee\/en\/wp-json\/wp\/v2\/types\/product"}],"replies":[{"embeddable":true,"href":"https:\/\/minubaltic.ee\/en\/wp-json\/wp\/v2\/comments?post=31163"}],"version-history":[{"count":1,"href":"https:\/\/minubaltic.ee\/en\/wp-json\/wp\/v2\/product\/31163\/revisions"}],"predecessor-version":[{"id":31169,"href":"https:\/\/minubaltic.ee\/en\/wp-json\/wp\/v2\/product\/31163\/revisions\/31169"}],"wp:featuredmedia":[{"embeddable":true,"href":"https:\/\/minubaltic.ee\/en\/wp-json\/wp\/v2\/media\/31145"}],"wp:attachment":[{"href":"https:\/\/minubaltic.ee\/en\/wp-json\/wp\/v2\/media?parent=31163"}],"wp:term":[{"taxonomy":"product_brand","embeddable":true,"href":"https:\/\/minubaltic.ee\/en\/wp-json\/wp\/v2\/product_brand?post=31163"},{"taxonomy":"product_cat","embeddable":true,"href":"https:\/\/minubaltic.ee\/en\/wp-json\/wp\/v2\/product_cat?post=31163"},{"taxonomy":"product_tag","embeddable":true,"href":"https:\/\/minubaltic.ee\/en\/wp-json\/wp\/v2\/product_tag?post=31163"}],"curies":[{"name":"wp","href":"https:\/\/api.w.org\/{rel}","templated":true}]}}