{"id":20358,"date":"2024-01-16T14:17:51","date_gmt":"2024-01-16T11:17:51","guid":{"rendered":"https:\/\/minubaltic.ee\/e-pood\/maaratlemata\/bedding-set-satin-cotton-200x220\/"},"modified":"2024-03-20T15:37:27","modified_gmt":"2024-03-20T12:37:27","slug":"mnb-34","status":"publish","type":"product","link":"https:\/\/minubaltic.ee\/en\/e-pood\/bedding-sets\/mnb-34\/","title":{"rendered":"Bedding set satin cotton 200\u00d7220"},"content":{"rendered":"<ul>\n<li><span class=\"product-attribute__label\"><strong>Fabric:<\/strong> 100% cotton satin<\/span><\/li>\n<li><strong>Duvet cover<span class=\"product-attribute__label\">:<\/span><\/strong> 200\u00d7220<\/li>\n<li><strong>Sheet<span class=\"product-attribute__label\">:<\/span><\/strong> 200\u00d7230<\/li>\n<li><strong>Pillow case<span class=\"product-attribute__label\">:<\/span><\/strong> 70\u00d780 (2pcs)<\/li>\n<li>Product images are illustrative<\/li>\n<\/ul>\n","protected":false},"excerpt":{"rendered":"<p>200\u00d7220 (Duvet cover 200\u00d7220, Sheet 200\u00d7230, 2 Pillow case 70\u00d780)<\/p>\n","protected":false},"featured_media":18631,"comment_status":"open","ping_status":"closed","template":"","meta":[],"product_brand":[],"product_cat":[359,616,361],"product_tag":[366,291,292,293],"class_list":{"0":"post-20358","1":"product","2":"type-product","3":"status-publish","4":"has-post-thumbnail","6":"product_cat-bedding-sets","7":"product_cat-bedding-sets-en","8":"product_cat-bedding-sets-200x220","9":"product_tag-duvet-covers-bed-sets","10":"product_tag-e-shopping","11":"product_tag-e-store","12":"product_tag-textiles","14":"first","15":"outofstock","16":"sale","17":"shipping-taxable","18":"purchasable","19":"product-type-simple"},"yoast_head":"<!-- This site is optimized with the Yoast SEO plugin v27.3 - https:\/\/yoast.com\/product\/yoast-seo-wordpress\/ -->\n<title>Bedding set satin cotton 200\u00d7220 - 13,99 \u20ac<\/title>\n<meta name=\"description\" content=\"Satin bedding, Cotton bedding, 4-piece bedding set, Discount bedding sets, Cheap bedding, 200x220 bedding\" \/>\n<meta name=\"robots\" content=\"index, follow, max-snippet:-1, max-image-preview:large, max-video-preview:-1\" \/>\n<link rel=\"canonical\" href=\"https:\/\/minubaltic.ee\/en\/e-pood\/bedding-sets\/mnb-34\/\" \/>\n<meta property=\"og:locale\" content=\"en_US\" \/>\n<meta property=\"og:type\" content=\"article\" \/>\n<meta property=\"og:title\" content=\"Bedding set satin cotton 200\u00d7220 - 13,99 \u20ac\" \/>\n<meta property=\"og:description\" content=\"Satin bedding, Cotton bedding, 4-piece bedding set, Discount bedding sets, Cheap bedding, 200x220 bedding\" \/>\n<meta property=\"og:url\" content=\"https:\/\/minubaltic.ee\/en\/e-pood\/bedding-sets\/mnb-34\/\" \/>\n<meta property=\"article:publisher\" content=\"https:\/\/www.facebook.com\/minubaltic\" \/>\n<meta property=\"article:modified_time\" content=\"2024-03-20T12:37:27+00:00\" \/>\n<meta property=\"og:image\" content=\"https:\/\/minubaltic.ee\/wp-content\/uploads\/2024\/01\/stv-8.png\" \/>\n\t<meta property=\"og:image:width\" content=\"540\" \/>\n\t<meta property=\"og:image:height\" content=\"540\" \/>\n\t<meta property=\"og:image:type\" content=\"image\/png\" \/>\n<meta name=\"twitter:card\" content=\"summary_large_image\" \/>\n<meta name=\"twitter:label1\" content=\"Est. reading time\" \/>\n\t<meta name=\"twitter:data1\" content=\"1 minute\" \/>\n<script type=\"application\/ld+json\" class=\"yoast-schema-graph\">{\"@context\":\"https:\\\/\\\/schema.org\",\"@graph\":[{\"@type\":\"WebPage\",\"@id\":\"https:\\\/\\\/minubaltic.ee\\\/en\\\/e-pood\\\/bedding-sets\\\/mnb-34\\\/\",\"url\":\"https:\\\/\\\/minubaltic.ee\\\/en\\\/e-pood\\\/bedding-sets\\\/mnb-34\\\/\",\"name\":\"Bedding set satin cotton 200\u00d7220 - 13,99 \u20ac\",\"isPartOf\":{\"@id\":\"https:\\\/\\\/minubaltic.ee\\\/en\\\/#website\"},\"primaryImageOfPage\":{\"@id\":\"https:\\\/\\\/minubaltic.ee\\\/en\\\/e-pood\\\/bedding-sets\\\/mnb-34\\\/#primaryimage\"},\"image\":{\"@id\":\"https:\\\/\\\/minubaltic.ee\\\/en\\\/e-pood\\\/bedding-sets\\\/mnb-34\\\/#primaryimage\"},\"thumbnailUrl\":\"https:\\\/\\\/minubaltic.ee\\\/wp-content\\\/uploads\\\/2024\\\/01\\\/stv-8.png\",\"datePublished\":\"2024-01-16T11:17:51+00:00\",\"dateModified\":\"2024-03-20T12:37:27+00:00\",\"description\":\"Satin bedding, Cotton bedding, 4-piece bedding set, Discount bedding sets, Cheap bedding, 200x220 bedding\",\"breadcrumb\":{\"@id\":\"https:\\\/\\\/minubaltic.ee\\\/en\\\/e-pood\\\/bedding-sets\\\/mnb-34\\\/#breadcrumb\"},\"inLanguage\":\"en-US\",\"potentialAction\":[{\"@type\":\"ReadAction\",\"target\":[\"https:\\\/\\\/minubaltic.ee\\\/en\\\/e-pood\\\/bedding-sets\\\/mnb-34\\\/\"]}]},{\"@type\":\"ImageObject\",\"inLanguage\":\"en-US\",\"@id\":\"https:\\\/\\\/minubaltic.ee\\\/en\\\/e-pood\\\/bedding-sets\\\/mnb-34\\\/#primaryimage\",\"url\":\"https:\\\/\\\/minubaltic.ee\\\/wp-content\\\/uploads\\\/2024\\\/01\\\/stv-8.png\",\"contentUrl\":\"https:\\\/\\\/minubaltic.ee\\\/wp-content\\\/uploads\\\/2024\\\/01\\\/stv-8.png\",\"width\":540,\"height\":540},{\"@type\":\"BreadcrumbList\",\"@id\":\"https:\\\/\\\/minubaltic.ee\\\/en\\\/e-pood\\\/bedding-sets\\\/mnb-34\\\/#breadcrumb\",\"itemListElement\":[{\"@type\":\"ListItem\",\"position\":1,\"name\":\"Home\",\"item\":\"https:\\\/\\\/minubaltic.ee\\\/en\\\/\"},{\"@type\":\"ListItem\",\"position\":2,\"name\":\"Shop\",\"item\":\"https:\\\/\\\/minubaltic.ee\\\/en\\\/shop\\\/\"},{\"@type\":\"ListItem\",\"position\":3,\"name\":\"Bedding set satin cotton 200\u00d7220\"}]},{\"@type\":\"WebSite\",\"@id\":\"https:\\\/\\\/minubaltic.ee\\\/en\\\/#website\",\"url\":\"https:\\\/\\\/minubaltic.ee\\\/en\\\/\",\"name\":\"minubaltic.ee\",\"description\":\"\",\"publisher\":{\"@id\":\"https:\\\/\\\/minubaltic.ee\\\/en\\\/#organization\"},\"potentialAction\":[{\"@type\":\"SearchAction\",\"target\":{\"@type\":\"EntryPoint\",\"urlTemplate\":\"https:\\\/\\\/minubaltic.ee\\\/en\\\/?s={search_term_string}\"},\"query-input\":{\"@type\":\"PropertyValueSpecification\",\"valueRequired\":true,\"valueName\":\"search_term_string\"}}],\"inLanguage\":\"en-US\"},{\"@type\":\"Organization\",\"@id\":\"https:\\\/\\\/minubaltic.ee\\\/en\\\/#organization\",\"name\":\"Minu Baltic O\u00dc\",\"url\":\"https:\\\/\\\/minubaltic.ee\\\/en\\\/\",\"logo\":{\"@type\":\"ImageObject\",\"inLanguage\":\"en-US\",\"@id\":\"https:\\\/\\\/minubaltic.ee\\\/en\\\/#\\\/schema\\\/logo\\\/image\\\/\",\"url\":\"https:\\\/\\\/minubaltic.ee\\\/wp-content\\\/uploads\\\/2023\\\/10\\\/cropped-cropped-cropped-logo.png\",\"contentUrl\":\"https:\\\/\\\/minubaltic.ee\\\/wp-content\\\/uploads\\\/2023\\\/10\\\/cropped-cropped-cropped-logo.png\",\"width\":500,\"height\":237,\"caption\":\"Minu Baltic O\u00dc\"},\"image\":{\"@id\":\"https:\\\/\\\/minubaltic.ee\\\/en\\\/#\\\/schema\\\/logo\\\/image\\\/\"},\"sameAs\":[\"https:\\\/\\\/www.facebook.com\\\/minubaltic\"]}]}<\/script>\n<!-- \/ Yoast SEO plugin. -->","yoast_head_json":{"title":"Bedding set satin cotton 200\u00d7220 - 13,99 \u20ac","description":"Satin bedding, Cotton bedding, 4-piece bedding set, Discount bedding sets, Cheap bedding, 200x220 bedding","robots":{"index":"index","follow":"follow","max-snippet":"max-snippet:-1","max-image-preview":"max-image-preview:large","max-video-preview":"max-video-preview:-1"},"canonical":"https:\/\/minubaltic.ee\/en\/e-pood\/bedding-sets\/mnb-34\/","og_locale":"en_US","og_type":"article","og_title":"Bedding set satin cotton 200\u00d7220 - 13,99 \u20ac","og_description":"Satin bedding, Cotton bedding, 4-piece bedding set, Discount bedding sets, Cheap bedding, 200x220 bedding","og_url":"https:\/\/minubaltic.ee\/en\/e-pood\/bedding-sets\/mnb-34\/","article_publisher":"https:\/\/www.facebook.com\/minubaltic","article_modified_time":"2024-03-20T12:37:27+00:00","og_image":[{"width":540,"height":540,"url":"https:\/\/minubaltic.ee\/wp-content\/uploads\/2024\/01\/stv-8.png","type":"image\/png"}],"twitter_card":"summary_large_image","twitter_misc":{"Est. reading time":"1 minute"},"schema":{"@context":"https:\/\/schema.org","@graph":[{"@type":"WebPage","@id":"https:\/\/minubaltic.ee\/en\/e-pood\/bedding-sets\/mnb-34\/","url":"https:\/\/minubaltic.ee\/en\/e-pood\/bedding-sets\/mnb-34\/","name":"Bedding set satin cotton 200\u00d7220 - 13,99 \u20ac","isPartOf":{"@id":"https:\/\/minubaltic.ee\/en\/#website"},"primaryImageOfPage":{"@id":"https:\/\/minubaltic.ee\/en\/e-pood\/bedding-sets\/mnb-34\/#primaryimage"},"image":{"@id":"https:\/\/minubaltic.ee\/en\/e-pood\/bedding-sets\/mnb-34\/#primaryimage"},"thumbnailUrl":"https:\/\/minubaltic.ee\/wp-content\/uploads\/2024\/01\/stv-8.png","datePublished":"2024-01-16T11:17:51+00:00","dateModified":"2024-03-20T12:37:27+00:00","description":"Satin bedding, Cotton bedding, 4-piece bedding set, Discount bedding sets, Cheap bedding, 200x220 bedding","breadcrumb":{"@id":"https:\/\/minubaltic.ee\/en\/e-pood\/bedding-sets\/mnb-34\/#breadcrumb"},"inLanguage":"en-US","potentialAction":[{"@type":"ReadAction","target":["https:\/\/minubaltic.ee\/en\/e-pood\/bedding-sets\/mnb-34\/"]}]},{"@type":"ImageObject","inLanguage":"en-US","@id":"https:\/\/minubaltic.ee\/en\/e-pood\/bedding-sets\/mnb-34\/#primaryimage","url":"https:\/\/minubaltic.ee\/wp-content\/uploads\/2024\/01\/stv-8.png","contentUrl":"https:\/\/minubaltic.ee\/wp-content\/uploads\/2024\/01\/stv-8.png","width":540,"height":540},{"@type":"BreadcrumbList","@id":"https:\/\/minubaltic.ee\/en\/e-pood\/bedding-sets\/mnb-34\/#breadcrumb","itemListElement":[{"@type":"ListItem","position":1,"name":"Home","item":"https:\/\/minubaltic.ee\/en\/"},{"@type":"ListItem","position":2,"name":"Shop","item":"https:\/\/minubaltic.ee\/en\/shop\/"},{"@type":"ListItem","position":3,"name":"Bedding set satin cotton 200\u00d7220"}]},{"@type":"WebSite","@id":"https:\/\/minubaltic.ee\/en\/#website","url":"https:\/\/minubaltic.ee\/en\/","name":"minubaltic.ee","description":"","publisher":{"@id":"https:\/\/minubaltic.ee\/en\/#organization"},"potentialAction":[{"@type":"SearchAction","target":{"@type":"EntryPoint","urlTemplate":"https:\/\/minubaltic.ee\/en\/?s={search_term_string}"},"query-input":{"@type":"PropertyValueSpecification","valueRequired":true,"valueName":"search_term_string"}}],"inLanguage":"en-US"},{"@type":"Organization","@id":"https:\/\/minubaltic.ee\/en\/#organization","name":"Minu Baltic O\u00dc","url":"https:\/\/minubaltic.ee\/en\/","logo":{"@type":"ImageObject","inLanguage":"en-US","@id":"https:\/\/minubaltic.ee\/en\/#\/schema\/logo\/image\/","url":"https:\/\/minubaltic.ee\/wp-content\/uploads\/2023\/10\/cropped-cropped-cropped-logo.png","contentUrl":"https:\/\/minubaltic.ee\/wp-content\/uploads\/2023\/10\/cropped-cropped-cropped-logo.png","width":500,"height":237,"caption":"Minu Baltic O\u00dc"},"image":{"@id":"https:\/\/minubaltic.ee\/en\/#\/schema\/logo\/image\/"},"sameAs":["https:\/\/www.facebook.com\/minubaltic"]}]}},"_links":{"self":[{"href":"https:\/\/minubaltic.ee\/en\/wp-json\/wp\/v2\/product\/20358","targetHints":{"allow":["GET"]}}],"collection":[{"href":"https:\/\/minubaltic.ee\/en\/wp-json\/wp\/v2\/product"}],"about":[{"href":"https:\/\/minubaltic.ee\/en\/wp-json\/wp\/v2\/types\/product"}],"replies":[{"embeddable":true,"href":"https:\/\/minubaltic.ee\/en\/wp-json\/wp\/v2\/comments?post=20358"}],"version-history":[{"count":0,"href":"https:\/\/minubaltic.ee\/en\/wp-json\/wp\/v2\/product\/20358\/revisions"}],"wp:featuredmedia":[{"embeddable":true,"href":"https:\/\/minubaltic.ee\/en\/wp-json\/wp\/v2\/media\/18631"}],"wp:attachment":[{"href":"https:\/\/minubaltic.ee\/en\/wp-json\/wp\/v2\/media?parent=20358"}],"wp:term":[{"taxonomy":"product_brand","embeddable":true,"href":"https:\/\/minubaltic.ee\/en\/wp-json\/wp\/v2\/product_brand?post=20358"},{"taxonomy":"product_cat","embeddable":true,"href":"https:\/\/minubaltic.ee\/en\/wp-json\/wp\/v2\/product_cat?post=20358"},{"taxonomy":"product_tag","embeddable":true,"href":"https:\/\/minubaltic.ee\/en\/wp-json\/wp\/v2\/product_tag?post=20358"}],"curies":[{"name":"wp","href":"https:\/\/api.w.org\/{rel}","templated":true}]}}