{"id":17272,"date":"2024-02-03T01:27:12","date_gmt":"2024-02-02T22:27:12","guid":{"rendered":"https:\/\/minubaltic.ee\/?post_type=product&#038;p=17272"},"modified":"2025-03-04T23:44:06","modified_gmt":"2025-03-04T20:44:06","slug":"ratik-50-90-roosa","status":"publish","type":"product","link":"https:\/\/minubaltic.ee\/en\/e-pood\/towels\/ratik-50-90-roosa\/","title":{"rendered":"R\u00e4tik 50&#215;90 (roosa)"},"content":{"rendered":"<p>\ud83c\udf3f Looduse puudutusega elegants: T\u00fcrgi puuvillased r\u00e4tikud<\/p>\n<p>T\u00fcrgi puuvillased r\u00e4tikud \u00fchendavad endas kvaliteeti ja luksust. R\u00e4tikute ideaalsed m\u00f5\u00f5tmed 50&#215;90, pehme puudutus ja imavad omadused teevad vannielamuse t\u00e4iuslikuks.<\/p>\n<p>\ud83c\udf31Keskkonnas\u00f5bralik ja tervisele ohutu:<br \/>\nMeie toode paistab silma nii keskkonnas\u00f5braliku toodangu kui ka pehmusega. T\u00fcrgi puuvill tagab maksimaalse imavuse ja on nahale ohutu.<\/p>\n<p>\ud83c\udf0a Maksimaalne imamisv\u00f5ime ja kiire kuivamine:<br \/>\nMeie r\u00e4tikud on spetsiaalselt kootud, imavad h\u00e4sti vett ja kuivavad koheselt. See tagab selle, et r\u00e4tikud j\u00e4\u00e4vad puhtaks ja v\u00e4rskeks ning aitab ka energiat s\u00e4\u00e4sta.<\/p>\n<p>\ud83c\udf08Erinevad v\u00e4rvivalikud:<br \/>\nTooge oma vannitippa rikkalikke v\u00e4rve, mis sobivad teie isikliku stiiliga. Pehme tekstuuri ja stiilse disainiga r\u00e4tikud lisavad teie vannitoale stiili.<\/p>\n<p>\ud83c\udf81 Ideaalne kingivalik:<br \/>\nT\u00fcrgi puuvillased r\u00e4tikud sobivad suurep\u00e4raseks kingituseks teie l\u00e4hedastele kvaliteedi ja stiili poolest.<\/p>\n","protected":false},"excerpt":{"rendered":"<div class=\"woocommerce-product-details__short-description\">\n<ul>\n<li><span class=\"product-attribute__label\">Kanga koostis:\u00a0<\/span><span class=\"product-attribute__value\" data-attribute-code=\"fabric_composition\">100% puuvill<\/span><\/li>\n<li>Tootjamaa: T\u00fcrgi <img loading=\"lazy\" decoding=\"async\" class=\" wd-lazy-fade wp-image-17267 alignnone\" src=\"https:\/\/minubaltic.ee\/wp-content\/themes\/woodmart\/images\/lazy.svg\" data-src=\"https:\/\/minubaltic.ee\/wp-content\/uploads\/2024\/02\/trbrq.jpg\" alt=\"\" width=\"18\" height=\"12\" \/><\/li>\n<li>Komplektis: 1 tk<\/li>\n<li>M\u00f5\u00f5dud: 50\u00d790 cm<\/li>\n<li>V\u00e4rv: M\u00fcnt<\/li>\n<li>Kaal: 400g\/m2<\/li>\n<li>Spetsifikatsioon: <b>\u00b1<\/b>2-6<\/li>\n<li>Toodete pildid on illustratiivsed<\/li>\n<\/ul>\n<\/div>\n","protected":false},"featured_media":17273,"comment_status":"open","ping_status":"closed","template":"","meta":[],"product_brand":[],"product_cat":[44,24,238],"product_tag":[156,158,162,170,160],"class_list":{"0":"post-17272","1":"product","2":"type-product","3":"status-publish","4":"has-post-thumbnail","6":"product_cat-kateratikud","7":"product_cat-ratikud","8":"product_cat-ratikud-50-90","9":"product_tag-e-kaubandus","10":"product_tag-e-pood","11":"product_tag-kodutekstiilid","12":"product_tag-ratikud","13":"product_tag-e-tekstiil","15":"first","16":"outofstock","17":"sale","18":"shipping-taxable","19":"purchasable","20":"product-type-simple"},"yoast_head":"<!-- This site is optimized with the Yoast SEO plugin v27.4 - https:\/\/yoast.com\/product\/yoast-seo-wordpress\/ -->\n<title>R\u00e4tik 50x90 (roosa) - T\u00fcrgi puuvillased r\u00e4tikud I kuni 50% alla<\/title>\n<meta name=\"description\" content=\"T\u00fcrgi puuvillased r\u00e4tikud m\u00f5\u00f5tudega 50x90 cm on valmistatud kvaliteetsest T\u00fcrgi puuvillast, mis on tuntud oma pehmuse ja imavuse poolest.\" \/>\n<meta name=\"robots\" content=\"index, follow, max-snippet:-1, max-image-preview:large, max-video-preview:-1\" \/>\n<link rel=\"canonical\" href=\"https:\/\/minubaltic.ee\/en\/e-pood\/towels\/ratik-50-90-roosa\/\" \/>\n<meta property=\"og:locale\" content=\"en_US\" \/>\n<meta property=\"og:type\" content=\"article\" \/>\n<meta property=\"og:title\" content=\"R\u00e4tik 50x90 (roosa) - T\u00fcrgi puuvillased r\u00e4tikud I kuni 50% alla\" \/>\n<meta property=\"og:description\" content=\"T\u00fcrgi puuvillased r\u00e4tikud m\u00f5\u00f5tudega 50x90 cm on valmistatud kvaliteetsest T\u00fcrgi puuvillast, mis on tuntud oma pehmuse ja imavuse poolest.\" \/>\n<meta property=\"og:url\" content=\"https:\/\/minubaltic.ee\/en\/e-pood\/towels\/ratik-50-90-roosa\/\" \/>\n<meta property=\"article:publisher\" content=\"https:\/\/www.facebook.com\/minubaltic\" \/>\n<meta property=\"article:modified_time\" content=\"2025-03-04T20:44:06+00:00\" \/>\n<meta property=\"og:image\" content=\"https:\/\/minubaltic.ee\/wp-content\/uploads\/2024\/02\/rt5090-3.jpg\" \/>\n\t<meta property=\"og:image:width\" content=\"601\" \/>\n\t<meta property=\"og:image:height\" content=\"601\" \/>\n\t<meta property=\"og:image:type\" content=\"image\/jpeg\" \/>\n<meta name=\"twitter:card\" content=\"summary_large_image\" \/>\n<meta name=\"twitter:label1\" content=\"Est. reading time\" \/>\n\t<meta name=\"twitter:data1\" content=\"1 minute\" \/>\n<script type=\"application\/ld+json\" class=\"yoast-schema-graph\">{\"@context\":\"https:\\\/\\\/schema.org\",\"@graph\":[{\"@type\":\"WebPage\",\"@id\":\"https:\\\/\\\/minubaltic.ee\\\/en\\\/e-pood\\\/towels\\\/ratik-50-90-roosa\\\/\",\"url\":\"https:\\\/\\\/minubaltic.ee\\\/en\\\/e-pood\\\/towels\\\/ratik-50-90-roosa\\\/\",\"name\":\"R\u00e4tik 50x90 (roosa) - T\u00fcrgi puuvillased r\u00e4tikud I kuni 50% alla\",\"isPartOf\":{\"@id\":\"https:\\\/\\\/minubaltic.ee\\\/en\\\/#website\"},\"primaryImageOfPage\":{\"@id\":\"https:\\\/\\\/minubaltic.ee\\\/en\\\/e-pood\\\/towels\\\/ratik-50-90-roosa\\\/#primaryimage\"},\"image\":{\"@id\":\"https:\\\/\\\/minubaltic.ee\\\/en\\\/e-pood\\\/towels\\\/ratik-50-90-roosa\\\/#primaryimage\"},\"thumbnailUrl\":\"https:\\\/\\\/minubaltic.ee\\\/wp-content\\\/uploads\\\/2024\\\/02\\\/rt5090-3.jpg\",\"datePublished\":\"2024-02-02T22:27:12+00:00\",\"dateModified\":\"2025-03-04T20:44:06+00:00\",\"description\":\"T\u00fcrgi puuvillased r\u00e4tikud m\u00f5\u00f5tudega 50x90 cm on valmistatud kvaliteetsest T\u00fcrgi puuvillast, mis on tuntud oma pehmuse ja imavuse poolest.\",\"breadcrumb\":{\"@id\":\"https:\\\/\\\/minubaltic.ee\\\/en\\\/e-pood\\\/towels\\\/ratik-50-90-roosa\\\/#breadcrumb\"},\"inLanguage\":\"en-US\",\"potentialAction\":[{\"@type\":\"ReadAction\",\"target\":[\"https:\\\/\\\/minubaltic.ee\\\/en\\\/e-pood\\\/towels\\\/ratik-50-90-roosa\\\/\"]}]},{\"@type\":\"ImageObject\",\"inLanguage\":\"en-US\",\"@id\":\"https:\\\/\\\/minubaltic.ee\\\/en\\\/e-pood\\\/towels\\\/ratik-50-90-roosa\\\/#primaryimage\",\"url\":\"https:\\\/\\\/minubaltic.ee\\\/wp-content\\\/uploads\\\/2024\\\/02\\\/rt5090-3.jpg\",\"contentUrl\":\"https:\\\/\\\/minubaltic.ee\\\/wp-content\\\/uploads\\\/2024\\\/02\\\/rt5090-3.jpg\",\"width\":601,\"height\":601},{\"@type\":\"BreadcrumbList\",\"@id\":\"https:\\\/\\\/minubaltic.ee\\\/en\\\/e-pood\\\/towels\\\/ratik-50-90-roosa\\\/#breadcrumb\",\"itemListElement\":[{\"@type\":\"ListItem\",\"position\":1,\"name\":\"Home\",\"item\":\"https:\\\/\\\/minubaltic.ee\\\/en\\\/\"},{\"@type\":\"ListItem\",\"position\":2,\"name\":\"Shop\",\"item\":\"https:\\\/\\\/minubaltic.ee\\\/en\\\/shop\\\/\"},{\"@type\":\"ListItem\",\"position\":3,\"name\":\"R\u00e4tik 50&#215;90 (roosa)\"}]},{\"@type\":\"WebSite\",\"@id\":\"https:\\\/\\\/minubaltic.ee\\\/en\\\/#website\",\"url\":\"https:\\\/\\\/minubaltic.ee\\\/en\\\/\",\"name\":\"minubaltic.ee\",\"description\":\"\",\"publisher\":{\"@id\":\"https:\\\/\\\/minubaltic.ee\\\/en\\\/#organization\"},\"potentialAction\":[{\"@type\":\"SearchAction\",\"target\":{\"@type\":\"EntryPoint\",\"urlTemplate\":\"https:\\\/\\\/minubaltic.ee\\\/en\\\/?s={search_term_string}\"},\"query-input\":{\"@type\":\"PropertyValueSpecification\",\"valueRequired\":true,\"valueName\":\"search_term_string\"}}],\"inLanguage\":\"en-US\"},{\"@type\":\"Organization\",\"@id\":\"https:\\\/\\\/minubaltic.ee\\\/en\\\/#organization\",\"name\":\"Minu Baltic O\u00dc\",\"url\":\"https:\\\/\\\/minubaltic.ee\\\/en\\\/\",\"logo\":{\"@type\":\"ImageObject\",\"inLanguage\":\"en-US\",\"@id\":\"https:\\\/\\\/minubaltic.ee\\\/en\\\/#\\\/schema\\\/logo\\\/image\\\/\",\"url\":\"https:\\\/\\\/minubaltic.ee\\\/wp-content\\\/uploads\\\/2023\\\/10\\\/cropped-cropped-cropped-logo.png\",\"contentUrl\":\"https:\\\/\\\/minubaltic.ee\\\/wp-content\\\/uploads\\\/2023\\\/10\\\/cropped-cropped-cropped-logo.png\",\"width\":500,\"height\":237,\"caption\":\"Minu Baltic O\u00dc\"},\"image\":{\"@id\":\"https:\\\/\\\/minubaltic.ee\\\/en\\\/#\\\/schema\\\/logo\\\/image\\\/\"},\"sameAs\":[\"https:\\\/\\\/www.facebook.com\\\/minubaltic\"]}]}<\/script>\n<!-- \/ Yoast SEO plugin. -->","yoast_head_json":{"title":"R\u00e4tik 50x90 (roosa) - T\u00fcrgi puuvillased r\u00e4tikud I kuni 50% alla","description":"T\u00fcrgi puuvillased r\u00e4tikud m\u00f5\u00f5tudega 50x90 cm on valmistatud kvaliteetsest T\u00fcrgi puuvillast, mis on tuntud oma pehmuse ja imavuse poolest.","robots":{"index":"index","follow":"follow","max-snippet":"max-snippet:-1","max-image-preview":"max-image-preview:large","max-video-preview":"max-video-preview:-1"},"canonical":"https:\/\/minubaltic.ee\/en\/e-pood\/towels\/ratik-50-90-roosa\/","og_locale":"en_US","og_type":"article","og_title":"R\u00e4tik 50x90 (roosa) - T\u00fcrgi puuvillased r\u00e4tikud I kuni 50% alla","og_description":"T\u00fcrgi puuvillased r\u00e4tikud m\u00f5\u00f5tudega 50x90 cm on valmistatud kvaliteetsest T\u00fcrgi puuvillast, mis on tuntud oma pehmuse ja imavuse poolest.","og_url":"https:\/\/minubaltic.ee\/en\/e-pood\/towels\/ratik-50-90-roosa\/","article_publisher":"https:\/\/www.facebook.com\/minubaltic","article_modified_time":"2025-03-04T20:44:06+00:00","og_image":[{"width":601,"height":601,"url":"https:\/\/minubaltic.ee\/wp-content\/uploads\/2024\/02\/rt5090-3.jpg","type":"image\/jpeg"}],"twitter_card":"summary_large_image","twitter_misc":{"Est. reading time":"1 minute"},"schema":{"@context":"https:\/\/schema.org","@graph":[{"@type":"WebPage","@id":"https:\/\/minubaltic.ee\/en\/e-pood\/towels\/ratik-50-90-roosa\/","url":"https:\/\/minubaltic.ee\/en\/e-pood\/towels\/ratik-50-90-roosa\/","name":"R\u00e4tik 50x90 (roosa) - T\u00fcrgi puuvillased r\u00e4tikud I kuni 50% alla","isPartOf":{"@id":"https:\/\/minubaltic.ee\/en\/#website"},"primaryImageOfPage":{"@id":"https:\/\/minubaltic.ee\/en\/e-pood\/towels\/ratik-50-90-roosa\/#primaryimage"},"image":{"@id":"https:\/\/minubaltic.ee\/en\/e-pood\/towels\/ratik-50-90-roosa\/#primaryimage"},"thumbnailUrl":"https:\/\/minubaltic.ee\/wp-content\/uploads\/2024\/02\/rt5090-3.jpg","datePublished":"2024-02-02T22:27:12+00:00","dateModified":"2025-03-04T20:44:06+00:00","description":"T\u00fcrgi puuvillased r\u00e4tikud m\u00f5\u00f5tudega 50x90 cm on valmistatud kvaliteetsest T\u00fcrgi puuvillast, mis on tuntud oma pehmuse ja imavuse poolest.","breadcrumb":{"@id":"https:\/\/minubaltic.ee\/en\/e-pood\/towels\/ratik-50-90-roosa\/#breadcrumb"},"inLanguage":"en-US","potentialAction":[{"@type":"ReadAction","target":["https:\/\/minubaltic.ee\/en\/e-pood\/towels\/ratik-50-90-roosa\/"]}]},{"@type":"ImageObject","inLanguage":"en-US","@id":"https:\/\/minubaltic.ee\/en\/e-pood\/towels\/ratik-50-90-roosa\/#primaryimage","url":"https:\/\/minubaltic.ee\/wp-content\/uploads\/2024\/02\/rt5090-3.jpg","contentUrl":"https:\/\/minubaltic.ee\/wp-content\/uploads\/2024\/02\/rt5090-3.jpg","width":601,"height":601},{"@type":"BreadcrumbList","@id":"https:\/\/minubaltic.ee\/en\/e-pood\/towels\/ratik-50-90-roosa\/#breadcrumb","itemListElement":[{"@type":"ListItem","position":1,"name":"Home","item":"https:\/\/minubaltic.ee\/en\/"},{"@type":"ListItem","position":2,"name":"Shop","item":"https:\/\/minubaltic.ee\/en\/shop\/"},{"@type":"ListItem","position":3,"name":"R\u00e4tik 50&#215;90 (roosa)"}]},{"@type":"WebSite","@id":"https:\/\/minubaltic.ee\/en\/#website","url":"https:\/\/minubaltic.ee\/en\/","name":"minubaltic.ee","description":"","publisher":{"@id":"https:\/\/minubaltic.ee\/en\/#organization"},"potentialAction":[{"@type":"SearchAction","target":{"@type":"EntryPoint","urlTemplate":"https:\/\/minubaltic.ee\/en\/?s={search_term_string}"},"query-input":{"@type":"PropertyValueSpecification","valueRequired":true,"valueName":"search_term_string"}}],"inLanguage":"en-US"},{"@type":"Organization","@id":"https:\/\/minubaltic.ee\/en\/#organization","name":"Minu Baltic O\u00dc","url":"https:\/\/minubaltic.ee\/en\/","logo":{"@type":"ImageObject","inLanguage":"en-US","@id":"https:\/\/minubaltic.ee\/en\/#\/schema\/logo\/image\/","url":"https:\/\/minubaltic.ee\/wp-content\/uploads\/2023\/10\/cropped-cropped-cropped-logo.png","contentUrl":"https:\/\/minubaltic.ee\/wp-content\/uploads\/2023\/10\/cropped-cropped-cropped-logo.png","width":500,"height":237,"caption":"Minu Baltic O\u00dc"},"image":{"@id":"https:\/\/minubaltic.ee\/en\/#\/schema\/logo\/image\/"},"sameAs":["https:\/\/www.facebook.com\/minubaltic"]}]}},"_links":{"self":[{"href":"https:\/\/minubaltic.ee\/en\/wp-json\/wp\/v2\/product\/17272","targetHints":{"allow":["GET"]}}],"collection":[{"href":"https:\/\/minubaltic.ee\/en\/wp-json\/wp\/v2\/product"}],"about":[{"href":"https:\/\/minubaltic.ee\/en\/wp-json\/wp\/v2\/types\/product"}],"replies":[{"embeddable":true,"href":"https:\/\/minubaltic.ee\/en\/wp-json\/wp\/v2\/comments?post=17272"}],"version-history":[{"count":1,"href":"https:\/\/minubaltic.ee\/en\/wp-json\/wp\/v2\/product\/17272\/revisions"}],"predecessor-version":[{"id":43589,"href":"https:\/\/minubaltic.ee\/en\/wp-json\/wp\/v2\/product\/17272\/revisions\/43589"}],"wp:featuredmedia":[{"embeddable":true,"href":"https:\/\/minubaltic.ee\/en\/wp-json\/wp\/v2\/media\/17273"}],"wp:attachment":[{"href":"https:\/\/minubaltic.ee\/en\/wp-json\/wp\/v2\/media?parent=17272"}],"wp:term":[{"taxonomy":"product_brand","embeddable":true,"href":"https:\/\/minubaltic.ee\/en\/wp-json\/wp\/v2\/product_brand?post=17272"},{"taxonomy":"product_cat","embeddable":true,"href":"https:\/\/minubaltic.ee\/en\/wp-json\/wp\/v2\/product_cat?post=17272"},{"taxonomy":"product_tag","embeddable":true,"href":"https:\/\/minubaltic.ee\/en\/wp-json\/wp\/v2\/product_tag?post=17272"}],"curies":[{"name":"wp","href":"https:\/\/api.w.org\/{rel}","templated":true}]}}