{"id":17145,"date":"2024-01-26T22:21:48","date_gmt":"2024-01-26T19:21:48","guid":{"rendered":"https:\/\/minubaltic.ee\/?post_type=product&#038;p=17145"},"modified":"2025-03-04T23:45:00","modified_gmt":"2025-03-04T20:45:00","slug":"parliga-kaelakee","status":"publish","type":"product","link":"https:\/\/minubaltic.ee\/en\/e-pood\/accessories\/parliga-kaelakee\/","title":{"rendered":"P\u00e4rliga kaelakee"},"content":{"rendered":"<p>\ud83c\udf81 Omadused:<\/p>\n<p>Elegantne disain: oma minimalistliku disainiga \u00fchendab see kaelakee elegantsi ja tagasihoidlikkust. Sobib igap\u00e4evaseks kasutamiseks, aga on ka erilistel puhkudel pilkup\u00fc\u00fcdev lisand.<\/p>\n<p>Kvaliteetne materjal: kaelakee on valmistatud kvaliteetsetest materjalidest pikaajaliseks kasutamiseks. L\u00e4ikiv ja vastupidav kett on kauakestev kingitus.<\/p>\n<p>N\u00e4idake oma v\u00e4\u00e4rtust: see elegantne kaelakee on parim viis panna oma l\u00e4hedasi eriliselt tundma. V\u00e4ljendage oma tundeid t\u00e4hendusrikka kingitusega.<\/p>\n<p>\ud83d\udc96 Muutke iga hetk eriliseks:<br \/>\nIdeaalne variant emadep\u00e4evaks, s\u00fcnnip\u00e4evaks, juubeliks v\u00f5i lihtsalt sisukaks \u017eestiks. Kaunis kaelakee meeldib igale vanusele ja stiilile.<\/p>\n<p>\ud83d\udce6 Kiire ja turvaline kohaletoimetamine:<br \/>\nEsitage oma tellimus ja kasutage kiiret kohaletoimetamist, et see suurep\u00e4rane kaelakee j\u00f5uaks kohe teie l\u00e4hedasteni!<\/p>\n<p>See soodne ja stiilne kaelakee sobib ideaalselt teie l\u00e4hedastele. Lisage see kohe ostukorvi ja muutke erilised hetked veelgi erilisemaks! \ud83d\udc8e<\/p>\n","protected":false},"excerpt":{"rendered":"<p>Lihtsaim viis oma l\u00e4hedastele erilistel puhkudel elegantsi lisada! Kaelakee t\u00f5mbab t\u00e4helepanu taskukohase hinna ja elegantse disainiga. See kaelakee paneb teie l\u00e4hedased tundma end v\u00e4\u00e4rtuslikuna ja muudab iga hetke erilisemaks.<\/p>\n","protected":false},"featured_media":17146,"comment_status":"open","ping_status":"closed","template":"","meta":[],"product_brand":[],"product_cat":[53],"product_tag":[156,158],"class_list":{"0":"post-17145","1":"product","2":"type-product","3":"status-publish","4":"has-post-thumbnail","6":"product_cat-aksessuaarid","7":"product_tag-e-kaubandus","8":"product_tag-e-pood","10":"first","11":"outofstock","12":"sale","13":"shipping-taxable","14":"purchasable","15":"product-type-simple"},"yoast_head":"<!-- This site is optimized with the Yoast SEO plugin v27.6 - https:\/\/yoast.com\/product\/yoast-seo-wordpress\/ -->\n<title>P\u00e4rliga kaelakee - Ehted on 50% soodsamad<\/title>\n<meta name=\"description\" content=\"Ideaalne variant emadep\u00e4evaks, s\u00fcnnip\u00e4evaks, juubeliks v\u00f5i lihtsalt sisukaks \u017eestiks. Kaunis kaelakee meeldib igale vanusele ja stiilile.\" \/>\n<meta name=\"robots\" content=\"index, follow, max-snippet:-1, max-image-preview:large, max-video-preview:-1\" \/>\n<link rel=\"canonical\" href=\"https:\/\/minubaltic.ee\/en\/e-pood\/accessories\/parliga-kaelakee\/\" \/>\n<meta property=\"og:locale\" content=\"en_US\" \/>\n<meta property=\"og:type\" content=\"article\" \/>\n<meta property=\"og:title\" content=\"P\u00e4rliga kaelakee - Ehted on 50% soodsamad\" \/>\n<meta property=\"og:description\" content=\"Ideaalne variant emadep\u00e4evaks, s\u00fcnnip\u00e4evaks, juubeliks v\u00f5i lihtsalt sisukaks \u017eestiks. Kaunis kaelakee meeldib igale vanusele ja stiilile.\" \/>\n<meta property=\"og:url\" content=\"https:\/\/minubaltic.ee\/en\/e-pood\/accessories\/parliga-kaelakee\/\" \/>\n<meta property=\"article:publisher\" content=\"https:\/\/www.facebook.com\/minubaltic\" \/>\n<meta property=\"article:modified_time\" content=\"2025-03-04T20:45:00+00:00\" \/>\n<meta property=\"og:image\" content=\"https:\/\/minubaltic.ee\/wp-content\/uploads\/2024\/01\/aksesuar-4.jpg\" \/>\n\t<meta property=\"og:image:width\" content=\"1340\" \/>\n\t<meta property=\"og:image:height\" content=\"1785\" \/>\n\t<meta property=\"og:image:type\" content=\"image\/jpeg\" \/>\n<meta name=\"twitter:card\" content=\"summary_large_image\" \/>\n<meta name=\"twitter:label1\" content=\"Est. reading time\" \/>\n\t<meta name=\"twitter:data1\" content=\"1 minute\" \/>\n<script type=\"application\/ld+json\" class=\"yoast-schema-graph\">{\"@context\":\"https:\\\/\\\/schema.org\",\"@graph\":[{\"@type\":\"WebPage\",\"@id\":\"https:\\\/\\\/minubaltic.ee\\\/en\\\/e-pood\\\/accessories\\\/parliga-kaelakee\\\/\",\"url\":\"https:\\\/\\\/minubaltic.ee\\\/en\\\/e-pood\\\/accessories\\\/parliga-kaelakee\\\/\",\"name\":\"P\u00e4rliga kaelakee - Ehted on 50% soodsamad\",\"isPartOf\":{\"@id\":\"https:\\\/\\\/minubaltic.ee\\\/en\\\/#website\"},\"primaryImageOfPage\":{\"@id\":\"https:\\\/\\\/minubaltic.ee\\\/en\\\/e-pood\\\/accessories\\\/parliga-kaelakee\\\/#primaryimage\"},\"image\":{\"@id\":\"https:\\\/\\\/minubaltic.ee\\\/en\\\/e-pood\\\/accessories\\\/parliga-kaelakee\\\/#primaryimage\"},\"thumbnailUrl\":\"https:\\\/\\\/minubaltic.ee\\\/wp-content\\\/uploads\\\/2024\\\/01\\\/aksesuar-4.jpg\",\"datePublished\":\"2024-01-26T19:21:48+00:00\",\"dateModified\":\"2025-03-04T20:45:00+00:00\",\"description\":\"Ideaalne variant emadep\u00e4evaks, s\u00fcnnip\u00e4evaks, juubeliks v\u00f5i lihtsalt sisukaks \u017eestiks. Kaunis kaelakee meeldib igale vanusele ja stiilile.\",\"breadcrumb\":{\"@id\":\"https:\\\/\\\/minubaltic.ee\\\/en\\\/e-pood\\\/accessories\\\/parliga-kaelakee\\\/#breadcrumb\"},\"inLanguage\":\"en-US\",\"potentialAction\":[{\"@type\":\"ReadAction\",\"target\":[\"https:\\\/\\\/minubaltic.ee\\\/en\\\/e-pood\\\/accessories\\\/parliga-kaelakee\\\/\"]}]},{\"@type\":\"ImageObject\",\"inLanguage\":\"en-US\",\"@id\":\"https:\\\/\\\/minubaltic.ee\\\/en\\\/e-pood\\\/accessories\\\/parliga-kaelakee\\\/#primaryimage\",\"url\":\"https:\\\/\\\/minubaltic.ee\\\/wp-content\\\/uploads\\\/2024\\\/01\\\/aksesuar-4.jpg\",\"contentUrl\":\"https:\\\/\\\/minubaltic.ee\\\/wp-content\\\/uploads\\\/2024\\\/01\\\/aksesuar-4.jpg\",\"width\":1340,\"height\":1785},{\"@type\":\"BreadcrumbList\",\"@id\":\"https:\\\/\\\/minubaltic.ee\\\/en\\\/e-pood\\\/accessories\\\/parliga-kaelakee\\\/#breadcrumb\",\"itemListElement\":[{\"@type\":\"ListItem\",\"position\":1,\"name\":\"Home\",\"item\":\"https:\\\/\\\/minubaltic.ee\\\/en\\\/\"},{\"@type\":\"ListItem\",\"position\":2,\"name\":\"Shop\",\"item\":\"https:\\\/\\\/minubaltic.ee\\\/en\\\/shop\\\/\"},{\"@type\":\"ListItem\",\"position\":3,\"name\":\"P\u00e4rliga kaelakee\"}]},{\"@type\":\"WebSite\",\"@id\":\"https:\\\/\\\/minubaltic.ee\\\/en\\\/#website\",\"url\":\"https:\\\/\\\/minubaltic.ee\\\/en\\\/\",\"name\":\"minubaltic.ee\",\"description\":\"\",\"publisher\":{\"@id\":\"https:\\\/\\\/minubaltic.ee\\\/en\\\/#organization\"},\"potentialAction\":[{\"@type\":\"SearchAction\",\"target\":{\"@type\":\"EntryPoint\",\"urlTemplate\":\"https:\\\/\\\/minubaltic.ee\\\/en\\\/?s={search_term_string}\"},\"query-input\":{\"@type\":\"PropertyValueSpecification\",\"valueRequired\":true,\"valueName\":\"search_term_string\"}}],\"inLanguage\":\"en-US\"},{\"@type\":\"Organization\",\"@id\":\"https:\\\/\\\/minubaltic.ee\\\/en\\\/#organization\",\"name\":\"Minu Baltic O\u00dc\",\"url\":\"https:\\\/\\\/minubaltic.ee\\\/en\\\/\",\"logo\":{\"@type\":\"ImageObject\",\"inLanguage\":\"en-US\",\"@id\":\"https:\\\/\\\/minubaltic.ee\\\/en\\\/#\\\/schema\\\/logo\\\/image\\\/\",\"url\":\"https:\\\/\\\/minubaltic.ee\\\/wp-content\\\/uploads\\\/2023\\\/10\\\/cropped-cropped-cropped-logo.png\",\"contentUrl\":\"https:\\\/\\\/minubaltic.ee\\\/wp-content\\\/uploads\\\/2023\\\/10\\\/cropped-cropped-cropped-logo.png\",\"width\":500,\"height\":237,\"caption\":\"Minu Baltic O\u00dc\"},\"image\":{\"@id\":\"https:\\\/\\\/minubaltic.ee\\\/en\\\/#\\\/schema\\\/logo\\\/image\\\/\"},\"sameAs\":[\"https:\\\/\\\/www.facebook.com\\\/minubaltic\"]}]}<\/script>\n<!-- \/ Yoast SEO plugin. -->","yoast_head_json":{"title":"P\u00e4rliga kaelakee - Ehted on 50% soodsamad","description":"Ideaalne variant emadep\u00e4evaks, s\u00fcnnip\u00e4evaks, juubeliks v\u00f5i lihtsalt sisukaks \u017eestiks. Kaunis kaelakee meeldib igale vanusele ja stiilile.","robots":{"index":"index","follow":"follow","max-snippet":"max-snippet:-1","max-image-preview":"max-image-preview:large","max-video-preview":"max-video-preview:-1"},"canonical":"https:\/\/minubaltic.ee\/en\/e-pood\/accessories\/parliga-kaelakee\/","og_locale":"en_US","og_type":"article","og_title":"P\u00e4rliga kaelakee - Ehted on 50% soodsamad","og_description":"Ideaalne variant emadep\u00e4evaks, s\u00fcnnip\u00e4evaks, juubeliks v\u00f5i lihtsalt sisukaks \u017eestiks. Kaunis kaelakee meeldib igale vanusele ja stiilile.","og_url":"https:\/\/minubaltic.ee\/en\/e-pood\/accessories\/parliga-kaelakee\/","article_publisher":"https:\/\/www.facebook.com\/minubaltic","article_modified_time":"2025-03-04T20:45:00+00:00","og_image":[{"width":1340,"height":1785,"url":"https:\/\/minubaltic.ee\/wp-content\/uploads\/2024\/01\/aksesuar-4.jpg","type":"image\/jpeg"}],"twitter_card":"summary_large_image","twitter_misc":{"Est. reading time":"1 minute"},"schema":{"@context":"https:\/\/schema.org","@graph":[{"@type":"WebPage","@id":"https:\/\/minubaltic.ee\/en\/e-pood\/accessories\/parliga-kaelakee\/","url":"https:\/\/minubaltic.ee\/en\/e-pood\/accessories\/parliga-kaelakee\/","name":"P\u00e4rliga kaelakee - Ehted on 50% soodsamad","isPartOf":{"@id":"https:\/\/minubaltic.ee\/en\/#website"},"primaryImageOfPage":{"@id":"https:\/\/minubaltic.ee\/en\/e-pood\/accessories\/parliga-kaelakee\/#primaryimage"},"image":{"@id":"https:\/\/minubaltic.ee\/en\/e-pood\/accessories\/parliga-kaelakee\/#primaryimage"},"thumbnailUrl":"https:\/\/minubaltic.ee\/wp-content\/uploads\/2024\/01\/aksesuar-4.jpg","datePublished":"2024-01-26T19:21:48+00:00","dateModified":"2025-03-04T20:45:00+00:00","description":"Ideaalne variant emadep\u00e4evaks, s\u00fcnnip\u00e4evaks, juubeliks v\u00f5i lihtsalt sisukaks \u017eestiks. Kaunis kaelakee meeldib igale vanusele ja stiilile.","breadcrumb":{"@id":"https:\/\/minubaltic.ee\/en\/e-pood\/accessories\/parliga-kaelakee\/#breadcrumb"},"inLanguage":"en-US","potentialAction":[{"@type":"ReadAction","target":["https:\/\/minubaltic.ee\/en\/e-pood\/accessories\/parliga-kaelakee\/"]}]},{"@type":"ImageObject","inLanguage":"en-US","@id":"https:\/\/minubaltic.ee\/en\/e-pood\/accessories\/parliga-kaelakee\/#primaryimage","url":"https:\/\/minubaltic.ee\/wp-content\/uploads\/2024\/01\/aksesuar-4.jpg","contentUrl":"https:\/\/minubaltic.ee\/wp-content\/uploads\/2024\/01\/aksesuar-4.jpg","width":1340,"height":1785},{"@type":"BreadcrumbList","@id":"https:\/\/minubaltic.ee\/en\/e-pood\/accessories\/parliga-kaelakee\/#breadcrumb","itemListElement":[{"@type":"ListItem","position":1,"name":"Home","item":"https:\/\/minubaltic.ee\/en\/"},{"@type":"ListItem","position":2,"name":"Shop","item":"https:\/\/minubaltic.ee\/en\/shop\/"},{"@type":"ListItem","position":3,"name":"P\u00e4rliga kaelakee"}]},{"@type":"WebSite","@id":"https:\/\/minubaltic.ee\/en\/#website","url":"https:\/\/minubaltic.ee\/en\/","name":"minubaltic.ee","description":"","publisher":{"@id":"https:\/\/minubaltic.ee\/en\/#organization"},"potentialAction":[{"@type":"SearchAction","target":{"@type":"EntryPoint","urlTemplate":"https:\/\/minubaltic.ee\/en\/?s={search_term_string}"},"query-input":{"@type":"PropertyValueSpecification","valueRequired":true,"valueName":"search_term_string"}}],"inLanguage":"en-US"},{"@type":"Organization","@id":"https:\/\/minubaltic.ee\/en\/#organization","name":"Minu Baltic O\u00dc","url":"https:\/\/minubaltic.ee\/en\/","logo":{"@type":"ImageObject","inLanguage":"en-US","@id":"https:\/\/minubaltic.ee\/en\/#\/schema\/logo\/image\/","url":"https:\/\/minubaltic.ee\/wp-content\/uploads\/2023\/10\/cropped-cropped-cropped-logo.png","contentUrl":"https:\/\/minubaltic.ee\/wp-content\/uploads\/2023\/10\/cropped-cropped-cropped-logo.png","width":500,"height":237,"caption":"Minu Baltic O\u00dc"},"image":{"@id":"https:\/\/minubaltic.ee\/en\/#\/schema\/logo\/image\/"},"sameAs":["https:\/\/www.facebook.com\/minubaltic"]}]}},"_links":{"self":[{"href":"https:\/\/minubaltic.ee\/en\/wp-json\/wp\/v2\/product\/17145","targetHints":{"allow":["GET"]}}],"collection":[{"href":"https:\/\/minubaltic.ee\/en\/wp-json\/wp\/v2\/product"}],"about":[{"href":"https:\/\/minubaltic.ee\/en\/wp-json\/wp\/v2\/types\/product"}],"replies":[{"embeddable":true,"href":"https:\/\/minubaltic.ee\/en\/wp-json\/wp\/v2\/comments?post=17145"}],"version-history":[{"count":1,"href":"https:\/\/minubaltic.ee\/en\/wp-json\/wp\/v2\/product\/17145\/revisions"}],"predecessor-version":[{"id":43600,"href":"https:\/\/minubaltic.ee\/en\/wp-json\/wp\/v2\/product\/17145\/revisions\/43600"}],"wp:featuredmedia":[{"embeddable":true,"href":"https:\/\/minubaltic.ee\/en\/wp-json\/wp\/v2\/media\/17146"}],"wp:attachment":[{"href":"https:\/\/minubaltic.ee\/en\/wp-json\/wp\/v2\/media?parent=17145"}],"wp:term":[{"taxonomy":"product_brand","embeddable":true,"href":"https:\/\/minubaltic.ee\/en\/wp-json\/wp\/v2\/product_brand?post=17145"},{"taxonomy":"product_cat","embeddable":true,"href":"https:\/\/minubaltic.ee\/en\/wp-json\/wp\/v2\/product_cat?post=17145"},{"taxonomy":"product_tag","embeddable":true,"href":"https:\/\/minubaltic.ee\/en\/wp-json\/wp\/v2\/product_tag?post=17145"}],"curies":[{"name":"wp","href":"https:\/\/api.w.org\/{rel}","templated":true}]}}