{"id":20146,"date":"2023-09-30T13:49:48","date_gmt":"2023-09-30T10:49:48","guid":{"rendered":"https:\/\/minubaltic.ee\/terms-of-sale\/"},"modified":"2024-03-19T15:21:30","modified_gmt":"2024-03-19T12:21:30","slug":"terms-of-sale","status":"publish","type":"page","link":"https:\/\/minubaltic.ee\/en\/terms-of-sale\/","title":{"rendered":"Terms of sale"},"content":{"rendered":"\n<p>ONLINE STORE TERMS OF SALE<br>The owner of the online store<strong> Minu Baltic (hereinafter the Online Store) is Minu Baltic O\u00dc (registration code<br>16809904), located in Ida-Viru maakond, L\u00fcganuse vald, L\u00fcganuse alevik, Papli tn 4-6,<br>43301<\/strong><br>Validity of the sales contract, product and price information<br>The terms of sale apply to the purchase of goods from the Online Store.<br>The prices of the products sold in the online store are indicated next to the products. A fee is added to the price<br>for delivery of goods. All prices of goods sold in the online store are in euros.<br>The fee for delivering the goods depends on the location of the buyer and the method of delivery.<br>The delivery fee is displayed to the buyer when completing the order.<br>Information about the product is provided in the Webshop directly next to the product.<br>Forming the order<br>To order the goods, you must add the desired products to the shopping cart. Must be completed to complete the order<br>required data fields and choose a suitable product delivery method. Then appears<br>the amount of the fee, which can be paid securely through the following payment methods:<br>Estonian bank payments: Swedbank, SEB, Luminor, LHV, Coop Pank, Citadele<br>Visa\/Mastercard card payments<br>Finnish bank links: Aktia, \u00c5landsbanken, Danske, Handelsbanken, Nordea, Oma<br>S\u00e4\u00e4stopankki, Pohjola, POP Bank, S-Pankki, S\u00e4\u00e4stopankki<br>Latvian bank payments: Swedbank, SEB, Citadele, Citadele and Luminor<br>Lithuanian bank payments: Swedbank, SEB, Citadele, \u0160iauliu and Luminor<br>NB! When paying with a bank link, be sure to press the &#8220;Back to the merchant&#8221; button on the bank&#8217;s page.<br>Payments are mediated by <strong>Maksekeskus AS<\/strong>. Payment is made outside the Webshop in a secure place<br>in the environment &#8211; when paying with a bank link in the secure environment of the respective bank and with a credit card<br>upon payment in the secure environment of <strong>Maksekeskus AS<\/strong>. The seller does not have access to the customer&#8217;s bank and<br>to credit card information. The contract comes into force from the receipt of the amount to be paid<br>To the current account of the online store.<br>The owner of the online store is the responsible processor of personal data and forwards it for making payments<br>the necessary personal data to the authorized processor <strong>Maksekeskus AS<\/strong>.<br>If the ordered goods cannot be delivered due to the end of the goods or for some other reason,<br>the buyer will be informed of this as soon as possible and the money paid will be returned (incl<br>delivery costs) immediately, but no later than within <strong>14 days<\/strong> of sending the notice.<\/p>\n\n\n\n<p>Delivery<br>Goods are sent to the following countries: <strong>Estonia<\/strong><br>To receive the goods, the buyer has the following options:<strong> Itella SmartPost<\/strong> parcel machine, <strong>Omniva<\/strong><br>parcel machine, <strong>DPD<\/strong> parcel machine.<br>The shipping costs of the goods are borne by the buyer, and the corresponding price information is displayed next to the shipping method.<br>Shipments within Estonia generally arrive at the destination specified by the buyer within <strong>2-7 working days<\/strong><br>from the entry into force of the sales contract.<br>In exceptional cases, you have the right to deliver the goods within<strong> 45 calendar days<\/strong>.<br>Right of withdrawal<br>After receiving the order, the buyer has the right to withdraw from the contract concluded in the e-shop within 14 days<br>during.<br>The right of withdrawal does not apply if the buyer is a legal entity.<br>In order to use the <strong>14-day<\/strong> right of return, the ordered goods must not be used in any other way than they are<br>necessary to ascertain the nature, characteristics and performance of the goods as permitted<br>to test the goods in a physical store.<br>If the goods have been used for a purpose other than what is necessary in the nature, characteristics and<br>to make sure it works or shows signs of use or wear, the Webshop has the right<br>reduce the refundable fee according to the decrease in the value of the goods.<br>In order to return the goods, a statement of withdrawal from the purchase of the goods must be submitted, the form of which can be found<br>from here: withdrawal statement and send it to the e-mail address <strong>info@minubaltic.ee<\/strong><br>at the latest within 14 days of receiving the goods.<br>The cost of returning the goods is borne by the buyer, unless the reason for the return is<br>in the event that the product subject to return does not correspond to the one ordered (e.g. a wrong or defective product).<br>The buyer must return the goods within 14 days following the submission of the application or submit<br>proof that he has handed over the goods to the carrier of the goods during the aforementioned period.<br>The online store returns the returned goods to the buyer immediately upon receipt, but no later than<br>After 14 days from the receipt of the withdrawal statement, everything received from the buyer on the basis of the contract<br>fees.<br>The online store can refuse to issue refunds as long as the subject matter of the contract is in place<br>received back or until the buyer has provided evidence that he has returned the item, depending on<br>whichever occurs first.<br>If the buyer has explicitly chosen the cheapest regular item offered by the Webshop<br>a delivery method different from the delivery method, the Webshop does not have to return it to the consumer<br>a cost in excess of the cost associated with the normal method of delivery.<\/p>\n\n\n\n<p>If the Customer does not pick up the order at the post office\/parcel machine within the storage time,<br>the order is returned to <strong>Minu Baltic O\u00dc<\/strong>. The customer must pay to receive the order<br>The cost of returning and reissuing the package to <strong>Minu Baltic O\u00dc Omniva\/Itella Smartpost\/DPD<\/strong><br>according to the valid price list. The initial transport cost is not refundable under the mentioned point.<\/p>\n\n\n\n<p>The online store has the right to withdraw from the sales transaction and to demand the goods back from the buyer, if the price of the goods<br>in the online store, due to an error, the market price of the goods has been marked significantly lower.<br>The right to file a claim<br>The online store is responsible for non-compliance or lack of goods sold to the buyer<br>for, which already existed at the time of transfer of the matter and which appears within up to two years,<br>from the delivery of the goods to the buyer. Within 1 year from the handover of the item to the buyer<br>it is assumed that the defect was already present at the time of handover. Corresponding assumption<br>refutation is the responsibility of the Online Store.<br>The buyer has the right to contact the online store within two months at the latest if a defect appears,<br>by sending an e-mail to <strong>info@minubaltic.ee <\/strong>or by calling the phone: <strong>+3725161789<\/strong><br>The online store is not responsible for defects that have occurred after the goods have been handed over to the buyer.<br>If the goods purchased from the Online Store have defects for which the Online Store is responsible, repairs or<br>The Webshop will replace the defective item. If the goods cannot be repaired or replaced,<br>The Webshop will return all fees associated with the sales contract to the buyer.<br>The online store responds to the consumer&#8217;s complaint in writing or a written reproduction<br>in an enabling form within <strong>15 days<\/strong>.<br>Direct marketing and personal data processing<br>The online store uses the personal data entered by the buyer only to process the order and<br>to send the goods to the buyer. The online store transmits personal data to companies providing transport services<br>in order to deliver the goods.<br>The online store sends newsletters and offers to the buyer&#8217;s e-mail address only if<br>the buyer has expressed his wish to do so by entering his e-mail address on the website and has given his<br>to receive direct mail notifications.<br>The buyer can opt out of offers and newsletters sent to e-mail at any time<br>by notifying us by e-mail or by following the instructions in the e-mail containing the offers.<br>Solving arguments<br>If the buyer has complaints about the Online Store, they must be sent to the e-mail address<br><strong>info@minubaltic.ee<\/strong> or call: <strong>+3725161789<\/strong><br>If the buyer and the Online Store cannot resolve the dispute by agreement, the buyer can<br>contact the Consumer Disputes Commission. The competence of the Consumer Disputes Commission is<br>resolve disputes arising from the contract concluded between the buyer and the Online Store. Buyer complaint<br>review by the commission is free.<br>The buyer can turn to the platform for resolving consumer disputes of the European Union.<\/p>\n","protected":false},"excerpt":{"rendered":"<p>ONLINE STORE TERMS OF SALEThe owner of the online store Minu Baltic (hereinafter the Online Store) is Minu Baltic O\u00dc<\/p>\n","protected":false},"author":1,"featured_media":0,"parent":0,"menu_order":0,"comment_status":"closed","ping_status":"closed","template":"","meta":{"footnotes":""},"class_list":["post-20146","page","type-page","status-publish","hentry"],"yoast_head":"<!-- This site is optimized with the Yoast SEO plugin v27.3 - https:\/\/yoast.com\/product\/yoast-seo-wordpress\/ -->\n<title>Terms of sale - Minu Baltic<\/title>\n<meta name=\"description\" content=\"(hereinafter the Online Store) is Minu Baltic O\u00dc (registration code16809904), located in Ida-Viru maakond, L\u00fcganuse, Papli tn 4-6\" \/>\n<meta name=\"robots\" content=\"index, follow, max-snippet:-1, max-image-preview:large, max-video-preview:-1\" \/>\n<link rel=\"canonical\" href=\"https:\/\/minubaltic.ee\/en\/terms-of-sale\/\" \/>\n<meta property=\"og:locale\" content=\"en_US\" \/>\n<meta property=\"og:type\" content=\"article\" \/>\n<meta property=\"og:title\" content=\"Terms of sale - Minu Baltic\" \/>\n<meta property=\"og:description\" content=\"(hereinafter the Online Store) is Minu Baltic O\u00dc (registration code16809904), located in Ida-Viru maakond, L\u00fcganuse, Papli tn 4-6\" \/>\n<meta property=\"og:url\" content=\"https:\/\/minubaltic.ee\/en\/terms-of-sale\/\" \/>\n<meta property=\"article:publisher\" content=\"https:\/\/www.facebook.com\/minubaltic\" \/>\n<meta property=\"article:modified_time\" content=\"2024-03-19T12:21:30+00:00\" \/>\n<meta name=\"twitter:card\" content=\"summary_large_image\" \/>\n<meta name=\"twitter:label1\" content=\"Est. reading time\" \/>\n\t<meta name=\"twitter:data1\" content=\"8 minutes\" \/>\n<script type=\"application\/ld+json\" class=\"yoast-schema-graph\">{\"@context\":\"https:\\\/\\\/schema.org\",\"@graph\":[{\"@type\":\"WebPage\",\"@id\":\"https:\\\/\\\/minubaltic.ee\\\/en\\\/terms-of-sale\\\/\",\"url\":\"https:\\\/\\\/minubaltic.ee\\\/en\\\/terms-of-sale\\\/\",\"name\":\"Terms of sale - Minu Baltic\",\"isPartOf\":{\"@id\":\"https:\\\/\\\/minubaltic.ee\\\/en\\\/#website\"},\"datePublished\":\"2023-09-30T10:49:48+00:00\",\"dateModified\":\"2024-03-19T12:21:30+00:00\",\"description\":\"(hereinafter the Online Store) is Minu Baltic O\u00dc (registration code16809904), located in Ida-Viru maakond, L\u00fcganuse, Papli tn 4-6\",\"breadcrumb\":{\"@id\":\"https:\\\/\\\/minubaltic.ee\\\/en\\\/terms-of-sale\\\/#breadcrumb\"},\"inLanguage\":\"en-US\",\"potentialAction\":[{\"@type\":\"ReadAction\",\"target\":[\"https:\\\/\\\/minubaltic.ee\\\/en\\\/terms-of-sale\\\/\"]}]},{\"@type\":\"BreadcrumbList\",\"@id\":\"https:\\\/\\\/minubaltic.ee\\\/en\\\/terms-of-sale\\\/#breadcrumb\",\"itemListElement\":[{\"@type\":\"ListItem\",\"position\":1,\"name\":\"Home\",\"item\":\"https:\\\/\\\/minubaltic.ee\\\/en\\\/\"},{\"@type\":\"ListItem\",\"position\":2,\"name\":\"Terms of sale\"}]},{\"@type\":\"WebSite\",\"@id\":\"https:\\\/\\\/minubaltic.ee\\\/en\\\/#website\",\"url\":\"https:\\\/\\\/minubaltic.ee\\\/en\\\/\",\"name\":\"minubaltic.ee\",\"description\":\"\",\"publisher\":{\"@id\":\"https:\\\/\\\/minubaltic.ee\\\/en\\\/#organization\"},\"potentialAction\":[{\"@type\":\"SearchAction\",\"target\":{\"@type\":\"EntryPoint\",\"urlTemplate\":\"https:\\\/\\\/minubaltic.ee\\\/en\\\/?s={search_term_string}\"},\"query-input\":{\"@type\":\"PropertyValueSpecification\",\"valueRequired\":true,\"valueName\":\"search_term_string\"}}],\"inLanguage\":\"en-US\"},{\"@type\":\"Organization\",\"@id\":\"https:\\\/\\\/minubaltic.ee\\\/en\\\/#organization\",\"name\":\"Minu Baltic O\u00dc\",\"url\":\"https:\\\/\\\/minubaltic.ee\\\/en\\\/\",\"logo\":{\"@type\":\"ImageObject\",\"inLanguage\":\"en-US\",\"@id\":\"https:\\\/\\\/minubaltic.ee\\\/en\\\/#\\\/schema\\\/logo\\\/image\\\/\",\"url\":\"https:\\\/\\\/minubaltic.ee\\\/wp-content\\\/uploads\\\/2023\\\/10\\\/cropped-cropped-cropped-logo.png\",\"contentUrl\":\"https:\\\/\\\/minubaltic.ee\\\/wp-content\\\/uploads\\\/2023\\\/10\\\/cropped-cropped-cropped-logo.png\",\"width\":500,\"height\":237,\"caption\":\"Minu Baltic O\u00dc\"},\"image\":{\"@id\":\"https:\\\/\\\/minubaltic.ee\\\/en\\\/#\\\/schema\\\/logo\\\/image\\\/\"},\"sameAs\":[\"https:\\\/\\\/www.facebook.com\\\/minubaltic\"]}]}<\/script>\n<!-- \/ Yoast SEO plugin. -->","yoast_head_json":{"title":"Terms of sale - Minu Baltic","description":"(hereinafter the Online Store) is Minu Baltic O\u00dc (registration code16809904), located in Ida-Viru maakond, L\u00fcganuse, Papli tn 4-6","robots":{"index":"index","follow":"follow","max-snippet":"max-snippet:-1","max-image-preview":"max-image-preview:large","max-video-preview":"max-video-preview:-1"},"canonical":"https:\/\/minubaltic.ee\/en\/terms-of-sale\/","og_locale":"en_US","og_type":"article","og_title":"Terms of sale - Minu Baltic","og_description":"(hereinafter the Online Store) is Minu Baltic O\u00dc (registration code16809904), located in Ida-Viru maakond, L\u00fcganuse, Papli tn 4-6","og_url":"https:\/\/minubaltic.ee\/en\/terms-of-sale\/","article_publisher":"https:\/\/www.facebook.com\/minubaltic","article_modified_time":"2024-03-19T12:21:30+00:00","twitter_card":"summary_large_image","twitter_misc":{"Est. reading time":"8 minutes"},"schema":{"@context":"https:\/\/schema.org","@graph":[{"@type":"WebPage","@id":"https:\/\/minubaltic.ee\/en\/terms-of-sale\/","url":"https:\/\/minubaltic.ee\/en\/terms-of-sale\/","name":"Terms of sale - Minu Baltic","isPartOf":{"@id":"https:\/\/minubaltic.ee\/en\/#website"},"datePublished":"2023-09-30T10:49:48+00:00","dateModified":"2024-03-19T12:21:30+00:00","description":"(hereinafter the Online Store) is Minu Baltic O\u00dc (registration code16809904), located in Ida-Viru maakond, L\u00fcganuse, Papli tn 4-6","breadcrumb":{"@id":"https:\/\/minubaltic.ee\/en\/terms-of-sale\/#breadcrumb"},"inLanguage":"en-US","potentialAction":[{"@type":"ReadAction","target":["https:\/\/minubaltic.ee\/en\/terms-of-sale\/"]}]},{"@type":"BreadcrumbList","@id":"https:\/\/minubaltic.ee\/en\/terms-of-sale\/#breadcrumb","itemListElement":[{"@type":"ListItem","position":1,"name":"Home","item":"https:\/\/minubaltic.ee\/en\/"},{"@type":"ListItem","position":2,"name":"Terms of sale"}]},{"@type":"WebSite","@id":"https:\/\/minubaltic.ee\/en\/#website","url":"https:\/\/minubaltic.ee\/en\/","name":"minubaltic.ee","description":"","publisher":{"@id":"https:\/\/minubaltic.ee\/en\/#organization"},"potentialAction":[{"@type":"SearchAction","target":{"@type":"EntryPoint","urlTemplate":"https:\/\/minubaltic.ee\/en\/?s={search_term_string}"},"query-input":{"@type":"PropertyValueSpecification","valueRequired":true,"valueName":"search_term_string"}}],"inLanguage":"en-US"},{"@type":"Organization","@id":"https:\/\/minubaltic.ee\/en\/#organization","name":"Minu Baltic O\u00dc","url":"https:\/\/minubaltic.ee\/en\/","logo":{"@type":"ImageObject","inLanguage":"en-US","@id":"https:\/\/minubaltic.ee\/en\/#\/schema\/logo\/image\/","url":"https:\/\/minubaltic.ee\/wp-content\/uploads\/2023\/10\/cropped-cropped-cropped-logo.png","contentUrl":"https:\/\/minubaltic.ee\/wp-content\/uploads\/2023\/10\/cropped-cropped-cropped-logo.png","width":500,"height":237,"caption":"Minu Baltic O\u00dc"},"image":{"@id":"https:\/\/minubaltic.ee\/en\/#\/schema\/logo\/image\/"},"sameAs":["https:\/\/www.facebook.com\/minubaltic"]}]}},"_links":{"self":[{"href":"https:\/\/minubaltic.ee\/en\/wp-json\/wp\/v2\/pages\/20146","targetHints":{"allow":["GET"]}}],"collection":[{"href":"https:\/\/minubaltic.ee\/en\/wp-json\/wp\/v2\/pages"}],"about":[{"href":"https:\/\/minubaltic.ee\/en\/wp-json\/wp\/v2\/types\/page"}],"author":[{"embeddable":true,"href":"https:\/\/minubaltic.ee\/en\/wp-json\/wp\/v2\/users\/1"}],"replies":[{"embeddable":true,"href":"https:\/\/minubaltic.ee\/en\/wp-json\/wp\/v2\/comments?post=20146"}],"version-history":[{"count":0,"href":"https:\/\/minubaltic.ee\/en\/wp-json\/wp\/v2\/pages\/20146\/revisions"}],"wp:attachment":[{"href":"https:\/\/minubaltic.ee\/en\/wp-json\/wp\/v2\/media?parent=20146"}],"curies":[{"name":"wp","href":"https:\/\/api.w.org\/{rel}","templated":true}]}}